{"id":93,"date":"2024-09-02T20:49:19","date_gmt":"2024-09-02T18:49:19","guid":{"rendered":"https:\/\/demo.zahnarzt-kilchberg.ch\/?page_id=93"},"modified":"2026-02-09T23:30:02","modified_gmt":"2026-02-09T22:30:02","slug":"approccio","status":"publish","type":"page","link":"https:\/\/www.zahnarzt-kilchberg.ch\/it\/anfahrt\/","title":{"rendered":"Approccio"},"content":{"rendered":"<div data-elementor-type=\"wp-page\" data-elementor-id=\"93\" class=\"elementor elementor-93\" data-elementor-post-type=\"page\">\n\t\t\t\t<div class=\"elementor-element elementor-element-c759c4b e-con-full e-flex e-con e-parent\" data-id=\"c759c4b\" data-element_type=\"container\" data-e-type=\"container\" data-settings=\"{&quot;background_background&quot;:&quot;classic&quot;}\">\n\t\t<div class=\"elementor-element elementor-element-9bfcf70 e-flex e-con-boxed e-con e-child\" data-id=\"9bfcf70\" data-element_type=\"container\" data-e-type=\"container\" data-settings=\"{&quot;background_background&quot;:&quot;classic&quot;}\">\n\t\t\t\t\t<div class=\"e-con-inner\">\n\t\t\t\t<div class=\"elementor-element elementor-element-9a16fbb elementor-widget elementor-widget-heading\" data-id=\"9a16fbb\" data-element_type=\"widget\" data-e-type=\"widget\" data-widget_type=\"heading.default\">\n\t\t\t\t<div class=\"elementor-widget-container\">\n\t\t\t\t\t<h1 class=\"elementor-heading-title elementor-size-default\">Approccio<\/h1>\t\t\t\t<\/div>\n\t\t\t\t<\/div>\n\t\t\t\t\t<\/div>\n\t\t\t\t<\/div>\n\t\t\t\t<\/div>\n\t\t<div class=\"elementor-element elementor-element-f96a94d e-flex e-con-boxed e-con e-parent\" data-id=\"f96a94d\" data-element_type=\"container\" data-e-type=\"container\">\n\t\t\t\t\t<div class=\"e-con-inner\">\n\t\t<div class=\"elementor-element elementor-element-305b335 e-con-full e-flex e-con e-child\" data-id=\"305b335\" data-element_type=\"container\" data-e-type=\"container\">\n\t\t\t\t<div class=\"elementor-element elementor-element-c6c9b4a elementor-widget elementor-widget-image\" data-id=\"c6c9b4a\" data-element_type=\"widget\" data-e-type=\"widget\" data-widget_type=\"image.default\">\n\t\t\t\t<div class=\"elementor-widget-container\">\n\t\t\t\t\t\t\t\t\t\t\t\t\t\t\t<img fetchpriority=\"high\" decoding=\"async\" width=\"566\" height=\"647\" src=\"https:\/\/www.zahnarzt-kilchberg.ch\/wp-content\/uploads\/2024\/11\/Lageplan.jpg\" class=\"attachment-medium_large size-medium_large wp-image-1438\" alt=\"\" srcset=\"https:\/\/www.zahnarzt-kilchberg.ch\/wp-content\/uploads\/2024\/11\/Lageplan.jpg 566w, https:\/\/www.zahnarzt-kilchberg.ch\/wp-content\/uploads\/2024\/11\/Lageplan-262x300.jpg 262w, https:\/\/www.zahnarzt-kilchberg.ch\/wp-content\/uploads\/2024\/11\/Lageplan-10x12.jpg 10w\" sizes=\"(max-width: 566px) 100vw, 566px\" \/>\t\t\t\t\t\t\t\t\t\t\t\t\t\t\t<\/div>\n\t\t\t\t<\/div>\n\t\t\t\t<\/div>\n\t\t<div class=\"elementor-element elementor-element-dfd51df e-con-full e-flex e-con e-child\" data-id=\"dfd51df\" data-element_type=\"container\" data-e-type=\"container\">\n\t\t\t\t<div class=\"elementor-element elementor-element-28f3547 elementor-widget elementor-widget-heading\" data-id=\"28f3547\" data-element_type=\"widget\" data-e-type=\"widget\" data-widget_type=\"heading.default\">\n\t\t\t\t<div class=\"elementor-widget-container\">\n\t\t\t\t\t<h2 class=\"elementor-heading-title elementor-size-default\">Il vostro percorso verso il nostro studio<\/h2>\t\t\t\t<\/div>\n\t\t\t\t<\/div>\n\t\t\t\t<div class=\"elementor-element elementor-element-3fded1e elementor-widget-divider--view-line elementor-widget elementor-widget-divider\" data-id=\"3fded1e\" data-element_type=\"widget\" data-e-type=\"widget\" data-widget_type=\"divider.default\">\n\t\t\t\t<div class=\"elementor-widget-container\">\n\t\t\t\t\t\t\t<div class=\"elementor-divider\">\n\t\t\t<span class=\"elementor-divider-separator\">\n\t\t\t\t\t\t<\/span>\n\t\t<\/div>\n\t\t\t\t\t\t<\/div>\n\t\t\t\t<\/div>\n\t\t\t\t<div class=\"elementor-element elementor-element-b2c956f elementor-widget elementor-widget-text-editor\" data-id=\"b2c956f\" data-element_type=\"widget\" data-e-type=\"widget\" data-widget_type=\"text-editor.default\">\n\t\t\t\t<div class=\"elementor-widget-container\">\n\t\t\t\t\t\t\t\t\t<p><strong>In treno o S-Bahn: la migliore opzione per viaggiare con i mezzi pubblici - siamo situati quasi direttamente sulla linea ferroviaria (1).<br \/><\/strong>Dalla stazione centrale di Zurigo o da Horgen prendere la S8 o la S24 fino alla stazione di Kilchberg, 2 minuti a piedi lungo il sentiero che porta alla Weinbergstrasse.<br \/><em>Tempo di percorrenza Stazione centrale di Zurigo - pratica: circa.\u00a0<strong>15 min<\/strong><\/em><\/p><p><strong>In autobus<br \/><\/strong>Linea di autobus 161 da B\u00fcrkliplatz: scendere alla fermata \"Bahnhof Wollishofen\" e prendere il treno per Kilchberg.<br \/>Linee di autobus locali 162\/163 per Kilchberg, fermata \"Schulhaus Dorfstrasse\" (2). La fermata dell'autobus si trova proprio accanto allo studio.<br \/><em>Tempo di percorrenza Zurigo B\u00fcrkliplatz - pratica: circa.\u00a0<strong>15 min<\/strong><\/em><\/p><p><strong>In auto<br \/><\/strong><em>dall'autostrada A3 Coira-Zurigo:<\/em><br \/>Prendere l'uscita Zurigo-Wollishofen, direzione Kilchberg fino a \"Weinberstrasse\", angolo \"Dorfstrasse\". Il nostro studio si trova all'incrocio delle due strade.<\/p><p><em>dalla direzione di Zurigo citt\u00e0 o dalla direzione di Horgen:<\/em><br \/>Seestrasse fino a Kilchberg. Al semaforo svoltare in \"Dorfstrasse\" e seguire questa strada fino a \"Weinbergstrasse\". Il nostro studio si trova all'incrocio delle due strade.<\/p>\t\t\t\t\t\t\t\t<\/div>\n\t\t\t\t<\/div>\n\t\t\t\t<\/div>\n\t\t\t\t\t<\/div>\n\t\t\t\t<\/div>\n\t\t<div class=\"elementor-element elementor-element-d5bc0a9 e-flex e-con-boxed e-con e-parent\" data-id=\"d5bc0a9\" data-element_type=\"container\" data-e-type=\"container\">\n\t\t\t\t\t<div class=\"e-con-inner\">\n\t\t<div class=\"elementor-element elementor-element-4cf41f8 e-con-full e-flex e-con e-child\" data-id=\"4cf41f8\" data-element_type=\"container\" data-e-type=\"container\">\n\t\t\t\t<div class=\"elementor-element elementor-element-bfc69c5 elementor-widget elementor-widget-heading\" data-id=\"bfc69c5\" data-element_type=\"widget\" data-e-type=\"widget\" data-widget_type=\"heading.default\">\n\t\t\t\t<div class=\"elementor-widget-container\">\n\t\t\t\t\t<h2 class=\"elementor-heading-title elementor-size-default\">Parcheggi (3)<\/h2>\t\t\t\t<\/div>\n\t\t\t\t<\/div>\n\t\t\t\t<div class=\"elementor-element elementor-element-3931431 elementor-widget-divider--view-line elementor-widget elementor-widget-divider\" data-id=\"3931431\" data-element_type=\"widget\" data-e-type=\"widget\" data-widget_type=\"divider.default\">\n\t\t\t\t<div class=\"elementor-widget-container\">\n\t\t\t\t\t\t\t<div class=\"elementor-divider\">\n\t\t\t<span class=\"elementor-divider-separator\">\n\t\t\t\t\t\t<\/span>\n\t\t<\/div>\n\t\t\t\t\t\t<\/div>\n\t\t\t\t<\/div>\n\t\t\t\t<div class=\"elementor-element elementor-element-bd68abc elementor-widget elementor-widget-text-editor\" data-id=\"bd68abc\" data-element_type=\"widget\" data-e-type=\"widget\" data-widget_type=\"text-editor.default\">\n\t\t\t\t<div class=\"elementor-widget-container\">\n\t\t\t\t\t\t\t\t\t<p>I tre parcheggi dello studio si trovano un po' pi\u00f9 avanti, in Weinbergstrasse 13\/14.<br \/>Provenendo da Dorfstrasse, seguite la Weinbergstrasse alla prima piccola curva e troverete il parcheggio del nostro studio sul lato destro.<br \/>\u00c8 possibile parcheggiare anche direttamente alla stazione ferroviaria di Kilchberg. Attraversate i binari della ferrovia attraverso il sottopassaggio\/sovrappasso. Raggiungerete il nostro studio dopo 2 minuti di cammino.<br \/><em>Tempo di percorrenza Zurigo B\u00fcrkliplatz - pratica: circa.\u00a0<strong>10 min<\/strong><\/em><\/p>\t\t\t\t\t\t\t\t<\/div>\n\t\t\t\t<\/div>\n\t\t\t\t<\/div>\n\t\t<div class=\"elementor-element elementor-element-ac47523 e-con-full e-flex e-con e-child\" data-id=\"ac47523\" data-element_type=\"container\" data-e-type=\"container\">\n\t\t\t\t<div class=\"elementor-element elementor-element-ce5c3ae elementor-widget elementor-widget-image\" data-id=\"ce5c3ae\" data-element_type=\"widget\" data-e-type=\"widget\" data-widget_type=\"image.default\">\n\t\t\t\t<div class=\"elementor-widget-container\">\n\t\t\t\t\t\t\t\t\t\t\t\t\t\t\t<img decoding=\"async\" width=\"768\" height=\"501\" src=\"https:\/\/www.zahnarzt-kilchberg.ch\/wp-content\/uploads\/2025\/02\/Haus-768x501.webp\" class=\"attachment-medium_large size-medium_large wp-image-4442\" alt=\"\" srcset=\"https:\/\/www.zahnarzt-kilchberg.ch\/wp-content\/uploads\/2025\/02\/Haus-768x501.webp 768w, https:\/\/www.zahnarzt-kilchberg.ch\/wp-content\/uploads\/2025\/02\/Haus-300x196.webp 300w, https:\/\/www.zahnarzt-kilchberg.ch\/wp-content\/uploads\/2025\/02\/Haus-18x12.webp 18w, https:\/\/www.zahnarzt-kilchberg.ch\/wp-content\/uploads\/2025\/02\/Haus.webp 1000w\" sizes=\"(max-width: 768px) 100vw, 768px\" \/>\t\t\t\t\t\t\t\t\t\t\t\t\t\t\t<\/div>\n\t\t\t\t<\/div>\n\t\t\t\t<div class=\"elementor-element elementor-element-56ad41b elementor-widget elementor-widget-image\" data-id=\"56ad41b\" data-element_type=\"widget\" data-e-type=\"widget\" data-widget_type=\"image.default\">\n\t\t\t\t<div class=\"elementor-widget-container\">\n\t\t\t\t\t\t\t\t\t\t\t\t\t\t\t<img decoding=\"async\" width=\"768\" height=\"576\" src=\"https:\/\/www.zahnarzt-kilchberg.ch\/wp-content\/uploads\/2024\/11\/Parkplatz-768x576.jpg\" class=\"attachment-medium_large size-medium_large wp-image-1440\" alt=\"\" srcset=\"https:\/\/www.zahnarzt-kilchberg.ch\/wp-content\/uploads\/2024\/11\/Parkplatz-768x576.jpg 768w, https:\/\/www.zahnarzt-kilchberg.ch\/wp-content\/uploads\/2024\/11\/Parkplatz-300x225.jpg 300w, https:\/\/www.zahnarzt-kilchberg.ch\/wp-content\/uploads\/2024\/11\/Parkplatz-1024x768.jpg 1024w, https:\/\/www.zahnarzt-kilchberg.ch\/wp-content\/uploads\/2024\/11\/Parkplatz-16x12.jpg 16w, https:\/\/www.zahnarzt-kilchberg.ch\/wp-content\/uploads\/2024\/11\/Parkplatz.jpg 1280w\" sizes=\"(max-width: 768px) 100vw, 768px\" \/>\t\t\t\t\t\t\t\t\t\t\t\t\t\t\t<\/div>\n\t\t\t\t<\/div>\n\t\t\t\t<\/div>\n\t\t\t\t\t<\/div>\n\t\t\t\t<\/div>\n\t\t\t\t<\/div>","protected":false},"excerpt":{"rendered":"<p>Anfahrt Ihr Weg in unsere Praxis Mit Zug oder S-Bahn:\u00a0 beste Option f\u00fcr die Anreise mit dem \u00d6V \u2013 wir liegen fast direkt Bahngleis (1)Ab Richtung Z\u00fcrich Hauptbahnhof oder Horgen mit der S8 oder S24 bis Bahnhof Kilchberg, 2 Min. zu Fuss \u00fcber den Fussweg in die Weinbergstrasse.Fahrtzeit Z\u00fcrich Hbf \u2013 Praxis: circa\u00a015 min Mit [&hellip;]<\/p>\n","protected":false},"author":1,"featured_media":0,"parent":0,"menu_order":0,"comment_status":"closed","ping_status":"closed","template":"","meta":{"footnotes":""},"class_list":["post-93","page","type-page","status-publish","hentry"],"_links":{"self":[{"href":"https:\/\/www.zahnarzt-kilchberg.ch\/it\/wp-json\/wp\/v2\/pages\/93","targetHints":{"allow":["GET"]}}],"collection":[{"href":"https:\/\/www.zahnarzt-kilchberg.ch\/it\/wp-json\/wp\/v2\/pages"}],"about":[{"href":"https:\/\/www.zahnarzt-kilchberg.ch\/it\/wp-json\/wp\/v2\/types\/page"}],"author":[{"embeddable":true,"href":"https:\/\/www.zahnarzt-kilchberg.ch\/it\/wp-json\/wp\/v2\/users\/1"}],"replies":[{"embeddable":true,"href":"https:\/\/www.zahnarzt-kilchberg.ch\/it\/wp-json\/wp\/v2\/comments?post=93"}],"version-history":[{"count":13,"href":"https:\/\/www.zahnarzt-kilchberg.ch\/it\/wp-json\/wp\/v2\/pages\/93\/revisions"}],"predecessor-version":[{"id":4445,"href":"https:\/\/www.zahnarzt-kilchberg.ch\/it\/wp-json\/wp\/v2\/pages\/93\/revisions\/4445"}],"wp:attachment":[{"href":"https:\/\/www.zahnarzt-kilchberg.ch\/it\/wp-json\/wp\/v2\/media?parent=93"}],"curies":[{"name":"wp","href":"https:\/\/api.w.org\/{rel}","templated":true}]}}