{"id":3352,"date":"2025-01-17T16:33:03","date_gmt":"2025-01-17T15:33:03","guid":{"rendered":"https:\/\/demo.zahnarzt-kilchberg.ch\/?page_id=3352"},"modified":"2026-02-09T23:30:43","modified_gmt":"2026-02-09T22:30:43","slug":"prf-plamsma-rich-firbrin","status":"publish","type":"page","link":"https:\/\/www.zahnarzt-kilchberg.ch\/it\/prf-plamsma-rich-firbrin\/","title":{"rendered":"Fibrina ricca di piastrine PRF"},"content":{"rendered":"<div data-elementor-type=\"wp-page\" data-elementor-id=\"3352\" class=\"elementor elementor-3352\" data-elementor-post-type=\"page\">\n\t\t\t\t<div class=\"elementor-element elementor-element-6309acc e-con-full e-flex e-con e-parent\" data-id=\"6309acc\" data-element_type=\"container\" data-e-type=\"container\" data-settings=\"{&quot;background_background&quot;:&quot;classic&quot;}\">\n\t\t<div class=\"elementor-element elementor-element-4a18c70 e-flex e-con-boxed e-con e-child\" data-id=\"4a18c70\" data-element_type=\"container\" data-e-type=\"container\" data-settings=\"{&quot;background_background&quot;:&quot;classic&quot;}\">\n\t\t\t\t\t<div class=\"e-con-inner\">\n\t\t\t\t<div class=\"elementor-element elementor-element-c049949 elementor-widget elementor-widget-heading\" data-id=\"c049949\" data-element_type=\"widget\" data-e-type=\"widget\" data-widget_type=\"heading.default\">\n\t\t\t\t<div class=\"elementor-widget-container\">\n\t\t\t\t\t<h1 class=\"elementor-heading-title elementor-size-default\">Concentrati di sangue autologo PRF<\/h1>\t\t\t\t<\/div>\n\t\t\t\t<\/div>\n\t\t\t\t\t<\/div>\n\t\t\t\t<\/div>\n\t\t\t\t<\/div>\n\t\t<div class=\"elementor-element elementor-element-81304d7 e-flex e-con-boxed e-con e-parent\" data-id=\"81304d7\" data-element_type=\"container\" data-e-type=\"container\">\n\t\t\t\t\t<div class=\"e-con-inner\">\n\t\t<div class=\"elementor-element elementor-element-09ef120 e-con-full e-flex e-con e-child\" data-id=\"09ef120\" data-element_type=\"container\" data-e-type=\"container\">\n\t\t\t\t<div class=\"elementor-element elementor-element-c4d8198 elementor-widget elementor-widget-image\" data-id=\"c4d8198\" data-element_type=\"widget\" data-e-type=\"widget\" data-widget_type=\"image.default\">\n\t\t\t\t<div class=\"elementor-widget-container\">\n\t\t\t\t\t\t\t\t\t\t\t\t\t\t\t<img fetchpriority=\"high\" decoding=\"async\" width=\"768\" height=\"637\" src=\"https:\/\/www.zahnarzt-kilchberg.ch\/wp-content\/uploads\/2025\/02\/IMG_4738-768x637.webp\" class=\"attachment-medium_large size-medium_large wp-image-4136\" alt=\"\" srcset=\"https:\/\/www.zahnarzt-kilchberg.ch\/wp-content\/uploads\/2025\/02\/IMG_4738-768x637.webp 768w, https:\/\/www.zahnarzt-kilchberg.ch\/wp-content\/uploads\/2025\/02\/IMG_4738-300x249.webp 300w, https:\/\/www.zahnarzt-kilchberg.ch\/wp-content\/uploads\/2025\/02\/IMG_4738-14x12.webp 14w, https:\/\/www.zahnarzt-kilchberg.ch\/wp-content\/uploads\/2025\/02\/IMG_4738.webp 1000w\" sizes=\"(max-width: 768px) 100vw, 768px\" \/>\t\t\t\t\t\t\t\t\t\t\t\t\t\t\t<\/div>\n\t\t\t\t<\/div>\n\t\t\t\t<\/div>\n\t\t<div class=\"elementor-element elementor-element-d14f877 e-con-full e-flex e-con e-child\" data-id=\"d14f877\" data-element_type=\"container\" data-e-type=\"container\">\n\t\t\t\t<div class=\"elementor-element elementor-element-cd28d87 elementor-widget elementor-widget-heading\" data-id=\"cd28d87\" data-element_type=\"widget\" data-e-type=\"widget\" data-widget_type=\"heading.default\">\n\t\t\t\t<div class=\"elementor-widget-container\">\n\t\t\t\t\t<h2 class=\"elementor-heading-title elementor-size-default\">Concentrati di sangue autologo PRF<\/h2>\t\t\t\t<\/div>\n\t\t\t\t<\/div>\n\t\t\t\t<div class=\"elementor-element elementor-element-c657ca7 elementor-widget-divider--view-line elementor-widget elementor-widget-divider\" data-id=\"c657ca7\" data-element_type=\"widget\" data-e-type=\"widget\" data-widget_type=\"divider.default\">\n\t\t\t\t<div class=\"elementor-widget-container\">\n\t\t\t\t\t\t\t<div class=\"elementor-divider\">\n\t\t\t<span class=\"elementor-divider-separator\">\n\t\t\t\t\t\t<\/span>\n\t\t<\/div>\n\t\t\t\t\t\t<\/div>\n\t\t\t\t<\/div>\n\t\t\t\t<div class=\"elementor-element elementor-element-b4284e1 elementor-widget elementor-widget-text-editor\" data-id=\"b4284e1\" data-element_type=\"widget\" data-e-type=\"widget\" data-widget_type=\"text-editor.default\">\n\t\t\t\t<div class=\"elementor-widget-container\">\n\t\t\t\t\t\t\t\t\t<p>Idealmente, i processi di guarigione dovrebbero essere accelerati e migliorati dalle sostanze naturali dell'organismo. Noi lo rendiamo possibile con la procedura biomedica PRF = Platelet Rich Fibrin (fibrina ricca di piastrine, terapia con sangue autologo).<\/p><p>La fibrina ricca di piastrine (PRF) \u00e8 una matrice di fibrina autologa (propria dell'organismo) ricca di leucociti e trombociti, ottenuta dal sangue dell'organismo mediante centrifugazione a un certo numero di giri senza l'aggiunta di altre sostanze. \u00c8 ricca di fattori di crescita e pu\u00f2 essere utilizzata come membrana, coagulo o liquido.<\/p><p><strong>Cosa c'\u00e8 di speciale nel PRF:<\/strong> Poich\u00e9 la procedura consiste nel 100 per cento del sangue del paziente, \u00e8 assolutamente compatibile. Sono escluse allergie, effetti collaterali o rigetto.<\/p>\t\t\t\t\t\t\t\t<\/div>\n\t\t\t\t<\/div>\n\t\t\t\t<\/div>\n\t\t\t\t\t<\/div>\n\t\t\t\t<\/div>\n\t\t<div class=\"elementor-element elementor-element-7007697 e-flex e-con-boxed e-con e-parent\" data-id=\"7007697\" data-element_type=\"container\" data-e-type=\"container\">\n\t\t\t\t\t<div class=\"e-con-inner\">\n\t\t<div class=\"elementor-element elementor-element-e9d0e7c e-con-full e-flex e-con e-child\" data-id=\"e9d0e7c\" data-element_type=\"container\" data-e-type=\"container\">\n\t\t\t\t<div class=\"elementor-element elementor-element-b6465cc elementor-widget elementor-widget-text-editor\" data-id=\"b6465cc\" data-element_type=\"widget\" data-e-type=\"widget\" data-widget_type=\"text-editor.default\">\n\t\t\t\t<div class=\"elementor-widget-container\">\n\t\t\t\t\t\t\t\t\t<p>Nella nostra pratica, la PRF viene utilizzata principalmente dopo la rimozione del dente per la conservazione dell'alveolo, cio\u00e8 per la \"conservazione dei tessuti\". Una piccola quantit\u00e0 di sangue viene prelevata in condizioni sterili e centrifugata. In questo modo si separa la fibrina gialla dai globuli rossi. La fibrina gialla, ora simile a un gel, viene rimossa dalla provetta, pressata in un \"tappo\" o membrana e inserita nella ferita. Il risultato \u00e8 una guarigione pi\u00f9 rapida e indolore della ferita.<\/p>\t\t\t\t\t\t\t\t<\/div>\n\t\t\t\t<\/div>\n\t\t\t\t<\/div>\n\t\t<div class=\"elementor-element elementor-element-2c78f92 e-con-full e-flex e-con e-child\" data-id=\"2c78f92\" data-element_type=\"container\" data-e-type=\"container\">\n\t\t\t\t<div class=\"elementor-element elementor-element-56ed600 elementor-widget elementor-widget-image\" data-id=\"56ed600\" data-element_type=\"widget\" data-e-type=\"widget\" data-widget_type=\"image.default\">\n\t\t\t\t<div class=\"elementor-widget-container\">\n\t\t\t\t\t\t\t\t\t\t\t\t\t\t\t<img decoding=\"async\" width=\"768\" height=\"511\" src=\"https:\/\/www.zahnarzt-kilchberg.ch\/wp-content\/uploads\/2025\/02\/prf-2-768x511.webp\" class=\"attachment-medium_large size-medium_large wp-image-4114\" alt=\"\" srcset=\"https:\/\/www.zahnarzt-kilchberg.ch\/wp-content\/uploads\/2025\/02\/prf-2-768x511.webp 768w, https:\/\/www.zahnarzt-kilchberg.ch\/wp-content\/uploads\/2025\/02\/prf-2-300x200.webp 300w, https:\/\/www.zahnarzt-kilchberg.ch\/wp-content\/uploads\/2025\/02\/prf-2-18x12.webp 18w, https:\/\/www.zahnarzt-kilchberg.ch\/wp-content\/uploads\/2025\/02\/prf-2.webp 1000w\" sizes=\"(max-width: 768px) 100vw, 768px\" \/>\t\t\t\t\t\t\t\t\t\t\t\t\t\t\t<\/div>\n\t\t\t\t<\/div>\n\t\t\t\t<\/div>\n\t\t\t\t\t<\/div>\n\t\t\t\t<\/div>\n\t\t<div class=\"elementor-element elementor-element-d263f62 e-flex e-con-boxed e-con e-parent\" data-id=\"d263f62\" data-element_type=\"container\" data-e-type=\"container\">\n\t\t\t\t\t<div class=\"e-con-inner\">\n\t\t<div class=\"elementor-element elementor-element-201b7226 e-con-full e-flex e-con e-child\" data-id=\"201b7226\" data-element_type=\"container\" data-e-type=\"container\">\n\t\t\t\t<div class=\"elementor-element elementor-element-63ff7334 elementor-view-default elementor-widget elementor-widget-icon\" data-id=\"63ff7334\" data-element_type=\"widget\" data-e-type=\"widget\" data-widget_type=\"icon.default\">\n\t\t\t\t<div class=\"elementor-widget-container\">\n\t\t\t\t\t\t\t<div class=\"elementor-icon-wrapper\">\n\t\t\t<div class=\"elementor-icon\">\n\t\t\t<svg aria-hidden=\"true\" class=\"e-font-icon-svg e-fas-quote-left\" viewbox=\"0 0 512 512\" xmlns=\"http:\/\/www.w3.org\/2000\/svg\"><path d=\"M464 256h-80v-64c0-35.3 28.7-64 64-64h8c13.3 0 24-10.7 24-24V56c0-13.3-10.7-24-24-24h-8c-88.4 0-160 71.6-160 160v240c0 26.5 21.5 48 48 48h128c26.5 0 48-21.5 48-48V304c0-26.5-21.5-48-48-48zm-288 0H96v-64c0-35.3 28.7-64 64-64h8c13.3 0 24-10.7 24-24V56c0-13.3-10.7-24-24-24h-8C71.6 32 0 103.6 0 192v240c0 26.5 21.5 48 48 48h128c26.5 0 48-21.5 48-48V304c0-26.5-21.5-48-48-48z\"><\/path><\/svg>\t\t\t<\/div>\n\t\t<\/div>\n\t\t\t\t\t\t<\/div>\n\t\t\t\t<\/div>\n\t\t\t\t<div class=\"elementor-element elementor-element-47b53cd0 elementor-widget elementor-widget-text-editor\" data-id=\"47b53cd0\" data-element_type=\"widget\" data-e-type=\"widget\" data-widget_type=\"text-editor.default\">\n\t\t\t\t<div class=\"elementor-widget-container\">\n\t\t\t\t\t\t\t\t\t<p>Da quando utilizziamo la procedura PRF, la frequenza delle infiammazioni post-operatorie, in particolare il famoso \"mal di denti\" dopo la rimozione del dente, \u00e8 scesa quasi a zero.<\/p>\t\t\t\t\t\t\t\t<\/div>\n\t\t\t\t<\/div>\n\t\t\t\t<div class=\"elementor-element elementor-element-6d473460 elementor-widget-divider--view-line elementor-widget elementor-widget-divider\" data-id=\"6d473460\" data-element_type=\"widget\" data-e-type=\"widget\" data-widget_type=\"divider.default\">\n\t\t\t\t<div class=\"elementor-widget-container\">\n\t\t\t\t\t\t\t<div class=\"elementor-divider\">\n\t\t\t<span class=\"elementor-divider-separator\">\n\t\t\t\t\t\t<\/span>\n\t\t<\/div>\n\t\t\t\t\t\t<\/div>\n\t\t\t\t<\/div>\n\t\t\t\t<div class=\"elementor-element elementor-element-2bacddc9 elementor-widget elementor-widget-text-editor\" data-id=\"2bacddc9\" data-element_type=\"widget\" data-e-type=\"widget\" data-widget_type=\"text-editor.default\">\n\t\t\t\t<div class=\"elementor-widget-container\">\n\t\t\t\t\t\t\t\t\t<p>Dr. Jens Tartsch<\/p>\t\t\t\t\t\t\t\t<\/div>\n\t\t\t\t<\/div>\n\t\t\t\t<\/div>\n\t\t\t\t\t<\/div>\n\t\t\t\t<\/div>\n\t\t\t\t<\/div>","protected":false},"excerpt":{"rendered":"<p>Eigenblutkonzentrate PRF Autologe Blutkonzentrate PRF Heilungsprozesse sollten idealerweise m\u00f6glichst durch nat\u00fcrliche, k\u00f6rpereigene Stoffe beschleunigt und verbessert werden. Dies erm\u00f6glichen wir durch das biomedizinische Verfahren PRF= Platelet Rich Fibrin (pl\u00e4ttchenreiches Fibrin, Eigenbluttherapie). Platelet-Rich-Fibrin (PRF) ist eine autologe (k\u00f6rpereigene) leukozyten- und thrombozytenreiche Fibrinmatrix, die ohne Zusatz von weiteren Stoffen durch Zentrifugieren bei einer bestimmten Umdrehungszahl aus k\u00f6rpereigenem [&hellip;]<\/p>\n","protected":false},"author":2,"featured_media":0,"parent":0,"menu_order":0,"comment_status":"closed","ping_status":"closed","template":"","meta":{"footnotes":""},"class_list":["post-3352","page","type-page","status-publish","hentry"],"_links":{"self":[{"href":"https:\/\/www.zahnarzt-kilchberg.ch\/it\/wp-json\/wp\/v2\/pages\/3352","targetHints":{"allow":["GET"]}}],"collection":[{"href":"https:\/\/www.zahnarzt-kilchberg.ch\/it\/wp-json\/wp\/v2\/pages"}],"about":[{"href":"https:\/\/www.zahnarzt-kilchberg.ch\/it\/wp-json\/wp\/v2\/types\/page"}],"author":[{"embeddable":true,"href":"https:\/\/www.zahnarzt-kilchberg.ch\/it\/wp-json\/wp\/v2\/users\/2"}],"replies":[{"embeddable":true,"href":"https:\/\/www.zahnarzt-kilchberg.ch\/it\/wp-json\/wp\/v2\/comments?post=3352"}],"version-history":[{"count":23,"href":"https:\/\/www.zahnarzt-kilchberg.ch\/it\/wp-json\/wp\/v2\/pages\/3352\/revisions"}],"predecessor-version":[{"id":5152,"href":"https:\/\/www.zahnarzt-kilchberg.ch\/it\/wp-json\/wp\/v2\/pages\/3352\/revisions\/5152"}],"wp:attachment":[{"href":"https:\/\/www.zahnarzt-kilchberg.ch\/it\/wp-json\/wp\/v2\/media?parent=3352"}],"curies":[{"name":"wp","href":"https:\/\/api.w.org\/{rel}","templated":true}]}}