{"id":218,"date":"2024-09-02T22:31:48","date_gmt":"2024-09-02T20:31:48","guid":{"rendered":"https:\/\/demo.zahnarzt-kilchberg.ch\/?page_id=218"},"modified":"2026-02-09T23:30:17","modified_gmt":"2026-02-09T22:30:17","slug":"adatto-a-tutti","status":"publish","type":"page","link":"https:\/\/www.zahnarzt-kilchberg.ch\/it\/fuer-jeden-geeignet\/","title":{"rendered":"Adatto a tutti?"},"content":{"rendered":"<div data-elementor-type=\"wp-page\" data-elementor-id=\"218\" class=\"elementor elementor-218\" data-elementor-post-type=\"page\">\n\t\t\t\t<div class=\"elementor-element elementor-element-2e2287a e-con-full e-flex e-con e-parent\" data-id=\"2e2287a\" data-element_type=\"container\" data-e-type=\"container\" data-settings=\"{&quot;background_background&quot;:&quot;classic&quot;}\">\n\t\t<div class=\"elementor-element elementor-element-f029c25 e-flex e-con-boxed e-con e-child\" data-id=\"f029c25\" data-element_type=\"container\" data-e-type=\"container\" data-settings=\"{&quot;background_background&quot;:&quot;classic&quot;}\">\n\t\t\t\t\t<div class=\"e-con-inner\">\n\t\t\t\t<div class=\"elementor-element elementor-element-b2e1791 elementor-widget elementor-widget-heading\" data-id=\"b2e1791\" data-element_type=\"widget\" data-e-type=\"widget\" data-widget_type=\"heading.default\">\n\t\t\t\t<div class=\"elementor-widget-container\">\n\t\t\t\t\t<h1 class=\"elementor-heading-title elementor-size-default\">Adatto a tutti?<\/h1>\t\t\t\t<\/div>\n\t\t\t\t<\/div>\n\t\t\t\t\t<\/div>\n\t\t\t\t<\/div>\n\t\t\t\t<\/div>\n\t\t<div class=\"elementor-element elementor-element-3bae6d6 e-flex e-con-boxed e-con e-parent\" data-id=\"3bae6d6\" data-element_type=\"container\" data-e-type=\"container\">\n\t\t\t\t\t<div class=\"e-con-inner\">\n\t\t<div class=\"elementor-element elementor-element-ecb1d46 e-con-full e-flex e-con e-child\" data-id=\"ecb1d46\" data-element_type=\"container\" data-e-type=\"container\">\n\t\t\t\t<div class=\"elementor-element elementor-element-a9d014e elementor-widget elementor-widget-image\" data-id=\"a9d014e\" data-element_type=\"widget\" data-e-type=\"widget\" data-widget_type=\"image.default\">\n\t\t\t\t<div class=\"elementor-widget-container\">\n\t\t\t\t\t\t\t\t\t\t\t\t\t\t\t<img fetchpriority=\"high\" decoding=\"async\" width=\"768\" height=\"512\" src=\"https:\/\/www.zahnarzt-kilchberg.ch\/wp-content\/uploads\/2025\/02\/senioren-768x512.webp\" class=\"attachment-medium_large size-medium_large wp-image-4659\" alt=\"\" srcset=\"https:\/\/www.zahnarzt-kilchberg.ch\/wp-content\/uploads\/2025\/02\/senioren-768x512.webp 768w, https:\/\/www.zahnarzt-kilchberg.ch\/wp-content\/uploads\/2025\/02\/senioren-300x200.webp 300w, https:\/\/www.zahnarzt-kilchberg.ch\/wp-content\/uploads\/2025\/02\/senioren-18x12.webp 18w, https:\/\/www.zahnarzt-kilchberg.ch\/wp-content\/uploads\/2025\/02\/senioren.webp 1000w\" sizes=\"(max-width: 768px) 100vw, 768px\" \/>\t\t\t\t\t\t\t\t\t\t\t\t\t\t\t<\/div>\n\t\t\t\t<\/div>\n\t\t\t\t<\/div>\n\t\t<div class=\"elementor-element elementor-element-410eb8f e-con-full e-flex e-con e-child\" data-id=\"410eb8f\" data-element_type=\"container\" data-e-type=\"container\">\n\t\t\t\t<div class=\"elementor-element elementor-element-56c7de7 elementor-widget elementor-widget-heading\" data-id=\"56c7de7\" data-element_type=\"widget\" data-e-type=\"widget\" data-widget_type=\"heading.default\">\n\t\t\t\t<div class=\"elementor-widget-container\">\n\t\t\t\t\t<h2 class=\"elementor-heading-title elementor-size-default\">Impianti<\/h2>\t\t\t\t<\/div>\n\t\t\t\t<\/div>\n\t\t\t\t<div class=\"elementor-element elementor-element-b8bc6a8 elementor-widget-divider--view-line elementor-widget elementor-widget-divider\" data-id=\"b8bc6a8\" data-element_type=\"widget\" data-e-type=\"widget\" data-widget_type=\"divider.default\">\n\t\t\t\t<div class=\"elementor-widget-container\">\n\t\t\t\t\t\t\t<div class=\"elementor-divider\">\n\t\t\t<span class=\"elementor-divider-separator\">\n\t\t\t\t\t\t<\/span>\n\t\t<\/div>\n\t\t\t\t\t\t<\/div>\n\t\t\t\t<\/div>\n\t\t\t\t<div class=\"elementor-element elementor-element-236291e elementor-widget elementor-widget-text-editor\" data-id=\"236291e\" data-element_type=\"widget\" data-e-type=\"widget\" data-widget_type=\"text-editor.default\">\n\t\t\t\t<div class=\"elementor-widget-container\">\n\t\t\t\t\t\t\t\t\t<p>L'implantologia \u00e8 possibile quando la crescita ossea \u00e8 gi\u00e0 completa, cio\u00e8 a partire dai 20 anni circa. Tuttavia, deve essere disponibile una quantit\u00e0 sufficiente di osso mascellare di buona qualit\u00e0 e le condizioni di salute generali devono essere favorevoli.<\/p><p>In questo caso, non c'\u00e8 un limite massimo di et\u00e0!<\/p><p>Esistono restrizioni in caso di diabete o osteoporosi, ad esempio. In questi casi, viene effettuato preventivamente un esame medico interno. L'indicazione per gli impianti deve essere selezionata con particolare attenzione anche nel caso di forti fumatori.<\/p><p><strong>Non c'\u00e8 limite di et\u00e0 per gli impianti!<\/strong><\/p><p>Dopotutto, la qualit\u00e0 di vita ottenuta grazie alle protesi gioca spesso un ruolo decisivo, soprattutto in et\u00e0 avanzata!<\/p>\t\t\t\t\t\t\t\t<\/div>\n\t\t\t\t<\/div>\n\t\t\t\t<\/div>\n\t\t\t\t\t<\/div>\n\t\t\t\t<\/div>\n\t\t<div class=\"elementor-element elementor-element-5fa3eca e-flex e-con-boxed e-con e-parent\" data-id=\"5fa3eca\" data-element_type=\"container\" data-e-type=\"container\">\n\t\t\t\t\t<div class=\"e-con-inner\">\n\t\t<div class=\"elementor-element elementor-element-d529937 e-con-full e-flex e-con e-child\" data-id=\"d529937\" data-element_type=\"container\" data-e-type=\"container\">\n\t\t\t\t<div class=\"elementor-element elementor-element-278a2d5 elementor-view-default elementor-widget elementor-widget-icon\" data-id=\"278a2d5\" data-element_type=\"widget\" data-e-type=\"widget\" data-widget_type=\"icon.default\">\n\t\t\t\t<div class=\"elementor-widget-container\">\n\t\t\t\t\t\t\t<div class=\"elementor-icon-wrapper\">\n\t\t\t<div class=\"elementor-icon\">\n\t\t\t<svg aria-hidden=\"true\" class=\"e-font-icon-svg e-fas-quote-left\" viewbox=\"0 0 512 512\" xmlns=\"http:\/\/www.w3.org\/2000\/svg\"><path d=\"M464 256h-80v-64c0-35.3 28.7-64 64-64h8c13.3 0 24-10.7 24-24V56c0-13.3-10.7-24-24-24h-8c-88.4 0-160 71.6-160 160v240c0 26.5 21.5 48 48 48h128c26.5 0 48-21.5 48-48V304c0-26.5-21.5-48-48-48zm-288 0H96v-64c0-35.3 28.7-64 64-64h8c13.3 0 24-10.7 24-24V56c0-13.3-10.7-24-24-24h-8C71.6 32 0 103.6 0 192v240c0 26.5 21.5 48 48 48h128c26.5 0 48-21.5 48-48V304c0-26.5-21.5-48-48-48z\"><\/path><\/svg>\t\t\t<\/div>\n\t\t<\/div>\n\t\t\t\t\t\t<\/div>\n\t\t\t\t<\/div>\n\t\t\t\t<div class=\"elementor-element elementor-element-08ac200 elementor-widget elementor-widget-text-editor\" data-id=\"08ac200\" data-element_type=\"widget\" data-e-type=\"widget\" data-widget_type=\"text-editor.default\">\n\t\t\t\t<div class=\"elementor-widget-container\">\n\t\t\t\t\t\t\t\t\tSebbene sia considerato particolarmente biocompatibile, secondo le ultime ricerche il titanio non \u00e8 un materiale adatto a tutti. In alcuni casi pu\u00f2 verificarsi una cosiddetta intolleranza al titanio. Il test di stimolazione al titanio ci fornisce informazioni in merito.\t\t\t\t\t\t\t\t<\/div>\n\t\t\t\t<\/div>\n\t\t\t\t<div class=\"elementor-element elementor-element-82b5b5c elementor-widget-divider--view-line elementor-widget elementor-widget-divider\" data-id=\"82b5b5c\" data-element_type=\"widget\" data-e-type=\"widget\" data-widget_type=\"divider.default\">\n\t\t\t\t<div class=\"elementor-widget-container\">\n\t\t\t\t\t\t\t<div class=\"elementor-divider\">\n\t\t\t<span class=\"elementor-divider-separator\">\n\t\t\t\t\t\t<\/span>\n\t\t<\/div>\n\t\t\t\t\t\t<\/div>\n\t\t\t\t<\/div>\n\t\t\t\t<div class=\"elementor-element elementor-element-7dd245a elementor-widget elementor-widget-text-editor\" data-id=\"7dd245a\" data-element_type=\"widget\" data-e-type=\"widget\" data-widget_type=\"text-editor.default\">\n\t\t\t\t<div class=\"elementor-widget-container\">\n\t\t\t\t\t\t\t\t\t<p>Dr. Jens Tartsch<\/p>\t\t\t\t\t\t\t\t<\/div>\n\t\t\t\t<\/div>\n\t\t\t\t<\/div>\n\t\t\t\t\t<\/div>\n\t\t\t\t<\/div>\n\t\t\t\t<\/div>","protected":false},"excerpt":{"rendered":"<p>F\u00fcr jeden geeignet? Implantate Implantologie ist dort m\u00f6glich, wo das Knochenwachstum bereits abgeschlossen ist, also ab einem Alter von circa 20 Jahren. Es m\u00fcssen jedoch gen\u00fcgend Kieferknochen von guter Qualit\u00e4t vorhanden und die allgemeinen gesundheitlichen Rahmenbedingungen gegeben sein. Ist dies der Fall, gibt es auch keine Altersbegrenzung nach oben! Einschr\u00e4nkungen gibt es bspw. bei Diabetes [&hellip;]<\/p>\n","protected":false},"author":1,"featured_media":0,"parent":0,"menu_order":0,"comment_status":"closed","ping_status":"closed","template":"","meta":{"footnotes":""},"class_list":["post-218","page","type-page","status-publish","hentry"],"_links":{"self":[{"href":"https:\/\/www.zahnarzt-kilchberg.ch\/it\/wp-json\/wp\/v2\/pages\/218","targetHints":{"allow":["GET"]}}],"collection":[{"href":"https:\/\/www.zahnarzt-kilchberg.ch\/it\/wp-json\/wp\/v2\/pages"}],"about":[{"href":"https:\/\/www.zahnarzt-kilchberg.ch\/it\/wp-json\/wp\/v2\/types\/page"}],"author":[{"embeddable":true,"href":"https:\/\/www.zahnarzt-kilchberg.ch\/it\/wp-json\/wp\/v2\/users\/1"}],"replies":[{"embeddable":true,"href":"https:\/\/www.zahnarzt-kilchberg.ch\/it\/wp-json\/wp\/v2\/comments?post=218"}],"version-history":[{"count":22,"href":"https:\/\/www.zahnarzt-kilchberg.ch\/it\/wp-json\/wp\/v2\/pages\/218\/revisions"}],"predecessor-version":[{"id":4662,"href":"https:\/\/www.zahnarzt-kilchberg.ch\/it\/wp-json\/wp\/v2\/pages\/218\/revisions\/4662"}],"wp:attachment":[{"href":"https:\/\/www.zahnarzt-kilchberg.ch\/it\/wp-json\/wp\/v2\/media?parent=218"}],"curies":[{"name":"wp","href":"https:\/\/api.w.org\/{rel}","templated":true}]}}