{"id":201,"date":"2024-09-02T22:27:52","date_gmt":"2024-09-02T20:27:52","guid":{"rendered":"https:\/\/demo.zahnarzt-kilchberg.ch\/?page_id=201"},"modified":"2026-02-09T23:30:05","modified_gmt":"2026-02-09T22:30:05","slug":"sbiancamento","status":"publish","type":"page","link":"https:\/\/www.zahnarzt-kilchberg.ch\/it\/bleaching\/","title":{"rendered":"Sbiancamento"},"content":{"rendered":"<div data-elementor-type=\"wp-page\" data-elementor-id=\"201\" class=\"elementor elementor-201\" data-elementor-post-type=\"page\">\n\t\t\t\t<div class=\"elementor-element elementor-element-216986a e-con-full e-flex e-con e-parent\" data-id=\"216986a\" data-element_type=\"container\" data-e-type=\"container\" data-settings=\"{&quot;background_background&quot;:&quot;classic&quot;}\">\n\t\t<div class=\"elementor-element elementor-element-de5693c e-flex e-con-boxed e-con e-child\" data-id=\"de5693c\" data-element_type=\"container\" data-e-type=\"container\" data-settings=\"{&quot;background_background&quot;:&quot;classic&quot;}\">\n\t\t\t\t\t<div class=\"e-con-inner\">\n\t\t\t\t<div class=\"elementor-element elementor-element-4fc9463 elementor-widget elementor-widget-heading\" data-id=\"4fc9463\" data-element_type=\"widget\" data-e-type=\"widget\" data-widget_type=\"heading.default\">\n\t\t\t\t<div class=\"elementor-widget-container\">\n\t\t\t\t\t<h1 class=\"elementor-heading-title elementor-size-default\">Sbiancamento<\/h1>\t\t\t\t<\/div>\n\t\t\t\t<\/div>\n\t\t\t\t\t<\/div>\n\t\t\t\t<\/div>\n\t\t\t\t<\/div>\n\t\t<div class=\"elementor-element elementor-element-a34b3a1 e-flex e-con-boxed e-con e-parent\" data-id=\"a34b3a1\" data-element_type=\"container\" data-e-type=\"container\">\n\t\t\t\t\t<div class=\"e-con-inner\">\n\t\t<div class=\"elementor-element elementor-element-fe62ae8 e-con-full e-flex e-con e-child\" data-id=\"fe62ae8\" data-element_type=\"container\" data-e-type=\"container\">\n\t\t\t\t<div class=\"elementor-element elementor-element-3e9cbe1 elementor-widget elementor-widget-image\" data-id=\"3e9cbe1\" data-element_type=\"widget\" data-e-type=\"widget\" data-widget_type=\"image.default\">\n\t\t\t\t<div class=\"elementor-widget-container\">\n\t\t\t\t\t\t\t\t\t\t\t\t\t\t\t<img fetchpriority=\"high\" decoding=\"async\" width=\"400\" height=\"300\" src=\"https:\/\/www.zahnarzt-kilchberg.ch\/wp-content\/uploads\/2025\/01\/I3.bmp\" class=\"attachment-large size-large wp-image-3754\" alt=\"\" srcset=\"https:\/\/www.zahnarzt-kilchberg.ch\/wp-content\/uploads\/2025\/01\/I3.bmp 400w, https:\/\/www.zahnarzt-kilchberg.ch\/wp-content\/uploads\/2025\/01\/I3-300x225.jpg 300w, https:\/\/www.zahnarzt-kilchberg.ch\/wp-content\/uploads\/2025\/01\/I3-16x12.jpg 16w\" sizes=\"(max-width: 400px) 100vw, 400px\" \/>\t\t\t\t\t\t\t\t\t\t\t\t\t\t\t<\/div>\n\t\t\t\t<\/div>\n\t\t\t\t<\/div>\n\t\t<div class=\"elementor-element elementor-element-ff787f4 e-con-full e-flex e-con e-child\" data-id=\"ff787f4\" data-element_type=\"container\" data-e-type=\"container\">\n\t\t\t\t<div class=\"elementor-element elementor-element-3faf4a7 elementor-widget elementor-widget-heading\" data-id=\"3faf4a7\" data-element_type=\"widget\" data-e-type=\"widget\" data-widget_type=\"heading.default\">\n\t\t\t\t<div class=\"elementor-widget-container\">\n\t\t\t\t\t<h2 class=\"elementor-heading-title elementor-size-default\">Denti bianchi e brillanti in un'ora!<\/h2>\t\t\t\t<\/div>\n\t\t\t\t<\/div>\n\t\t\t\t<div class=\"elementor-element elementor-element-1c85efd elementor-widget-divider--view-line elementor-widget elementor-widget-divider\" data-id=\"1c85efd\" data-element_type=\"widget\" data-e-type=\"widget\" data-widget_type=\"divider.default\">\n\t\t\t\t<div class=\"elementor-widget-container\">\n\t\t\t\t\t\t\t<div class=\"elementor-divider\">\n\t\t\t<span class=\"elementor-divider-separator\">\n\t\t\t\t\t\t<\/span>\n\t\t<\/div>\n\t\t\t\t\t\t<\/div>\n\t\t\t\t<\/div>\n\t\t\t\t<div class=\"elementor-element elementor-element-2bcf2c8 elementor-widget elementor-widget-text-editor\" data-id=\"2bcf2c8\" data-element_type=\"widget\" data-e-type=\"widget\" data-widget_type=\"text-editor.default\">\n\t\t\t\t<div class=\"elementor-widget-container\">\n\t\t\t\t\t\t\t\t\t<p><strong>I denti non devono essere solo sani, ma anche belli nella societ\u00e0 di oggi...!<\/strong><\/p><p>La parola magica \u00e8 \"bleaching\". Bleaching \u00e8 il termine inglese che indica lo sbiancamento e la pubblicit\u00e0 promette un sorriso bianco e radioso per molti anni a venire... e questa volta ha ragione!<\/p><p>Oggi, denti bianchi e splendenti sono sinonimo di salute e successo. Purtroppo, per\u00f2, non sempre i denti rimangono belli e brillanti come nell'infanzia.<\/p><p>Anche i denti sono soggetti a un naturale processo di invecchiamento. Con il passare degli anni lo smalto si assottiglia e gli strati interni pi\u00f9 scuri del dente diventano pi\u00f9 evidenti. Anche i pigmenti colorati della nicotina, del vino rosso, del caff\u00e8 o del t\u00e8 si accumulano nello smalto con il passare degli anni e ingialliscono i denti.<\/p>\t\t\t\t\t\t\t\t<\/div>\n\t\t\t\t<\/div>\n\t\t\t\t<\/div>\n\t\t\t\t\t<\/div>\n\t\t\t\t<\/div>\n\t\t<div class=\"elementor-element elementor-element-00f1051 e-flex e-con-boxed e-con e-parent\" data-id=\"00f1051\" data-element_type=\"container\" data-e-type=\"container\" data-settings=\"{&quot;background_background&quot;:&quot;classic&quot;}\">\n\t\t\t\t\t<div class=\"e-con-inner\">\n\t\t<div class=\"elementor-element elementor-element-8e9beb8 e-con-full e-flex e-con e-child\" data-id=\"8e9beb8\" data-element_type=\"container\" data-e-type=\"container\">\n\t\t\t\t<div class=\"elementor-element elementor-element-aecbcdf elementor-widget elementor-widget-text-editor\" data-id=\"aecbcdf\" data-element_type=\"widget\" data-e-type=\"widget\" data-widget_type=\"text-editor.default\">\n\t\t\t\t<div class=\"elementor-widget-container\">\n\t\t\t\t\t\t\t\t\tNel nostro studio offriamo quindi due procedure innocue e delicate che portano a uno sbiancamento permanente dei denti... entro un'ora come power bleaching in studio o durante una settimana a casa vostra.\t\t\t\t\t\t\t\t<\/div>\n\t\t\t\t<\/div>\n\t\t\t\t<\/div>\n\t\t\t\t\t<\/div>\n\t\t\t\t<\/div>\n\t\t<div class=\"elementor-element elementor-element-704a4ae e-flex e-con-boxed e-con e-parent\" data-id=\"704a4ae\" data-element_type=\"container\" data-e-type=\"container\">\n\t\t\t\t\t<div class=\"e-con-inner\">\n\t\t<div class=\"elementor-element elementor-element-e54d89e e-con-full e-flex e-con e-child\" data-id=\"e54d89e\" data-element_type=\"container\" data-e-type=\"container\">\n\t\t\t\t<div class=\"elementor-element elementor-element-261729e elementor-widget elementor-widget-heading\" data-id=\"261729e\" data-element_type=\"widget\" data-e-type=\"widget\" data-widget_type=\"heading.default\">\n\t\t\t\t<div class=\"elementor-widget-container\">\n\t\t\t\t\t<h2 class=\"elementor-heading-title elementor-size-default\">Come funziona<\/h2>\t\t\t\t<\/div>\n\t\t\t\t<\/div>\n\t\t\t\t<div class=\"elementor-element elementor-element-9e58958 elementor-widget-divider--view-line elementor-widget elementor-widget-divider\" data-id=\"9e58958\" data-element_type=\"widget\" data-e-type=\"widget\" data-widget_type=\"divider.default\">\n\t\t\t\t<div class=\"elementor-widget-container\">\n\t\t\t\t\t\t\t<div class=\"elementor-divider\">\n\t\t\t<span class=\"elementor-divider-separator\">\n\t\t\t\t\t\t<\/span>\n\t\t<\/div>\n\t\t\t\t\t\t<\/div>\n\t\t\t\t<\/div>\n\t\t\t\t<div class=\"elementor-element elementor-element-70ce7a7 elementor-widget elementor-widget-text-editor\" data-id=\"70ce7a7\" data-element_type=\"widget\" data-e-type=\"widget\" data-widget_type=\"text-editor.default\">\n\t\t\t\t<div class=\"elementor-widget-container\">\n\t\t\t\t\t\t\t\t\t<p>Nel nostro studio utilizziamo principalmente lo sbiancamento \"in-office\" o \"power whitening\". Il processo di sbiancamento si conclude dopo circa 1 ora. In alternativa, \u00e8 possibile utilizzare anche lo \"sbiancamento domiciliare\". In questo caso, come supporto per il materiale sbiancante viene realizzato un vassoio di plastica trasparente, che viene indossato durante la notte per una o due settimane.<\/p><p>Questo metodo utilizza un sistema di attivazione della luce che opera nello spettro delle lunghezze d'onda blu-verdi. Questa luce emette pochissimo calore e non emette pericolosi raggi UV. In combinazione con il nostro gel al perossido di idrogeno a basso dosaggio (tra 15% e 30%), questo metodo \u00e8 uno dei trattamenti pi\u00f9 sicuri disponibili in odontoiatria.<\/p>\t\t\t\t\t\t\t\t<\/div>\n\t\t\t\t<\/div>\n\t\t\t\t<\/div>\n\t\t<div class=\"elementor-element elementor-element-656c9aa e-con-full e-flex e-con e-child\" data-id=\"656c9aa\" data-element_type=\"container\" data-e-type=\"container\">\n\t\t\t\t<div class=\"elementor-element elementor-element-a3744dc elementor-widget elementor-widget-image\" data-id=\"a3744dc\" data-element_type=\"widget\" data-e-type=\"widget\" data-widget_type=\"image.default\">\n\t\t\t\t<div class=\"elementor-widget-container\">\n\t\t\t\t\t\t\t\t\t\t\t\t\t\t\t<img decoding=\"async\" width=\"768\" height=\"512\" src=\"https:\/\/www.zahnarzt-kilchberg.ch\/wp-content\/uploads\/2025\/05\/20250523_1447_Zahnarzt-Bleaching-Erlebnis_simple_compose_01jvyjtwsefnf9xdq5kvk3mv9m-768x512.webp\" class=\"attachment-medium_large size-medium_large wp-image-5280\" alt=\"\" srcset=\"https:\/\/www.zahnarzt-kilchberg.ch\/wp-content\/uploads\/2025\/05\/20250523_1447_Zahnarzt-Bleaching-Erlebnis_simple_compose_01jvyjtwsefnf9xdq5kvk3mv9m-768x512.webp 768w, https:\/\/www.zahnarzt-kilchberg.ch\/wp-content\/uploads\/2025\/05\/20250523_1447_Zahnarzt-Bleaching-Erlebnis_simple_compose_01jvyjtwsefnf9xdq5kvk3mv9m-300x200.webp 300w, https:\/\/www.zahnarzt-kilchberg.ch\/wp-content\/uploads\/2025\/05\/20250523_1447_Zahnarzt-Bleaching-Erlebnis_simple_compose_01jvyjtwsefnf9xdq5kvk3mv9m-1024x683.webp 1024w, https:\/\/www.zahnarzt-kilchberg.ch\/wp-content\/uploads\/2025\/05\/20250523_1447_Zahnarzt-Bleaching-Erlebnis_simple_compose_01jvyjtwsefnf9xdq5kvk3mv9m-18x12.webp 18w, https:\/\/www.zahnarzt-kilchberg.ch\/wp-content\/uploads\/2025\/05\/20250523_1447_Zahnarzt-Bleaching-Erlebnis_simple_compose_01jvyjtwsefnf9xdq5kvk3mv9m.webp 1536w\" sizes=\"(max-width: 768px) 100vw, 768px\" \/>\t\t\t\t\t\t\t\t\t\t\t\t\t\t\t<\/div>\n\t\t\t\t<\/div>\n\t\t\t\t<\/div>\n\t\t\t\t\t<\/div>\n\t\t\t\t<\/div>\n\t\t<div class=\"elementor-element elementor-element-938cbe9 e-flex e-con-boxed e-con e-parent\" data-id=\"938cbe9\" data-element_type=\"container\" data-e-type=\"container\" data-settings=\"{&quot;background_background&quot;:&quot;classic&quot;}\">\n\t\t\t\t\t<div class=\"e-con-inner\">\n\t\t<div class=\"elementor-element elementor-element-a054ae7 e-con-full e-flex e-con e-child\" data-id=\"a054ae7\" data-element_type=\"container\" data-e-type=\"container\">\n\t\t\t\t<div class=\"elementor-element elementor-element-a8ad4c4 elementor-widget elementor-widget-text-editor\" data-id=\"a8ad4c4\" data-element_type=\"widget\" data-e-type=\"widget\" data-widget_type=\"text-editor.default\">\n\t\t\t\t<div class=\"elementor-widget-container\">\n\t\t\t\t\t\t\t\t\t<p style=\"text-align: center;\"><span style=\"color: #ffffff;\">Il gel viene applicato sui denti, irradiato con la speciale lampada UV sbiancante e, dopo appena un anno, viene applicato sui denti. <br \/>In 1 ora i denti sono fino a 3-4 toni pi\u00f9 chiari! <\/span><br \/><span style=\"color: #ffffff;\">...e questo per 2-3 anni!<\/span><\/p>\t\t\t\t\t\t\t\t<\/div>\n\t\t\t\t<\/div>\n\t\t\t\t<\/div>\n\t\t\t\t\t<\/div>\n\t\t\t\t<\/div>\n\t\t<div class=\"elementor-element elementor-element-0fe4f2f e-flex e-con-boxed e-con e-parent\" data-id=\"0fe4f2f\" data-element_type=\"container\" data-e-type=\"container\">\n\t\t\t\t\t<div class=\"e-con-inner\">\n\t\t<div class=\"elementor-element elementor-element-dd5cb76 e-con-full e-flex e-con e-child\" data-id=\"dd5cb76\" data-element_type=\"container\" data-e-type=\"container\">\n\t\t<div class=\"elementor-element elementor-element-a3cca65 e-grid e-con-full e-con e-child\" data-id=\"a3cca65\" data-element_type=\"container\" data-e-type=\"container\">\n\t\t\t\t<div class=\"elementor-element elementor-element-b9df60b elementor-widget elementor-widget-image\" data-id=\"b9df60b\" data-element_type=\"widget\" data-e-type=\"widget\" data-widget_type=\"image.default\">\n\t\t\t\t<div class=\"elementor-widget-container\">\n\t\t\t\t\t\t\t\t\t\t\t\t\t\t\t<img decoding=\"async\" width=\"300\" height=\"128\" src=\"https:\/\/www.zahnarzt-kilchberg.ch\/wp-content\/uploads\/2024\/12\/csm_bleaching_vorher_e557175c5b.jpg\" class=\"attachment-large size-large wp-image-2439\" alt=\"\" srcset=\"https:\/\/www.zahnarzt-kilchberg.ch\/wp-content\/uploads\/2024\/12\/csm_bleaching_vorher_e557175c5b.jpg 300w, https:\/\/www.zahnarzt-kilchberg.ch\/wp-content\/uploads\/2024\/12\/csm_bleaching_vorher_e557175c5b-18x8.jpg 18w\" sizes=\"(max-width: 300px) 100vw, 300px\" \/>\t\t\t\t\t\t\t\t\t\t\t\t\t\t\t<\/div>\n\t\t\t\t<\/div>\n\t\t\t\t<div class=\"elementor-element elementor-element-c7b0dc1 elementor-widget elementor-widget-image\" data-id=\"c7b0dc1\" data-element_type=\"widget\" data-e-type=\"widget\" data-widget_type=\"image.default\">\n\t\t\t\t<div class=\"elementor-widget-container\">\n\t\t\t\t\t\t\t\t\t\t\t\t\t\t\t<img loading=\"lazy\" decoding=\"async\" width=\"300\" height=\"128\" src=\"https:\/\/www.zahnarzt-kilchberg.ch\/wp-content\/uploads\/2024\/12\/csm_bleaching_nachher_5116aa82dc.jpg\" class=\"attachment-large size-large wp-image-2519\" alt=\"\" srcset=\"https:\/\/www.zahnarzt-kilchberg.ch\/wp-content\/uploads\/2024\/12\/csm_bleaching_nachher_5116aa82dc.jpg 300w, https:\/\/www.zahnarzt-kilchberg.ch\/wp-content\/uploads\/2024\/12\/csm_bleaching_nachher_5116aa82dc-18x8.jpg 18w\" sizes=\"(max-width: 300px) 100vw, 300px\" \/>\t\t\t\t\t\t\t\t\t\t\t\t\t\t\t<\/div>\n\t\t\t\t<\/div>\n\t\t\t\t<\/div>\n\t\t\t\t<\/div>\n\t\t<div class=\"elementor-element elementor-element-b030958 e-con-full e-flex e-con e-child\" data-id=\"b030958\" data-element_type=\"container\" data-e-type=\"container\">\n\t\t\t\t<div class=\"elementor-element elementor-element-9d15c67 elementor-widget elementor-widget-heading\" data-id=\"9d15c67\" data-element_type=\"widget\" data-e-type=\"widget\" data-widget_type=\"heading.default\">\n\t\t\t\t<div class=\"elementor-widget-container\">\n\t\t\t\t\t<h2 class=\"elementor-heading-title elementor-size-default\">Risultati<\/h2>\t\t\t\t<\/div>\n\t\t\t\t<\/div>\n\t\t\t\t<div class=\"elementor-element elementor-element-72c1e41 elementor-widget-divider--view-line elementor-widget elementor-widget-divider\" data-id=\"72c1e41\" data-element_type=\"widget\" data-e-type=\"widget\" data-widget_type=\"divider.default\">\n\t\t\t\t<div class=\"elementor-widget-container\">\n\t\t\t\t\t\t\t<div class=\"elementor-divider\">\n\t\t\t<span class=\"elementor-divider-separator\">\n\t\t\t\t\t\t<\/span>\n\t\t<\/div>\n\t\t\t\t\t\t<\/div>\n\t\t\t\t<\/div>\n\t\t\t\t<div class=\"elementor-element elementor-element-a727e88 elementor-widget elementor-widget-text-editor\" data-id=\"a727e88\" data-element_type=\"widget\" data-e-type=\"widget\" data-widget_type=\"text-editor.default\">\n\t\t\t\t<div class=\"elementor-widget-container\">\n\t\t\t\t\t\t\t\t\t<p><strong>Anche l'et\u00e0 non ha alcun ruolo nello sbiancamento!<\/strong><\/p>\n<p>Perch\u00e9 non dovreste concedervi il lusso di avere denti bellissimi a 70 anni? Tuttavia, poich\u00e9 le vecchie otturazioni e le corone dentali non possono essere sbiancate, dopo lo sbiancamento devono essere sostituite, se presenti, e abbinate al nuovo colore dei denti.<\/p>\n<p>Sbiancamento: solo con il dentista!<br>Gli esperti dell'Ospedale Universitario di Zurigo mettono in guardia dall'uso di prodotti sbiancanti provenienti da farmacie e drogherie senza una consulenza professionale. Spesso i consumatori non ottengono il risultato desiderato con l'autotrattamento e possono addirittura danneggiare lo smalto dei denti e le gengive.<\/p>\n<p><strong>La scelta del giusto metodo di sbiancamento e la sua corretta applicazione sono fondamentali per il successo!<\/strong><\/p>\t\t\t\t\t\t\t\t<\/div>\n\t\t\t\t<\/div>\n\t\t\t\t<\/div>\n\t\t\t\t\t<\/div>\n\t\t\t\t<\/div>\n\t\t\t\t<\/div>","protected":false},"excerpt":{"rendered":"<p>Bleaching Strahlend weisse Z\u00e4hne in nur einer Stunde! Nicht nur gesund, sondern auch sch\u00f6n m\u00fcssen die Z\u00e4hnein der heutigen Gesellschaft sein\u2026! Das Zauberwort heisst \u201cBleaching\u201d. Bleaching ist der englische Ausdruck f\u00fcr Bleichen und die Werbung verspricht ein strahlend weisses L\u00e4cheln f\u00fcr viele Jahre\u2026und diesmal hat sie recht! Weisse, strahlende Z\u00e4hne gelten heute als Synonym f\u00fcr [&hellip;]<\/p>\n","protected":false},"author":1,"featured_media":0,"parent":0,"menu_order":0,"comment_status":"closed","ping_status":"closed","template":"","meta":{"footnotes":""},"class_list":["post-201","page","type-page","status-publish","hentry"],"_links":{"self":[{"href":"https:\/\/www.zahnarzt-kilchberg.ch\/it\/wp-json\/wp\/v2\/pages\/201","targetHints":{"allow":["GET"]}}],"collection":[{"href":"https:\/\/www.zahnarzt-kilchberg.ch\/it\/wp-json\/wp\/v2\/pages"}],"about":[{"href":"https:\/\/www.zahnarzt-kilchberg.ch\/it\/wp-json\/wp\/v2\/types\/page"}],"author":[{"embeddable":true,"href":"https:\/\/www.zahnarzt-kilchberg.ch\/it\/wp-json\/wp\/v2\/users\/1"}],"replies":[{"embeddable":true,"href":"https:\/\/www.zahnarzt-kilchberg.ch\/it\/wp-json\/wp\/v2\/comments?post=201"}],"version-history":[{"count":28,"href":"https:\/\/www.zahnarzt-kilchberg.ch\/it\/wp-json\/wp\/v2\/pages\/201\/revisions"}],"predecessor-version":[{"id":5284,"href":"https:\/\/www.zahnarzt-kilchberg.ch\/it\/wp-json\/wp\/v2\/pages\/201\/revisions\/5284"}],"wp:attachment":[{"href":"https:\/\/www.zahnarzt-kilchberg.ch\/it\/wp-json\/wp\/v2\/media?parent=201"}],"curies":[{"name":"wp","href":"https:\/\/api.w.org\/{rel}","templated":true}]}}