{"id":167,"date":"2024-09-02T22:20:28","date_gmt":"2024-09-02T20:20:28","guid":{"rendered":"https:\/\/demo.zahnarzt-kilchberg.ch\/?page_id=167"},"modified":"2026-02-09T23:34:20","modified_gmt":"2026-02-09T22:34:20","slug":"navigazione-digitale","status":"publish","type":"page","link":"https:\/\/www.zahnarzt-kilchberg.ch\/it\/digitale-navigation\/","title":{"rendered":"Navigazione digitale"},"content":{"rendered":"<div data-elementor-type=\"wp-page\" data-elementor-id=\"167\" class=\"elementor elementor-167\" data-elementor-post-type=\"page\">\n\t\t\t\t<div class=\"elementor-element elementor-element-6d39fc0 e-con-full e-flex e-con e-parent\" data-id=\"6d39fc0\" data-element_type=\"container\" data-e-type=\"container\" data-settings=\"{&quot;background_background&quot;:&quot;classic&quot;}\">\n\t\t<div class=\"elementor-element elementor-element-d403189 e-flex e-con-boxed e-con e-child\" data-id=\"d403189\" data-element_type=\"container\" data-e-type=\"container\" data-settings=\"{&quot;background_background&quot;:&quot;classic&quot;}\">\n\t\t\t\t\t<div class=\"e-con-inner\">\n\t\t\t\t<div class=\"elementor-element elementor-element-7148e06 elementor-widget elementor-widget-heading\" data-id=\"7148e06\" data-element_type=\"widget\" data-e-type=\"widget\" data-widget_type=\"heading.default\">\n\t\t\t\t<div class=\"elementor-widget-container\">\n\t\t\t\t\t<h1 class=\"elementor-heading-title elementor-size-default\">Navigazione digitale<\/h1>\t\t\t\t<\/div>\n\t\t\t\t<\/div>\n\t\t\t\t\t<\/div>\n\t\t\t\t<\/div>\n\t\t\t\t<\/div>\n\t\t<div class=\"elementor-element elementor-element-e8fb00f e-flex e-con-boxed e-con e-parent\" data-id=\"e8fb00f\" data-element_type=\"container\" data-e-type=\"container\">\n\t\t\t\t\t<div class=\"e-con-inner\">\n\t\t<div class=\"elementor-element elementor-element-4ebe9c5 e-con-full e-flex e-con e-child\" data-id=\"4ebe9c5\" data-element_type=\"container\" data-e-type=\"container\">\n\t\t\t\t<div class=\"elementor-element elementor-element-beceaa5 elementor-widget elementor-widget-image\" data-id=\"beceaa5\" data-element_type=\"widget\" data-e-type=\"widget\" data-widget_type=\"image.default\">\n\t\t\t\t<div class=\"elementor-widget-container\">\n\t\t\t\t\t\t\t\t\t\t\t\t\t\t\t<img fetchpriority=\"high\" decoding=\"async\" width=\"800\" height=\"428\" src=\"https:\/\/www.zahnarzt-kilchberg.ch\/wp-content\/uploads\/2024\/12\/Tartsch-Quintess-ceramic-case-1a-.jpg\" class=\"attachment-large size-large wp-image-2408\" alt=\"\" srcset=\"https:\/\/www.zahnarzt-kilchberg.ch\/wp-content\/uploads\/2024\/12\/Tartsch-Quintess-ceramic-case-1a-.jpg 960w, https:\/\/www.zahnarzt-kilchberg.ch\/wp-content\/uploads\/2024\/12\/Tartsch-Quintess-ceramic-case-1a--300x161.jpg 300w, https:\/\/www.zahnarzt-kilchberg.ch\/wp-content\/uploads\/2024\/12\/Tartsch-Quintess-ceramic-case-1a--768x411.jpg 768w, https:\/\/www.zahnarzt-kilchberg.ch\/wp-content\/uploads\/2024\/12\/Tartsch-Quintess-ceramic-case-1a--18x10.jpg 18w\" sizes=\"(max-width: 800px) 100vw, 800px\" \/>\t\t\t\t\t\t\t\t\t\t\t\t\t\t\t<\/div>\n\t\t\t\t<\/div>\n\t\t\t\t<\/div>\n\t\t<div class=\"elementor-element elementor-element-75c30cd e-con-full e-flex e-con e-child\" data-id=\"75c30cd\" data-element_type=\"container\" data-e-type=\"container\">\n\t\t\t\t<div class=\"elementor-element elementor-element-b6a8c4f elementor-widget elementor-widget-heading\" data-id=\"b6a8c4f\" data-element_type=\"widget\" data-e-type=\"widget\" data-widget_type=\"heading.default\">\n\t\t\t\t<div class=\"elementor-widget-container\">\n\t\t\t\t\t<h2 class=\"elementor-heading-title elementor-size-default\">Implantologia computer-assistita<\/h2>\t\t\t\t<\/div>\n\t\t\t\t<\/div>\n\t\t\t\t<div class=\"elementor-element elementor-element-85b8ad8 elementor-widget-divider--view-line elementor-widget elementor-widget-divider\" data-id=\"85b8ad8\" data-element_type=\"widget\" data-e-type=\"widget\" data-widget_type=\"divider.default\">\n\t\t\t\t<div class=\"elementor-widget-container\">\n\t\t\t\t\t\t\t<div class=\"elementor-divider\">\n\t\t\t<span class=\"elementor-divider-separator\">\n\t\t\t\t\t\t<\/span>\n\t\t<\/div>\n\t\t\t\t\t\t<\/div>\n\t\t\t\t<\/div>\n\t\t\t\t<div class=\"elementor-element elementor-element-688120f elementor-widget elementor-widget-text-editor\" data-id=\"688120f\" data-element_type=\"widget\" data-e-type=\"widget\" data-widget_type=\"text-editor.default\">\n\t\t\t\t<div class=\"elementor-widget-container\">\n\t\t\t\t\t\t\t\t\t<p>Nel nostro studio lavoriamo con sistemi di navigazione assistita da computer per questioni implantologiche speciali. Questo concetto di \"chirurgia guidata\" si basa, da un lato, sulla procedura di imaging della tomografia digitale volumetrica e, dall'altro, su speciali programmi informatici che ci forniscono modelli 3D della situazione dentale e mascellare.<\/p>\n<p>Questo ci permette di visualizzare immagini tridimensionali del sito implantare prima dell'intervento e di pianificare virtualmente gli impianti in anticipo.<\/p>\n<p>I dati ottenuti vengono utilizzati per produrre modelli di perforazione con il processo Stereolith (stampante 3D), che possono essere utilizzati per trasferire la posizione pianificata digitalmente sul computer alla mascella con la massima precisione. Questo lavoro preparatorio completo riduce la durata della procedura chirurgica e ottimizza la sicurezza dell'intervento.<\/p>\t\t\t\t\t\t\t\t<\/div>\n\t\t\t\t<\/div>\n\t\t\t\t<\/div>\n\t\t\t\t\t<\/div>\n\t\t\t\t<\/div>\n\t\t<div class=\"elementor-element elementor-element-2150009 e-grid e-con-boxed e-con e-parent\" data-id=\"2150009\" data-element_type=\"container\" data-e-type=\"container\">\n\t\t\t\t\t<div class=\"e-con-inner\">\n\t\t\t\t<div class=\"elementor-element elementor-element-9460a74 elementor-widget elementor-widget-image\" data-id=\"9460a74\" data-element_type=\"widget\" data-e-type=\"widget\" data-widget_type=\"image.default\">\n\t\t\t\t<div class=\"elementor-widget-container\">\n\t\t\t\t\t\t\t\t\t\t\t\t\t\t\t<img decoding=\"async\" width=\"800\" height=\"425\" src=\"https:\/\/www.zahnarzt-kilchberg.ch\/wp-content\/uploads\/2024\/12\/smop2gross-1024x544.jpg\" class=\"attachment-large size-large wp-image-2444\" alt=\"\" srcset=\"https:\/\/www.zahnarzt-kilchberg.ch\/wp-content\/uploads\/2024\/12\/smop2gross-1024x544.jpg 1024w, https:\/\/www.zahnarzt-kilchberg.ch\/wp-content\/uploads\/2024\/12\/smop2gross-300x159.jpg 300w, https:\/\/www.zahnarzt-kilchberg.ch\/wp-content\/uploads\/2024\/12\/smop2gross-768x408.jpg 768w, https:\/\/www.zahnarzt-kilchberg.ch\/wp-content\/uploads\/2024\/12\/smop2gross-1536x816.jpg 1536w, https:\/\/www.zahnarzt-kilchberg.ch\/wp-content\/uploads\/2024\/12\/smop2gross-18x10.jpg 18w, https:\/\/www.zahnarzt-kilchberg.ch\/wp-content\/uploads\/2024\/12\/smop2gross.jpg 1915w\" sizes=\"(max-width: 800px) 100vw, 800px\" \/>\t\t\t\t\t\t\t\t\t\t\t\t\t\t\t<\/div>\n\t\t\t\t<\/div>\n\t\t\t\t<div class=\"elementor-element elementor-element-d4d3f1b elementor-widget elementor-widget-image\" data-id=\"d4d3f1b\" data-element_type=\"widget\" data-e-type=\"widget\" data-widget_type=\"image.default\">\n\t\t\t\t<div class=\"elementor-widget-container\">\n\t\t\t\t\t\t\t\t\t\t\t\t\t\t\t<img decoding=\"async\" width=\"331\" height=\"220\" src=\"https:\/\/www.zahnarzt-kilchberg.ch\/wp-content\/uploads\/2024\/12\/csm_smop_schablone.jpg\" class=\"attachment-large size-large wp-image-2267\" alt=\"\" srcset=\"https:\/\/www.zahnarzt-kilchberg.ch\/wp-content\/uploads\/2024\/12\/csm_smop_schablone.jpg 331w, https:\/\/www.zahnarzt-kilchberg.ch\/wp-content\/uploads\/2024\/12\/csm_smop_schablone-300x199.jpg 300w, https:\/\/www.zahnarzt-kilchberg.ch\/wp-content\/uploads\/2024\/12\/csm_smop_schablone-18x12.jpg 18w\" sizes=\"(max-width: 331px) 100vw, 331px\" \/>\t\t\t\t\t\t\t\t\t\t\t\t\t\t\t<\/div>\n\t\t\t\t<\/div>\n\t\t\t\t\t<\/div>\n\t\t\t\t<\/div>\n\t\t<div class=\"elementor-element elementor-element-cd85c7d e-flex e-con-boxed e-con e-parent\" data-id=\"cd85c7d\" data-element_type=\"container\" data-e-type=\"container\">\n\t\t\t\t\t<div class=\"e-con-inner\">\n\t\t<div class=\"elementor-element elementor-element-3255089 e-con-full e-flex e-con e-child\" data-id=\"3255089\" data-element_type=\"container\" data-e-type=\"container\">\n\t\t\t\t<div class=\"elementor-element elementor-element-a3afe75 elementor-widget elementor-widget-spacer\" data-id=\"a3afe75\" data-element_type=\"widget\" data-e-type=\"widget\" data-widget_type=\"spacer.default\">\n\t\t\t\t<div class=\"elementor-widget-container\">\n\t\t\t\t\t\t\t<div class=\"elementor-spacer\">\n\t\t\t<div class=\"elementor-spacer-inner\"><\/div>\n\t\t<\/div>\n\t\t\t\t\t\t<\/div>\n\t\t\t\t<\/div>\n\t\t\t\t<\/div>\n\t\t\t\t\t<\/div>\n\t\t\t\t<\/div>\n\t\t\t\t<\/div>","protected":false},"excerpt":{"rendered":"<p>Digitale Navigation Computerunterst\u00fctzte Implantologie In unserer Praxis arbeiten wir f\u00fcr spezielle implantatologische Fragestellungen mit computergest\u00fctzten Navigationssystemen. Dieses \u201eGuided Surgery\u201c Konzept basiert einerseits auf dem bildgebenden Verfahren der Digitalen Volumentomografie , andererseits auf speziellen Computerprogrammen, welche uns 3D-Modelle der Zahn- und Kiefersituation liefern. Somit sind wir in der Lage, bereits vor dem Eingriff dreidimensionale Bilder des [&hellip;]<\/p>\n","protected":false},"author":1,"featured_media":0,"parent":0,"menu_order":0,"comment_status":"closed","ping_status":"closed","template":"","meta":{"footnotes":""},"class_list":["post-167","page","type-page","status-publish","hentry"],"_links":{"self":[{"href":"https:\/\/www.zahnarzt-kilchberg.ch\/it\/wp-json\/wp\/v2\/pages\/167","targetHints":{"allow":["GET"]}}],"collection":[{"href":"https:\/\/www.zahnarzt-kilchberg.ch\/it\/wp-json\/wp\/v2\/pages"}],"about":[{"href":"https:\/\/www.zahnarzt-kilchberg.ch\/it\/wp-json\/wp\/v2\/types\/page"}],"author":[{"embeddable":true,"href":"https:\/\/www.zahnarzt-kilchberg.ch\/it\/wp-json\/wp\/v2\/users\/1"}],"replies":[{"embeddable":true,"href":"https:\/\/www.zahnarzt-kilchberg.ch\/it\/wp-json\/wp\/v2\/comments?post=167"}],"version-history":[{"count":37,"href":"https:\/\/www.zahnarzt-kilchberg.ch\/it\/wp-json\/wp\/v2\/pages\/167\/revisions"}],"predecessor-version":[{"id":5141,"href":"https:\/\/www.zahnarzt-kilchberg.ch\/it\/wp-json\/wp\/v2\/pages\/167\/revisions\/5141"}],"wp:attachment":[{"href":"https:\/\/www.zahnarzt-kilchberg.ch\/it\/wp-json\/wp\/v2\/media?parent=167"}],"curies":[{"name":"wp","href":"https:\/\/api.w.org\/{rel}","templated":true}]}}