{"id":1082,"date":"2024-11-04T09:11:26","date_gmt":"2024-11-04T08:11:26","guid":{"rendered":"https:\/\/demo.zahnarzt-kilchberg.ch\/?page_id=1082"},"modified":"2025-05-22T14:47:29","modified_gmt":"2025-05-22T12:47:29","slug":"il-nostro-sistema-immunitario","status":"publish","type":"page","link":"https:\/\/www.zahnarzt-kilchberg.ch\/it\/unser-immunsystem\/","title":{"rendered":"Il nostro sistema immunitario"},"content":{"rendered":"<div data-elementor-type=\"wp-page\" data-elementor-id=\"1082\" class=\"elementor elementor-1082\" data-elementor-post-type=\"page\">\n\t\t\t\t<div class=\"elementor-element elementor-element-3031c00 e-con-full e-flex e-con e-parent\" data-id=\"3031c00\" data-element_type=\"container\" data-e-type=\"container\" data-settings=\"{&quot;background_background&quot;:&quot;classic&quot;}\">\n\t\t<div class=\"elementor-element elementor-element-7db28c3 e-flex e-con-boxed e-con e-child\" data-id=\"7db28c3\" data-element_type=\"container\" data-e-type=\"container\" data-settings=\"{&quot;background_background&quot;:&quot;classic&quot;}\">\n\t\t\t\t\t<div class=\"e-con-inner\">\n\t\t\t\t<div class=\"elementor-element elementor-element-8b653bd elementor-widget elementor-widget-heading\" data-id=\"8b653bd\" data-element_type=\"widget\" data-e-type=\"widget\" data-widget_type=\"heading.default\">\n\t\t\t\t<div class=\"elementor-widget-container\">\n\t\t\t\t\t<h1 class=\"elementor-heading-title elementor-size-default\">Il nostro sistema immunitario<\/h1>\t\t\t\t<\/div>\n\t\t\t\t<\/div>\n\t\t\t\t\t<\/div>\n\t\t\t\t<\/div>\n\t\t\t\t<\/div>\n\t\t<div class=\"elementor-element elementor-element-31c78bd e-flex e-con-boxed e-con e-parent\" data-id=\"31c78bd\" data-element_type=\"container\" data-e-type=\"container\">\n\t\t\t\t\t<div class=\"e-con-inner\">\n\t\t<div class=\"elementor-element elementor-element-8b6ea71 e-con-full e-flex e-con e-child\" data-id=\"8b6ea71\" data-element_type=\"container\" data-e-type=\"container\">\n\t\t\t\t<div class=\"elementor-element elementor-element-6dd8abc elementor-widget elementor-widget-image\" data-id=\"6dd8abc\" data-element_type=\"widget\" data-e-type=\"widget\" data-widget_type=\"image.default\">\n\t\t\t\t<div class=\"elementor-widget-container\">\n\t\t\t\t\t\t\t\t\t\t\t\t\t\t\t<img fetchpriority=\"high\" decoding=\"async\" width=\"250\" height=\"245\" src=\"https:\/\/www.zahnarzt-kilchberg.ch\/wp-content\/uploads\/2024\/12\/csm_Immunsystem_06568a7635.jpg\" class=\"attachment-medium_large size-medium_large wp-image-2377\" alt=\"\" srcset=\"https:\/\/www.zahnarzt-kilchberg.ch\/wp-content\/uploads\/2024\/12\/csm_Immunsystem_06568a7635.jpg.webp 250w, https:\/\/www.zahnarzt-kilchberg.ch\/wp-content\/uploads\/2024\/12\/csm_Immunsystem_06568a7635-12x12.jpg.webp 12w\" sizes=\"(max-width: 250px) 100vw, 250px\" \/>\t\t\t\t\t\t\t\t\t\t\t\t\t\t\t<\/div>\n\t\t\t\t<\/div>\n\t\t\t\t<\/div>\n\t\t<div class=\"elementor-element elementor-element-86f6a3c e-con-full e-flex e-con e-child\" data-id=\"86f6a3c\" data-element_type=\"container\" data-e-type=\"container\">\n\t\t\t\t<div class=\"elementor-element elementor-element-39d84c3 elementor-widget elementor-widget-heading\" data-id=\"39d84c3\" data-element_type=\"widget\" data-e-type=\"widget\" data-widget_type=\"heading.default\">\n\t\t\t\t<div class=\"elementor-widget-container\">\n\t\t\t\t\t<h2 class=\"elementor-heading-title elementor-size-default\">Il nostro sistema immunitario<\/h2>\t\t\t\t<\/div>\n\t\t\t\t<\/div>\n\t\t\t\t<div class=\"elementor-element elementor-element-ac29eeb elementor-widget-divider--view-line elementor-widget elementor-widget-divider\" data-id=\"ac29eeb\" data-element_type=\"widget\" data-e-type=\"widget\" data-widget_type=\"divider.default\">\n\t\t\t\t<div class=\"elementor-widget-container\">\n\t\t\t\t\t\t\t<div class=\"elementor-divider\">\n\t\t\t<span class=\"elementor-divider-separator\">\n\t\t\t\t\t\t<\/span>\n\t\t<\/div>\n\t\t\t\t\t\t<\/div>\n\t\t\t\t<\/div>\n\t\t\t\t<div class=\"elementor-element elementor-element-53dba6b elementor-widget elementor-widget-text-editor\" data-id=\"53dba6b\" data-element_type=\"widget\" data-e-type=\"widget\" data-widget_type=\"text-editor.default\">\n\t\t\t\t<div class=\"elementor-widget-container\">\n\t\t\t\t\t\t\t\t\t<p>Il nostro sistema immunitario \u00e8 responsabile del mantenimento della nostra salute. Una dieta sana lo rafforza e promuove la salute dell'intero organismo per difendersi da agenti patogeni come virus, batteri o altre sostanze nocive.<\/p><p>\u00c8 suddiviso in due componenti principali: Il <strong>non specifico <\/strong>e il <strong>specifico <\/strong>Sistema immunitario. Il sistema immunitario aspecifico utilizza le sue cellule spazzino (macrofagi) per attaccare tutto ci\u00f2 che non appartiene all'organismo. Molti <strong>Incompatibilit\u00e0<\/strong> ne fanno parte.<\/p><p>Il sistema immunitario specifico deve prima \"conoscere\" il nemico e poi si dirige con i suoi linfociti nel senso di una <strong>Sensibilizzazione o allergia <\/strong>specificamente solo contro di lui.<\/p>\t\t\t\t\t\t\t\t<\/div>\n\t\t\t\t<\/div>\n\t\t\t\t<\/div>\n\t\t\t\t\t<\/div>\n\t\t\t\t<\/div>\n\t\t<div class=\"elementor-element elementor-element-18827881 e-flex e-con-boxed e-con e-parent\" data-id=\"18827881\" data-element_type=\"container\" data-e-type=\"container\">\n\t\t\t\t\t<div class=\"e-con-inner\">\n\t\t<div class=\"elementor-element elementor-element-57abfcff e-con-full e-flex e-con e-child\" data-id=\"57abfcff\" data-element_type=\"container\" data-e-type=\"container\">\n\t\t\t\t<div class=\"elementor-element elementor-element-69eba73 elementor-widget elementor-widget-heading\" data-id=\"69eba73\" data-element_type=\"widget\" data-e-type=\"widget\" data-widget_type=\"heading.default\">\n\t\t\t\t<div class=\"elementor-widget-container\">\n\t\t\t\t\t<h2 class=\"elementor-heading-title elementor-size-default\">Meccanismi dell'infiammazione cronica<\/h2>\t\t\t\t<\/div>\n\t\t\t\t<\/div>\n\t\t\t\t<div class=\"elementor-element elementor-element-02f906c elementor-widget-divider--view-line elementor-widget elementor-widget-divider\" data-id=\"02f906c\" data-element_type=\"widget\" data-e-type=\"widget\" data-widget_type=\"divider.default\">\n\t\t\t\t<div class=\"elementor-widget-container\">\n\t\t\t\t\t\t\t<div class=\"elementor-divider\">\n\t\t\t<span class=\"elementor-divider-separator\">\n\t\t\t\t\t\t<\/span>\n\t\t<\/div>\n\t\t\t\t\t\t<\/div>\n\t\t\t\t<\/div>\n\t\t\t\t<div class=\"elementor-element elementor-element-712b3309 elementor-widget elementor-widget-text-editor\" data-id=\"712b3309\" data-element_type=\"widget\" data-e-type=\"widget\" data-widget_type=\"text-editor.default\">\n\t\t\t\t<div class=\"elementor-widget-container\">\n\t\t\t\t\t\t\t\t\t<p>Quasi tutte le malattie e le infiammazioni passano attraverso il sistema immunitario secondo gli stessi meccanismi. Le cellule del sistema immunitario producono determinate sostanze messaggere - le cosiddette <strong>Citochine\u00a0 <\/strong>o\u00a0 <strong>Mediatori infiammatori<\/strong>\u00a0- che svolgono un'ampia variet\u00e0 di compiti durante la \"fase di difesa\" dell'organismo.<\/p><p>Si tratta, ad esempio, della difesa da un attacco dall'esterno (infezione) o dall'interno (polizia nel caso dei tumori). Nel caso di un'infiammazione acuta e di breve durata (ad esempio un raffreddore), ci\u00f2 ha perfettamente senso. Nel caso dell'infiammazione cronica, invece, gli stessi meccanismi funzionano a volte in modo subliminale per anni e portano a uno stress a lungo termine.<\/p><p><strong>L'effetto a lungo termine e subliminale di queste citochine infiammatorie spiega i sintomi individuali e molto diversi.<\/strong><\/p><p>\u00a0<\/p>\t\t\t\t\t\t\t\t<\/div>\n\t\t\t\t<\/div>\n\t\t\t\t<\/div>\n\t\t<div class=\"elementor-element elementor-element-20741bf9 e-con-full e-flex e-con e-child\" data-id=\"20741bf9\" data-element_type=\"container\" data-e-type=\"container\">\n\t\t\t\t<div class=\"elementor-element elementor-element-40e32530 elementor-widget elementor-widget-image\" data-id=\"40e32530\" data-element_type=\"widget\" data-e-type=\"widget\" data-widget_type=\"image.default\">\n\t\t\t\t<div class=\"elementor-widget-container\">\n\t\t\t\t\t\t\t\t\t\t\t\t\t\t\t<img decoding=\"async\" width=\"768\" height=\"489\" src=\"https:\/\/www.zahnarzt-kilchberg.ch\/wp-content\/uploads\/2016\/12\/csm_Wirkung_TNF_a_3cb0056182-768x489.jpg\" class=\"attachment-medium_large size-medium_large wp-image-2074\" alt=\"\" srcset=\"https:\/\/www.zahnarzt-kilchberg.ch\/wp-content\/uploads\/2016\/12\/csm_Wirkung_TNF_a_3cb0056182-768x489.jpg.webp 768w, https:\/\/www.zahnarzt-kilchberg.ch\/wp-content\/uploads\/2016\/12\/csm_Wirkung_TNF_a_3cb0056182-300x191.jpg.webp 300w, https:\/\/www.zahnarzt-kilchberg.ch\/wp-content\/uploads\/2016\/12\/csm_Wirkung_TNF_a_3cb0056182-18x12.jpg.webp 18w, https:\/\/www.zahnarzt-kilchberg.ch\/wp-content\/uploads\/2016\/12\/csm_Wirkung_TNF_a_3cb0056182.jpg.webp 942w\" sizes=\"(max-width: 768px) 100vw, 768px\" \/>\t\t\t\t\t\t\t\t\t\t\t\t\t\t\t<\/div>\n\t\t\t\t<\/div>\n\t\t\t\t<\/div>\n\t\t\t\t\t<\/div>\n\t\t\t\t<\/div>\n\t\t<div class=\"elementor-element elementor-element-5d44ffe5 e-flex e-con-boxed e-con e-parent\" data-id=\"5d44ffe5\" data-element_type=\"container\" data-e-type=\"container\">\n\t\t\t\t\t<div class=\"e-con-inner\">\n\t\t<div class=\"elementor-element elementor-element-35d6a95e e-con-full e-flex e-con e-child\" data-id=\"35d6a95e\" data-element_type=\"container\" data-e-type=\"container\">\n\t\t\t\t<div class=\"elementor-element elementor-element-48205da elementor-widget elementor-widget-image\" data-id=\"48205da\" data-element_type=\"widget\" data-e-type=\"widget\" data-widget_type=\"image.default\">\n\t\t\t\t<div class=\"elementor-widget-container\">\n\t\t\t\t\t\t\t\t\t\t\t\t\t\t\t<img decoding=\"async\" width=\"527\" height=\"600\" src=\"https:\/\/www.zahnarzt-kilchberg.ch\/wp-content\/uploads\/2016\/12\/csm_Kreislauf_3a4c7e31aa.jpg\" class=\"attachment-large size-large wp-image-2075\" alt=\"\" srcset=\"https:\/\/www.zahnarzt-kilchberg.ch\/wp-content\/uploads\/2016\/12\/csm_Kreislauf_3a4c7e31aa.jpg.webp 527w, https:\/\/www.zahnarzt-kilchberg.ch\/wp-content\/uploads\/2016\/12\/csm_Kreislauf_3a4c7e31aa-264x300.jpg.webp 264w, https:\/\/www.zahnarzt-kilchberg.ch\/wp-content\/uploads\/2016\/12\/csm_Kreislauf_3a4c7e31aa-11x12.jpg.webp 11w\" sizes=\"(max-width: 527px) 100vw, 527px\" \/>\t\t\t\t\t\t\t\t\t\t\t\t\t\t\t<\/div>\n\t\t\t\t<\/div>\n\t\t\t\t<\/div>\n\t\t<div class=\"elementor-element elementor-element-3c794489 e-con-full e-flex e-con e-child\" data-id=\"3c794489\" data-element_type=\"container\" data-e-type=\"container\">\n\t\t\t\t<div class=\"elementor-element elementor-element-fe276b1 elementor-widget elementor-widget-heading\" data-id=\"fe276b1\" data-element_type=\"widget\" data-e-type=\"widget\" data-widget_type=\"heading.default\">\n\t\t\t\t<div class=\"elementor-widget-container\">\n\t\t\t\t\t<h2 class=\"elementor-heading-title elementor-size-default\">\"Infiammazione silenziosa\" - attivazione immunitaria cronica<\/h2>\t\t\t\t<\/div>\n\t\t\t\t<\/div>\n\t\t\t\t<div class=\"elementor-element elementor-element-3a16dd1e elementor-widget-divider--view-line elementor-widget elementor-widget-divider\" data-id=\"3a16dd1e\" data-element_type=\"widget\" data-e-type=\"widget\" data-widget_type=\"divider.default\">\n\t\t\t\t<div class=\"elementor-widget-container\">\n\t\t\t\t\t\t\t<div class=\"elementor-divider\">\n\t\t\t<span class=\"elementor-divider-separator\">\n\t\t\t\t\t\t<\/span>\n\t\t<\/div>\n\t\t\t\t\t\t<\/div>\n\t\t\t\t<\/div>\n\t\t\t\t<div class=\"elementor-element elementor-element-2a63ab96 elementor-widget elementor-widget-text-editor\" data-id=\"2a63ab96\" data-element_type=\"widget\" data-e-type=\"widget\" data-widget_type=\"text-editor.default\">\n\t\t\t\t<div class=\"elementor-widget-container\">\n\t\t\t\t\t\t\t\t\t<p>L'esposizione cronica (permanente) a vari fattori scatenanti - compresi i materiali dentali - porta a un'alterazione della funzione regolatoria, a disturbi dell'equilibrio acido\/base, vitaminico e ormonale, nonch\u00e9 a uno stress ossidativo e nitrosativo dovuto all'aumento del rilascio di citochine.<\/p><p>La ridotta tolleranza immunitaria favorisce lo sviluppo di ulteriori sensibilizzazioni. Inizia a girare una ruota che a volte \u00e8 difficile da fermare.<\/p><p><strong>Poich\u00e9 questa condizione \u00e8 solitamente indolore e accompagnata solo da sintomi generali non sempre chiaramente classificabili, viene definita \"infiammazione silenziosa\".<\/strong><\/p>\t\t\t\t\t\t\t\t<\/div>\n\t\t\t\t<\/div>\n\t\t\t\t<\/div>\n\t\t\t\t\t<\/div>\n\t\t\t\t<\/div>\n\t\t<div class=\"elementor-element elementor-element-613d9a23 e-flex e-con-boxed e-con e-parent\" data-id=\"613d9a23\" data-element_type=\"container\" data-e-type=\"container\">\n\t\t\t\t\t<div class=\"e-con-inner\">\n\t\t<div class=\"elementor-element elementor-element-31b4bdf4 e-con-full e-flex e-con e-child\" data-id=\"31b4bdf4\" data-element_type=\"container\" data-e-type=\"container\">\n\t\t\t\t<div class=\"elementor-element elementor-element-5517255e elementor-view-default elementor-widget elementor-widget-icon\" data-id=\"5517255e\" data-element_type=\"widget\" data-e-type=\"widget\" data-widget_type=\"icon.default\">\n\t\t\t\t<div class=\"elementor-widget-container\">\n\t\t\t\t\t\t\t<div class=\"elementor-icon-wrapper\">\n\t\t\t<div class=\"elementor-icon\">\n\t\t\t<svg aria-hidden=\"true\" class=\"e-font-icon-svg e-fas-quote-left\" viewbox=\"0 0 512 512\" xmlns=\"http:\/\/www.w3.org\/2000\/svg\"><path d=\"M464 256h-80v-64c0-35.3 28.7-64 64-64h8c13.3 0 24-10.7 24-24V56c0-13.3-10.7-24-24-24h-8c-88.4 0-160 71.6-160 160v240c0 26.5 21.5 48 48 48h128c26.5 0 48-21.5 48-48V304c0-26.5-21.5-48-48-48zm-288 0H96v-64c0-35.3 28.7-64 64-64h8c13.3 0 24-10.7 24-24V56c0-13.3-10.7-24-24-24h-8C71.6 32 0 103.6 0 192v240c0 26.5 21.5 48 48 48h128c26.5 0 48-21.5 48-48V304c0-26.5-21.5-48-48-48z\"><\/path><\/svg>\t\t\t<\/div>\n\t\t<\/div>\n\t\t\t\t\t\t<\/div>\n\t\t\t\t<\/div>\n\t\t\t\t<div class=\"elementor-element elementor-element-382eb6a9 elementor-widget elementor-widget-text-editor\" data-id=\"382eb6a9\" data-element_type=\"widget\" data-e-type=\"widget\" data-widget_type=\"text-editor.default\">\n\t\t\t\t<div class=\"elementor-widget-container\">\n\t\t\t\t\t\t\t\t\t<p>Naturalmente, questi meccanismi si applicano anche a ci\u00f2 che accade nel cavo orale... abbiamo un solo sistema immunitario! \u00c8 nostro compito riconoscerli e classificarli correttamente.<\/p>\t\t\t\t\t\t\t\t<\/div>\n\t\t\t\t<\/div>\n\t\t\t\t<div class=\"elementor-element elementor-element-33729e3f elementor-widget-divider--view-line elementor-widget elementor-widget-divider\" data-id=\"33729e3f\" data-element_type=\"widget\" data-e-type=\"widget\" data-widget_type=\"divider.default\">\n\t\t\t\t<div class=\"elementor-widget-container\">\n\t\t\t\t\t\t\t<div class=\"elementor-divider\">\n\t\t\t<span class=\"elementor-divider-separator\">\n\t\t\t\t\t\t<\/span>\n\t\t<\/div>\n\t\t\t\t\t\t<\/div>\n\t\t\t\t<\/div>\n\t\t\t\t<div class=\"elementor-element elementor-element-49da159d elementor-widget elementor-widget-text-editor\" data-id=\"49da159d\" data-element_type=\"widget\" data-e-type=\"widget\" data-widget_type=\"text-editor.default\">\n\t\t\t\t<div class=\"elementor-widget-container\">\n\t\t\t\t\t\t\t\t\t<p>Dr. Jens Tartsch<\/p>\t\t\t\t\t\t\t\t<\/div>\n\t\t\t\t<\/div>\n\t\t\t\t<\/div>\n\t\t\t\t\t<\/div>\n\t\t\t\t<\/div>\n\t\t\t\t<\/div>","protected":false},"excerpt":{"rendered":"<p>Unser Immunsystem Unser Immunsystem Unser Immunsystem ist f\u00fcr die Erhaltung unserer Gesundheit zust\u00e4ndig. Eine gesunde Ern\u00e4hrung st\u00e4rkt es und beg\u00fcnstigt die Gesundheit des ganzen K\u00f6rpers zur Abwehr von Krankheitserregern wie Viren, Bakterien oder anderen Schadstoffen. Es wird in zwei Hauptkomponenten unterteilt: Das unspezifische und das spezifische Immunsystem. Das unspezifische Immunsystem richtet sich mit seinen Fresszellen [&hellip;]<\/p>\n","protected":false},"author":1,"featured_media":0,"parent":0,"menu_order":0,"comment_status":"closed","ping_status":"closed","template":"","meta":{"footnotes":""},"class_list":["post-1082","page","type-page","status-publish","hentry"],"_links":{"self":[{"href":"https:\/\/www.zahnarzt-kilchberg.ch\/it\/wp-json\/wp\/v2\/pages\/1082","targetHints":{"allow":["GET"]}}],"collection":[{"href":"https:\/\/www.zahnarzt-kilchberg.ch\/it\/wp-json\/wp\/v2\/pages"}],"about":[{"href":"https:\/\/www.zahnarzt-kilchberg.ch\/it\/wp-json\/wp\/v2\/types\/page"}],"author":[{"embeddable":true,"href":"https:\/\/www.zahnarzt-kilchberg.ch\/it\/wp-json\/wp\/v2\/users\/1"}],"replies":[{"embeddable":true,"href":"https:\/\/www.zahnarzt-kilchberg.ch\/it\/wp-json\/wp\/v2\/comments?post=1082"}],"version-history":[{"count":16,"href":"https:\/\/www.zahnarzt-kilchberg.ch\/it\/wp-json\/wp\/v2\/pages\/1082\/revisions"}],"predecessor-version":[{"id":5220,"href":"https:\/\/www.zahnarzt-kilchberg.ch\/it\/wp-json\/wp\/v2\/pages\/1082\/revisions\/5220"}],"wp:attachment":[{"href":"https:\/\/www.zahnarzt-kilchberg.ch\/it\/wp-json\/wp\/v2\/media?parent=1082"}],"curies":[{"name":"wp","href":"https:\/\/api.w.org\/{rel}","templated":true}]}}