{"id":1078,"date":"2024-11-04T09:11:01","date_gmt":"2024-11-04T08:11:01","guid":{"rendered":"https:\/\/demo.zahnarzt-kilchberg.ch\/?page_id=1078"},"modified":"2026-02-09T23:30:52","modified_gmt":"2026-02-09T22:30:52","slug":"odontoiatria-ambientale","status":"publish","type":"page","link":"https:\/\/www.zahnarzt-kilchberg.ch\/it\/umweltzahnmedizin\/","title":{"rendered":"AmbienteMedicina dentale"},"content":{"rendered":"<div data-elementor-type=\"wp-page\" data-elementor-id=\"1078\" class=\"elementor elementor-1078\" data-elementor-post-type=\"page\">\n\t\t\t\t<div class=\"elementor-element elementor-element-91ee2ef e-con-full e-flex e-con e-parent\" data-id=\"91ee2ef\" data-element_type=\"container\" data-e-type=\"container\" data-settings=\"{&quot;background_background&quot;:&quot;classic&quot;}\">\n\t\t<div class=\"elementor-element elementor-element-33778dd e-flex e-con-boxed e-con e-child\" data-id=\"33778dd\" data-element_type=\"container\" data-e-type=\"container\" data-settings=\"{&quot;background_background&quot;:&quot;classic&quot;}\">\n\t\t\t\t\t<div class=\"e-con-inner\">\n\t\t\t\t<div class=\"elementor-element elementor-element-0a3d71b elementor-widget elementor-widget-heading\" data-id=\"0a3d71b\" data-element_type=\"widget\" data-e-type=\"widget\" data-widget_type=\"heading.default\">\n\t\t\t\t<div class=\"elementor-widget-container\">\n\t\t\t\t\t<h1 class=\"elementor-heading-title elementor-size-default\">Odontoiatria verde - UmweltZahnMedizin<\/h1>\t\t\t\t<\/div>\n\t\t\t\t<\/div>\n\t\t\t\t\t<\/div>\n\t\t\t\t<\/div>\n\t\t\t\t<\/div>\n\t\t<div class=\"elementor-element elementor-element-d6eb8f7 e-flex e-con-boxed e-con e-parent\" data-id=\"d6eb8f7\" data-element_type=\"container\" data-e-type=\"container\">\n\t\t\t\t\t<div class=\"e-con-inner\">\n\t\t<div class=\"elementor-element elementor-element-b984b6a e-con-full e-flex e-con e-child\" data-id=\"b984b6a\" data-element_type=\"container\" data-e-type=\"container\">\n\t\t\t\t<div class=\"elementor-element elementor-element-f46d9db elementor-widget elementor-widget-video\" data-id=\"f46d9db\" data-element_type=\"widget\" data-e-type=\"widget\" data-settings=\"{&quot;video_type&quot;:&quot;vimeo&quot;}\" data-widget_type=\"video.default\">\n\t\t\t\t<div class=\"elementor-widget-container\">\n\t\t\t\t\t\t\t<div class=\"elementor-wrapper elementor-open-inline\">\n\t\t\t<iframe class=\"elementor-video-iframe\" allowfullscreen allow=\"clipboard-write\" title=\"Lettore video Vimeo\" src=\"https:\/\/player.vimeo.com\/video\/1061282318?color&amp;autopause=0&amp;loop=0&amp;muted=0&amp;title=1&amp;portrait=1&amp;byline=1#t=\"><\/iframe>\t\t<\/div>\n\t\t\t\t\t\t<\/div>\n\t\t\t\t<\/div>\n\t\t\t\t<div class=\"elementor-element elementor-element-e2502be elementor-widget elementor-widget-text-editor\" data-id=\"e2502be\" data-element_type=\"widget\" data-e-type=\"widget\" data-widget_type=\"text-editor.default\">\n\t\t\t\t<div class=\"elementor-widget-container\">\n\t\t\t\t\t\t\t\t\t<p style=\"text-align: center;\"><strong>Che cos'\u00e8 l'odontoiatria ambientale?<\/strong><br \/>Intervista al Dr. Tartsch<\/p>\t\t\t\t\t\t\t\t<\/div>\n\t\t\t\t<\/div>\n\t\t\t\t<\/div>\n\t\t<div class=\"elementor-element elementor-element-b7a6f70 e-con-full e-flex e-con e-child\" data-id=\"b7a6f70\" data-element_type=\"container\" data-e-type=\"container\">\n\t\t\t\t<div class=\"elementor-element elementor-element-2010009 elementor-widget elementor-widget-heading\" data-id=\"2010009\" data-element_type=\"widget\" data-e-type=\"widget\" data-widget_type=\"heading.default\">\n\t\t\t\t<div class=\"elementor-widget-container\">\n\t\t\t\t\t<h2 class=\"elementor-heading-title elementor-size-default\">Che cos'\u00e8 l'odontoiatria ambientale?<\/h2>\t\t\t\t<\/div>\n\t\t\t\t<\/div>\n\t\t\t\t<div class=\"elementor-element elementor-element-b18f7b6 elementor-widget-divider--view-line elementor-widget elementor-widget-divider\" data-id=\"b18f7b6\" data-element_type=\"widget\" data-e-type=\"widget\" data-widget_type=\"divider.default\">\n\t\t\t\t<div class=\"elementor-widget-container\">\n\t\t\t\t\t\t\t<div class=\"elementor-divider\">\n\t\t\t<span class=\"elementor-divider-separator\">\n\t\t\t\t\t\t<\/span>\n\t\t<\/div>\n\t\t\t\t\t\t<\/div>\n\t\t\t\t<\/div>\n\t\t\t\t<div class=\"elementor-element elementor-element-46c8856 elementor-widget elementor-widget-text-editor\" data-id=\"46c8856\" data-element_type=\"widget\" data-e-type=\"widget\" data-widget_type=\"text-editor.default\">\n\t\t\t\t<div class=\"elementor-widget-container\">\n\t\t\t\t\t\t\t\t\t<p>Certo... \u201eodontoiatria ambientale\u201c \u00e8 un termine astratto. La \u201emedicina ambientale\u201c \u00e8 pi\u00f9 conosciuta. Le influenze esterne dell'ambiente, come gli inquinanti, i metalli o i contaminanti, influenzano la nostra salute attraverso il sistema immunitario. Tuttavia, anche tutte le influenze provenienti dall'interno, cio\u00e8 dalla cavit\u00e0 orale e dai denti, hanno lo stesso effetto sul nostro sistema immunitario. \u00c8 quindi logico che anche i denti abbiano a che fare con la nostra salute generale. Ecco perch\u00e9 questa nuova specialit\u00e0 \u00e8 stata denominata \u201eMedicina dentale ambientale\u201c.<\/p><p>L'attenzione dei dentisti ambientali si concentra sul trattamento dentale completo. <strong><i>malato cronico<\/i><\/strong> pazienti, nonch\u00e9 l'applicazione di concetti di trattamento individualizzato e preventivo per i pazienti G<strong><i>esund. <br \/><\/i><\/strong>L'obiettivo \u00e8 quello di riconoscere eventuali \"punti focali\" nel cavo orale e quindi anche di prevenire o alleviare malattie infiammatorie croniche lontane dal cavo orale. \u00e8 di grande importanza la collaborazione e lo scambio intensivo e interdisciplinare con i medici ambientali e i medici di base che li curano.<\/p>\t\t\t\t\t\t\t\t<\/div>\n\t\t\t\t<\/div>\n\t\t\t\t<\/div>\n\t\t\t\t\t<\/div>\n\t\t\t\t<\/div>\n\t\t<div class=\"elementor-element elementor-element-6cc5d90 e-flex e-con-boxed e-con e-parent\" data-id=\"6cc5d90\" data-element_type=\"container\" data-e-type=\"container\">\n\t\t\t\t\t<div class=\"e-con-inner\">\n\t\t<div class=\"elementor-element elementor-element-db6122a e-con-full e-flex e-con e-child\" data-id=\"db6122a\" data-element_type=\"container\" data-e-type=\"container\">\n\t\t\t\t<div class=\"elementor-element elementor-element-4048eb2 elementor-widget elementor-widget-text-editor\" data-id=\"4048eb2\" data-element_type=\"widget\" data-e-type=\"widget\" data-widget_type=\"text-editor.default\">\n\t\t\t\t<div class=\"elementor-widget-container\">\n\t\t\t\t\t\t\t\t\t<p>Spesso noi dentisti non riusciamo a evitare di inserire in modo permanente materiali estranei nel corpo dei nostri pazienti come otturazioni o protesi. Di norma, ci\u00f2 \u00e8 ben tollerato dall'organismo e i materiali dentali sono sottoposti alle pi\u00f9 precise procedure di autorizzazione e di test.<\/p><p>Tuttavia, qualsiasi materiale pu\u00f2 essere un fattore scatenante di infiammazioni croniche, intolleranze o allergie nella situazione individuale del paziente, poich\u00e9 interagisce con l'organismo in vari modi.<\/p><p>D'altra parte, sempre pi\u00f9 pazienti soffrono di malattie infiammatorie croniche. In questi casi, \u00e8 necessario effettuare una ricerca mirata di intolleranze materiali, infiammazioni o fattori di disturbo. \u00c8 necessario evitare ulteriori stimoli infiammatori per non appesantire o addirittura accelerare i processi patologici esistenti.<\/p>\t\t\t\t\t\t\t\t<\/div>\n\t\t\t\t<\/div>\n\t\t\t\t<\/div>\n\t\t<div class=\"elementor-element elementor-element-029b386 e-con-full e-flex e-con e-child\" data-id=\"029b386\" data-element_type=\"container\" data-e-type=\"container\">\n\t\t\t\t<div class=\"elementor-element elementor-element-23132fb elementor-widget elementor-widget-image\" data-id=\"23132fb\" data-element_type=\"widget\" data-e-type=\"widget\" data-widget_type=\"image.default\">\n\t\t\t\t<div class=\"elementor-widget-container\">\n\t\t\t\t\t\t\t\t\t\t\t\t\t\t\t\t<a href=\"\/wp-content\/uploads\/2025\/01\/OM-Ernaehrung-DrTartsch-Materialunvertraeglichkeiten-.pdf\" target=\"_blank\">\n\t\t\t\t\t\t\t<img fetchpriority=\"high\" decoding=\"async\" width=\"225\" height=\"300\" src=\"https:\/\/www.zahnarzt-kilchberg.ch\/wp-content\/uploads\/2024\/12\/QM-2018.jpg\" class=\"attachment-medium_large size-medium_large wp-image-2420\" alt=\"\" srcset=\"https:\/\/www.zahnarzt-kilchberg.ch\/wp-content\/uploads\/2024\/12\/QM-2018.jpg 225w, https:\/\/www.zahnarzt-kilchberg.ch\/wp-content\/uploads\/2024\/12\/QM-2018-9x12.jpg 9w\" sizes=\"(max-width: 225px) 100vw, 225px\" \/>\t\t\t\t\t\t\t\t<\/a>\n\t\t\t\t\t\t\t\t\t\t\t\t\t\t\t<\/div>\n\t\t\t\t<\/div>\n\t\t\t\t<div class=\"elementor-element elementor-element-2001ceb elementor-widget elementor-widget-text-editor\" data-id=\"2001ceb\" data-element_type=\"widget\" data-e-type=\"widget\" data-widget_type=\"text-editor.default\">\n\t\t\t\t<div class=\"elementor-widget-container\">\n\t\t\t\t\t\t\t\t\t<p style=\"text-align: center;\"><strong>Meccanismi di odontoiatria ambientale?<\/strong><br \/>Contributo Dr Tartsch<\/p>\t\t\t\t\t\t\t\t<\/div>\n\t\t\t\t<\/div>\n\t\t\t\t<\/div>\n\t\t\t\t\t<\/div>\n\t\t\t\t<\/div>\n\t\t<div class=\"elementor-element elementor-element-52b6813b e-flex e-con-boxed e-con e-parent\" data-id=\"52b6813b\" data-element_type=\"container\" data-e-type=\"container\">\n\t\t\t\t\t<div class=\"e-con-inner\">\n\t\t<div class=\"elementor-element elementor-element-498d3e0b e-con-full e-flex e-con e-child\" data-id=\"498d3e0b\" data-element_type=\"container\" data-e-type=\"container\">\n\t\t\t\t<div class=\"elementor-element elementor-element-59db7311 elementor-view-default elementor-widget elementor-widget-icon\" data-id=\"59db7311\" data-element_type=\"widget\" data-e-type=\"widget\" data-widget_type=\"icon.default\">\n\t\t\t\t<div class=\"elementor-widget-container\">\n\t\t\t\t\t\t\t<div class=\"elementor-icon-wrapper\">\n\t\t\t<div class=\"elementor-icon\">\n\t\t\t<svg aria-hidden=\"true\" class=\"e-font-icon-svg e-fas-quote-left\" viewbox=\"0 0 512 512\" xmlns=\"http:\/\/www.w3.org\/2000\/svg\"><path d=\"M464 256h-80v-64c0-35.3 28.7-64 64-64h8c13.3 0 24-10.7 24-24V56c0-13.3-10.7-24-24-24h-8c-88.4 0-160 71.6-160 160v240c0 26.5 21.5 48 48 48h128c26.5 0 48-21.5 48-48V304c0-26.5-21.5-48-48-48zm-288 0H96v-64c0-35.3 28.7-64 64-64h8c13.3 0 24-10.7 24-24V56c0-13.3-10.7-24-24-24h-8C71.6 32 0 103.6 0 192v240c0 26.5 21.5 48 48 48h128c26.5 0 48-21.5 48-48V304c0-26.5-21.5-48-48-48z\"><\/path><\/svg>\t\t\t<\/div>\n\t\t<\/div>\n\t\t\t\t\t\t<\/div>\n\t\t\t\t<\/div>\n\t\t\t\t<div class=\"elementor-element elementor-element-13330a23 elementor-widget elementor-widget-text-editor\" data-id=\"13330a23\" data-element_type=\"widget\" data-e-type=\"widget\" data-widget_type=\"text-editor.default\">\n\t\t\t\t<div class=\"elementor-widget-container\">\n\t\t\t\t\t\t\t\t\t<p>In qualit\u00e0 di primo presidente della Societ\u00e0 Tedesca di Odontoiatria Ambientale, disponiamo delle necessarie competenze tossicologiche, immunologiche e di odontoiatria ambientale per identificare le possibili influenze del cavo orale sulla salute generale utilizzando la moderna diagnostica di laboratorio.<\/p>\t\t\t\t\t\t\t\t<\/div>\n\t\t\t\t<\/div>\n\t\t\t\t<div class=\"elementor-element elementor-element-7c94b98c elementor-widget-divider--view-line elementor-widget elementor-widget-divider\" data-id=\"7c94b98c\" data-element_type=\"widget\" data-e-type=\"widget\" data-widget_type=\"divider.default\">\n\t\t\t\t<div class=\"elementor-widget-container\">\n\t\t\t\t\t\t\t<div class=\"elementor-divider\">\n\t\t\t<span class=\"elementor-divider-separator\">\n\t\t\t\t\t\t<\/span>\n\t\t<\/div>\n\t\t\t\t\t\t<\/div>\n\t\t\t\t<\/div>\n\t\t\t\t<div class=\"elementor-element elementor-element-5a8aaed7 elementor-widget elementor-widget-text-editor\" data-id=\"5a8aaed7\" data-element_type=\"widget\" data-e-type=\"widget\" data-widget_type=\"text-editor.default\">\n\t\t\t\t<div class=\"elementor-widget-container\">\n\t\t\t\t\t\t\t\t\t<p>Dr. Jens Tartsch<\/p>\t\t\t\t\t\t\t\t<\/div>\n\t\t\t\t<\/div>\n\t\t\t\t<\/div>\n\t\t\t\t\t<\/div>\n\t\t\t\t<\/div>\n\t\t<div class=\"elementor-element elementor-element-6de72cc e-flex e-con-boxed e-con e-parent\" data-id=\"6de72cc\" data-element_type=\"container\" data-e-type=\"container\">\n\t\t\t\t\t<div class=\"e-con-inner\">\n\t\t\t\t<div class=\"elementor-element elementor-element-216eda7 elementor-widget elementor-widget-spacer\" data-id=\"216eda7\" data-element_type=\"widget\" data-e-type=\"widget\" data-widget_type=\"spacer.default\">\n\t\t\t\t<div class=\"elementor-widget-container\">\n\t\t\t\t\t\t\t<div class=\"elementor-spacer\">\n\t\t\t<div class=\"elementor-spacer-inner\"><\/div>\n\t\t<\/div>\n\t\t\t\t\t\t<\/div>\n\t\t\t\t<\/div>\n\t\t\t\t\t<\/div>\n\t\t\t\t<\/div>\n\t\t\t\t<\/div>","protected":false},"excerpt":{"rendered":"<p>Green Dentistry &#8211; UmweltZahnMedizin https:\/\/vimeo.com\/1061282318?share=copy#t=0 Was ist UmweltZahnMedizin?Interview Dr. Tartsch Was ist UmweltZahnMedizin? Zugegeben&#8230; &#8222;UmweltZahnMedizin&#8220; ist ein abstrakter Begriff. Eher bekannt ist die &#8222;Umweltmedizin&#8220;. \u00c4ussere Einfl\u00fcsse aus der Umwelt wie Schadstoffe, Metalle oder Verunreinigungen wirken sich \u00fcber das Immunsystem auf unsere Gesundheit aus. Jedoch haben auch alle Einfl\u00fcsse von &#8222;Innen&#8220;, also aus der Mundh\u00f6hle und [&hellip;]<\/p>\n","protected":false},"author":1,"featured_media":0,"parent":0,"menu_order":0,"comment_status":"closed","ping_status":"closed","template":"","meta":{"footnotes":""},"class_list":["post-1078","page","type-page","status-publish","hentry"],"_links":{"self":[{"href":"https:\/\/www.zahnarzt-kilchberg.ch\/it\/wp-json\/wp\/v2\/pages\/1078","targetHints":{"allow":["GET"]}}],"collection":[{"href":"https:\/\/www.zahnarzt-kilchberg.ch\/it\/wp-json\/wp\/v2\/pages"}],"about":[{"href":"https:\/\/www.zahnarzt-kilchberg.ch\/it\/wp-json\/wp\/v2\/types\/page"}],"author":[{"embeddable":true,"href":"https:\/\/www.zahnarzt-kilchberg.ch\/it\/wp-json\/wp\/v2\/users\/1"}],"replies":[{"embeddable":true,"href":"https:\/\/www.zahnarzt-kilchberg.ch\/it\/wp-json\/wp\/v2\/comments?post=1078"}],"version-history":[{"count":34,"href":"https:\/\/www.zahnarzt-kilchberg.ch\/it\/wp-json\/wp\/v2\/pages\/1078\/revisions"}],"predecessor-version":[{"id":5385,"href":"https:\/\/www.zahnarzt-kilchberg.ch\/it\/wp-json\/wp\/v2\/pages\/1078\/revisions\/5385"}],"wp:attachment":[{"href":"https:\/\/www.zahnarzt-kilchberg.ch\/it\/wp-json\/wp\/v2\/media?parent=1078"}],"curies":[{"name":"wp","href":"https:\/\/api.w.org\/{rel}","templated":true}]}}