{"id":93,"date":"2024-09-02T20:49:19","date_gmt":"2024-09-02T18:49:19","guid":{"rendered":"https:\/\/demo.zahnarzt-kilchberg.ch\/?page_id=93"},"modified":"2026-02-09T23:30:02","modified_gmt":"2026-02-09T22:30:02","slug":"acces","status":"publish","type":"page","link":"https:\/\/www.zahnarzt-kilchberg.ch\/fr\/anfahrt\/","title":{"rendered":"Plan d'acc\u00e8s"},"content":{"rendered":"<div data-elementor-type=\"wp-page\" data-elementor-id=\"93\" class=\"elementor elementor-93\" data-elementor-post-type=\"page\">\n\t\t\t\t<div class=\"elementor-element elementor-element-c759c4b e-con-full e-flex e-con e-parent\" data-id=\"c759c4b\" data-element_type=\"container\" data-e-type=\"container\" data-settings=\"{&quot;background_background&quot;:&quot;classic&quot;}\">\n\t\t<div class=\"elementor-element elementor-element-9bfcf70 e-flex e-con-boxed e-con e-child\" data-id=\"9bfcf70\" data-element_type=\"container\" data-e-type=\"container\" data-settings=\"{&quot;background_background&quot;:&quot;classic&quot;}\">\n\t\t\t\t\t<div class=\"e-con-inner\">\n\t\t\t\t<div class=\"elementor-element elementor-element-9a16fbb elementor-widget elementor-widget-heading\" data-id=\"9a16fbb\" data-element_type=\"widget\" data-e-type=\"widget\" data-widget_type=\"heading.default\">\n\t\t\t\t<div class=\"elementor-widget-container\">\n\t\t\t\t\t<h1 class=\"elementor-heading-title elementor-size-default\">Plan d'acc\u00e8s<\/h1>\t\t\t\t<\/div>\n\t\t\t\t<\/div>\n\t\t\t\t\t<\/div>\n\t\t\t\t<\/div>\n\t\t\t\t<\/div>\n\t\t<div class=\"elementor-element elementor-element-f96a94d e-flex e-con-boxed e-con e-parent\" data-id=\"f96a94d\" data-element_type=\"container\" data-e-type=\"container\">\n\t\t\t\t\t<div class=\"e-con-inner\">\n\t\t<div class=\"elementor-element elementor-element-305b335 e-con-full e-flex e-con e-child\" data-id=\"305b335\" data-element_type=\"container\" data-e-type=\"container\">\n\t\t\t\t<div class=\"elementor-element elementor-element-c6c9b4a elementor-widget elementor-widget-image\" data-id=\"c6c9b4a\" data-element_type=\"widget\" data-e-type=\"widget\" data-widget_type=\"image.default\">\n\t\t\t\t<div class=\"elementor-widget-container\">\n\t\t\t\t\t\t\t\t\t\t\t\t\t\t\t<img fetchpriority=\"high\" decoding=\"async\" width=\"566\" height=\"647\" src=\"https:\/\/www.zahnarzt-kilchberg.ch\/wp-content\/uploads\/2024\/11\/Lageplan.jpg\" class=\"attachment-medium_large size-medium_large wp-image-1438\" alt=\"\" srcset=\"https:\/\/www.zahnarzt-kilchberg.ch\/wp-content\/uploads\/2024\/11\/Lageplan.jpg 566w, https:\/\/www.zahnarzt-kilchberg.ch\/wp-content\/uploads\/2024\/11\/Lageplan-262x300.jpg 262w, https:\/\/www.zahnarzt-kilchberg.ch\/wp-content\/uploads\/2024\/11\/Lageplan-10x12.jpg 10w\" sizes=\"(max-width: 566px) 100vw, 566px\" \/>\t\t\t\t\t\t\t\t\t\t\t\t\t\t\t<\/div>\n\t\t\t\t<\/div>\n\t\t\t\t<\/div>\n\t\t<div class=\"elementor-element elementor-element-dfd51df e-con-full e-flex e-con e-child\" data-id=\"dfd51df\" data-element_type=\"container\" data-e-type=\"container\">\n\t\t\t\t<div class=\"elementor-element elementor-element-28f3547 elementor-widget elementor-widget-heading\" data-id=\"28f3547\" data-element_type=\"widget\" data-e-type=\"widget\" data-widget_type=\"heading.default\">\n\t\t\t\t<div class=\"elementor-widget-container\">\n\t\t\t\t\t<h2 class=\"elementor-heading-title elementor-size-default\">Votre chemin vers notre cabinet<\/h2>\t\t\t\t<\/div>\n\t\t\t\t<\/div>\n\t\t\t\t<div class=\"elementor-element elementor-element-3fded1e elementor-widget-divider--view-line elementor-widget elementor-widget-divider\" data-id=\"3fded1e\" data-element_type=\"widget\" data-e-type=\"widget\" data-widget_type=\"divider.default\">\n\t\t\t\t<div class=\"elementor-widget-container\">\n\t\t\t\t\t\t\t<div class=\"elementor-divider\">\n\t\t\t<span class=\"elementor-divider-separator\">\n\t\t\t\t\t\t<\/span>\n\t\t<\/div>\n\t\t\t\t\t\t<\/div>\n\t\t\t\t<\/div>\n\t\t\t\t<div class=\"elementor-element elementor-element-b2c956f elementor-widget elementor-widget-text-editor\" data-id=\"b2c956f\" data-element_type=\"widget\" data-e-type=\"widget\" data-widget_type=\"text-editor.default\">\n\t\t\t\t<div class=\"elementor-widget-container\">\n\t\t\t\t\t\t\t\t\t<p><strong>En train ou en RER : meilleure option pour arriver en transports publics - nous sommes presque directement sur la voie ferr\u00e9e (1)<br \/><\/strong>Depuis la gare centrale de Zurich ou Horgen, prendre le S8 ou le S24 jusqu'\u00e0 la gare de Kilchberg, 2 min. \u00e0 pied en empruntant le chemin pi\u00e9tonnier de la Weinbergstrasse.<br \/><em>Dur\u00e9e du trajet gare centrale de Zurich - cabinet m\u00e9dical : env.\u00a0<strong>15 min<\/strong><\/em><\/p><p><strong>En bus<br \/><\/strong>Bus ligne 161 \u00e0 partir de B\u00fcrkliplatz : allez jusqu'\u00e0 l'arr\u00eat de bus \"Bahnhof Wollishofen\" et prenez le train pour Kilchberg.<br \/>Bus local lignes 162\/163 jusqu'\u00e0 Kilchberg, arr\u00eat \"Schulhaus Dorfstrasse\" (2). L'arr\u00eat se trouve juste \u00e0 c\u00f4t\u00e9 du cabinet.<br \/><em>Dur\u00e9e du trajet Zurich B\u00fcrkliplatz - cabinet m\u00e9dical : env.\u00a0<strong>15 min<\/strong><\/em><\/p><p><strong>En voiture<br \/><\/strong><em>depuis l'autoroute A3 Coire-Zurich :<\/em><br \/>Sortie Zurich-Wollishofen, direction Kilchberg jusqu'\u00e0 la \"Weinberstrasse\", au coin de la \"Dorfstrasse \". Notre cabinet se trouve \u00e0 l'embranchement de ces deux rues.<\/p><p><em>en provenance de Zurich City ou de Horgen :<\/em><br \/>Prendre la Seestrasse jusqu'\u00e0 Kilchberg. Au carrefour avec des feux, tourner dans la \"Dorfstrasse\" et la suivre jusqu'\u00e0 la \"Weinbergstrasse\". Notre cabinet se trouve \u00e0 l'embranchement de ces deux rues.<\/p>\t\t\t\t\t\t\t\t<\/div>\n\t\t\t\t<\/div>\n\t\t\t\t<\/div>\n\t\t\t\t\t<\/div>\n\t\t\t\t<\/div>\n\t\t<div class=\"elementor-element elementor-element-d5bc0a9 e-flex e-con-boxed e-con e-parent\" data-id=\"d5bc0a9\" data-element_type=\"container\" data-e-type=\"container\">\n\t\t\t\t\t<div class=\"e-con-inner\">\n\t\t<div class=\"elementor-element elementor-element-4cf41f8 e-con-full e-flex e-con e-child\" data-id=\"4cf41f8\" data-element_type=\"container\" data-e-type=\"container\">\n\t\t\t\t<div class=\"elementor-element elementor-element-bfc69c5 elementor-widget elementor-widget-heading\" data-id=\"bfc69c5\" data-element_type=\"widget\" data-e-type=\"widget\" data-widget_type=\"heading.default\">\n\t\t\t\t<div class=\"elementor-widget-container\">\n\t\t\t\t\t<h2 class=\"elementor-heading-title elementor-size-default\">Places de parking (3)<\/h2>\t\t\t\t<\/div>\n\t\t\t\t<\/div>\n\t\t\t\t<div class=\"elementor-element elementor-element-3931431 elementor-widget-divider--view-line elementor-widget elementor-widget-divider\" data-id=\"3931431\" data-element_type=\"widget\" data-e-type=\"widget\" data-widget_type=\"divider.default\">\n\t\t\t\t<div class=\"elementor-widget-container\">\n\t\t\t\t\t\t\t<div class=\"elementor-divider\">\n\t\t\t<span class=\"elementor-divider-separator\">\n\t\t\t\t\t\t<\/span>\n\t\t<\/div>\n\t\t\t\t\t\t<\/div>\n\t\t\t\t<\/div>\n\t\t\t\t<div class=\"elementor-element elementor-element-bd68abc elementor-widget elementor-widget-text-editor\" data-id=\"bd68abc\" data-element_type=\"widget\" data-e-type=\"widget\" data-widget_type=\"text-editor.default\">\n\t\t\t\t<div class=\"elementor-widget-container\">\n\t\t\t\t\t\t\t\t\t<p>Les trois places de parking du cabinet se trouvent un peu plus loin, au 13\/14 de la Weinbergstrasse.<br \/>En venant de la Dorfstrasse, suivez la Weinbergstrasse jusqu'au premier petit virage. Le parking de notre cabinet se trouve sur la droite.<br \/>Vous pouvez \u00e9galement vous garer directement \u00e0 la gare de Kilchberg. Traversez les voies en empruntant le passage inf\u00e9rieur\/sup\u00e9rieur. Vous atteindrez notre cabinet apr\u00e8s 2 minutes de marche.<br \/><em>Dur\u00e9e du trajet Zurich B\u00fcrkliplatz - cabinet m\u00e9dical : env.\u00a0<strong>10 min<\/strong><\/em><\/p>\t\t\t\t\t\t\t\t<\/div>\n\t\t\t\t<\/div>\n\t\t\t\t<\/div>\n\t\t<div class=\"elementor-element elementor-element-ac47523 e-con-full e-flex e-con e-child\" data-id=\"ac47523\" data-element_type=\"container\" data-e-type=\"container\">\n\t\t\t\t<div class=\"elementor-element elementor-element-ce5c3ae elementor-widget elementor-widget-image\" data-id=\"ce5c3ae\" data-element_type=\"widget\" data-e-type=\"widget\" data-widget_type=\"image.default\">\n\t\t\t\t<div class=\"elementor-widget-container\">\n\t\t\t\t\t\t\t\t\t\t\t\t\t\t\t<img decoding=\"async\" width=\"768\" height=\"501\" src=\"https:\/\/www.zahnarzt-kilchberg.ch\/wp-content\/uploads\/2025\/02\/Haus-768x501.webp\" class=\"attachment-medium_large size-medium_large wp-image-4442\" alt=\"\" srcset=\"https:\/\/www.zahnarzt-kilchberg.ch\/wp-content\/uploads\/2025\/02\/Haus-768x501.webp 768w, https:\/\/www.zahnarzt-kilchberg.ch\/wp-content\/uploads\/2025\/02\/Haus-300x196.webp 300w, https:\/\/www.zahnarzt-kilchberg.ch\/wp-content\/uploads\/2025\/02\/Haus-18x12.webp 18w, https:\/\/www.zahnarzt-kilchberg.ch\/wp-content\/uploads\/2025\/02\/Haus.webp 1000w\" sizes=\"(max-width: 768px) 100vw, 768px\" \/>\t\t\t\t\t\t\t\t\t\t\t\t\t\t\t<\/div>\n\t\t\t\t<\/div>\n\t\t\t\t<div class=\"elementor-element elementor-element-56ad41b elementor-widget elementor-widget-image\" data-id=\"56ad41b\" data-element_type=\"widget\" data-e-type=\"widget\" data-widget_type=\"image.default\">\n\t\t\t\t<div class=\"elementor-widget-container\">\n\t\t\t\t\t\t\t\t\t\t\t\t\t\t\t<img decoding=\"async\" width=\"768\" height=\"576\" src=\"https:\/\/www.zahnarzt-kilchberg.ch\/wp-content\/uploads\/2024\/11\/Parkplatz-768x576.jpg\" class=\"attachment-medium_large size-medium_large wp-image-1440\" alt=\"\" srcset=\"https:\/\/www.zahnarzt-kilchberg.ch\/wp-content\/uploads\/2024\/11\/Parkplatz-768x576.jpg 768w, https:\/\/www.zahnarzt-kilchberg.ch\/wp-content\/uploads\/2024\/11\/Parkplatz-300x225.jpg 300w, https:\/\/www.zahnarzt-kilchberg.ch\/wp-content\/uploads\/2024\/11\/Parkplatz-1024x768.jpg 1024w, https:\/\/www.zahnarzt-kilchberg.ch\/wp-content\/uploads\/2024\/11\/Parkplatz-16x12.jpg 16w, https:\/\/www.zahnarzt-kilchberg.ch\/wp-content\/uploads\/2024\/11\/Parkplatz.jpg 1280w\" sizes=\"(max-width: 768px) 100vw, 768px\" \/>\t\t\t\t\t\t\t\t\t\t\t\t\t\t\t<\/div>\n\t\t\t\t<\/div>\n\t\t\t\t<\/div>\n\t\t\t\t\t<\/div>\n\t\t\t\t<\/div>\n\t\t\t\t<\/div>","protected":false},"excerpt":{"rendered":"<p>Anfahrt Ihr Weg in unsere Praxis Mit Zug oder S-Bahn:\u00a0 beste Option f\u00fcr die Anreise mit dem \u00d6V \u2013 wir liegen fast direkt Bahngleis (1)Ab Richtung Z\u00fcrich Hauptbahnhof oder Horgen mit der S8 oder S24 bis Bahnhof Kilchberg, 2 Min. zu Fuss \u00fcber den Fussweg in die Weinbergstrasse.Fahrtzeit Z\u00fcrich Hbf \u2013 Praxis: circa\u00a015 min Mit [&hellip;]<\/p>\n","protected":false},"author":1,"featured_media":0,"parent":0,"menu_order":0,"comment_status":"closed","ping_status":"closed","template":"","meta":{"footnotes":""},"class_list":["post-93","page","type-page","status-publish","hentry"],"_links":{"self":[{"href":"https:\/\/www.zahnarzt-kilchberg.ch\/fr\/wp-json\/wp\/v2\/pages\/93","targetHints":{"allow":["GET"]}}],"collection":[{"href":"https:\/\/www.zahnarzt-kilchberg.ch\/fr\/wp-json\/wp\/v2\/pages"}],"about":[{"href":"https:\/\/www.zahnarzt-kilchberg.ch\/fr\/wp-json\/wp\/v2\/types\/page"}],"author":[{"embeddable":true,"href":"https:\/\/www.zahnarzt-kilchberg.ch\/fr\/wp-json\/wp\/v2\/users\/1"}],"replies":[{"embeddable":true,"href":"https:\/\/www.zahnarzt-kilchberg.ch\/fr\/wp-json\/wp\/v2\/comments?post=93"}],"version-history":[{"count":13,"href":"https:\/\/www.zahnarzt-kilchberg.ch\/fr\/wp-json\/wp\/v2\/pages\/93\/revisions"}],"predecessor-version":[{"id":4445,"href":"https:\/\/www.zahnarzt-kilchberg.ch\/fr\/wp-json\/wp\/v2\/pages\/93\/revisions\/4445"}],"wp:attachment":[{"href":"https:\/\/www.zahnarzt-kilchberg.ch\/fr\/wp-json\/wp\/v2\/media?parent=93"}],"curies":[{"name":"wp","href":"https:\/\/api.w.org\/{rel}","templated":true}]}}