{"id":4798,"date":"2025-03-01T08:07:14","date_gmt":"2025-03-01T07:07:14","guid":{"rendered":"https:\/\/demo.zahnarzt-kilchberg.ch\/?page_id=4798"},"modified":"2026-02-09T23:30:44","modified_gmt":"2026-02-09T22:30:44","slug":"service","status":"publish","type":"page","link":"https:\/\/www.zahnarzt-kilchberg.ch\/fr\/service\/","title":{"rendered":"Service"},"content":{"rendered":"<div data-elementor-type=\"wp-page\" data-elementor-id=\"4798\" class=\"elementor elementor-4798\" data-elementor-post-type=\"page\">\n\t\t\t\t<div class=\"elementor-element elementor-element-002a5b6 e-con-full e-flex e-con e-parent\" data-id=\"002a5b6\" data-element_type=\"container\" data-e-type=\"container\" data-settings=\"{&quot;background_background&quot;:&quot;classic&quot;}\">\n\t\t<div class=\"elementor-element elementor-element-9bb37b1 e-flex e-con-boxed e-con e-child\" data-id=\"9bb37b1\" data-element_type=\"container\" data-e-type=\"container\" data-settings=\"{&quot;background_background&quot;:&quot;classic&quot;}\">\n\t\t\t\t\t<div class=\"e-con-inner\">\n\t\t\t\t<div class=\"elementor-element elementor-element-0d318e1 elementor-widget elementor-widget-heading\" data-id=\"0d318e1\" data-element_type=\"widget\" data-e-type=\"widget\" data-widget_type=\"heading.default\">\n\t\t\t\t<div class=\"elementor-widget-container\">\n\t\t\t\t\t<h1 class=\"elementor-heading-title elementor-size-default\">Service<\/h1>\t\t\t\t<\/div>\n\t\t\t\t<\/div>\n\t\t\t\t\t<\/div>\n\t\t\t\t<\/div>\n\t\t\t\t<\/div>\n\t\t<div class=\"elementor-element elementor-element-1af8d6e e-flex e-con-boxed e-con e-parent\" data-id=\"1af8d6e\" data-element_type=\"container\" data-e-type=\"container\">\n\t\t\t\t\t<div class=\"e-con-inner\">\n\t\t\t\t<div class=\"elementor-element elementor-element-67acca8 elementor-widget elementor-widget-heading\" data-id=\"67acca8\" data-element_type=\"widget\" data-e-type=\"widget\" data-widget_type=\"heading.default\">\n\t\t\t\t<div class=\"elementor-widget-container\">\n\t\t\t\t\t<h2 class=\"elementor-heading-title elementor-size-default\">nos paquets de services<\/h2>\t\t\t\t<\/div>\n\t\t\t\t<\/div>\n\t\t\t\t<div class=\"elementor-element elementor-element-522cf58 elementor-widget elementor-widget-heading\" data-id=\"522cf58\" data-element_type=\"widget\" data-e-type=\"widget\" data-widget_type=\"heading.default\">\n\t\t\t\t<div class=\"elementor-widget-container\">\n\t\t\t\t\t<div class=\"elementor-heading-title elementor-size-default\">Veuillez tenir compte des indications sp\u00e9ciales pour notre cabinet<\/div>\t\t\t\t<\/div>\n\t\t\t\t<\/div>\n\t\t\t\t<div class=\"elementor-element elementor-element-f9324b3 elementor-widget-divider--view-line elementor-widget elementor-widget-divider\" data-id=\"f9324b3\" data-element_type=\"widget\" data-e-type=\"widget\" data-widget_type=\"divider.default\">\n\t\t\t\t<div class=\"elementor-widget-container\">\n\t\t\t\t\t\t\t<div class=\"elementor-divider\">\n\t\t\t<span class=\"elementor-divider-separator\">\n\t\t\t\t\t\t<\/span>\n\t\t<\/div>\n\t\t\t\t\t\t<\/div>\n\t\t\t\t<\/div>\n\t\t\t\t<div class=\"elementor-element elementor-element-4f8f6ee elementor-widget elementor-widget-text-editor\" data-id=\"4f8f6ee\" data-element_type=\"widget\" data-e-type=\"widget\" data-widget_type=\"text-editor.default\">\n\t\t\t\t<div class=\"elementor-widget-container\">\n\t\t\t\t\t\t\t\t\t<p style=\"text-align: center;\">Nous accordons une grande importance au service et aux prestations - nous voulons que vous vous sentiez bien chez nous ! <br \/>C'est pourquoi nous avons mis en place tout un ensemble d'offres de services pour vous. <br \/>Nous esp\u00e9rons que chacun y trouvera son compte.<\/p>\t\t\t\t\t\t\t\t<\/div>\n\t\t\t\t<\/div>\n\t\t\t\t<div class=\"elementor-element elementor-element-82af828 elementor-widget elementor-widget-heading\" data-id=\"82af828\" data-element_type=\"widget\" data-e-type=\"widget\" data-widget_type=\"heading.default\">\n\t\t\t\t<div class=\"elementor-widget-container\">\n\t\t\t\t\t<div class=\"elementor-heading-title elementor-size-default\">Cliquez ici pour acc\u00e9der \u00e0 notre formulaire d'inscription num\u00e9rique<\/div>\t\t\t\t<\/div>\n\t\t\t\t<\/div>\n\t\t\t\t<div class=\"elementor-element elementor-element-67f7f2e elementor-align-center elementor-widget elementor-widget-button\" data-id=\"67f7f2e\" data-element_type=\"widget\" data-e-type=\"widget\" data-widget_type=\"button.default\">\n\t\t\t\t<div class=\"elementor-widget-container\">\n\t\t\t\t\t\t\t\t\t<div class=\"elementor-button-wrapper\">\n\t\t\t\t\t<a class=\"elementor-button elementor-button-link elementor-size-sm\" href=\"#\">\n\t\t\t\t\t\t<span class=\"elementor-button-content-wrapper\">\n\t\t\t\t\t\t\t\t\t<span class=\"elementor-button-text\">vers l'inscription<\/span>\n\t\t\t\t\t<\/span>\n\t\t\t\t\t<\/a>\n\t\t\t\t<\/div>\n\t\t\t\t\t\t\t\t<\/div>\n\t\t\t\t<\/div>\n\t\t\t\t\t<\/div>\n\t\t\t\t<\/div>\n\t\t<div class=\"elementor-element elementor-element-9152f2c e-flex e-con-boxed e-con e-parent\" data-id=\"9152f2c\" data-element_type=\"container\" data-e-type=\"container\">\n\t\t\t\t\t<div class=\"e-con-inner\">\n\t\t<div class=\"elementor-element elementor-element-c76cb15 e-con-full e-flex e-con e-child\" data-id=\"c76cb15\" data-element_type=\"container\" data-e-type=\"container\">\n\t\t\t\t<div class=\"elementor-element elementor-element-93ac24a elementor-widget elementor-widget-image\" data-id=\"93ac24a\" data-element_type=\"widget\" data-e-type=\"widget\" data-widget_type=\"image.default\">\n\t\t\t\t<div class=\"elementor-widget-container\">\n\t\t\t\t\t\t\t\t\t\t\t\t\t\t\t<img fetchpriority=\"high\" decoding=\"async\" width=\"300\" height=\"284\" src=\"https:\/\/www.zahnarzt-kilchberg.ch\/wp-content\/uploads\/2025\/03\/csm_service1_47459cce07.webp\" class=\"attachment-large size-large wp-image-4802\" alt=\"\" srcset=\"https:\/\/www.zahnarzt-kilchberg.ch\/wp-content\/uploads\/2025\/03\/csm_service1_47459cce07.webp 300w, https:\/\/www.zahnarzt-kilchberg.ch\/wp-content\/uploads\/2025\/03\/csm_service1_47459cce07-13x12.webp 13w\" sizes=\"(max-width: 300px) 100vw, 300px\" \/>\t\t\t\t\t\t\t\t\t\t\t\t\t\t\t<\/div>\n\t\t\t\t<\/div>\n\t\t\t\t<div class=\"elementor-element elementor-element-c2963a1 elementor-widget elementor-widget-text-editor\" data-id=\"c2963a1\" data-element_type=\"widget\" data-e-type=\"widget\" data-widget_type=\"text-editor.default\">\n\t\t\t\t<div class=\"elementor-widget-container\">\n\t\t\t\t\t\t\t\t\t<p style=\"text-align: center;\">Notre valeur du point tarifaire est de CHF 1.2, pour les enfants CHF 1.0<\/p>\t\t\t\t\t\t\t\t<\/div>\n\t\t\t\t<\/div>\n\t\t\t\t<\/div>\n\t\t<div class=\"elementor-element elementor-element-bee8bfd e-con-full e-flex e-con e-child\" data-id=\"bee8bfd\" data-element_type=\"container\" data-e-type=\"container\">\n\t\t\t\t<div class=\"elementor-element elementor-element-e1f0c45 elementor-widget elementor-widget-heading\" data-id=\"e1f0c45\" data-element_type=\"widget\" data-e-type=\"widget\" data-widget_type=\"heading.default\">\n\t\t\t\t<div class=\"elementor-widget-container\">\n\t\t\t\t\t<h2 class=\"elementor-heading-title elementor-size-default\">Temps d'attente<\/h2>\t\t\t\t<\/div>\n\t\t\t\t<\/div>\n\t\t\t\t<div class=\"elementor-element elementor-element-ae39dd2 elementor-widget-divider--view-line elementor-widget elementor-widget-divider\" data-id=\"ae39dd2\" data-element_type=\"widget\" data-e-type=\"widget\" data-widget_type=\"divider.default\">\n\t\t\t\t<div class=\"elementor-widget-container\">\n\t\t\t\t\t\t\t<div class=\"elementor-divider\">\n\t\t\t<span class=\"elementor-divider-separator\">\n\t\t\t\t\t\t<\/span>\n\t\t<\/div>\n\t\t\t\t\t\t<\/div>\n\t\t\t\t<\/div>\n\t\t\t\t<div class=\"elementor-element elementor-element-f05894e elementor-widget elementor-widget-text-editor\" data-id=\"f05894e\" data-element_type=\"widget\" data-e-type=\"widget\" data-widget_type=\"text-editor.default\">\n\t\t\t\t<div class=\"elementor-widget-container\">\n\t\t\t\t\t\t\t\t\t<p>Notre cabinet est un cabinet sur rendez-vous. Les patients qui ont pris rendez-vous sont g\u00e9n\u00e9ralement trait\u00e9s \u00e0 temps. Les d\u00e9lais d'attente sont exceptionnels et ne concernent que les cas d'urgence impr\u00e9visibles.<\/p>\n<p>Nous vous prions donc de respecter les d\u00e9lais ou de nous informer \u00e0 temps si vous ne pouvez pas vous rendre \u00e0 un rendez-vous. Si les rendez-vous ne sont pas annul\u00e9s au moins 24 heures \u00e0 l'avance, nous nous r\u00e9servons le droit de les facturer selon le tarif SSO.<\/p>\n<p><strong>Veuillez apporter, en particulier pour la consultation sp\u00e9ciale EnvironnementM\u00e9decine dentaire, tous les documents dont vous disposez d\u00e9j\u00e0, tels que les r\u00e9sultats ant\u00e9rieurs et les radiographies !<\/strong><\/p>\t\t\t\t\t\t\t\t<\/div>\n\t\t\t\t<\/div>\n\t\t\t\t<\/div>\n\t\t\t\t\t<\/div>\n\t\t\t\t<\/div>\n\t\t<div class=\"elementor-element elementor-element-ae10560 e-flex e-con-boxed e-con e-parent\" data-id=\"ae10560\" data-element_type=\"container\" data-e-type=\"container\" data-settings=\"{&quot;background_background&quot;:&quot;classic&quot;}\">\n\t\t\t\t\t<div class=\"e-con-inner\">\n\t\t\t\t<div class=\"elementor-element elementor-element-5e5062f elementor-widget elementor-widget-heading\" data-id=\"5e5062f\" data-element_type=\"widget\" data-e-type=\"widget\" data-widget_type=\"heading.default\">\n\t\t\t\t<div class=\"elementor-widget-container\">\n\t\t\t\t\t<h2 class=\"elementor-heading-title elementor-size-default\">Nos services de A \u00e0 Z<\/h2>\t\t\t\t<\/div>\n\t\t\t\t<\/div>\n\t\t\t\t<div class=\"elementor-element elementor-element-499824e elementor-widget-divider--view-line elementor-widget elementor-widget-divider\" data-id=\"499824e\" data-element_type=\"widget\" data-e-type=\"widget\" data-widget_type=\"divider.default\">\n\t\t\t\t<div class=\"elementor-widget-container\">\n\t\t\t\t\t\t\t<div class=\"elementor-divider\">\n\t\t\t<span class=\"elementor-divider-separator\">\n\t\t\t\t\t\t<\/span>\n\t\t<\/div>\n\t\t\t\t\t\t<\/div>\n\t\t\t\t<\/div>\n\t\t\t\t\t<\/div>\n\t\t\t\t<\/div>\n\t\t<div class=\"elementor-element elementor-element-da93b56 e-flex e-con-boxed e-con e-parent\" data-id=\"da93b56\" data-element_type=\"container\" data-e-type=\"container\" data-settings=\"{&quot;background_background&quot;:&quot;classic&quot;}\">\n\t\t\t\t\t<div class=\"e-con-inner\">\n\t\t<div class=\"elementor-element elementor-element-666c8cf e-con-full e-flex e-con e-child\" data-id=\"666c8cf\" data-element_type=\"container\" data-e-type=\"container\">\n\t\t\t\t<div class=\"elementor-element elementor-element-b5f4ba9 elementor-widget elementor-widget-text-editor\" data-id=\"b5f4ba9\" data-element_type=\"widget\" data-e-type=\"widget\" data-widget_type=\"text-editor.default\">\n\t\t\t\t<div class=\"elementor-widget-container\">\n\t\t\t\t\t\t\t\t\t<ul><li><strong>Brosses \u00e0 dents jetables<\/strong><br \/>pour un brossage encore plus rapide avant votre rendez-vous chez le dentiste. Ces brosses \u00e0 dents sont d\u00e9j\u00e0 impr\u00e9gn\u00e9es d'un liquide de nettoyage. Vous pouvez \u00e9galement utiliser le dentifrice mis \u00e0 disposition.<br \/><br \/><\/li><li><strong>Garantie<\/strong><br \/>Que ce soit sur nos prestations ou sur les travaux du laboratoire dentaire, vous b\u00e9n\u00e9ficiez chez nous, si vous en prenez soin, d'une garantie qui va bien au-del\u00e0 de ce qui se fait habituellement. <br \/><br \/><\/li><li><strong>Musique<\/strong><br \/>vous \u00e9coutent, si vous le souhaitez, pendant votre traitement dentaire. Vous pouvez choisir vos titres pr\u00e9f\u00e9r\u00e9s avant votre rendez-vous. Dans notre salle d'attente \u00e9galement, nous nous conformons volontiers \u00e0 vos souhaits musicaux - il vous suffit de nous les communiquer.<\/li><\/ul>\t\t\t\t\t\t\t\t<\/div>\n\t\t\t\t<\/div>\n\t\t\t\t<\/div>\n\t\t<div class=\"elementor-element elementor-element-b91c240 e-con-full e-flex e-con e-child\" data-id=\"b91c240\" data-element_type=\"container\" data-e-type=\"container\">\n\t\t\t\t<div class=\"elementor-element elementor-element-974d25e elementor-widget elementor-widget-text-editor\" data-id=\"974d25e\" data-element_type=\"widget\" data-e-type=\"widget\" data-widget_type=\"text-editor.default\">\n\t\t\t\t<div class=\"elementor-widget-container\">\n\t\t\t\t\t\t\t\t\t<ul><li><strong>Boutique de prophylaxie<\/strong><br \/>Vous pouvez acheter chez nous une vaste gamme d'articles de soins dentaires et d'hygi\u00e8ne buccale. Tous les produits sont r\u00e9guli\u00e8rement test\u00e9s par notre \u00e9quipe de prophylaxie et utilis\u00e9s par toute l'\u00e9quipe.<br \/><br \/><\/li><li><strong>Service de rappel<\/strong><br \/>Nous vous rappelons volontiers par e-mail ou SMS votre prochain rendez-vous, votre examen de contr\u00f4le r\u00e9gulier et votre hygi\u00e8ne dentaire. Veuillez nous faire savoir si vous ne le souhaitez pas.<br \/><br \/><\/li><li><strong>Journal quotidien \/ Magazine<\/strong><br \/>Nous vous tiendrons ainsi au courant. Peu importe ce qui vous int\u00e9resse, il y en a pour tous les go\u00fbts et pour tous les d\u00e9lais. Vous pouvez \u00e9galement continuer \u00e0 \u00e9tudier vos lectures pr\u00e9f\u00e9r\u00e9es apr\u00e8s le traitement.<\/li><\/ul>\t\t\t\t\t\t\t\t<\/div>\n\t\t\t\t<\/div>\n\t\t\t\t<\/div>\n\t\t\t\t\t<\/div>\n\t\t\t\t<\/div>\n\t\t<div class=\"elementor-element elementor-element-ab96566 e-flex e-con-boxed e-con e-parent\" data-id=\"ab96566\" data-element_type=\"container\" data-e-type=\"container\" data-settings=\"{&quot;background_background&quot;:&quot;classic&quot;}\">\n\t\t\t\t\t<div class=\"e-con-inner\">\n\t\t\t\t<div class=\"elementor-element elementor-element-9484156 elementor-widget elementor-widget-heading\" data-id=\"9484156\" data-element_type=\"widget\" data-e-type=\"widget\" data-widget_type=\"heading.default\">\n\t\t\t\t<div class=\"elementor-widget-container\">\n\t\t\t\t\t<h2 class=\"elementor-heading-title elementor-size-default\">T\u00e9l\u00e9charger les documents<\/h2>\t\t\t\t<\/div>\n\t\t\t\t<\/div>\n\t\t\t\t<div class=\"elementor-element elementor-element-d7fb5d5 elementor-widget-divider--view-line elementor-widget elementor-widget-divider\" data-id=\"d7fb5d5\" data-element_type=\"widget\" data-e-type=\"widget\" data-widget_type=\"divider.default\">\n\t\t\t\t<div class=\"elementor-widget-container\">\n\t\t\t\t\t\t\t<div class=\"elementor-divider\">\n\t\t\t<span class=\"elementor-divider-separator\">\n\t\t\t\t\t\t<\/span>\n\t\t<\/div>\n\t\t\t\t\t\t<\/div>\n\t\t\t\t<\/div>\n\t\t\t\t<div class=\"elementor-element elementor-element-4cb66cf elementor-widget elementor-widget-text-editor\" data-id=\"4cb66cf\" data-element_type=\"widget\" data-e-type=\"widget\" data-widget_type=\"text-editor.default\">\n\t\t\t\t<div class=\"elementor-widget-container\">\n\t\t\t\t\t\t\t\t\t<p style=\"text-align: center;\">Vous trouverez ici nos principaux documents pratiques \u00e0 t\u00e9l\u00e9charger et \u00e0 imprimer \u00e0 l'avance. <br \/>Lors de votre premi\u00e8re visite, veuillez vous munir de tous les documents n\u00e9cessaires.<br \/>Pour ouvrir le document souhait\u00e9, il suffit de cliquer dessus<\/p>\t\t\t\t\t\t\t\t<\/div>\n\t\t\t\t<\/div>\n\t\t\t\t\t<\/div>\n\t\t\t\t<\/div>\n\t\t<div class=\"elementor-element elementor-element-c51bbea e-flex e-con-boxed e-con e-parent\" data-id=\"c51bbea\" data-element_type=\"container\" data-e-type=\"container\" data-settings=\"{&quot;background_background&quot;:&quot;classic&quot;}\">\n\t\t\t\t\t<div class=\"e-con-inner\">\n\t\t\t\t<div class=\"elementor-element elementor-element-3f3a26d elementor-skin-coverflow elementor-arrows-yes elementor-pagination-type-bullets elementor-pagination-position-outside elementor-widget elementor-widget-media-carousel\" data-id=\"3f3a26d\" data-element_type=\"widget\" data-e-type=\"widget\" data-settings=\"{&quot;skin&quot;:&quot;coverflow&quot;,&quot;space_between&quot;:{&quot;unit&quot;:&quot;px&quot;,&quot;size&quot;:20,&quot;sizes&quot;:[]},&quot;show_arrows&quot;:&quot;yes&quot;,&quot;pagination&quot;:&quot;bullets&quot;,&quot;speed&quot;:500,&quot;autoplay&quot;:&quot;yes&quot;,&quot;autoplay_speed&quot;:5000,&quot;loop&quot;:&quot;yes&quot;,&quot;pause_on_hover&quot;:&quot;yes&quot;,&quot;pause_on_interaction&quot;:&quot;yes&quot;,&quot;space_between_tablet&quot;:{&quot;unit&quot;:&quot;px&quot;,&quot;size&quot;:10,&quot;sizes&quot;:[]},&quot;space_between_mobile&quot;:{&quot;unit&quot;:&quot;px&quot;,&quot;size&quot;:10,&quot;sizes&quot;:[]}}\" data-widget_type=\"media-carousel.default\">\n\t\t\t\t<div class=\"elementor-widget-container\">\n\t\t\t\t\t\t\t\t\t<div class=\"elementor-swiper\">\n\t\t\t\t\t<div class=\"elementor-main-swiper swiper\" role=\"region\" aria-roledescription=\"carousel\" aria-label=\"Slider\">\n\t\t\t\t<div class=\"swiper-wrapper\">\n\t\t\t\t\t\t\t\t\t\t\t<div class=\"swiper-slide\" role=\"group\" aria-roledescription=\"slide\">\n\t\t\t\t\t\t\t<a href=\"\/wp-content\/uploads\/2025\/03\/Wegbeschreibung-Zahnarztpraxis-Tartsch.pdf\" target=\"_blank\">\t\t<div class=\"elementor-carousel-image\" role=\"img\" aria-label=\"Itin\u00e9raire du cabinet dentaire Tartsch\" style=\"background-image: url(&#039;https:\/\/www.zahnarzt-kilchberg.ch\/wp-content\/uploads\/2025\/03\/Wegbeschreibung-Zahnarztpraxis-Tartsch.webp&#039;)\">\n\n\t\t\t\n\t\t\t\t\t<\/div>\n\t\t<\/a>\t\t\t\t\t\t<\/div>\n\t\t\t\t\t\t\t\t\t\t\t<div class=\"swiper-slide\" role=\"group\" aria-roledescription=\"slide\">\n\t\t\t\t\t\t\t<a href=\"\/wp-content\/uploads\/2025\/03\/Einwilligung-Aufklaerung-OP-Schulmedizin.pdf\" target=\"_blank\">\t\t<div class=\"elementor-carousel-image\" role=\"img\" aria-label=\"Consentement \u00e9clair\u00e9 OP M\u00e9decine traditionnelle\" style=\"background-image: url(&#039;https:\/\/www.zahnarzt-kilchberg.ch\/wp-content\/uploads\/2025\/03\/Einwilligung-Aufklaerung-OP-Schulmedizin.webp&#039;)\">\n\n\t\t\t\n\t\t\t\t\t<\/div>\n\t\t<\/a>\t\t\t\t\t\t<\/div>\n\t\t\t\t\t\t\t\t\t\t\t<div class=\"swiper-slide\" role=\"group\" aria-roledescription=\"slide\">\n\t\t\t\t\t\t\t<a href=\"\/wp-content\/uploads\/2025\/03\/Einwilligung-Aufklaerung-OP-Schulmedizin-englisch.pdf\" target=\"_blank\">\t\t<div class=\"elementor-carousel-image\" role=\"img\" aria-label=\"Consentement \u00e9clair\u00e9 OP M\u00e9decine traditionnelle anglais\" style=\"background-image: url(&#039;https:\/\/www.zahnarzt-kilchberg.ch\/wp-content\/uploads\/2025\/03\/Einwilligung-Aufklaerung-OP-Schulmedizin-englisch.webp&#039;)\">\n\n\t\t\t\n\t\t\t\t\t<\/div>\n\t\t<\/a>\t\t\t\t\t\t<\/div>\n\t\t\t\t\t\t\t\t\t\t\t<div class=\"swiper-slide\" role=\"group\" aria-roledescription=\"slide\">\n\t\t\t\t\t\t\t<a href=\"\/wp-content\/uploads\/2025\/03\/Einwilligung-Aufklaerung-OP-Komplementaer.pdf\" target=\"_blank\">\t\t<div class=\"elementor-carousel-image\" role=\"img\" aria-label=\"Consentement \u00e9clair\u00e9 OP Compl\u00e9mentaire\" style=\"background-image: url(&#039;https:\/\/www.zahnarzt-kilchberg.ch\/wp-content\/uploads\/2025\/03\/Einwilligung-Aufklaerung-OP-Komplementaer.webp&#039;)\">\n\n\t\t\t\n\t\t\t\t\t<\/div>\n\t\t<\/a>\t\t\t\t\t\t<\/div>\n\t\t\t\t\t\t\t\t\t\t\t<div class=\"swiper-slide\" role=\"group\" aria-roledescription=\"slide\">\n\t\t\t\t\t\t\t<a href=\"\/wp-content\/uploads\/2025\/03\/Einwilligung-Aufklaerung-OP-Komplementaer-englisch.pdf\" target=\"_blank\">\t\t<div class=\"elementor-carousel-image\" role=\"img\" aria-label=\"Consentement \u00e9clair\u00e9 OP Compl\u00e9mentaire anglais\" style=\"background-image: url(&#039;https:\/\/www.zahnarzt-kilchberg.ch\/wp-content\/uploads\/2025\/03\/Einwilligung-Aufklaerung-OP-Komplementaer-englisch.webp&#039;)\">\n\n\t\t\t\n\t\t\t\t\t<\/div>\n\t\t<\/a>\t\t\t\t\t\t<\/div>\n\t\t\t\t\t\t\t\t\t\t\t<div class=\"swiper-slide\" role=\"group\" aria-roledescription=\"slide\">\n\t\t\t\t\t\t\t<a href=\"\/wp-content\/uploads\/2025\/03\/Dokumentationsbogen.pdf\" target=\"_blank\">\t\t<div class=\"elementor-carousel-image\" role=\"img\" aria-label=\"Fiche de documentation\" style=\"background-image: url(&#039;https:\/\/www.zahnarzt-kilchberg.ch\/wp-content\/uploads\/2025\/03\/Dokumentationsbogen.webp&#039;)\">\n\n\t\t\t\n\t\t\t\t\t<\/div>\n\t\t<\/a>\t\t\t\t\t\t<\/div>\n\t\t\t\t\t\t\t\t\t\t\t<div class=\"swiper-slide\" role=\"group\" aria-roledescription=\"slide\">\n\t\t\t\t\t\t\t<a href=\"\/wp-content\/uploads\/2025\/03\/Datenschutz-deutsch.pdf\" target=\"_blank\">\t\t<div class=\"elementor-carousel-image\" role=\"img\" aria-label=\"Protection des donn\u00e9es en allemand\" style=\"background-image: url(&#039;https:\/\/www.zahnarzt-kilchberg.ch\/wp-content\/uploads\/2025\/03\/Datenschutz-deutsch.webp&#039;)\">\n\n\t\t\t\n\t\t\t\t\t<\/div>\n\t\t<\/a>\t\t\t\t\t\t<\/div>\n\t\t\t\t\t\t\t\t\t\t\t<div class=\"swiper-slide\" role=\"group\" aria-roledescription=\"slide\">\n\t\t\t\t\t\t\t<a href=\"\/wp-content\/uploads\/2025\/03\/Datenschutz-englisch.pdf\" target=\"_blank\">\t\t<div class=\"elementor-carousel-image\" role=\"img\" aria-label=\"Protection des donn\u00e9es en anglais\" style=\"background-image: url(&#039;https:\/\/www.zahnarzt-kilchberg.ch\/wp-content\/uploads\/2025\/03\/Datenschutz-englisch.webp&#039;)\">\n\n\t\t\t\n\t\t\t\t\t<\/div>\n\t\t<\/a>\t\t\t\t\t\t<\/div>\n\t\t\t\t\t\t\t\t\t\t\t<div class=\"swiper-slide\" role=\"group\" aria-roledescription=\"slide\">\n\t\t\t\t\t\t\t<a href=\"\/wp-content\/uploads\/2025\/03\/Anschreiben-Umweltzahnmedizin-deutsch.pdf\" target=\"_blank\">\t\t<div class=\"elementor-carousel-image\" role=\"img\" aria-label=\"Lettre de motivation pour la dentisterie environnementale en allemand\" style=\"background-image: url(&#039;https:\/\/www.zahnarzt-kilchberg.ch\/wp-content\/uploads\/2025\/03\/Anschreiben-Umweltzahnmedizin-deutsch.webp&#039;)\">\n\n\t\t\t\n\t\t\t\t\t<\/div>\n\t\t<\/a>\t\t\t\t\t\t<\/div>\n\t\t\t\t\t\t\t\t\t\t\t<div class=\"swiper-slide\" role=\"group\" aria-roledescription=\"slide\">\n\t\t\t\t\t\t\t<a href=\"\/wp-content\/uploads\/2025\/03\/Anschreiben-Umweltzahnmedizin-englisch.pdf\" target=\"_blank\">\t\t<div class=\"elementor-carousel-image\" role=\"img\" aria-label=\"Lettre de motivation pour la dentisterie environnementale en anglais\" style=\"background-image: url(&#039;https:\/\/www.zahnarzt-kilchberg.ch\/wp-content\/uploads\/2025\/03\/Anschreiben-Umweltzahnmedizin-englisch.webp&#039;)\">\n\n\t\t\t\n\t\t\t\t\t<\/div>\n\t\t<\/a>\t\t\t\t\t\t<\/div>\n\t\t\t\t\t\t\t\t\t<\/div>\n\t\t\t\t\t\t\t\t\t\t\t\t\t\t\t<div class=\"elementor-swiper-button elementor-swiper-button-prev\" role=\"button\" tabindex=\"0\" aria-label=\"Previous\" data-no-translation-aria-label=\"\">\n\t\t\t\t\t\t\t<svg aria-hidden=\"true\" class=\"e-font-icon-svg e-eicon-chevron-left\" viewbox=\"0 0 1000 1000\" xmlns=\"http:\/\/www.w3.org\/2000\/svg\"><path d=\"M646 125C629 125 613 133 604 142L308 442C296 454 292 471 292 487 292 504 296 521 308 533L604 854C617 867 629 875 646 875 663 875 679 871 692 858 704 846 713 829 713 812 713 796 708 779 692 767L438 487 692 225C700 217 708 204 708 187 708 171 704 154 692 142 675 129 663 125 646 125Z\"><\/path><\/svg>\t\t\t\t\t\t<\/div>\n\t\t\t\t\t\t<div class=\"elementor-swiper-button elementor-swiper-button-next\" role=\"button\" tabindex=\"0\" aria-label=\"Next\" data-no-translation-aria-label=\"\">\n\t\t\t\t\t\t\t<svg aria-hidden=\"true\" class=\"e-font-icon-svg e-eicon-chevron-right\" viewbox=\"0 0 1000 1000\" xmlns=\"http:\/\/www.w3.org\/2000\/svg\"><path d=\"M696 533C708 521 713 504 713 487 713 471 708 454 696 446L400 146C388 133 375 125 354 125 338 125 325 129 313 142 300 154 292 171 292 187 292 204 296 221 308 233L563 492 304 771C292 783 288 800 288 817 288 833 296 850 308 863 321 871 338 875 354 875 371 875 388 867 400 854L696 533Z\"><\/path><\/svg>\t\t\t\t\t\t<\/div>\n\t\t\t\t\t\t\t\t\t\t\t\t\t\t\t\t<div class=\"swiper-pagination\"><\/div>\n\t\t\t\t\t\t\t\t\t\t\t\t<\/div>\n\t\t\t\t<\/div>\n\t\t\t\t\t\t\t\t<\/div>\n\t\t\t\t<\/div>\n\t\t\t\t\t<\/div>\n\t\t\t\t<\/div>\n\t\t<div class=\"elementor-element elementor-element-d73b361 e-flex e-con-boxed e-con e-parent\" data-id=\"d73b361\" data-element_type=\"container\" data-e-type=\"container\">\n\t\t\t\t\t<div class=\"e-con-inner\">\n\t\t\t\t<div class=\"elementor-element elementor-element-272e45c elementor-widget elementor-widget-spacer\" data-id=\"272e45c\" data-element_type=\"widget\" data-e-type=\"widget\" data-widget_type=\"spacer.default\">\n\t\t\t\t<div class=\"elementor-widget-container\">\n\t\t\t\t\t\t\t<div class=\"elementor-spacer\">\n\t\t\t<div class=\"elementor-spacer-inner\"><\/div>\n\t\t<\/div>\n\t\t\t\t\t\t<\/div>\n\t\t\t\t<\/div>\n\t\t\t\t\t<\/div>\n\t\t\t\t<\/div>\n\t\t\t\t<\/div>","protected":false},"excerpt":{"rendered":"<p>Service unsere Service-Pakete Bitte beachten Sie die speziellen Hinweise f\u00fcr unsere Praxis Service und Dienstleistungen sind bei uns gro\u00df geschrieben \u2013 wir m\u00f6chten, dass Sie sich bei uns wohlf\u00fchlen! Aus diesem Grund haben wir ein ganzes Packet an Serviceangeboten f\u00fcr Sie geschn\u00fcrt. Wir hoffen, dass f\u00fcr jeden etwas dabei ist. Hier gelangen Sie zu unserem [&hellip;]<\/p>\n","protected":false},"author":2,"featured_media":0,"parent":0,"menu_order":0,"comment_status":"closed","ping_status":"closed","template":"","meta":{"footnotes":""},"class_list":["post-4798","page","type-page","status-publish","hentry"],"_links":{"self":[{"href":"https:\/\/www.zahnarzt-kilchberg.ch\/fr\/wp-json\/wp\/v2\/pages\/4798","targetHints":{"allow":["GET"]}}],"collection":[{"href":"https:\/\/www.zahnarzt-kilchberg.ch\/fr\/wp-json\/wp\/v2\/pages"}],"about":[{"href":"https:\/\/www.zahnarzt-kilchberg.ch\/fr\/wp-json\/wp\/v2\/types\/page"}],"author":[{"embeddable":true,"href":"https:\/\/www.zahnarzt-kilchberg.ch\/fr\/wp-json\/wp\/v2\/users\/2"}],"replies":[{"embeddable":true,"href":"https:\/\/www.zahnarzt-kilchberg.ch\/fr\/wp-json\/wp\/v2\/comments?post=4798"}],"version-history":[{"count":52,"href":"https:\/\/www.zahnarzt-kilchberg.ch\/fr\/wp-json\/wp\/v2\/pages\/4798\/revisions"}],"predecessor-version":[{"id":5232,"href":"https:\/\/www.zahnarzt-kilchberg.ch\/fr\/wp-json\/wp\/v2\/pages\/4798\/revisions\/5232"}],"wp:attachment":[{"href":"https:\/\/www.zahnarzt-kilchberg.ch\/fr\/wp-json\/wp\/v2\/media?parent=4798"}],"curies":[{"name":"wp","href":"https:\/\/api.w.org\/{rel}","templated":true}]}}