{"id":4513,"date":"2025-02-22T09:28:49","date_gmt":"2025-02-22T08:28:49","guid":{"rendered":"https:\/\/demo.zahnarzt-kilchberg.ch\/?page_id=4513"},"modified":"2026-02-09T23:30:50","modified_gmt":"2026-02-09T22:30:50","slug":"sujet-des-amalgames","status":"publish","type":"page","link":"https:\/\/www.zahnarzt-kilchberg.ch\/fr\/thema-amalgamfuellungen\/","title":{"rendered":"Sujet des amalgames"},"content":{"rendered":"<div data-elementor-type=\"wp-page\" data-elementor-id=\"4513\" class=\"elementor elementor-4513\" data-elementor-post-type=\"page\">\n\t\t\t\t<div class=\"elementor-element elementor-element-f2f9390 e-con-full e-flex e-con e-parent\" data-id=\"f2f9390\" data-element_type=\"container\" data-e-type=\"container\" data-settings=\"{&quot;background_background&quot;:&quot;classic&quot;}\">\n\t\t<div class=\"elementor-element elementor-element-0b7f65f e-flex e-con-boxed e-con e-child\" data-id=\"0b7f65f\" data-element_type=\"container\" data-e-type=\"container\" data-settings=\"{&quot;background_background&quot;:&quot;classic&quot;}\">\n\t\t\t\t\t<div class=\"e-con-inner\">\n\t\t\t\t<div class=\"elementor-element elementor-element-d45e437 elementor-widget elementor-widget-heading\" data-id=\"d45e437\" data-element_type=\"widget\" data-e-type=\"widget\" data-widget_type=\"heading.default\">\n\t\t\t\t<div class=\"elementor-widget-container\">\n\t\t\t\t\t<h1 class=\"elementor-heading-title elementor-size-default\">Cas particulier des obturations \u00e0 l'amalgame<\/h1>\t\t\t\t<\/div>\n\t\t\t\t<\/div>\n\t\t\t\t\t<\/div>\n\t\t\t\t<\/div>\n\t\t\t\t<\/div>\n\t\t<div class=\"elementor-element elementor-element-8c09ee1 e-flex e-con-boxed e-con e-parent\" data-id=\"8c09ee1\" data-element_type=\"container\" data-e-type=\"container\">\n\t\t\t\t\t<div class=\"e-con-inner\">\n\t\t<div class=\"elementor-element elementor-element-c0ad7f3 e-con-full e-flex e-con e-child\" data-id=\"c0ad7f3\" data-element_type=\"container\" data-e-type=\"container\">\n\t\t\t\t<div class=\"elementor-element elementor-element-3b37a8d elementor-widget elementor-widget-heading\" data-id=\"3b37a8d\" data-element_type=\"widget\" data-e-type=\"widget\" data-widget_type=\"heading.default\">\n\t\t\t\t<div class=\"elementor-widget-container\">\n\t\t\t\t\t<h2 class=\"elementor-heading-title elementor-size-default\">Obturations \u00e0 l'amalgame - mal\u00e9diction ou b\u00e9n\u00e9diction ?<\/h2>\t\t\t\t<\/div>\n\t\t\t\t<\/div>\n\t\t\t\t<div class=\"elementor-element elementor-element-e42bba6 elementor-widget-divider--view-line elementor-widget elementor-widget-divider\" data-id=\"e42bba6\" data-element_type=\"widget\" data-e-type=\"widget\" data-widget_type=\"divider.default\">\n\t\t\t\t<div class=\"elementor-widget-container\">\n\t\t\t\t\t\t\t<div class=\"elementor-divider\">\n\t\t\t<span class=\"elementor-divider-separator\">\n\t\t\t\t\t\t<\/span>\n\t\t<\/div>\n\t\t\t\t\t\t<\/div>\n\t\t\t\t<\/div>\n\t\t\t\t<div class=\"elementor-element elementor-element-7a5e120 elementor-widget elementor-widget-text-editor\" data-id=\"7a5e120\" data-element_type=\"widget\" data-e-type=\"widget\" data-widget_type=\"text-editor.default\">\n\t\t\t\t<div class=\"elementor-widget-container\">\n\t\t\t\t\t\t\t\t\t<p>Aujourd'hui encore, des millions de dents dans le monde sont recouvertes d'amalgames, un m\u00e9lange d'environ 60% d'argent, 40% de mercure et de divers autres m\u00e9taux lourds comme le cuivre et l'\u00e9tain.<\/p><p>Comme tous les mat\u00e9riaux d'obturation plastiques - c'est-\u00e0-dire des mat\u00e9riaux qui sont introduits souplement dans la dent et qui y durcissent - l'amalgame ne reste pas stable \u00e0 long terme, mais subit diff\u00e9rentes modifications en bouche. Dans le cas de l'amalgame, il s'agit avant tout de corrosion, ce qui peut entra\u00eener des bords d'obturation non \u00e9tanches, la migration de bact\u00e9ries et, par la suite, de nouvelles caries (\"caries secondaires\"). La rupture de parois dentaires enti\u00e8res ou de cuspides en raison de tensions dans la dent est \u00e9galement tr\u00e8s r\u00e9pandue. Malgr\u00e9 tout, avec une dur\u00e9e de vie moyenne de 9 \u00e0 20 ans (dans certains cas, jusqu'\u00e0 30 ans), elle poss\u00e8de toujours la plus longue dur\u00e9e de vie par rapport \u00e0 d'autres mat\u00e9riaux d'obturation plastiques comme les mati\u00e8res plastiques.<\/p>\t\t\t\t\t\t\t\t<\/div>\n\t\t\t\t<\/div>\n\t\t\t\t<\/div>\n\t\t<div class=\"elementor-element elementor-element-6ee014f e-con-full e-flex e-con e-child\" data-id=\"6ee014f\" data-element_type=\"container\" data-e-type=\"container\">\n\t\t\t\t<div class=\"elementor-element elementor-element-c3aa593 elementor-widget elementor-widget-image\" data-id=\"c3aa593\" data-element_type=\"widget\" data-e-type=\"widget\" data-widget_type=\"image.default\">\n\t\t\t\t<div class=\"elementor-widget-container\">\n\t\t\t\t\t\t\t\t\t\t\t\t\t\t\t<img fetchpriority=\"high\" decoding=\"async\" width=\"300\" height=\"189\" src=\"https:\/\/www.zahnarzt-kilchberg.ch\/wp-content\/uploads\/2016\/12\/csm_Amalgamfuellungen1_89b09dfb27.jpg\" class=\"attachment-medium_large size-medium_large wp-image-798\" alt=\"\" srcset=\"https:\/\/www.zahnarzt-kilchberg.ch\/wp-content\/uploads\/2016\/12\/csm_Amalgamfuellungen1_89b09dfb27.jpg 300w, https:\/\/www.zahnarzt-kilchberg.ch\/wp-content\/uploads\/2016\/12\/csm_Amalgamfuellungen1_89b09dfb27-18x12.jpg 18w\" sizes=\"(max-width: 300px) 100vw, 300px\" \/>\t\t\t\t\t\t\t\t\t\t\t\t\t\t\t<\/div>\n\t\t\t\t<\/div>\n\t\t\t\t<\/div>\n\t\t\t\t\t<\/div>\n\t\t\t\t<\/div>\n\t\t<div class=\"elementor-element elementor-element-bed4bf5 e-flex e-con-boxed e-con e-parent\" data-id=\"bed4bf5\" data-element_type=\"container\" data-e-type=\"container\" data-settings=\"{&quot;background_background&quot;:&quot;classic&quot;}\">\n\t\t\t\t\t<div class=\"e-con-inner\">\n\t\t<div class=\"elementor-element elementor-element-8bebe4d e-con-full e-flex e-con e-child\" data-id=\"8bebe4d\" data-element_type=\"container\" data-e-type=\"container\">\n\t\t\t\t<div class=\"elementor-element elementor-element-1fb3be5 elementor-widget__width-initial elementor-widget elementor-widget-text-editor\" data-id=\"1fb3be5\" data-element_type=\"widget\" data-e-type=\"widget\" data-widget_type=\"text-editor.default\">\n\t\t\t\t<div class=\"elementor-widget-container\">\n\t\t\t\t\t\t\t\t\t<p style=\"text-align: center;\"><span style=\"color: #ffffff;\">En raison des doutes sur la sant\u00e9 que suscite son composant, le mercure, l'amalgame ne joue plus qu'un r\u00f4le mineur et n'est donc plus utilis\u00e9 dans notre cabinet !<\/span><\/p>\t\t\t\t\t\t\t\t<\/div>\n\t\t\t\t<\/div>\n\t\t\t\t<div class=\"elementor-element elementor-element-36a8afb elementor-widget-divider--view-line elementor-widget elementor-widget-divider\" data-id=\"36a8afb\" data-element_type=\"widget\" data-e-type=\"widget\" data-widget_type=\"divider.default\">\n\t\t\t\t<div class=\"elementor-widget-container\">\n\t\t\t\t\t\t\t<div class=\"elementor-divider\">\n\t\t\t<span class=\"elementor-divider-separator\">\n\t\t\t\t\t\t<\/span>\n\t\t<\/div>\n\t\t\t\t\t\t<\/div>\n\t\t\t\t<\/div>\n\t\t\t\t<\/div>\n\t\t\t\t\t<\/div>\n\t\t\t\t<\/div>\n\t\t<div class=\"elementor-element elementor-element-b3ed8b5 e-flex e-con-boxed e-con e-parent\" data-id=\"b3ed8b5\" data-element_type=\"container\" data-e-type=\"container\">\n\t\t\t\t\t<div class=\"e-con-inner\">\n\t\t<div class=\"elementor-element elementor-element-75bfa24 e-con-full e-flex e-con e-child\" data-id=\"75bfa24\" data-element_type=\"container\" data-e-type=\"container\">\n\t\t\t\t<div class=\"elementor-element elementor-element-cf72eb5 elementor-widget elementor-widget-image\" data-id=\"cf72eb5\" data-element_type=\"widget\" data-e-type=\"widget\" data-widget_type=\"image.default\">\n\t\t\t\t<div class=\"elementor-widget-container\">\n\t\t\t\t\t\t\t\t\t\t\t\t\t\t\t<img decoding=\"async\" width=\"300\" height=\"238\" src=\"https:\/\/www.zahnarzt-kilchberg.ch\/wp-content\/uploads\/2016\/12\/csm_Amalgam1_792348da5a.jpg\" class=\"attachment-medium_large size-medium_large wp-image-2078\" alt=\"\" srcset=\"https:\/\/www.zahnarzt-kilchberg.ch\/wp-content\/uploads\/2016\/12\/csm_Amalgam1_792348da5a.jpg 300w, https:\/\/www.zahnarzt-kilchberg.ch\/wp-content\/uploads\/2016\/12\/csm_Amalgam1_792348da5a-15x12.jpg 15w\" sizes=\"(max-width: 300px) 100vw, 300px\" \/>\t\t\t\t\t\t\t\t\t\t\t\t\t\t\t<\/div>\n\t\t\t\t<\/div>\n\t\t\t\t<\/div>\n\t\t<div class=\"elementor-element elementor-element-bf1c094 e-con-full e-flex e-con e-child\" data-id=\"bf1c094\" data-element_type=\"container\" data-e-type=\"container\">\n\t\t\t\t<div class=\"elementor-element elementor-element-d9fb305 elementor-widget elementor-widget-text-editor\" data-id=\"d9fb305\" data-element_type=\"widget\" data-e-type=\"widget\" data-widget_type=\"text-editor.default\">\n\t\t\t\t<div class=\"elementor-widget-container\">\n\t\t\t\t\t\t\t\t\t<p>Ce sont surtout les personnes qui ont plusieurs m\u00e9taux diff\u00e9rents dans la bouche (comme l'or et l'amalgame) qui pr\u00e9sentent des taux de mercure \u00e9lev\u00e9s dans le corps, car la corrosion \u00e9lectrochimique (effet de pile) dans la bouche peut lib\u00e9rer des ions de mercure de l'amalgame. Par abrasion (frottement des dents sous fonction), d'autres m\u00e9taux lourds comme le cuivre ou l'\u00e9tain p\u00e9n\u00e8trent dans l'organisme en plus du mercure et s'y d\u00e9posent surtout dans les tissus graisseux et nerveux. C'est l\u00e0 qu'ils peuvent d\u00e9ployer leurs effets neurotoxiques.<\/p><p>Ainsi, l'amalgame peut d\u00e9clencher de tr\u00e8s nombreuses maladies secondaires qui peuvent se d\u00e9clarer t\u00f4t ou tard selon la condition physique ou le degr\u00e9 de stress. Ce sont surtout de nombreuses maladies chroniques et d'abord presque imperceptibles qui sont attribu\u00e9es \u00e0 l'amalgame.<\/p><p>Allergies, faiblesse immunitaire, an\u00e9mie, d\u00e9pression, asthme, maux de t\u00eate, anxi\u00e9t\u00e9, maladies intestinales, ecz\u00e9ma, neurodermite, troubles de la m\u00e9moire, douleurs articulaires, troubles du rythme cardiaque, l\u00e9sions du foie et des reins et bien d'autres choses encore.<\/p>\t\t\t\t\t\t\t\t<\/div>\n\t\t\t\t<\/div>\n\t\t\t\t<\/div>\n\t\t\t\t\t<\/div>\n\t\t\t\t<\/div>\n\t\t<div class=\"elementor-element elementor-element-300fe03 e-flex e-con-boxed e-con e-parent\" data-id=\"300fe03\" data-element_type=\"container\" data-e-type=\"container\">\n\t\t\t\t\t<div class=\"e-con-inner\">\n\t\t<div class=\"elementor-element elementor-element-c9e2cc7 e-con-full e-flex e-con e-child\" data-id=\"c9e2cc7\" data-element_type=\"container\" data-e-type=\"container\">\n\t\t\t\t<div class=\"elementor-element elementor-element-45f9784 elementor-view-default elementor-widget elementor-widget-icon\" data-id=\"45f9784\" data-element_type=\"widget\" data-e-type=\"widget\" data-widget_type=\"icon.default\">\n\t\t\t\t<div class=\"elementor-widget-container\">\n\t\t\t\t\t\t\t<div class=\"elementor-icon-wrapper\">\n\t\t\t<div class=\"elementor-icon\">\n\t\t\t<svg aria-hidden=\"true\" class=\"e-font-icon-svg e-fas-quote-left\" viewbox=\"0 0 512 512\" xmlns=\"http:\/\/www.w3.org\/2000\/svg\"><path d=\"M464 256h-80v-64c0-35.3 28.7-64 64-64h8c13.3 0 24-10.7 24-24V56c0-13.3-10.7-24-24-24h-8c-88.4 0-160 71.6-160 160v240c0 26.5 21.5 48 48 48h128c26.5 0 48-21.5 48-48V304c0-26.5-21.5-48-48-48zm-288 0H96v-64c0-35.3 28.7-64 64-64h8c13.3 0 24-10.7 24-24V56c0-13.3-10.7-24-24-24h-8C71.6 32 0 103.6 0 192v240c0 26.5 21.5 48 48 48h128c26.5 0 48-21.5 48-48V304c0-26.5-21.5-48-48-48z\"><\/path><\/svg>\t\t\t<\/div>\n\t\t<\/div>\n\t\t\t\t\t\t<\/div>\n\t\t\t\t<\/div>\n\t\t\t\t<div class=\"elementor-element elementor-element-90b7d79 elementor-widget elementor-widget-text-editor\" data-id=\"90b7d79\" data-element_type=\"widget\" data-e-type=\"widget\" data-widget_type=\"text-editor.default\">\n\t\t\t\t<div class=\"elementor-widget-container\">\n\t\t\t\t\t\t\t\t\tPour une clarification pr\u00e9cise, nous proposons donc, en collaboration avec nos partenaires m\u00e9dicaux, un contr\u00f4le de la charge en m\u00e9taux lourds dans la bouche et le corps, ainsi que l'\u00e9limination des m\u00e9taux lourds apr\u00e8s le retrait des amalgames.\t\t\t\t\t\t\t\t<\/div>\n\t\t\t\t<\/div>\n\t\t\t\t<div class=\"elementor-element elementor-element-07210b8 elementor-widget-divider--view-line elementor-widget elementor-widget-divider\" data-id=\"07210b8\" data-element_type=\"widget\" data-e-type=\"widget\" data-widget_type=\"divider.default\">\n\t\t\t\t<div class=\"elementor-widget-container\">\n\t\t\t\t\t\t\t<div class=\"elementor-divider\">\n\t\t\t<span class=\"elementor-divider-separator\">\n\t\t\t\t\t\t<\/span>\n\t\t<\/div>\n\t\t\t\t\t\t<\/div>\n\t\t\t\t<\/div>\n\t\t\t\t<div class=\"elementor-element elementor-element-9e3872a elementor-widget elementor-widget-text-editor\" data-id=\"9e3872a\" data-element_type=\"widget\" data-e-type=\"widget\" data-widget_type=\"text-editor.default\">\n\t\t\t\t<div class=\"elementor-widget-container\">\n\t\t\t\t\t\t\t\t\t<p>Dr. Jens Tartsch<\/p>\t\t\t\t\t\t\t\t<\/div>\n\t\t\t\t<\/div>\n\t\t\t\t<\/div>\n\t\t\t\t\t<\/div>\n\t\t\t\t<\/div>\n\t\t<div class=\"elementor-element elementor-element-c09cbeb e-flex e-con-boxed e-con e-parent\" data-id=\"c09cbeb\" data-element_type=\"container\" data-e-type=\"container\">\n\t\t\t\t\t<div class=\"e-con-inner\">\n\t\t\t\t<div class=\"elementor-element elementor-element-62d0811 elementor-widget elementor-widget-spacer\" data-id=\"62d0811\" data-element_type=\"widget\" data-e-type=\"widget\" data-widget_type=\"spacer.default\">\n\t\t\t\t<div class=\"elementor-widget-container\">\n\t\t\t\t\t\t\t<div class=\"elementor-spacer\">\n\t\t\t<div class=\"elementor-spacer-inner\"><\/div>\n\t\t<\/div>\n\t\t\t\t\t\t<\/div>\n\t\t\t\t<\/div>\n\t\t\t\t\t<\/div>\n\t\t\t\t<\/div>\n\t\t\t\t<\/div>","protected":false},"excerpt":{"rendered":"<p>Sonderfall Amalgam F\u00fcllungen F\u00fcllungen mit Amalgam \u2013 Fluch oder Segen? Auch heute sind weltweit noch Millionen von Z\u00e4hnen mit Amalgamf\u00fcllungen versorgt \u2013 einem Gemisch aus circa 60% Silber , 40% Quecksilber und verschiedenen anderen Schwermetallen wie Kupfer und Zinn. Wie alle plastischen F\u00fcllmaterialien \u2013 also Materialien, welche weich in den Zahn eingebracht werden und dort [&hellip;]<\/p>\n","protected":false},"author":2,"featured_media":0,"parent":0,"menu_order":0,"comment_status":"closed","ping_status":"closed","template":"","meta":{"footnotes":""},"class_list":["post-4513","page","type-page","status-publish","hentry"],"_links":{"self":[{"href":"https:\/\/www.zahnarzt-kilchberg.ch\/fr\/wp-json\/wp\/v2\/pages\/4513","targetHints":{"allow":["GET"]}}],"collection":[{"href":"https:\/\/www.zahnarzt-kilchberg.ch\/fr\/wp-json\/wp\/v2\/pages"}],"about":[{"href":"https:\/\/www.zahnarzt-kilchberg.ch\/fr\/wp-json\/wp\/v2\/types\/page"}],"author":[{"embeddable":true,"href":"https:\/\/www.zahnarzt-kilchberg.ch\/fr\/wp-json\/wp\/v2\/users\/2"}],"replies":[{"embeddable":true,"href":"https:\/\/www.zahnarzt-kilchberg.ch\/fr\/wp-json\/wp\/v2\/comments?post=4513"}],"version-history":[{"count":14,"href":"https:\/\/www.zahnarzt-kilchberg.ch\/fr\/wp-json\/wp\/v2\/pages\/4513\/revisions"}],"predecessor-version":[{"id":4733,"href":"https:\/\/www.zahnarzt-kilchberg.ch\/fr\/wp-json\/wp\/v2\/pages\/4513\/revisions\/4733"}],"wp:attachment":[{"href":"https:\/\/www.zahnarzt-kilchberg.ch\/fr\/wp-json\/wp\/v2\/media?parent=4513"}],"curies":[{"name":"wp","href":"https:\/\/api.w.org\/{rel}","templated":true}]}}