{"id":3440,"date":"2025-01-18T14:18:25","date_gmt":"2025-01-18T13:18:25","guid":{"rendered":"https:\/\/demo.zahnarzt-kilchberg.ch\/?page_id=3440"},"modified":"2026-02-09T23:30:41","modified_gmt":"2026-02-09T22:30:41","slug":"longevity-et-dentisterie-personnalisee","status":"publish","type":"page","link":"https:\/\/www.zahnarzt-kilchberg.ch\/fr\/longevity-und-personalisierte-zahnmedizin\/","title":{"rendered":"Longevit\u00e9 et dentisterie personnalis\u00e9e"},"content":{"rendered":"<div data-elementor-type=\"wp-page\" data-elementor-id=\"3440\" class=\"elementor elementor-3440\" data-elementor-post-type=\"page\">\n\t\t\t\t<div class=\"elementor-element elementor-element-91ee2ef e-con-full e-flex e-con e-parent\" data-id=\"91ee2ef\" data-element_type=\"container\" data-e-type=\"container\" data-settings=\"{&quot;background_background&quot;:&quot;classic&quot;}\">\n\t\t<div class=\"elementor-element elementor-element-33778dd e-flex e-con-boxed e-con e-child\" data-id=\"33778dd\" data-element_type=\"container\" data-e-type=\"container\" data-settings=\"{&quot;background_background&quot;:&quot;classic&quot;}\">\n\t\t\t\t\t<div class=\"e-con-inner\">\n\t\t\t\t<div class=\"elementor-element elementor-element-0a3d71b elementor-widget elementor-widget-heading\" data-id=\"0a3d71b\" data-element_type=\"widget\" data-e-type=\"widget\" data-widget_type=\"heading.default\">\n\t\t\t\t<div class=\"elementor-widget-container\">\n\t\t\t\t\t<h1 class=\"elementor-heading-title elementor-size-default\">Longevit\u00e9 et dentisterie personnalis\u00e9e<\/h1>\t\t\t\t<\/div>\n\t\t\t\t<\/div>\n\t\t\t\t\t<\/div>\n\t\t\t\t<\/div>\n\t\t\t\t<\/div>\n\t\t<div class=\"elementor-element elementor-element-d6eb8f7 e-flex e-con-boxed e-con e-parent\" data-id=\"d6eb8f7\" data-element_type=\"container\" data-e-type=\"container\">\n\t\t\t\t\t<div class=\"e-con-inner\">\n\t\t<div class=\"elementor-element elementor-element-b984b6a e-con-full e-flex e-con e-child\" data-id=\"b984b6a\" data-element_type=\"container\" data-e-type=\"container\">\n\t\t\t\t<div class=\"elementor-element elementor-element-9a25c5f elementor-widget elementor-widget-image\" data-id=\"9a25c5f\" data-element_type=\"widget\" data-e-type=\"widget\" data-widget_type=\"image.default\">\n\t\t\t\t<div class=\"elementor-widget-container\">\n\t\t\t\t\t\t\t\t\t\t\t\t\t\t\t<img fetchpriority=\"high\" decoding=\"async\" width=\"768\" height=\"512\" src=\"https:\/\/www.zahnarzt-kilchberg.ch\/wp-content\/uploads\/2025\/02\/38869870_m-768x512.webp\" class=\"attachment-medium_large size-medium_large wp-image-4126\" alt=\"\" srcset=\"https:\/\/www.zahnarzt-kilchberg.ch\/wp-content\/uploads\/2025\/02\/38869870_m-768x512.webp 768w, https:\/\/www.zahnarzt-kilchberg.ch\/wp-content\/uploads\/2025\/02\/38869870_m-300x200.webp 300w, https:\/\/www.zahnarzt-kilchberg.ch\/wp-content\/uploads\/2025\/02\/38869870_m-1024x683.webp 1024w, https:\/\/www.zahnarzt-kilchberg.ch\/wp-content\/uploads\/2025\/02\/38869870_m-1536x1024.webp 1536w, https:\/\/www.zahnarzt-kilchberg.ch\/wp-content\/uploads\/2025\/02\/38869870_m-18x12.webp 18w, https:\/\/www.zahnarzt-kilchberg.ch\/wp-content\/uploads\/2025\/02\/38869870_m.webp 1920w\" sizes=\"(max-width: 768px) 100vw, 768px\" \/>\t\t\t\t\t\t\t\t\t\t\t\t\t\t\t<\/div>\n\t\t\t\t<\/div>\n\t\t\t\t<\/div>\n\t\t<div class=\"elementor-element elementor-element-b7a6f70 e-con-full e-flex e-con e-child\" data-id=\"b7a6f70\" data-element_type=\"container\" data-e-type=\"container\">\n\t\t\t\t<div class=\"elementor-element elementor-element-2010009 elementor-widget elementor-widget-heading\" data-id=\"2010009\" data-element_type=\"widget\" data-e-type=\"widget\" data-widget_type=\"heading.default\">\n\t\t\t\t<div class=\"elementor-widget-container\">\n\t\t\t\t\t<h2 class=\"elementor-heading-title elementor-size-default\">Longevity - le r\u00eave de vivre plus longtemps<\/h2>\t\t\t\t<\/div>\n\t\t\t\t<\/div>\n\t\t\t\t<div class=\"elementor-element elementor-element-4e7b412 elementor-widget-divider--view-line elementor-widget elementor-widget-divider\" data-id=\"4e7b412\" data-element_type=\"widget\" data-e-type=\"widget\" data-widget_type=\"divider.default\">\n\t\t\t\t<div class=\"elementor-widget-container\">\n\t\t\t\t\t\t\t<div class=\"elementor-divider\">\n\t\t\t<span class=\"elementor-divider-separator\">\n\t\t\t\t\t\t<\/span>\n\t\t<\/div>\n\t\t\t\t\t\t<\/div>\n\t\t\t\t<\/div>\n\t\t\t\t<div class=\"elementor-element elementor-element-46c8856 elementor-widget elementor-widget-text-editor\" data-id=\"46c8856\" data-element_type=\"widget\" data-e-type=\"widget\" data-widget_type=\"text-editor.default\">\n\t\t\t\t<div class=\"elementor-widget-container\">\n\t\t\t\t\t\t\t\t\t<p>La long\u00e9vit\u00e9 est actuellement une tendance absolue. Nous voulons vivre plus longtemps et vieillir en bonne sant\u00e9. Pour cela, il faut adopter une alimentation correcte, faire beaucoup d'exercice, \u00e9viter le stress, prendre des compl\u00e9ments alimentaires de mani\u00e8re cibl\u00e9e et donc avoir un mode de vie sain. Le biohacking est similaire : il s'agit ici aussi d'optimiser son propre corps et son esprit. L'apport cibl\u00e9 de substances vitales, d\u00e9termin\u00e9 individuellement, doit permettre d'optimiser le m\u00e9tabolisme et donc le corps et de le rendre plus performant.<\/p><p>En revanche, l'inflammation chronique ou silencieuse est de plus en plus r\u00e9pandue. C'est cette \"inflammation silencieuse\" qui rend de telles m\u00e9thodes n\u00e9cessaires. Elle entrave entre autres les forces d'autogu\u00e9rison du syst\u00e8me immunitaire, raison pour laquelle ces inflammations chroniques et silencieuses devraient \u00eatre \u00e9limin\u00e9es au pr\u00e9alable.<\/p><p><strong>Les influences de la cavit\u00e9 buccale contribuent \u00e9galement \u00e0 l'\"inflammation silencieuse\". Ainsi, la m\u00e9decine dentaire environnementale doit \u00e9galement \u00eatre un \u00e9l\u00e9ment important de la long\u00e9vit\u00e9 et du biohacking.<\/strong><\/p>\t\t\t\t\t\t\t\t<\/div>\n\t\t\t\t<\/div>\n\t\t\t\t<\/div>\n\t\t\t\t\t<\/div>\n\t\t\t\t<\/div>\n\t\t<div class=\"elementor-element elementor-element-6cc5d90 e-flex e-con-boxed e-con e-parent\" data-id=\"6cc5d90\" data-element_type=\"container\" data-e-type=\"container\">\n\t\t\t\t\t<div class=\"e-con-inner\">\n\t\t<div class=\"elementor-element elementor-element-db6122a e-con-full e-flex e-con e-child\" data-id=\"db6122a\" data-element_type=\"container\" data-e-type=\"container\">\n\t\t\t\t<div class=\"elementor-element elementor-element-52b5fe2 elementor-widget elementor-widget-heading\" data-id=\"52b5fe2\" data-element_type=\"widget\" data-e-type=\"widget\" data-widget_type=\"heading.default\">\n\t\t\t\t<div class=\"elementor-widget-container\">\n\t\t\t\t\t<h2 class=\"elementor-heading-title elementor-size-default\">Dentisterie personnalis\u00e9e<\/h2>\t\t\t\t<\/div>\n\t\t\t\t<\/div>\n\t\t\t\t<div class=\"elementor-element elementor-element-b18f7b6 elementor-widget-divider--view-line elementor-widget elementor-widget-divider\" data-id=\"b18f7b6\" data-element_type=\"widget\" data-e-type=\"widget\" data-widget_type=\"divider.default\">\n\t\t\t\t<div class=\"elementor-widget-container\">\n\t\t\t\t\t\t\t<div class=\"elementor-divider\">\n\t\t\t<span class=\"elementor-divider-separator\">\n\t\t\t\t\t\t<\/span>\n\t\t<\/div>\n\t\t\t\t\t\t<\/div>\n\t\t\t\t<\/div>\n\t\t\t\t<div class=\"elementor-element elementor-element-4048eb2 elementor-widget elementor-widget-text-editor\" data-id=\"4048eb2\" data-element_type=\"widget\" data-e-type=\"widget\" data-widget_type=\"text-editor.default\">\n\t\t\t\t<div class=\"elementor-widget-container\">\n\t\t\t\t\t\t\t\t\t<p>Traiter chaque individu de la meilleure mani\u00e8re possible - cette vision se rapproche. La m\u00e9decine personnalis\u00e9e saisit les facteurs biologiques et de style de vie de l'individu et en d\u00e9duit la voie \u00e0 suivre pour des th\u00e9rapies sur mesure. La m\u00e9decine personnalis\u00e9e tient particuli\u00e8rement compte des conditions et des besoins diff\u00e9rents de chaque patient. Ainsi, un m\u00e9dicament peut avoir des effets diff\u00e9rents sur diff\u00e9rents patients.<\/p><p>Bien s\u00fbr, la m\u00e9decine dentaire est toujours individuelle, chaque patient re\u00e7oit par exemple un plombage individuel. Les mat\u00e9riaux utilis\u00e9s sont bien s\u00fbr tous test\u00e9s et biologiquement inoffensifs... mais pas pour tous les patients !<\/p><p>Il se peut donc qu'un plastique ou un m\u00e9tal ne pose aucun probl\u00e8me \u00e0 la plupart des patients... mais qu'il soit contraignant pour certains.<\/p><p><strong>Ce sont les principes de base de la m\u00e9decine dentaire environnementale, ce qui signifie que la m\u00e9decine dentaire environnementale est \u00e9galement une m\u00e9decine dentaire personnalis\u00e9e au plus haut degr\u00e9 !<\/strong><\/p>\t\t\t\t\t\t\t\t<\/div>\n\t\t\t\t<\/div>\n\t\t\t\t<\/div>\n\t\t<div class=\"elementor-element elementor-element-029b386 e-con-full e-flex e-con e-child\" data-id=\"029b386\" data-element_type=\"container\" data-e-type=\"container\">\n\t\t\t\t<div class=\"elementor-element elementor-element-23132fb elementor-widget elementor-widget-image\" data-id=\"23132fb\" data-element_type=\"widget\" data-e-type=\"widget\" data-widget_type=\"image.default\">\n\t\t\t\t<div class=\"elementor-widget-container\">\n\t\t\t\t\t\t\t\t\t\t\t\t\t\t\t<img decoding=\"async\" width=\"800\" height=\"422\" src=\"https:\/\/www.zahnarzt-kilchberg.ch\/wp-content\/uploads\/2025\/02\/229151500_m.webp\" class=\"attachment-large size-large wp-image-4128\" alt=\"\" srcset=\"https:\/\/www.zahnarzt-kilchberg.ch\/wp-content\/uploads\/2025\/02\/229151500_m.webp 1000w, https:\/\/www.zahnarzt-kilchberg.ch\/wp-content\/uploads\/2025\/02\/229151500_m-300x158.webp 300w, https:\/\/www.zahnarzt-kilchberg.ch\/wp-content\/uploads\/2025\/02\/229151500_m-768x405.webp 768w, https:\/\/www.zahnarzt-kilchberg.ch\/wp-content\/uploads\/2025\/02\/229151500_m-18x9.webp 18w\" sizes=\"(max-width: 800px) 100vw, 800px\" \/>\t\t\t\t\t\t\t\t\t\t\t\t\t\t\t<\/div>\n\t\t\t\t<\/div>\n\t\t\t\t<\/div>\n\t\t\t\t\t<\/div>\n\t\t\t\t<\/div>\n\t\t<div class=\"elementor-element elementor-element-52b6813b e-flex e-con-boxed e-con e-parent\" data-id=\"52b6813b\" data-element_type=\"container\" data-e-type=\"container\">\n\t\t\t\t\t<div class=\"e-con-inner\">\n\t\t<div class=\"elementor-element elementor-element-498d3e0b e-con-full e-flex e-con e-child\" data-id=\"498d3e0b\" data-element_type=\"container\" data-e-type=\"container\">\n\t\t\t\t<div class=\"elementor-element elementor-element-59db7311 elementor-view-default elementor-widget elementor-widget-icon\" data-id=\"59db7311\" data-element_type=\"widget\" data-e-type=\"widget\" data-widget_type=\"icon.default\">\n\t\t\t\t<div class=\"elementor-widget-container\">\n\t\t\t\t\t\t\t<div class=\"elementor-icon-wrapper\">\n\t\t\t<div class=\"elementor-icon\">\n\t\t\t<svg aria-hidden=\"true\" class=\"e-font-icon-svg e-fas-quote-left\" viewbox=\"0 0 512 512\" xmlns=\"http:\/\/www.w3.org\/2000\/svg\"><path d=\"M464 256h-80v-64c0-35.3 28.7-64 64-64h8c13.3 0 24-10.7 24-24V56c0-13.3-10.7-24-24-24h-8c-88.4 0-160 71.6-160 160v240c0 26.5 21.5 48 48 48h128c26.5 0 48-21.5 48-48V304c0-26.5-21.5-48-48-48zm-288 0H96v-64c0-35.3 28.7-64 64-64h8c13.3 0 24-10.7 24-24V56c0-13.3-10.7-24-24-24h-8C71.6 32 0 103.6 0 192v240c0 26.5 21.5 48 48 48h128c26.5 0 48-21.5 48-48V304c0-26.5-21.5-48-48-48z\"><\/path><\/svg>\t\t\t<\/div>\n\t\t<\/div>\n\t\t\t\t\t\t<\/div>\n\t\t\t\t<\/div>\n\t\t\t\t<div class=\"elementor-element elementor-element-13330a23 elementor-widget elementor-widget-text-editor\" data-id=\"13330a23\" data-element_type=\"widget\" data-e-type=\"widget\" data-widget_type=\"text-editor.default\">\n\t\t\t\t<div class=\"elementor-widget-container\">\n\t\t\t\t\t\t\t\t\t<p>En tant que dentistes de l'environnement, nous pratiquons depuis le d\u00e9but la longevit\u00e9 et la m\u00e9decine dentaire personnalis\u00e9e ! Je d\u00e9fends cette approche en tant que membre du comit\u00e9 de la Swiss Society for Anti Aging and Medical Prevention SSAAMP.<\/p>\t\t\t\t\t\t\t\t<\/div>\n\t\t\t\t<\/div>\n\t\t\t\t<div class=\"elementor-element elementor-element-7c94b98c elementor-widget-divider--view-line elementor-widget elementor-widget-divider\" data-id=\"7c94b98c\" data-element_type=\"widget\" data-e-type=\"widget\" data-widget_type=\"divider.default\">\n\t\t\t\t<div class=\"elementor-widget-container\">\n\t\t\t\t\t\t\t<div class=\"elementor-divider\">\n\t\t\t<span class=\"elementor-divider-separator\">\n\t\t\t\t\t\t<\/span>\n\t\t<\/div>\n\t\t\t\t\t\t<\/div>\n\t\t\t\t<\/div>\n\t\t\t\t<div class=\"elementor-element elementor-element-5a8aaed7 elementor-widget elementor-widget-text-editor\" data-id=\"5a8aaed7\" data-element_type=\"widget\" data-e-type=\"widget\" data-widget_type=\"text-editor.default\">\n\t\t\t\t<div class=\"elementor-widget-container\">\n\t\t\t\t\t\t\t\t\t<p>Dr. Jens Tartsch<\/p>\t\t\t\t\t\t\t\t<\/div>\n\t\t\t\t<\/div>\n\t\t\t\t<\/div>\n\t\t\t\t\t<\/div>\n\t\t\t\t<\/div>\n\t\t\t\t<\/div>","protected":false},"excerpt":{"rendered":"<p>Longevity und personalisierte Zahnmedizin Longevity &#8211; der Traum vom l\u00e4nger Leben Longevity liegt derzeit absolut im Trend. Wir wollen l\u00e4nger leben und dabei gesund alt werden. Hierzu geh\u00f6ren eine richte Ern\u00e4hrungsweise, viel Bewegung, die Vermeidung von Stress, eine gezielte Zufuhr von Nahrungserg\u00e4nzungsmitteln und damit eine gesunde Lebensweise. \u00c4hnlich das Biohacking: auch hierbei geht es um [&hellip;]<\/p>\n","protected":false},"author":2,"featured_media":0,"parent":0,"menu_order":0,"comment_status":"closed","ping_status":"closed","template":"","meta":{"footnotes":""},"class_list":["post-3440","page","type-page","status-publish","hentry"],"_links":{"self":[{"href":"https:\/\/www.zahnarzt-kilchberg.ch\/fr\/wp-json\/wp\/v2\/pages\/3440","targetHints":{"allow":["GET"]}}],"collection":[{"href":"https:\/\/www.zahnarzt-kilchberg.ch\/fr\/wp-json\/wp\/v2\/pages"}],"about":[{"href":"https:\/\/www.zahnarzt-kilchberg.ch\/fr\/wp-json\/wp\/v2\/types\/page"}],"author":[{"embeddable":true,"href":"https:\/\/www.zahnarzt-kilchberg.ch\/fr\/wp-json\/wp\/v2\/users\/2"}],"replies":[{"embeddable":true,"href":"https:\/\/www.zahnarzt-kilchberg.ch\/fr\/wp-json\/wp\/v2\/comments?post=3440"}],"version-history":[{"count":13,"href":"https:\/\/www.zahnarzt-kilchberg.ch\/fr\/wp-json\/wp\/v2\/pages\/3440\/revisions"}],"predecessor-version":[{"id":5210,"href":"https:\/\/www.zahnarzt-kilchberg.ch\/fr\/wp-json\/wp\/v2\/pages\/3440\/revisions\/5210"}],"wp:attachment":[{"href":"https:\/\/www.zahnarzt-kilchberg.ch\/fr\/wp-json\/wp\/v2\/media?parent=3440"}],"curies":[{"name":"wp","href":"https:\/\/api.w.org\/{rel}","templated":true}]}}