{"id":3352,"date":"2025-01-17T16:33:03","date_gmt":"2025-01-17T15:33:03","guid":{"rendered":"https:\/\/demo.zahnarzt-kilchberg.ch\/?page_id=3352"},"modified":"2026-02-09T23:30:43","modified_gmt":"2026-02-09T22:30:43","slug":"prf-plamsma-rich-firbrin","status":"publish","type":"page","link":"https:\/\/www.zahnarzt-kilchberg.ch\/fr\/prf-plamsma-rich-firbrin\/","title":{"rendered":"Platelet-Rich-Fibrin PRF"},"content":{"rendered":"<div data-elementor-type=\"wp-page\" data-elementor-id=\"3352\" class=\"elementor elementor-3352\" data-elementor-post-type=\"page\">\n\t\t\t\t<div class=\"elementor-element elementor-element-6309acc e-con-full e-flex e-con e-parent\" data-id=\"6309acc\" data-element_type=\"container\" data-e-type=\"container\" data-settings=\"{&quot;background_background&quot;:&quot;classic&quot;}\">\n\t\t<div class=\"elementor-element elementor-element-4a18c70 e-flex e-con-boxed e-con e-child\" data-id=\"4a18c70\" data-element_type=\"container\" data-e-type=\"container\" data-settings=\"{&quot;background_background&quot;:&quot;classic&quot;}\">\n\t\t\t\t\t<div class=\"e-con-inner\">\n\t\t\t\t<div class=\"elementor-element elementor-element-c049949 elementor-widget elementor-widget-heading\" data-id=\"c049949\" data-element_type=\"widget\" data-e-type=\"widget\" data-widget_type=\"heading.default\">\n\t\t\t\t<div class=\"elementor-widget-container\">\n\t\t\t\t\t<h1 class=\"elementor-heading-title elementor-size-default\">Concentr\u00e9s de sang autologue PRF<\/h1>\t\t\t\t<\/div>\n\t\t\t\t<\/div>\n\t\t\t\t\t<\/div>\n\t\t\t\t<\/div>\n\t\t\t\t<\/div>\n\t\t<div class=\"elementor-element elementor-element-81304d7 e-flex e-con-boxed e-con e-parent\" data-id=\"81304d7\" data-element_type=\"container\" data-e-type=\"container\">\n\t\t\t\t\t<div class=\"e-con-inner\">\n\t\t<div class=\"elementor-element elementor-element-09ef120 e-con-full e-flex e-con e-child\" data-id=\"09ef120\" data-element_type=\"container\" data-e-type=\"container\">\n\t\t\t\t<div class=\"elementor-element elementor-element-c4d8198 elementor-widget elementor-widget-image\" data-id=\"c4d8198\" data-element_type=\"widget\" data-e-type=\"widget\" data-widget_type=\"image.default\">\n\t\t\t\t<div class=\"elementor-widget-container\">\n\t\t\t\t\t\t\t\t\t\t\t\t\t\t\t<img fetchpriority=\"high\" decoding=\"async\" width=\"768\" height=\"637\" src=\"https:\/\/www.zahnarzt-kilchberg.ch\/wp-content\/uploads\/2025\/02\/IMG_4738-768x637.webp\" class=\"attachment-medium_large size-medium_large wp-image-4136\" alt=\"\" srcset=\"https:\/\/www.zahnarzt-kilchberg.ch\/wp-content\/uploads\/2025\/02\/IMG_4738-768x637.webp 768w, https:\/\/www.zahnarzt-kilchberg.ch\/wp-content\/uploads\/2025\/02\/IMG_4738-300x249.webp 300w, https:\/\/www.zahnarzt-kilchberg.ch\/wp-content\/uploads\/2025\/02\/IMG_4738-14x12.webp 14w, https:\/\/www.zahnarzt-kilchberg.ch\/wp-content\/uploads\/2025\/02\/IMG_4738.webp 1000w\" sizes=\"(max-width: 768px) 100vw, 768px\" \/>\t\t\t\t\t\t\t\t\t\t\t\t\t\t\t<\/div>\n\t\t\t\t<\/div>\n\t\t\t\t<\/div>\n\t\t<div class=\"elementor-element elementor-element-d14f877 e-con-full e-flex e-con e-child\" data-id=\"d14f877\" data-element_type=\"container\" data-e-type=\"container\">\n\t\t\t\t<div class=\"elementor-element elementor-element-cd28d87 elementor-widget elementor-widget-heading\" data-id=\"cd28d87\" data-element_type=\"widget\" data-e-type=\"widget\" data-widget_type=\"heading.default\">\n\t\t\t\t<div class=\"elementor-widget-container\">\n\t\t\t\t\t<h2 class=\"elementor-heading-title elementor-size-default\">Concentr\u00e9s de sang autologue PRF<\/h2>\t\t\t\t<\/div>\n\t\t\t\t<\/div>\n\t\t\t\t<div class=\"elementor-element elementor-element-c657ca7 elementor-widget-divider--view-line elementor-widget elementor-widget-divider\" data-id=\"c657ca7\" data-element_type=\"widget\" data-e-type=\"widget\" data-widget_type=\"divider.default\">\n\t\t\t\t<div class=\"elementor-widget-container\">\n\t\t\t\t\t\t\t<div class=\"elementor-divider\">\n\t\t\t<span class=\"elementor-divider-separator\">\n\t\t\t\t\t\t<\/span>\n\t\t<\/div>\n\t\t\t\t\t\t<\/div>\n\t\t\t\t<\/div>\n\t\t\t\t<div class=\"elementor-element elementor-element-b4284e1 elementor-widget elementor-widget-text-editor\" data-id=\"b4284e1\" data-element_type=\"widget\" data-e-type=\"widget\" data-widget_type=\"text-editor.default\">\n\t\t\t\t<div class=\"elementor-widget-container\">\n\t\t\t\t\t\t\t\t\t<p>Dans l'id\u00e9al, les processus de gu\u00e9rison devraient \u00eatre acc\u00e9l\u00e9r\u00e9s et am\u00e9lior\u00e9s autant que possible par des substances naturelles, produites par le corps. C'est ce que nous rendons possible gr\u00e2ce au proc\u00e9d\u00e9 biom\u00e9dical PRF= Platelet Rich Fibrin (fibrine riche en plaquettes, autoh\u00e9moth\u00e9rapie).<\/p><p>La fibrine Platelet Rich (PRF) est une matrice de fibrine autologue (propre au corps) riche en leucocytes et en plaquettes, obtenue \u00e0 partir du propre sang du patient par centrifugation \u00e0 une vitesse de rotation d\u00e9termin\u00e9e, sans ajout d'autres substances. Elle est riche en facteurs de croissance et peut \u00eatre utilis\u00e9e soit sous forme de membrane, soit sous forme de clot ou de liquide.<\/p><p><strong>La particularit\u00e9 de PRF :<\/strong> Le proc\u00e9d\u00e9 \u00e9tant compos\u00e9 \u00e0 100 % du propre sang du patient, il est parfaitement tol\u00e9r\u00e9. Les allergies, les effets secondaires ou le rejet sont exclus.<\/p>\t\t\t\t\t\t\t\t<\/div>\n\t\t\t\t<\/div>\n\t\t\t\t<\/div>\n\t\t\t\t\t<\/div>\n\t\t\t\t<\/div>\n\t\t<div class=\"elementor-element elementor-element-7007697 e-flex e-con-boxed e-con e-parent\" data-id=\"7007697\" data-element_type=\"container\" data-e-type=\"container\">\n\t\t\t\t\t<div class=\"e-con-inner\">\n\t\t<div class=\"elementor-element elementor-element-e9d0e7c e-con-full e-flex e-con e-child\" data-id=\"e9d0e7c\" data-element_type=\"container\" data-e-type=\"container\">\n\t\t\t\t<div class=\"elementor-element elementor-element-b6465cc elementor-widget elementor-widget-text-editor\" data-id=\"b6465cc\" data-element_type=\"widget\" data-e-type=\"widget\" data-widget_type=\"text-editor.default\">\n\t\t\t\t<div class=\"elementor-widget-container\">\n\t\t\t\t\t\t\t\t\t<p>Dans notre cabinet, la PRF est surtout utilis\u00e9e apr\u00e8s l'extraction d'une dent pour la Socket Preservation, c'est-\u00e0-dire pour la \"pr\u00e9servation des tissus\". Un peu de sang est pr\u00e9lev\u00e9 dans des conditions st\u00e9riles et centrifug\u00e9. La fibrine jaune se s\u00e9pare alors des globules rouges. La fibrine jaune, qui ressemble maintenant \u00e0 du gel, est pr\u00e9lev\u00e9e du tube, comprim\u00e9e en un \"bouchon\" ou une membrane et introduite dans la plaie. Il en r\u00e9sulte une cicatrisation plus rapide et indolore de la plaie.<\/p>\t\t\t\t\t\t\t\t<\/div>\n\t\t\t\t<\/div>\n\t\t\t\t<\/div>\n\t\t<div class=\"elementor-element elementor-element-2c78f92 e-con-full e-flex e-con e-child\" data-id=\"2c78f92\" data-element_type=\"container\" data-e-type=\"container\">\n\t\t\t\t<div class=\"elementor-element elementor-element-56ed600 elementor-widget elementor-widget-image\" data-id=\"56ed600\" data-element_type=\"widget\" data-e-type=\"widget\" data-widget_type=\"image.default\">\n\t\t\t\t<div class=\"elementor-widget-container\">\n\t\t\t\t\t\t\t\t\t\t\t\t\t\t\t<img decoding=\"async\" width=\"768\" height=\"511\" src=\"https:\/\/www.zahnarzt-kilchberg.ch\/wp-content\/uploads\/2025\/02\/prf-2-768x511.webp\" class=\"attachment-medium_large size-medium_large wp-image-4114\" alt=\"\" srcset=\"https:\/\/www.zahnarzt-kilchberg.ch\/wp-content\/uploads\/2025\/02\/prf-2-768x511.webp 768w, https:\/\/www.zahnarzt-kilchberg.ch\/wp-content\/uploads\/2025\/02\/prf-2-300x200.webp 300w, https:\/\/www.zahnarzt-kilchberg.ch\/wp-content\/uploads\/2025\/02\/prf-2-18x12.webp 18w, https:\/\/www.zahnarzt-kilchberg.ch\/wp-content\/uploads\/2025\/02\/prf-2.webp 1000w\" sizes=\"(max-width: 768px) 100vw, 768px\" \/>\t\t\t\t\t\t\t\t\t\t\t\t\t\t\t<\/div>\n\t\t\t\t<\/div>\n\t\t\t\t<\/div>\n\t\t\t\t\t<\/div>\n\t\t\t\t<\/div>\n\t\t<div class=\"elementor-element elementor-element-d263f62 e-flex e-con-boxed e-con e-parent\" data-id=\"d263f62\" data-element_type=\"container\" data-e-type=\"container\">\n\t\t\t\t\t<div class=\"e-con-inner\">\n\t\t<div class=\"elementor-element elementor-element-201b7226 e-con-full e-flex e-con e-child\" data-id=\"201b7226\" data-element_type=\"container\" data-e-type=\"container\">\n\t\t\t\t<div class=\"elementor-element elementor-element-63ff7334 elementor-view-default elementor-widget elementor-widget-icon\" data-id=\"63ff7334\" data-element_type=\"widget\" data-e-type=\"widget\" data-widget_type=\"icon.default\">\n\t\t\t\t<div class=\"elementor-widget-container\">\n\t\t\t\t\t\t\t<div class=\"elementor-icon-wrapper\">\n\t\t\t<div class=\"elementor-icon\">\n\t\t\t<svg aria-hidden=\"true\" class=\"e-font-icon-svg e-fas-quote-left\" viewbox=\"0 0 512 512\" xmlns=\"http:\/\/www.w3.org\/2000\/svg\"><path d=\"M464 256h-80v-64c0-35.3 28.7-64 64-64h8c13.3 0 24-10.7 24-24V56c0-13.3-10.7-24-24-24h-8c-88.4 0-160 71.6-160 160v240c0 26.5 21.5 48 48 48h128c26.5 0 48-21.5 48-48V304c0-26.5-21.5-48-48-48zm-288 0H96v-64c0-35.3 28.7-64 64-64h8c13.3 0 24-10.7 24-24V56c0-13.3-10.7-24-24-24h-8C71.6 32 0 103.6 0 192v240c0 26.5 21.5 48 48 48h128c26.5 0 48-21.5 48-48V304c0-26.5-21.5-48-48-48z\"><\/path><\/svg>\t\t\t<\/div>\n\t\t<\/div>\n\t\t\t\t\t\t<\/div>\n\t\t\t\t<\/div>\n\t\t\t\t<div class=\"elementor-element elementor-element-47b53cd0 elementor-widget elementor-widget-text-editor\" data-id=\"47b53cd0\" data-element_type=\"widget\" data-e-type=\"widget\" data-widget_type=\"text-editor.default\">\n\t\t\t\t<div class=\"elementor-widget-container\">\n\t\t\t\t\t\t\t\t\t<p>Depuis que nous utilisons la m\u00e9thode PRF, la fr\u00e9quence des inflammations postop\u00e9ratoires - en particulier le fameux \"mal de trou\" apr\u00e8s l'extraction d'une dent - a pratiquement diminu\u00e9 \u00e0 z\u00e9ro.<\/p>\t\t\t\t\t\t\t\t<\/div>\n\t\t\t\t<\/div>\n\t\t\t\t<div class=\"elementor-element elementor-element-6d473460 elementor-widget-divider--view-line elementor-widget elementor-widget-divider\" data-id=\"6d473460\" data-element_type=\"widget\" data-e-type=\"widget\" data-widget_type=\"divider.default\">\n\t\t\t\t<div class=\"elementor-widget-container\">\n\t\t\t\t\t\t\t<div class=\"elementor-divider\">\n\t\t\t<span class=\"elementor-divider-separator\">\n\t\t\t\t\t\t<\/span>\n\t\t<\/div>\n\t\t\t\t\t\t<\/div>\n\t\t\t\t<\/div>\n\t\t\t\t<div class=\"elementor-element elementor-element-2bacddc9 elementor-widget elementor-widget-text-editor\" data-id=\"2bacddc9\" data-element_type=\"widget\" data-e-type=\"widget\" data-widget_type=\"text-editor.default\">\n\t\t\t\t<div class=\"elementor-widget-container\">\n\t\t\t\t\t\t\t\t\t<p>Dr. Jens Tartsch<\/p>\t\t\t\t\t\t\t\t<\/div>\n\t\t\t\t<\/div>\n\t\t\t\t<\/div>\n\t\t\t\t\t<\/div>\n\t\t\t\t<\/div>\n\t\t\t\t<\/div>","protected":false},"excerpt":{"rendered":"<p>Eigenblutkonzentrate PRF Autologe Blutkonzentrate PRF Heilungsprozesse sollten idealerweise m\u00f6glichst durch nat\u00fcrliche, k\u00f6rpereigene Stoffe beschleunigt und verbessert werden. Dies erm\u00f6glichen wir durch das biomedizinische Verfahren PRF= Platelet Rich Fibrin (pl\u00e4ttchenreiches Fibrin, Eigenbluttherapie). Platelet-Rich-Fibrin (PRF) ist eine autologe (k\u00f6rpereigene) leukozyten- und thrombozytenreiche Fibrinmatrix, die ohne Zusatz von weiteren Stoffen durch Zentrifugieren bei einer bestimmten Umdrehungszahl aus k\u00f6rpereigenem [&hellip;]<\/p>\n","protected":false},"author":2,"featured_media":0,"parent":0,"menu_order":0,"comment_status":"closed","ping_status":"closed","template":"","meta":{"footnotes":""},"class_list":["post-3352","page","type-page","status-publish","hentry"],"_links":{"self":[{"href":"https:\/\/www.zahnarzt-kilchberg.ch\/fr\/wp-json\/wp\/v2\/pages\/3352","targetHints":{"allow":["GET"]}}],"collection":[{"href":"https:\/\/www.zahnarzt-kilchberg.ch\/fr\/wp-json\/wp\/v2\/pages"}],"about":[{"href":"https:\/\/www.zahnarzt-kilchberg.ch\/fr\/wp-json\/wp\/v2\/types\/page"}],"author":[{"embeddable":true,"href":"https:\/\/www.zahnarzt-kilchberg.ch\/fr\/wp-json\/wp\/v2\/users\/2"}],"replies":[{"embeddable":true,"href":"https:\/\/www.zahnarzt-kilchberg.ch\/fr\/wp-json\/wp\/v2\/comments?post=3352"}],"version-history":[{"count":23,"href":"https:\/\/www.zahnarzt-kilchberg.ch\/fr\/wp-json\/wp\/v2\/pages\/3352\/revisions"}],"predecessor-version":[{"id":5152,"href":"https:\/\/www.zahnarzt-kilchberg.ch\/fr\/wp-json\/wp\/v2\/pages\/3352\/revisions\/5152"}],"wp:attachment":[{"href":"https:\/\/www.zahnarzt-kilchberg.ch\/fr\/wp-json\/wp\/v2\/media?parent=3352"}],"curies":[{"name":"wp","href":"https:\/\/api.w.org\/{rel}","templated":true}]}}