{"id":216,"date":"2024-09-02T22:31:39","date_gmt":"2024-09-02T20:31:39","guid":{"rendered":"https:\/\/demo.zahnarzt-kilchberg.ch\/?page_id=216"},"modified":"2026-02-09T23:30:21","modified_gmt":"2026-02-09T22:30:21","slug":"implants-en-titane","status":"publish","type":"page","link":"https:\/\/www.zahnarzt-kilchberg.ch\/fr\/implantate-aus-titan\/","title":{"rendered":"Implants en titane"},"content":{"rendered":"<div data-elementor-type=\"wp-page\" data-elementor-id=\"216\" class=\"elementor elementor-216\" data-elementor-post-type=\"page\">\n\t\t\t\t<div class=\"elementor-element elementor-element-02ffbcc e-con-full e-flex e-con e-parent\" data-id=\"02ffbcc\" data-element_type=\"container\" data-e-type=\"container\" data-settings=\"{&quot;background_background&quot;:&quot;classic&quot;}\">\n\t\t<div class=\"elementor-element elementor-element-2e2ed67 e-flex e-con-boxed e-con e-child\" data-id=\"2e2ed67\" data-element_type=\"container\" data-e-type=\"container\" data-settings=\"{&quot;background_background&quot;:&quot;classic&quot;}\">\n\t\t\t\t\t<div class=\"e-con-inner\">\n\t\t\t\t<div class=\"elementor-element elementor-element-a33b6b4 elementor-widget elementor-widget-heading\" data-id=\"a33b6b4\" data-element_type=\"widget\" data-e-type=\"widget\" data-widget_type=\"heading.default\">\n\t\t\t\t<div class=\"elementor-widget-container\">\n\t\t\t\t\t<h1 class=\"elementor-heading-title elementor-size-default\">Implants en titane<\/h1>\t\t\t\t<\/div>\n\t\t\t\t<\/div>\n\t\t\t\t\t<\/div>\n\t\t\t\t<\/div>\n\t\t\t\t<\/div>\n\t\t<div class=\"elementor-element elementor-element-22a9e9c e-flex e-con-boxed e-con e-parent\" data-id=\"22a9e9c\" data-element_type=\"container\" data-e-type=\"container\">\n\t\t\t\t\t<div class=\"e-con-inner\">\n\t\t<div class=\"elementor-element elementor-element-5071773 e-con-full e-flex e-con e-child\" data-id=\"5071773\" data-element_type=\"container\" data-e-type=\"container\">\n\t\t\t\t<div class=\"elementor-element elementor-element-253d8ae elementor-widget elementor-widget-image\" data-id=\"253d8ae\" data-element_type=\"widget\" data-e-type=\"widget\" data-widget_type=\"image.default\">\n\t\t\t\t<div class=\"elementor-widget-container\">\n\t\t\t\t\t\t\t\t\t\t\t\t\t\t\t<img fetchpriority=\"high\" decoding=\"async\" width=\"300\" height=\"185\" src=\"https:\/\/www.zahnarzt-kilchberg.ch\/wp-content\/uploads\/2016\/12\/csm_Titanimplantate2.jpg\" class=\"attachment-medium_large size-medium_large wp-image-1983\" alt=\"\" srcset=\"https:\/\/www.zahnarzt-kilchberg.ch\/wp-content\/uploads\/2016\/12\/csm_Titanimplantate2.jpg.webp 300w, https:\/\/www.zahnarzt-kilchberg.ch\/wp-content\/uploads\/2016\/12\/csm_Titanimplantate2-18x12.jpg.webp 18w\" sizes=\"(max-width: 300px) 100vw, 300px\" \/>\t\t\t\t\t\t\t\t\t\t\t\t\t\t\t<\/div>\n\t\t\t\t<\/div>\n\t\t\t\t<\/div>\n\t\t<div class=\"elementor-element elementor-element-cdb86fb e-con-full e-flex e-con e-child\" data-id=\"cdb86fb\" data-element_type=\"container\" data-e-type=\"container\">\n\t\t\t\t<div class=\"elementor-element elementor-element-17af1fc elementor-widget elementor-widget-heading\" data-id=\"17af1fc\" data-element_type=\"widget\" data-e-type=\"widget\" data-widget_type=\"heading.default\">\n\t\t\t\t<div class=\"elementor-widget-container\">\n\t\t\t\t\t<h2 class=\"elementor-heading-title elementor-size-default\">Le titane - le mat\u00e9riau avec la plus longue exp\u00e9rience<\/h2>\t\t\t\t<\/div>\n\t\t\t\t<\/div>\n\t\t\t\t<div class=\"elementor-element elementor-element-e96c79d elementor-widget-divider--view-line elementor-widget elementor-widget-divider\" data-id=\"e96c79d\" data-element_type=\"widget\" data-e-type=\"widget\" data-widget_type=\"divider.default\">\n\t\t\t\t<div class=\"elementor-widget-container\">\n\t\t\t\t\t\t\t<div class=\"elementor-divider\">\n\t\t\t<span class=\"elementor-divider-separator\">\n\t\t\t\t\t\t<\/span>\n\t\t<\/div>\n\t\t\t\t\t\t<\/div>\n\t\t\t\t<\/div>\n\t\t\t\t<div class=\"elementor-element elementor-element-43b867b elementor-widget elementor-widget-text-editor\" data-id=\"43b867b\" data-element_type=\"widget\" data-e-type=\"widget\" data-widget_type=\"text-editor.default\">\n\t\t\t\t<div class=\"elementor-widget-container\">\n\t\t\t\t\t\t\t\t\t<p>Les implants en titane b\u00e9n\u00e9ficient de la plus grande exp\u00e9rience \u00e0 long terme et leurs taux de r\u00e9ussite sont parfaitement document\u00e9s par un nombre incalculable d'\u00e9tudes. Le titane reste donc l'\u00e9talon-or de l'implantologie et convient \u00e0 presque toutes les indications.<\/p>\n<p>Il poss\u00e8de une bonne biocompatibilit\u00e9, c'est-\u00e0-dire qu'il est compatible avec le corps et est accept\u00e9 sans r\u00e9action de rejet. Le secret de cette bonne compatibilit\u00e9 avec le corps r\u00e9side dans une propri\u00e9t\u00e9 du titane - l\u00e0 o\u00f9 le m\u00e9tal titane entre en contact avec l'oxyg\u00e8ne, il se forme en quelques millisecondes une couche protectrice d'oxyde de titane - au sens strict, une c\u00e9ramique. Cette \"couche de passivation\" emp\u00eache tout \u00e9change chimique entre le m\u00e9tal et le tissu.<\/p>\t\t\t\t\t\t\t\t<\/div>\n\t\t\t\t<\/div>\n\t\t\t\t<\/div>\n\t\t\t\t\t<\/div>\n\t\t\t\t<\/div>\n\t\t<div class=\"elementor-element elementor-element-02e3f36 e-flex e-con-boxed e-con e-parent\" data-id=\"02e3f36\" data-element_type=\"container\" data-e-type=\"container\">\n\t\t\t\t\t<div class=\"e-con-inner\">\n\t\t<div class=\"elementor-element elementor-element-d157103 e-con-full e-flex e-con e-child\" data-id=\"d157103\" data-element_type=\"container\" data-e-type=\"container\">\n\t\t\t\t<div class=\"elementor-element elementor-element-bdc36dd elementor-widget elementor-widget-text-editor\" data-id=\"bdc36dd\" data-element_type=\"widget\" data-e-type=\"widget\" data-widget_type=\"text-editor.default\">\n\t\t\t\t<div class=\"elementor-widget-container\">\n\t\t\t\t\t\t\t\t\t<p>Cependant, selon les r\u00e9sultats de recherches r\u00e9centes, le titane peut \u00e9galement \u00eatre soumis \u00e0 des processus corrosifs (bio-corrosion), ce qui peut entra\u00eener la lib\u00e9ration de particules de titane. Ces particules, associ\u00e9es \u00e0 des bact\u00e9ries, peuvent provoquer des inflammations autour de l'implant (p\u00e9ri-implantite). Bien que les allergies puissent \u00eatre exclues, il semble \u00e9galement se confirmer que certains patients r\u00e9agissent \u00e0 de telles particules par une \"intol\u00e9rance au titane\" au sens d'une r\u00e9action exag\u00e9r\u00e9e \u00e0 un corps \u00e9tranger. Le test d'accordage du titane permet de clarifier la situation avant la pose d'un implant.<\/p>\t\t\t\t\t\t\t\t<\/div>\n\t\t\t\t<\/div>\n\t\t\t\t<div class=\"elementor-element elementor-element-c0090fb elementor-widget elementor-widget-button\" data-id=\"c0090fb\" data-element_type=\"widget\" data-e-type=\"widget\" data-widget_type=\"button.default\">\n\t\t\t\t<div class=\"elementor-widget-container\">\n\t\t\t\t\t\t\t\t\t<div class=\"elementor-button-wrapper\">\n\t\t\t\t\t<a class=\"elementor-button elementor-button-link elementor-size-sm\" href=\"#\">\n\t\t\t\t\t\t<span class=\"elementor-button-content-wrapper\">\n\t\t\t\t\t\t\t\t\t<span class=\"elementor-button-text\">en savoir plus sur l'intol\u00e9rance au titane<\/span>\n\t\t\t\t\t<\/span>\n\t\t\t\t\t<\/a>\n\t\t\t\t<\/div>\n\t\t\t\t\t\t\t\t<\/div>\n\t\t\t\t<\/div>\n\t\t\t\t<\/div>\n\t\t<div class=\"elementor-element elementor-element-125beab e-con-full e-flex e-con e-child\" data-id=\"125beab\" data-element_type=\"container\" data-e-type=\"container\">\n\t\t\t\t<div class=\"elementor-element elementor-element-227a0b1 elementor-widget elementor-widget-image\" data-id=\"227a0b1\" data-element_type=\"widget\" data-e-type=\"widget\" data-widget_type=\"image.default\">\n\t\t\t\t<div class=\"elementor-widget-container\">\n\t\t\t\t\t\t\t\t\t\t\t\t\t\t\t<img decoding=\"async\" width=\"300\" height=\"234\" src=\"https:\/\/www.zahnarzt-kilchberg.ch\/wp-content\/uploads\/2016\/12\/csm_straumann4.jpg\" class=\"attachment-medium_large size-medium_large wp-image-692\" alt=\"\" srcset=\"https:\/\/www.zahnarzt-kilchberg.ch\/wp-content\/uploads\/2016\/12\/csm_straumann4.jpg.webp 300w, https:\/\/www.zahnarzt-kilchberg.ch\/wp-content\/uploads\/2016\/12\/csm_straumann4-15x12.jpg.webp 15w\" sizes=\"(max-width: 300px) 100vw, 300px\" \/>\t\t\t\t\t\t\t\t\t\t\t\t\t\t\t<\/div>\n\t\t\t\t<\/div>\n\t\t\t\t<\/div>\n\t\t\t\t\t<\/div>\n\t\t\t\t<\/div>\n\t\t<div class=\"elementor-element elementor-element-1db9d8b e-flex e-con-boxed e-con e-parent\" data-id=\"1db9d8b\" data-element_type=\"container\" data-e-type=\"container\">\n\t\t\t\t\t<div class=\"e-con-inner\">\n\t\t<div class=\"elementor-element elementor-element-ff2b87f e-con-full e-flex e-con e-child\" data-id=\"ff2b87f\" data-element_type=\"container\" data-e-type=\"container\">\n\t\t\t\t<div class=\"elementor-element elementor-element-87bb3c8 elementor-view-default elementor-widget elementor-widget-icon\" data-id=\"87bb3c8\" data-element_type=\"widget\" data-e-type=\"widget\" data-widget_type=\"icon.default\">\n\t\t\t\t<div class=\"elementor-widget-container\">\n\t\t\t\t\t\t\t<div class=\"elementor-icon-wrapper\">\n\t\t\t<div class=\"elementor-icon\">\n\t\t\t<svg aria-hidden=\"true\" class=\"e-font-icon-svg e-fas-quote-left\" viewbox=\"0 0 512 512\" xmlns=\"http:\/\/www.w3.org\/2000\/svg\"><path d=\"M464 256h-80v-64c0-35.3 28.7-64 64-64h8c13.3 0 24-10.7 24-24V56c0-13.3-10.7-24-24-24h-8c-88.4 0-160 71.6-160 160v240c0 26.5 21.5 48 48 48h128c26.5 0 48-21.5 48-48V304c0-26.5-21.5-48-48-48zm-288 0H96v-64c0-35.3 28.7-64 64-64h8c13.3 0 24-10.7 24-24V56c0-13.3-10.7-24-24-24h-8C71.6 32 0 103.6 0 192v240c0 26.5 21.5 48 48 48h128c26.5 0 48-21.5 48-48V304c0-26.5-21.5-48-48-48z\"><\/path><\/svg>\t\t\t<\/div>\n\t\t<\/div>\n\t\t\t\t\t\t<\/div>\n\t\t\t\t<\/div>\n\t\t\t\t<div class=\"elementor-element elementor-element-8c50b23 elementor-widget elementor-widget-text-editor\" data-id=\"8c50b23\" data-element_type=\"widget\" data-e-type=\"widget\" data-widget_type=\"text-editor.default\">\n\t\t\t\t<div class=\"elementor-widget-container\">\n\t\t\t\t\t\t\t\t\t<p>L'avantage par rapport aux implants en c\u00e9ramique r\u00e9side actuellement encore dans la longue exp\u00e9rience (\u00e9vidence) et la diversit\u00e9 de la gamme de produits, surtout pour la pose ult\u00e9rieure de proth\u00e8ses dentaires.<\/p>\t\t\t\t\t\t\t\t<\/div>\n\t\t\t\t<\/div>\n\t\t\t\t<div class=\"elementor-element elementor-element-cdedd28 elementor-widget-divider--view-line elementor-widget elementor-widget-divider\" data-id=\"cdedd28\" data-element_type=\"widget\" data-e-type=\"widget\" data-widget_type=\"divider.default\">\n\t\t\t\t<div class=\"elementor-widget-container\">\n\t\t\t\t\t\t\t<div class=\"elementor-divider\">\n\t\t\t<span class=\"elementor-divider-separator\">\n\t\t\t\t\t\t<\/span>\n\t\t<\/div>\n\t\t\t\t\t\t<\/div>\n\t\t\t\t<\/div>\n\t\t\t\t<div class=\"elementor-element elementor-element-9d9d58b elementor-widget elementor-widget-text-editor\" data-id=\"9d9d58b\" data-element_type=\"widget\" data-e-type=\"widget\" data-widget_type=\"text-editor.default\">\n\t\t\t\t<div class=\"elementor-widget-container\">\n\t\t\t\t\t\t\t\t\t<p>Dr. Jens Tartsch<\/p>\t\t\t\t\t\t\t\t<\/div>\n\t\t\t\t<\/div>\n\t\t\t\t<\/div>\n\t\t\t\t\t<\/div>\n\t\t\t\t<\/div>\n\t\t\t\t<\/div>","protected":false},"excerpt":{"rendered":"<p>Implantate aus Titan Titan \u2013 das Material mit der l\u00e4ngsten Erfahrung Implantate aus Titan besitzen die weiteste Langzeiterfahrung und ihre Erfolgsquoten sind mit einer Unzahl an Studien bestens dokumentiert. Damit ist Titan nach wie vor der \u201eGold\u201c-Standard in der Implantologie und f\u00fcr fast jede Indikation geeignet. Es besitzt eine gute Biokompatibilit\u00e4t, also seine Vertr\u00e4glichkeit mit [&hellip;]<\/p>\n","protected":false},"author":1,"featured_media":0,"parent":0,"menu_order":0,"comment_status":"closed","ping_status":"closed","template":"","meta":{"footnotes":""},"class_list":["post-216","page","type-page","status-publish","hentry"],"_links":{"self":[{"href":"https:\/\/www.zahnarzt-kilchberg.ch\/fr\/wp-json\/wp\/v2\/pages\/216","targetHints":{"allow":["GET"]}}],"collection":[{"href":"https:\/\/www.zahnarzt-kilchberg.ch\/fr\/wp-json\/wp\/v2\/pages"}],"about":[{"href":"https:\/\/www.zahnarzt-kilchberg.ch\/fr\/wp-json\/wp\/v2\/types\/page"}],"author":[{"embeddable":true,"href":"https:\/\/www.zahnarzt-kilchberg.ch\/fr\/wp-json\/wp\/v2\/users\/1"}],"replies":[{"embeddable":true,"href":"https:\/\/www.zahnarzt-kilchberg.ch\/fr\/wp-json\/wp\/v2\/comments?post=216"}],"version-history":[{"count":19,"href":"https:\/\/www.zahnarzt-kilchberg.ch\/fr\/wp-json\/wp\/v2\/pages\/216\/revisions"}],"predecessor-version":[{"id":5203,"href":"https:\/\/www.zahnarzt-kilchberg.ch\/fr\/wp-json\/wp\/v2\/pages\/216\/revisions\/5203"}],"wp:attachment":[{"href":"https:\/\/www.zahnarzt-kilchberg.ch\/fr\/wp-json\/wp\/v2\/media?parent=216"}],"curies":[{"name":"wp","href":"https:\/\/api.w.org\/{rel}","templated":true}]}}