{"id":201,"date":"2024-09-02T22:27:52","date_gmt":"2024-09-02T20:27:52","guid":{"rendered":"https:\/\/demo.zahnarzt-kilchberg.ch\/?page_id=201"},"modified":"2026-02-09T23:30:05","modified_gmt":"2026-02-09T22:30:05","slug":"blanchiment","status":"publish","type":"page","link":"https:\/\/www.zahnarzt-kilchberg.ch\/fr\/bleaching\/","title":{"rendered":"Blanchiment"},"content":{"rendered":"<div data-elementor-type=\"wp-page\" data-elementor-id=\"201\" class=\"elementor elementor-201\" data-elementor-post-type=\"page\">\n\t\t\t\t<div class=\"elementor-element elementor-element-216986a e-con-full e-flex e-con e-parent\" data-id=\"216986a\" data-element_type=\"container\" data-e-type=\"container\" data-settings=\"{&quot;background_background&quot;:&quot;classic&quot;}\">\n\t\t<div class=\"elementor-element elementor-element-de5693c e-flex e-con-boxed e-con e-child\" data-id=\"de5693c\" data-element_type=\"container\" data-e-type=\"container\" data-settings=\"{&quot;background_background&quot;:&quot;classic&quot;}\">\n\t\t\t\t\t<div class=\"e-con-inner\">\n\t\t\t\t<div class=\"elementor-element elementor-element-4fc9463 elementor-widget elementor-widget-heading\" data-id=\"4fc9463\" data-element_type=\"widget\" data-e-type=\"widget\" data-widget_type=\"heading.default\">\n\t\t\t\t<div class=\"elementor-widget-container\">\n\t\t\t\t\t<h1 class=\"elementor-heading-title elementor-size-default\">Blanchiment<\/h1>\t\t\t\t<\/div>\n\t\t\t\t<\/div>\n\t\t\t\t\t<\/div>\n\t\t\t\t<\/div>\n\t\t\t\t<\/div>\n\t\t<div class=\"elementor-element elementor-element-a34b3a1 e-flex e-con-boxed e-con e-parent\" data-id=\"a34b3a1\" data-element_type=\"container\" data-e-type=\"container\">\n\t\t\t\t\t<div class=\"e-con-inner\">\n\t\t<div class=\"elementor-element elementor-element-fe62ae8 e-con-full e-flex e-con e-child\" data-id=\"fe62ae8\" data-element_type=\"container\" data-e-type=\"container\">\n\t\t\t\t<div class=\"elementor-element elementor-element-3e9cbe1 elementor-widget elementor-widget-image\" data-id=\"3e9cbe1\" data-element_type=\"widget\" data-e-type=\"widget\" data-widget_type=\"image.default\">\n\t\t\t\t<div class=\"elementor-widget-container\">\n\t\t\t\t\t\t\t\t\t\t\t\t\t\t\t<img fetchpriority=\"high\" decoding=\"async\" width=\"400\" height=\"300\" src=\"https:\/\/www.zahnarzt-kilchberg.ch\/wp-content\/uploads\/2025\/01\/I3.bmp\" class=\"attachment-large size-large wp-image-3754\" alt=\"\" srcset=\"https:\/\/www.zahnarzt-kilchberg.ch\/wp-content\/uploads\/2025\/01\/I3.bmp 400w, https:\/\/www.zahnarzt-kilchberg.ch\/wp-content\/uploads\/2025\/01\/I3-300x225.jpg 300w, https:\/\/www.zahnarzt-kilchberg.ch\/wp-content\/uploads\/2025\/01\/I3-16x12.jpg 16w\" sizes=\"(max-width: 400px) 100vw, 400px\" \/>\t\t\t\t\t\t\t\t\t\t\t\t\t\t\t<\/div>\n\t\t\t\t<\/div>\n\t\t\t\t<\/div>\n\t\t<div class=\"elementor-element elementor-element-ff787f4 e-con-full e-flex e-con e-child\" data-id=\"ff787f4\" data-element_type=\"container\" data-e-type=\"container\">\n\t\t\t\t<div class=\"elementor-element elementor-element-3faf4a7 elementor-widget elementor-widget-heading\" data-id=\"3faf4a7\" data-element_type=\"widget\" data-e-type=\"widget\" data-widget_type=\"heading.default\">\n\t\t\t\t<div class=\"elementor-widget-container\">\n\t\t\t\t\t<h2 class=\"elementor-heading-title elementor-size-default\">Des dents d'une blancheur \u00e9clatante en une heure seulement !<\/h2>\t\t\t\t<\/div>\n\t\t\t\t<\/div>\n\t\t\t\t<div class=\"elementor-element elementor-element-1c85efd elementor-widget-divider--view-line elementor-widget elementor-widget-divider\" data-id=\"1c85efd\" data-element_type=\"widget\" data-e-type=\"widget\" data-widget_type=\"divider.default\">\n\t\t\t\t<div class=\"elementor-widget-container\">\n\t\t\t\t\t\t\t<div class=\"elementor-divider\">\n\t\t\t<span class=\"elementor-divider-separator\">\n\t\t\t\t\t\t<\/span>\n\t\t<\/div>\n\t\t\t\t\t\t<\/div>\n\t\t\t\t<\/div>\n\t\t\t\t<div class=\"elementor-element elementor-element-2bcf2c8 elementor-widget elementor-widget-text-editor\" data-id=\"2bcf2c8\" data-element_type=\"widget\" data-e-type=\"widget\" data-widget_type=\"text-editor.default\">\n\t\t\t\t<div class=\"elementor-widget-container\">\n\t\t\t\t\t\t\t\t\t<p><strong>Dans la soci\u00e9t\u00e9 actuelle, les dents ne doivent pas seulement \u00eatre saines, mais aussi belles... !<\/strong><\/p><p>Le mot magique est \"blanchiment\". Bleaching est le terme anglais pour blanchir et la publicit\u00e9 promet un sourire d'une blancheur \u00e9clatante pour de nombreuses ann\u00e9es... et cette fois, elle a raison !<\/p><p>Des dents blanches et brillantes sont aujourd'hui synonymes de sant\u00e9 et de r\u00e9ussite. Malheureusement, les dents ne restent pas toujours aussi belles et lumineuses qu'elles l'\u00e9taient dans l'enfance.<\/p><p>Les dents sont \u00e9galement soumises \u00e0 un processus de vieillissement naturel. Au fil des ans, l'\u00e9mail s'amincit et les couches internes plus fonc\u00e9es des dents deviennent plus visibles. Les pigments color\u00e9s de la nicotine, du vin rouge, du caf\u00e9 ou du th\u00e9 s'accumulent \u00e9galement dans l'\u00e9mail au fil des ans et colorent les dents en jaune.<\/p>\t\t\t\t\t\t\t\t<\/div>\n\t\t\t\t<\/div>\n\t\t\t\t<\/div>\n\t\t\t\t\t<\/div>\n\t\t\t\t<\/div>\n\t\t<div class=\"elementor-element elementor-element-00f1051 e-flex e-con-boxed e-con e-parent\" data-id=\"00f1051\" data-element_type=\"container\" data-e-type=\"container\" data-settings=\"{&quot;background_background&quot;:&quot;classic&quot;}\">\n\t\t\t\t\t<div class=\"e-con-inner\">\n\t\t<div class=\"elementor-element elementor-element-8e9beb8 e-con-full e-flex e-con e-child\" data-id=\"8e9beb8\" data-element_type=\"container\" data-e-type=\"container\">\n\t\t\t\t<div class=\"elementor-element elementor-element-aecbcdf elementor-widget elementor-widget-text-editor\" data-id=\"aecbcdf\" data-element_type=\"widget\" data-e-type=\"widget\" data-widget_type=\"text-editor.default\">\n\t\t\t\t<div class=\"elementor-widget-container\">\n\t\t\t\t\t\t\t\t\tDans notre cabinet, nous proposons donc deux proc\u00e9d\u00e9s inoffensifs et doux qui conduisent \u00e0 un blanchiment durable des dents... en 1 heure sous forme de Power Bleaching au cabinet ou pendant une semaine \u00e0 votre domicile.\t\t\t\t\t\t\t\t<\/div>\n\t\t\t\t<\/div>\n\t\t\t\t<\/div>\n\t\t\t\t\t<\/div>\n\t\t\t\t<\/div>\n\t\t<div class=\"elementor-element elementor-element-704a4ae e-flex e-con-boxed e-con e-parent\" data-id=\"704a4ae\" data-element_type=\"container\" data-e-type=\"container\">\n\t\t\t\t\t<div class=\"e-con-inner\">\n\t\t<div class=\"elementor-element elementor-element-e54d89e e-con-full e-flex e-con e-child\" data-id=\"e54d89e\" data-element_type=\"container\" data-e-type=\"container\">\n\t\t\t\t<div class=\"elementor-element elementor-element-261729e elementor-widget elementor-widget-heading\" data-id=\"261729e\" data-element_type=\"widget\" data-e-type=\"widget\" data-widget_type=\"heading.default\">\n\t\t\t\t<div class=\"elementor-widget-container\">\n\t\t\t\t\t<h2 class=\"elementor-heading-title elementor-size-default\">Comment \u00e7a marche<\/h2>\t\t\t\t<\/div>\n\t\t\t\t<\/div>\n\t\t\t\t<div class=\"elementor-element elementor-element-9e58958 elementor-widget-divider--view-line elementor-widget elementor-widget-divider\" data-id=\"9e58958\" data-element_type=\"widget\" data-e-type=\"widget\" data-widget_type=\"divider.default\">\n\t\t\t\t<div class=\"elementor-widget-container\">\n\t\t\t\t\t\t\t<div class=\"elementor-divider\">\n\t\t\t<span class=\"elementor-divider-separator\">\n\t\t\t\t\t\t<\/span>\n\t\t<\/div>\n\t\t\t\t\t\t<\/div>\n\t\t\t\t<\/div>\n\t\t\t\t<div class=\"elementor-element elementor-element-70ce7a7 elementor-widget elementor-widget-text-editor\" data-id=\"70ce7a7\" data-element_type=\"widget\" data-e-type=\"widget\" data-widget_type=\"text-editor.default\">\n\t\t\t\t<div class=\"elementor-widget-container\">\n\t\t\t\t\t\t\t\t\t<p>Dans notre cabinet, nous utilisons principalement le \"blanchiment en cabinet\" ou \"blanchiment puissant\". Le processus d'\u00e9claircissement est d\u00e9j\u00e0 termin\u00e9 apr\u00e8s environ une heure. Il est \u00e9galement possible de recourir au \"home bleaching\". Dans ce cas, une goutti\u00e8re en plastique transparent est fabriqu\u00e9e pour supporter le mat\u00e9riau de blanchiment et est port\u00e9e pendant la nuit pendant une \u00e0 deux semaines.<\/p><p>Cette m\u00e9thode utilise un syst\u00e8me d'activation lumineuse qui op\u00e8re dans le spectre de la longueur d'onde bleu-vert. Cette lumi\u00e8re n'\u00e9met pratiquement pas de chaleur ni de rayons UV dangereux. Combin\u00e9e \u00e0 notre gel de peroxyde d'hydrog\u00e8ne \u00e0 faible dose (entre 15% et 30% ), cette m\u00e9thode est l'un des traitements les plus s\u00fbrs qui soient en dentisterie.<\/p>\t\t\t\t\t\t\t\t<\/div>\n\t\t\t\t<\/div>\n\t\t\t\t<\/div>\n\t\t<div class=\"elementor-element elementor-element-656c9aa e-con-full e-flex e-con e-child\" data-id=\"656c9aa\" data-element_type=\"container\" data-e-type=\"container\">\n\t\t\t\t<div class=\"elementor-element elementor-element-a3744dc elementor-widget elementor-widget-image\" data-id=\"a3744dc\" data-element_type=\"widget\" data-e-type=\"widget\" data-widget_type=\"image.default\">\n\t\t\t\t<div class=\"elementor-widget-container\">\n\t\t\t\t\t\t\t\t\t\t\t\t\t\t\t<img decoding=\"async\" width=\"768\" height=\"512\" src=\"https:\/\/www.zahnarzt-kilchberg.ch\/wp-content\/uploads\/2025\/05\/20250523_1447_Zahnarzt-Bleaching-Erlebnis_simple_compose_01jvyjtwsefnf9xdq5kvk3mv9m-768x512.webp\" class=\"attachment-medium_large size-medium_large wp-image-5280\" alt=\"\" srcset=\"https:\/\/www.zahnarzt-kilchberg.ch\/wp-content\/uploads\/2025\/05\/20250523_1447_Zahnarzt-Bleaching-Erlebnis_simple_compose_01jvyjtwsefnf9xdq5kvk3mv9m-768x512.webp 768w, https:\/\/www.zahnarzt-kilchberg.ch\/wp-content\/uploads\/2025\/05\/20250523_1447_Zahnarzt-Bleaching-Erlebnis_simple_compose_01jvyjtwsefnf9xdq5kvk3mv9m-300x200.webp 300w, https:\/\/www.zahnarzt-kilchberg.ch\/wp-content\/uploads\/2025\/05\/20250523_1447_Zahnarzt-Bleaching-Erlebnis_simple_compose_01jvyjtwsefnf9xdq5kvk3mv9m-1024x683.webp 1024w, https:\/\/www.zahnarzt-kilchberg.ch\/wp-content\/uploads\/2025\/05\/20250523_1447_Zahnarzt-Bleaching-Erlebnis_simple_compose_01jvyjtwsefnf9xdq5kvk3mv9m-18x12.webp 18w, https:\/\/www.zahnarzt-kilchberg.ch\/wp-content\/uploads\/2025\/05\/20250523_1447_Zahnarzt-Bleaching-Erlebnis_simple_compose_01jvyjtwsefnf9xdq5kvk3mv9m.webp 1536w\" sizes=\"(max-width: 768px) 100vw, 768px\" \/>\t\t\t\t\t\t\t\t\t\t\t\t\t\t\t<\/div>\n\t\t\t\t<\/div>\n\t\t\t\t<\/div>\n\t\t\t\t\t<\/div>\n\t\t\t\t<\/div>\n\t\t<div class=\"elementor-element elementor-element-938cbe9 e-flex e-con-boxed e-con e-parent\" data-id=\"938cbe9\" data-element_type=\"container\" data-e-type=\"container\" data-settings=\"{&quot;background_background&quot;:&quot;classic&quot;}\">\n\t\t\t\t\t<div class=\"e-con-inner\">\n\t\t<div class=\"elementor-element elementor-element-a054ae7 e-con-full e-flex e-con e-child\" data-id=\"a054ae7\" data-element_type=\"container\" data-e-type=\"container\">\n\t\t\t\t<div class=\"elementor-element elementor-element-a8ad4c4 elementor-widget elementor-widget-text-editor\" data-id=\"a8ad4c4\" data-element_type=\"widget\" data-e-type=\"widget\" data-widget_type=\"text-editor.default\">\n\t\t\t\t<div class=\"elementor-widget-container\">\n\t\t\t\t\t\t\t\t\t<p style=\"text-align: center;\"><span style=\"color: #ffffff;\">Le gel est appliqu\u00e9 sur les dents, irradi\u00e9 par la lampe UV sp\u00e9ciale de blanchiment et, apr\u00e8s seulement quelques minutes, les dents sont blanchies. <br \/>1 heure, les dents sont jusqu'\u00e0 3-4 degr\u00e9s de teinte plus claires ! <\/span><br \/><span style=\"color: #ffffff;\">...et ce pour 2 \u00e0 3 ans !<\/span><\/p>\t\t\t\t\t\t\t\t<\/div>\n\t\t\t\t<\/div>\n\t\t\t\t<\/div>\n\t\t\t\t\t<\/div>\n\t\t\t\t<\/div>\n\t\t<div class=\"elementor-element elementor-element-0fe4f2f e-flex e-con-boxed e-con e-parent\" data-id=\"0fe4f2f\" data-element_type=\"container\" data-e-type=\"container\">\n\t\t\t\t\t<div class=\"e-con-inner\">\n\t\t<div class=\"elementor-element elementor-element-dd5cb76 e-con-full e-flex e-con e-child\" data-id=\"dd5cb76\" data-element_type=\"container\" data-e-type=\"container\">\n\t\t<div class=\"elementor-element elementor-element-a3cca65 e-grid e-con-full e-con e-child\" data-id=\"a3cca65\" data-element_type=\"container\" data-e-type=\"container\">\n\t\t\t\t<div class=\"elementor-element elementor-element-b9df60b elementor-widget elementor-widget-image\" data-id=\"b9df60b\" data-element_type=\"widget\" data-e-type=\"widget\" data-widget_type=\"image.default\">\n\t\t\t\t<div class=\"elementor-widget-container\">\n\t\t\t\t\t\t\t\t\t\t\t\t\t\t\t<img decoding=\"async\" width=\"300\" height=\"128\" src=\"https:\/\/www.zahnarzt-kilchberg.ch\/wp-content\/uploads\/2024\/12\/csm_bleaching_vorher_e557175c5b.jpg\" class=\"attachment-large size-large wp-image-2439\" alt=\"\" srcset=\"https:\/\/www.zahnarzt-kilchberg.ch\/wp-content\/uploads\/2024\/12\/csm_bleaching_vorher_e557175c5b.jpg.webp 300w, https:\/\/www.zahnarzt-kilchberg.ch\/wp-content\/uploads\/2024\/12\/csm_bleaching_vorher_e557175c5b-18x8.jpg.webp 18w\" sizes=\"(max-width: 300px) 100vw, 300px\" \/>\t\t\t\t\t\t\t\t\t\t\t\t\t\t\t<\/div>\n\t\t\t\t<\/div>\n\t\t\t\t<div class=\"elementor-element elementor-element-c7b0dc1 elementor-widget elementor-widget-image\" data-id=\"c7b0dc1\" data-element_type=\"widget\" data-e-type=\"widget\" data-widget_type=\"image.default\">\n\t\t\t\t<div class=\"elementor-widget-container\">\n\t\t\t\t\t\t\t\t\t\t\t\t\t\t\t<img loading=\"lazy\" decoding=\"async\" width=\"300\" height=\"128\" src=\"https:\/\/www.zahnarzt-kilchberg.ch\/wp-content\/uploads\/2024\/12\/csm_bleaching_nachher_5116aa82dc.jpg\" class=\"attachment-large size-large wp-image-2519\" alt=\"\" srcset=\"https:\/\/www.zahnarzt-kilchberg.ch\/wp-content\/uploads\/2024\/12\/csm_bleaching_nachher_5116aa82dc.jpg.webp 300w, https:\/\/www.zahnarzt-kilchberg.ch\/wp-content\/uploads\/2024\/12\/csm_bleaching_nachher_5116aa82dc-18x8.jpg.webp 18w\" sizes=\"(max-width: 300px) 100vw, 300px\" \/>\t\t\t\t\t\t\t\t\t\t\t\t\t\t\t<\/div>\n\t\t\t\t<\/div>\n\t\t\t\t<\/div>\n\t\t\t\t<\/div>\n\t\t<div class=\"elementor-element elementor-element-b030958 e-con-full e-flex e-con e-child\" data-id=\"b030958\" data-element_type=\"container\" data-e-type=\"container\">\n\t\t\t\t<div class=\"elementor-element elementor-element-9d15c67 elementor-widget elementor-widget-heading\" data-id=\"9d15c67\" data-element_type=\"widget\" data-e-type=\"widget\" data-widget_type=\"heading.default\">\n\t\t\t\t<div class=\"elementor-widget-container\">\n\t\t\t\t\t<h2 class=\"elementor-heading-title elementor-size-default\">R\u00e9sultats<\/h2>\t\t\t\t<\/div>\n\t\t\t\t<\/div>\n\t\t\t\t<div class=\"elementor-element elementor-element-72c1e41 elementor-widget-divider--view-line elementor-widget elementor-widget-divider\" data-id=\"72c1e41\" data-element_type=\"widget\" data-e-type=\"widget\" data-widget_type=\"divider.default\">\n\t\t\t\t<div class=\"elementor-widget-container\">\n\t\t\t\t\t\t\t<div class=\"elementor-divider\">\n\t\t\t<span class=\"elementor-divider-separator\">\n\t\t\t\t\t\t<\/span>\n\t\t<\/div>\n\t\t\t\t\t\t<\/div>\n\t\t\t\t<\/div>\n\t\t\t\t<div class=\"elementor-element elementor-element-a727e88 elementor-widget elementor-widget-text-editor\" data-id=\"a727e88\" data-element_type=\"widget\" data-e-type=\"widget\" data-widget_type=\"text-editor.default\">\n\t\t\t\t<div class=\"elementor-widget-container\">\n\t\t\t\t\t\t\t\t\t<p><strong>M\u00eame pour le blanchiment, l'\u00e2ge ne joue pratiquement aucun r\u00f4le !<\/strong><\/p>\n<p>Pourquoi ne pas s'offrir le luxe d'avoir de belles dents \u00e0 70 ans ? Cependant, comme les anciennes obturations et couronnes dentaires ne peuvent pas \u00eatre \u00e9claircies, elles doivent \u00eatre remplac\u00e9es apr\u00e8s le blanchiment et adapt\u00e9es \u00e0 la nouvelle couleur des dents.<\/p>\n<p>Blanchiment : uniquement avec le dentiste !<br>Les experts de la clinique universitaire de Zurich mettent en garde contre l'utilisation de pr\u00e9parations de blanchiment achet\u00e9es en pharmacie ou en droguerie sans conseil professionnel. Souvent, le consommateur n'obtient pas le r\u00e9sultat escompt\u00e9 et peut m\u00eame endommager l'\u00e9mail et les gencives.<\/p>\n<p><strong>Le choix de la m\u00e9thode de blanchiment appropri\u00e9e et l'application correcte sont d\u00e9cisifs pour le succ\u00e8s !<\/strong><\/p>\t\t\t\t\t\t\t\t<\/div>\n\t\t\t\t<\/div>\n\t\t\t\t<\/div>\n\t\t\t\t\t<\/div>\n\t\t\t\t<\/div>\n\t\t\t\t<\/div>","protected":false},"excerpt":{"rendered":"<p>Bleaching Strahlend weisse Z\u00e4hne in nur einer Stunde! Nicht nur gesund, sondern auch sch\u00f6n m\u00fcssen die Z\u00e4hnein der heutigen Gesellschaft sein\u2026! Das Zauberwort heisst \u201cBleaching\u201d. Bleaching ist der englische Ausdruck f\u00fcr Bleichen und die Werbung verspricht ein strahlend weisses L\u00e4cheln f\u00fcr viele Jahre\u2026und diesmal hat sie recht! Weisse, strahlende Z\u00e4hne gelten heute als Synonym f\u00fcr [&hellip;]<\/p>\n","protected":false},"author":1,"featured_media":0,"parent":0,"menu_order":0,"comment_status":"closed","ping_status":"closed","template":"","meta":{"footnotes":""},"class_list":["post-201","page","type-page","status-publish","hentry"],"_links":{"self":[{"href":"https:\/\/www.zahnarzt-kilchberg.ch\/fr\/wp-json\/wp\/v2\/pages\/201","targetHints":{"allow":["GET"]}}],"collection":[{"href":"https:\/\/www.zahnarzt-kilchberg.ch\/fr\/wp-json\/wp\/v2\/pages"}],"about":[{"href":"https:\/\/www.zahnarzt-kilchberg.ch\/fr\/wp-json\/wp\/v2\/types\/page"}],"author":[{"embeddable":true,"href":"https:\/\/www.zahnarzt-kilchberg.ch\/fr\/wp-json\/wp\/v2\/users\/1"}],"replies":[{"embeddable":true,"href":"https:\/\/www.zahnarzt-kilchberg.ch\/fr\/wp-json\/wp\/v2\/comments?post=201"}],"version-history":[{"count":28,"href":"https:\/\/www.zahnarzt-kilchberg.ch\/fr\/wp-json\/wp\/v2\/pages\/201\/revisions"}],"predecessor-version":[{"id":5284,"href":"https:\/\/www.zahnarzt-kilchberg.ch\/fr\/wp-json\/wp\/v2\/pages\/201\/revisions\/5284"}],"wp:attachment":[{"href":"https:\/\/www.zahnarzt-kilchberg.ch\/fr\/wp-json\/wp\/v2\/media?parent=201"}],"curies":[{"name":"wp","href":"https:\/\/api.w.org\/{rel}","templated":true}]}}