{"id":193,"date":"2024-09-02T22:27:14","date_gmt":"2024-09-02T20:27:14","guid":{"rendered":"https:\/\/demo.zahnarzt-kilchberg.ch\/?page_id=193"},"modified":"2026-02-09T23:30:13","modified_gmt":"2026-02-09T22:30:13","slug":"hygiene-dentaire","status":"publish","type":"page","link":"https:\/\/www.zahnarzt-kilchberg.ch\/fr\/dentalhygiene\/","title":{"rendered":"Hygi\u00e8ne dentaire"},"content":{"rendered":"<div data-elementor-type=\"wp-page\" data-elementor-id=\"193\" class=\"elementor elementor-193\" data-elementor-post-type=\"page\">\n\t\t\t\t<div class=\"elementor-element elementor-element-0e16858 e-con-full e-flex e-con e-parent\" data-id=\"0e16858\" data-element_type=\"container\" data-e-type=\"container\" data-settings=\"{&quot;background_background&quot;:&quot;classic&quot;}\">\n\t\t<div class=\"elementor-element elementor-element-228bec3 e-flex e-con-boxed e-con e-child\" data-id=\"228bec3\" data-element_type=\"container\" data-e-type=\"container\" data-settings=\"{&quot;background_background&quot;:&quot;classic&quot;}\">\n\t\t\t\t\t<div class=\"e-con-inner\">\n\t\t\t\t<div class=\"elementor-element elementor-element-2198481 elementor-widget elementor-widget-heading\" data-id=\"2198481\" data-element_type=\"widget\" data-e-type=\"widget\" data-widget_type=\"heading.default\">\n\t\t\t\t<div class=\"elementor-widget-container\">\n\t\t\t\t\t<h1 class=\"elementor-heading-title elementor-size-default\">Hygi\u00e8ne dentaire - Votre spa dentaire<\/h1>\t\t\t\t<\/div>\n\t\t\t\t<\/div>\n\t\t\t\t\t<\/div>\n\t\t\t\t<\/div>\n\t\t\t\t<\/div>\n\t\t<div class=\"elementor-element elementor-element-195ccdf e-flex e-con-boxed e-con e-parent\" data-id=\"195ccdf\" data-element_type=\"container\" data-e-type=\"container\" data-settings=\"{&quot;background_background&quot;:&quot;classic&quot;}\">\n\t\t\t\t\t<div class=\"e-con-inner\">\n\t\t<div class=\"elementor-element elementor-element-fd7b5fe e-con-full e-flex e-con e-child\" data-id=\"fd7b5fe\" data-element_type=\"container\" data-e-type=\"container\">\n\t\t\t\t<div class=\"elementor-element elementor-element-7c3b02c elementor-widget elementor-widget-image\" data-id=\"7c3b02c\" data-element_type=\"widget\" data-e-type=\"widget\" data-widget_type=\"image.default\">\n\t\t\t\t<div class=\"elementor-widget-container\">\n\t\t\t\t\t\t\t\t\t\t\t\t\t\t\t<img fetchpriority=\"high\" decoding=\"async\" width=\"300\" height=\"200\" src=\"https:\/\/www.zahnarzt-kilchberg.ch\/wp-content\/uploads\/2025\/05\/20250523_1438_Auto-Glanzpolitur-Nahaufnahme_simple_compose_01jvyjaqzffv4aea8zgm3tt0m0-300x200.webp\" class=\"attachment-medium size-medium wp-image-5269\" alt=\"\" srcset=\"https:\/\/www.zahnarzt-kilchberg.ch\/wp-content\/uploads\/2025\/05\/20250523_1438_Auto-Glanzpolitur-Nahaufnahme_simple_compose_01jvyjaqzffv4aea8zgm3tt0m0-300x200.webp 300w, https:\/\/www.zahnarzt-kilchberg.ch\/wp-content\/uploads\/2025\/05\/20250523_1438_Auto-Glanzpolitur-Nahaufnahme_simple_compose_01jvyjaqzffv4aea8zgm3tt0m0-1024x683.webp 1024w, https:\/\/www.zahnarzt-kilchberg.ch\/wp-content\/uploads\/2025\/05\/20250523_1438_Auto-Glanzpolitur-Nahaufnahme_simple_compose_01jvyjaqzffv4aea8zgm3tt0m0-768x512.webp 768w, https:\/\/www.zahnarzt-kilchberg.ch\/wp-content\/uploads\/2025\/05\/20250523_1438_Auto-Glanzpolitur-Nahaufnahme_simple_compose_01jvyjaqzffv4aea8zgm3tt0m0-18x12.webp 18w, https:\/\/www.zahnarzt-kilchberg.ch\/wp-content\/uploads\/2025\/05\/20250523_1438_Auto-Glanzpolitur-Nahaufnahme_simple_compose_01jvyjaqzffv4aea8zgm3tt0m0.webp 1536w\" sizes=\"(max-width: 300px) 100vw, 300px\" \/>\t\t\t\t\t\t\t\t\t\t\t\t\t\t\t<\/div>\n\t\t\t\t<\/div>\n\t\t\t\t<\/div>\n\t\t<div class=\"elementor-element elementor-element-0dfb331 e-con-full e-flex e-con e-child\" data-id=\"0dfb331\" data-element_type=\"container\" data-e-type=\"container\">\n\t\t\t\t<div class=\"elementor-element elementor-element-f2dd5ec elementor-widget elementor-widget-heading\" data-id=\"f2dd5ec\" data-element_type=\"widget\" data-e-type=\"widget\" data-widget_type=\"heading.default\">\n\t\t\t\t<div class=\"elementor-widget-container\">\n\t\t\t\t\t<h2 class=\"elementor-heading-title elementor-size-default\">\"Des dents saines toute la vie\" est notre objectif commun.\n<\/h2>\t\t\t\t<\/div>\n\t\t\t\t<\/div>\n\t\t\t\t<div class=\"elementor-element elementor-element-6cab09a elementor-widget-divider--view-line elementor-widget elementor-widget-divider\" data-id=\"6cab09a\" data-element_type=\"widget\" data-e-type=\"widget\" data-widget_type=\"divider.default\">\n\t\t\t\t<div class=\"elementor-widget-container\">\n\t\t\t\t\t\t\t<div class=\"elementor-divider\">\n\t\t\t<span class=\"elementor-divider-separator\">\n\t\t\t\t\t\t<\/span>\n\t\t<\/div>\n\t\t\t\t\t\t<\/div>\n\t\t\t\t<\/div>\n\t\t\t\t<div class=\"elementor-element elementor-element-9bcc029 elementor-widget elementor-widget-text-editor\" data-id=\"9bcc029\" data-element_type=\"widget\" data-e-type=\"widget\" data-widget_type=\"text-editor.default\">\n\t\t\t\t<div class=\"elementor-widget-container\">\n\t\t\t\t\t\t\t\t\t<p>Les dommages aux dents et aux gencives peuvent \u00eatre \u00e9vit\u00e9s en amont. C'est pourquoi notre hygi\u00e9niste dentaire exp\u00e9riment\u00e9e vous accompagnera de mani\u00e8re intensive et individuelle, depuis le nettoyage professionnel des dents jusqu'\u00e0 l'\u00e9laboration de votre concept personnel d'hygi\u00e8ne buccale et de pr\u00e9vention.<\/p>\t\t\t\t\t\t\t\t<\/div>\n\t\t\t\t<\/div>\n\t\t\t\t<\/div>\n\t\t\t\t\t<\/div>\n\t\t\t\t<\/div>\n\t\t<div class=\"elementor-element elementor-element-ba7a9a9 e-flex e-con-boxed e-con e-parent\" data-id=\"ba7a9a9\" data-element_type=\"container\" data-e-type=\"container\">\n\t\t\t\t\t<div class=\"e-con-inner\">\n\t\t<div class=\"elementor-element elementor-element-b279f0b e-con-full e-flex e-con e-child\" data-id=\"b279f0b\" data-element_type=\"container\" data-e-type=\"container\">\n\t\t\t\t<div class=\"elementor-element elementor-element-2dec08b elementor-widget elementor-widget-heading\" data-id=\"2dec08b\" data-element_type=\"widget\" data-e-type=\"widget\" data-widget_type=\"heading.default\">\n\t\t\t\t<div class=\"elementor-widget-container\">\n\t\t\t\t\t<h2 class=\"elementor-heading-title elementor-size-default\">Pr\u00e9venir, c'est pr\u00e9venir !<\/h2>\t\t\t\t<\/div>\n\t\t\t\t<\/div>\n\t\t\t\t<div class=\"elementor-element elementor-element-3135e9d elementor-widget-divider--view-line elementor-widget elementor-widget-divider\" data-id=\"3135e9d\" data-element_type=\"widget\" data-e-type=\"widget\" data-widget_type=\"divider.default\">\n\t\t\t\t<div class=\"elementor-widget-container\">\n\t\t\t\t\t\t\t<div class=\"elementor-divider\">\n\t\t\t<span class=\"elementor-divider-separator\">\n\t\t\t\t\t\t<\/span>\n\t\t<\/div>\n\t\t\t\t\t\t<\/div>\n\t\t\t\t<\/div>\n\t\t\t\t<div class=\"elementor-element elementor-element-556c0c4 elementor-widget elementor-widget-text-editor\" data-id=\"556c0c4\" data-element_type=\"widget\" data-e-type=\"widget\" data-widget_type=\"text-editor.default\">\n\t\t\t\t<div class=\"elementor-widget-container\">\n\t\t\t\t\t\t\t\t\t<p>Pr\u00e9vention signifie pr\u00e9venir. La pr\u00e9vention (prophylaxie) est pratiqu\u00e9e dans de nombreux domaines de la m\u00e9decine, comme la vaccination orale contre la poliomy\u00e9lite = pr\u00e9vention ou le d\u00e9pistage du cancer = pr\u00e9vention.<br \/>En m\u00e9decine dentaire aussi, il existe une pr\u00e9vention contre les caries et les maladies des gencives (= parodontite), mais malheureusement, la plupart des patients ne le savent pas encore assez.<\/p>\t\t\t\t\t\t\t\t<\/div>\n\t\t\t\t<\/div>\n\t\t\t\t<\/div>\n\t\t<div class=\"elementor-element elementor-element-52ced59 e-con-full e-flex e-con e-child\" data-id=\"52ced59\" data-element_type=\"container\" data-e-type=\"container\">\n\t\t\t\t<div class=\"elementor-element elementor-element-5e18bc8 elementor-widget elementor-widget-image\" data-id=\"5e18bc8\" data-element_type=\"widget\" data-e-type=\"widget\" data-widget_type=\"image.default\">\n\t\t\t\t<div class=\"elementor-widget-container\">\n\t\t\t\t\t\t\t\t\t\t\t\t\t\t\t<img decoding=\"async\" width=\"300\" height=\"200\" src=\"https:\/\/www.zahnarzt-kilchberg.ch\/wp-content\/uploads\/2025\/05\/20250523_1425_Dental-Hygiene-Essentials_simple_compose_01jvyhkb6te8dtt69pf8b5r83e-300x200.webp\" class=\"attachment-medium size-medium wp-image-5268\" alt=\"\" srcset=\"https:\/\/www.zahnarzt-kilchberg.ch\/wp-content\/uploads\/2025\/05\/20250523_1425_Dental-Hygiene-Essentials_simple_compose_01jvyhkb6te8dtt69pf8b5r83e-300x200.webp 300w, https:\/\/www.zahnarzt-kilchberg.ch\/wp-content\/uploads\/2025\/05\/20250523_1425_Dental-Hygiene-Essentials_simple_compose_01jvyhkb6te8dtt69pf8b5r83e-1024x683.webp 1024w, https:\/\/www.zahnarzt-kilchberg.ch\/wp-content\/uploads\/2025\/05\/20250523_1425_Dental-Hygiene-Essentials_simple_compose_01jvyhkb6te8dtt69pf8b5r83e-768x512.webp 768w, https:\/\/www.zahnarzt-kilchberg.ch\/wp-content\/uploads\/2025\/05\/20250523_1425_Dental-Hygiene-Essentials_simple_compose_01jvyhkb6te8dtt69pf8b5r83e-18x12.webp 18w, https:\/\/www.zahnarzt-kilchberg.ch\/wp-content\/uploads\/2025\/05\/20250523_1425_Dental-Hygiene-Essentials_simple_compose_01jvyhkb6te8dtt69pf8b5r83e.webp 1536w\" sizes=\"(max-width: 300px) 100vw, 300px\" \/>\t\t\t\t\t\t\t\t\t\t\t\t\t\t\t<\/div>\n\t\t\t\t<\/div>\n\t\t\t\t<\/div>\n\t\t\t\t\t<\/div>\n\t\t\t\t<\/div>\n\t\t<div class=\"elementor-element elementor-element-a262959 e-flex e-con-boxed e-con e-parent\" data-id=\"a262959\" data-element_type=\"container\" data-e-type=\"container\" data-settings=\"{&quot;background_background&quot;:&quot;classic&quot;}\">\n\t\t\t\t\t<div class=\"e-con-inner\">\n\t\t<div class=\"elementor-element elementor-element-c75469a e-con-full e-flex e-con e-child\" data-id=\"c75469a\" data-element_type=\"container\" data-e-type=\"container\">\n\t\t\t\t<div class=\"elementor-element elementor-element-0336873 elementor-widget elementor-widget-heading\" data-id=\"0336873\" data-element_type=\"widget\" data-e-type=\"widget\" data-widget_type=\"heading.default\">\n\t\t\t\t<div class=\"elementor-widget-container\">\n\t\t\t\t\t<h2 class=\"elementor-heading-title elementor-size-default\">Voici quelques chiffres (au niveau mondial)<\/h2>\t\t\t\t<\/div>\n\t\t\t\t<\/div>\n\t\t\t\t<div class=\"elementor-element elementor-element-5199d52 elementor-widget-divider--view-line elementor-widget elementor-widget-divider\" data-id=\"5199d52\" data-element_type=\"widget\" data-e-type=\"widget\" data-widget_type=\"divider.default\">\n\t\t\t\t<div class=\"elementor-widget-container\">\n\t\t\t\t\t\t\t<div class=\"elementor-divider\">\n\t\t\t<span class=\"elementor-divider-separator\">\n\t\t\t\t\t\t<\/span>\n\t\t<\/div>\n\t\t\t\t\t\t<\/div>\n\t\t\t\t<\/div>\n\t\t\t\t<div class=\"elementor-element elementor-element-3e842ad elementor-widget elementor-widget-text-editor\" data-id=\"3e842ad\" data-element_type=\"widget\" data-e-type=\"widget\" data-widget_type=\"text-editor.default\">\n\t\t\t\t<div class=\"elementor-widget-container\">\n\t\t\t\t\t\t\t\t\t<p><span style=\"color: #ffffff;\">Les caries et la parodontite sont le fl\u00e9au num\u00e9ro 1 de la population et malheureusement les maladies les plus fr\u00e9quentes - et pas seulement des dents :<\/span><\/p>\t\t\t\t\t\t\t\t<\/div>\n\t\t\t\t<\/div>\n\t\t\t\t<div class=\"elementor-element elementor-element-a528199 elementor-icon-list--layout-traditional elementor-list-item-link-full_width elementor-widget elementor-widget-icon-list\" data-id=\"a528199\" data-element_type=\"widget\" data-e-type=\"widget\" data-widget_type=\"icon-list.default\">\n\t\t\t\t<div class=\"elementor-widget-container\">\n\t\t\t\t\t\t\t<ul class=\"elementor-icon-list-items\">\n\t\t\t\t\t\t\t<li class=\"elementor-icon-list-item\">\n\t\t\t\t\t\t\t\t\t\t\t<span class=\"elementor-icon-list-icon\">\n\t\t\t\t\t\t\t<svg aria-hidden=\"true\" class=\"e-font-icon-svg e-fas-chevron-right\" viewbox=\"0 0 320 512\" xmlns=\"http:\/\/www.w3.org\/2000\/svg\"><path d=\"M285.476 272.971L91.132 467.314c-9.373 9.373-24.569 9.373-33.941 0l-22.667-22.667c-9.357-9.357-9.375-24.522-.04-33.901L188.505 256 34.484 101.255c-9.335-9.379-9.317-24.544.04-33.901l22.667-22.667c9.373-9.373 24.569-9.373 33.941 0L285.475 239.03c9.373 9.372 9.373 24.568.001 33.941z\"><\/path><\/svg>\t\t\t\t\t\t<\/span>\n\t\t\t\t\t\t\t\t\t\t<span class=\"elementor-icon-list-text\">environ 95% de la population en sont atteints et sont porteurs de l'agent pathog\u00e8ne<\/span>\n\t\t\t\t\t\t\t\t\t<\/li>\n\t\t\t\t\t\t\t\t<li class=\"elementor-icon-list-item\">\n\t\t\t\t\t\t\t\t\t\t\t<span class=\"elementor-icon-list-icon\">\n\t\t\t\t\t\t\t<svg aria-hidden=\"true\" class=\"e-font-icon-svg e-fas-chevron-right\" viewbox=\"0 0 320 512\" xmlns=\"http:\/\/www.w3.org\/2000\/svg\"><path d=\"M285.476 272.971L91.132 467.314c-9.373 9.373-24.569 9.373-33.941 0l-22.667-22.667c-9.357-9.357-9.375-24.522-.04-33.901L188.505 256 34.484 101.255c-9.335-9.379-9.317-24.544.04-33.901l22.667-22.667c9.373-9.373 24.569-9.373 33.941 0L285.475 239.03c9.373 9.372 9.373 24.568.001 33.941z\"><\/path><\/svg>\t\t\t\t\t\t<\/span>\n\t\t\t\t\t\t\t\t\t\t<span class=\"elementor-icon-list-text\">Seuls 36% des enfants de 6 ans ont une dentition saine<\/span>\n\t\t\t\t\t\t\t\t\t<\/li>\n\t\t\t\t\t\t\t\t<li class=\"elementor-icon-list-item\">\n\t\t\t\t\t\t\t\t\t\t\t<span class=\"elementor-icon-list-icon\">\n\t\t\t\t\t\t\t<svg aria-hidden=\"true\" class=\"e-font-icon-svg e-fas-chevron-right\" viewbox=\"0 0 320 512\" xmlns=\"http:\/\/www.w3.org\/2000\/svg\"><path d=\"M285.476 272.971L91.132 467.314c-9.373 9.373-24.569 9.373-33.941 0l-22.667-22.667c-9.357-9.357-9.375-24.522-.04-33.901L188.505 256 34.484 101.255c-9.335-9.379-9.317-24.544.04-33.901l22.667-22.667c9.373-9.373 24.569-9.373 33.941 0L285.475 239.03c9.373 9.372 9.373 24.568.001 33.941z\"><\/path><\/svg>\t\t\t\t\t\t<\/span>\n\t\t\t\t\t\t\t\t\t\t<span class=\"elementor-icon-list-text\">13% ! de la population totale \u00e2g\u00e9e de 14 ans et plus portent une proth\u00e8se compl\u00e8te !<\/span>\n\t\t\t\t\t\t\t\t\t<\/li>\n\t\t\t\t\t\t<\/ul>\n\t\t\t\t\t\t<\/div>\n\t\t\t\t<\/div>\n\t\t\t\t<div class=\"elementor-element elementor-element-005a113 elementor-widget elementor-widget-text-editor\" data-id=\"005a113\" data-element_type=\"widget\" data-e-type=\"widget\" data-widget_type=\"text-editor.default\">\n\t\t\t\t<div class=\"elementor-widget-container\">\n\t\t\t\t\t\t\t\t\t<p><span style=\"color: #ffffff;\">Pourtant, les caries et les maladies des gencives sont aujourd'hui presque 100% \u00e9vitables !<\/span><\/p><p><strong><span style=\"color: #ffffff;\">Faisons-le ensemble !<\/span><\/strong><\/p>\t\t\t\t\t\t\t\t<\/div>\n\t\t\t\t<\/div>\n\t\t\t\t<\/div>\n\t\t\t\t\t<\/div>\n\t\t\t\t<\/div>\n\t\t<div class=\"elementor-element elementor-element-d015d3d e-flex e-con-boxed e-con e-parent\" data-id=\"d015d3d\" data-element_type=\"container\" data-e-type=\"container\">\n\t\t\t\t\t<div class=\"e-con-inner\">\n\t\t<div class=\"elementor-element elementor-element-e6396ae e-con-full e-flex e-con e-child\" data-id=\"e6396ae\" data-element_type=\"container\" data-e-type=\"container\">\n\t\t\t\t<div class=\"elementor-element elementor-element-3867c2b elementor-widget elementor-widget-image\" data-id=\"3867c2b\" data-element_type=\"widget\" data-e-type=\"widget\" data-widget_type=\"image.default\">\n\t\t\t\t<div class=\"elementor-widget-container\">\n\t\t\t\t\t\t\t\t\t\t\t\t\t\t\t<img decoding=\"async\" width=\"768\" height=\"1152\" src=\"https:\/\/www.zahnarzt-kilchberg.ch\/wp-content\/uploads\/2025\/02\/218-2409_Zahnarzt_Kilchberg_178-768x1152.webp\" class=\"attachment-medium_large size-medium_large wp-image-4046\" alt=\"\" srcset=\"https:\/\/www.zahnarzt-kilchberg.ch\/wp-content\/uploads\/2025\/02\/218-2409_Zahnarzt_Kilchberg_178-768x1152.webp 768w, https:\/\/www.zahnarzt-kilchberg.ch\/wp-content\/uploads\/2025\/02\/218-2409_Zahnarzt_Kilchberg_178-200x300.webp 200w, https:\/\/www.zahnarzt-kilchberg.ch\/wp-content\/uploads\/2025\/02\/218-2409_Zahnarzt_Kilchberg_178-683x1024.webp 683w, https:\/\/www.zahnarzt-kilchberg.ch\/wp-content\/uploads\/2025\/02\/218-2409_Zahnarzt_Kilchberg_178-1024x1536.webp 1024w, https:\/\/www.zahnarzt-kilchberg.ch\/wp-content\/uploads\/2025\/02\/218-2409_Zahnarzt_Kilchberg_178-8x12.webp 8w, https:\/\/www.zahnarzt-kilchberg.ch\/wp-content\/uploads\/2025\/02\/218-2409_Zahnarzt_Kilchberg_178.webp 1067w\" sizes=\"(max-width: 768px) 100vw, 768px\" \/>\t\t\t\t\t\t\t\t\t\t\t\t\t\t\t<\/div>\n\t\t\t\t<\/div>\n\t\t\t\t<\/div>\n\t\t<div class=\"elementor-element elementor-element-45bb3ac e-con-full e-flex e-con e-child\" data-id=\"45bb3ac\" data-element_type=\"container\" data-e-type=\"container\">\n\t\t\t\t<div class=\"elementor-element elementor-element-b700b72 elementor-widget elementor-widget-heading\" data-id=\"b700b72\" data-element_type=\"widget\" data-e-type=\"widget\" data-widget_type=\"heading.default\">\n\t\t\t\t<div class=\"elementor-widget-container\">\n\t\t\t\t\t<h2 class=\"elementor-heading-title elementor-size-default\">Les caries et la parodontite sont des maladies infectieuses !<\/h2>\t\t\t\t<\/div>\n\t\t\t\t<\/div>\n\t\t\t\t<div class=\"elementor-element elementor-element-d1b9e08 elementor-widget-divider--view-line elementor-widget elementor-widget-divider\" data-id=\"d1b9e08\" data-element_type=\"widget\" data-e-type=\"widget\" data-widget_type=\"divider.default\">\n\t\t\t\t<div class=\"elementor-widget-container\">\n\t\t\t\t\t\t\t<div class=\"elementor-divider\">\n\t\t\t<span class=\"elementor-divider-separator\">\n\t\t\t\t\t\t<\/span>\n\t\t<\/div>\n\t\t\t\t\t\t<\/div>\n\t\t\t\t<\/div>\n\t\t\t\t<div class=\"elementor-element elementor-element-27615d6 elementor-widget elementor-widget-text-editor\" data-id=\"27615d6\" data-element_type=\"widget\" data-e-type=\"widget\" data-widget_type=\"text-editor.default\">\n\t\t\t\t<div class=\"elementor-widget-container\">\n\t\t\t\t\t\t\t\t\t<p>De nombreuses \u00e9tudes scientifiques ont clairement \u00e9tabli que la carie dentaire est une maladie infectieuse bact\u00e9rienne caus\u00e9e, entre autres, par les bact\u00e9ries Streptococcus Mutans. Tout le monde est porteur de ces bact\u00e9ries transmissibles.<\/p><p>Elles sont par exemple transmises de la m\u00e8re \u00e0 l'enfant, ce qui explique la fr\u00e9quence des caries sp\u00e9cifiques \u00e0 chaque famille.<\/p><p>L'objectif doit donc \u00eatre une r\u00e9duction des bact\u00e9ries - gr\u00e2ce \u00e0 votre collaboration et \u00e0 des programmes de pr\u00e9vention sp\u00e9ciaux dans notre cabinet dentaire !<\/p>\t\t\t\t\t\t\t\t<\/div>\n\t\t\t\t<\/div>\n\t\t\t\t<\/div>\n\t\t\t\t\t<\/div>\n\t\t\t\t<\/div>\n\t\t<div class=\"elementor-element elementor-element-0aa7faf e-flex e-con-boxed e-con e-parent\" data-id=\"0aa7faf\" data-element_type=\"container\" data-e-type=\"container\">\n\t\t\t\t\t<div class=\"e-con-inner\">\n\t\t<div class=\"elementor-element elementor-element-c3fd0f5 e-con-full e-flex e-con e-child\" data-id=\"c3fd0f5\" data-element_type=\"container\" data-e-type=\"container\">\n\t\t\t\t<div class=\"elementor-element elementor-element-6193275 elementor-widget elementor-widget-heading\" data-id=\"6193275\" data-element_type=\"widget\" data-e-type=\"widget\" data-widget_type=\"heading.default\">\n\t\t\t\t<div class=\"elementor-widget-container\">\n\t\t\t\t\t<h2 class=\"elementor-heading-title elementor-size-default\">D\u00e9roulement de l'hygi\u00e8ne dentaire<\/h2>\t\t\t\t<\/div>\n\t\t\t\t<\/div>\n\t\t\t\t<div class=\"elementor-element elementor-element-7386d42 elementor-widget-divider--view-line elementor-widget elementor-widget-divider\" data-id=\"7386d42\" data-element_type=\"widget\" data-e-type=\"widget\" data-widget_type=\"divider.default\">\n\t\t\t\t<div class=\"elementor-widget-container\">\n\t\t\t\t\t\t\t<div class=\"elementor-divider\">\n\t\t\t<span class=\"elementor-divider-separator\">\n\t\t\t\t\t\t<\/span>\n\t\t<\/div>\n\t\t\t\t\t\t<\/div>\n\t\t\t\t<\/div>\n\t\t\t\t<div class=\"elementor-element elementor-element-3f3b888 elementor-widget elementor-widget-text-editor\" data-id=\"3f3b888\" data-element_type=\"widget\" data-e-type=\"widget\" data-widget_type=\"text-editor.default\">\n\t\t\t\t<div class=\"elementor-widget-container\">\n\t\t\t\t\t\t\t\t\t<p>La s\u00e9ance commence toujours par un examen de la dent et de la gencive. Une fois par an, l'indice de d\u00e9pistage parodontal, \"PSI\", est \u00e9galement relev\u00e9 ici. Dans le cadre d'une proc\u00e9dure de d\u00e9pistage rapide, l'\u00e9tat de sant\u00e9 de votre parodonte (gencive et appareil de soutien de la dent) est d\u00e9termin\u00e9 par la mesure des poches gingivales et class\u00e9 en diff\u00e9rents degr\u00e9s de 0 (sain) \u00e0 4 (gravement atteint). En fonction du degr\u00e9 de gravit\u00e9, la planification du traitement ult\u00e9rieur et la d\u00e9termination de l'intervalle entre les s\u00e9ances d'hygi\u00e8ne dentaire sont effectu\u00e9es selon notre concept de pr\u00e9vention et de traitement.<\/p>\n<p>Ensuite, on commence \u00e0 \u00e9liminer en douceur et en profondeur les d\u00e9p\u00f4ts durs et mous \u00e0 la surface des dents \u00e0 l'aide d'instruments manuels, ainsi que d'appareils \u00e0 ultrasons et \u00e0 jet de poudre. Afin de rendre l'adh\u00e9sion des bact\u00e9ries et des d\u00e9p\u00f4ts plus difficile, les surfaces des dents sont polies jusqu'\u00e0 ce qu'elles soient brillantes \u00e0 l'aide de polissoirs sp\u00e9ciaux.<\/p>\n<p>Enfin, vous recevez une formation et des informations cibl\u00e9es sur l'hygi\u00e8ne bucco-dentaire quotidienne et les \u00e9ventuelles zones \u00e0 probl\u00e8mes, ainsi que des r\u00e9ponses \u00e0 vos questions.<\/p>\t\t\t\t\t\t\t\t<\/div>\n\t\t\t\t<\/div>\n\t\t\t\t<\/div>\n\t\t<div class=\"elementor-element elementor-element-1e5b9dc e-con-full e-flex e-con e-child\" data-id=\"1e5b9dc\" data-element_type=\"container\" data-e-type=\"container\">\n\t\t\t\t<div class=\"elementor-element elementor-element-1c79784 elementor-widget elementor-widget-image\" data-id=\"1c79784\" data-element_type=\"widget\" data-e-type=\"widget\" data-widget_type=\"image.default\">\n\t\t\t\t<div class=\"elementor-widget-container\">\n\t\t\t\t\t\t\t\t\t\t\t\t\t\t\t<img loading=\"lazy\" decoding=\"async\" width=\"325\" height=\"212\" src=\"https:\/\/www.zahnarzt-kilchberg.ch\/wp-content\/uploads\/2025\/01\/Politur.jpg\" class=\"attachment-medium_large size-medium_large wp-image-3232\" alt=\"\" srcset=\"https:\/\/www.zahnarzt-kilchberg.ch\/wp-content\/uploads\/2025\/01\/Politur.jpg.webp 325w, https:\/\/www.zahnarzt-kilchberg.ch\/wp-content\/uploads\/2025\/01\/Politur-300x196.jpg.webp 300w, https:\/\/www.zahnarzt-kilchberg.ch\/wp-content\/uploads\/2025\/01\/Politur-18x12.jpg.webp 18w\" sizes=\"(max-width: 325px) 100vw, 325px\" \/>\t\t\t\t\t\t\t\t\t\t\t\t\t\t\t<\/div>\n\t\t\t\t<\/div>\n\t\t\t\t<\/div>\n\t\t\t\t\t<\/div>\n\t\t\t\t<\/div>\n\t\t<div class=\"elementor-element elementor-element-19bebaf e-flex e-con-boxed e-con e-parent\" data-id=\"19bebaf\" data-element_type=\"container\" data-e-type=\"container\">\n\t\t\t\t\t<div class=\"e-con-inner\">\n\t\t<div class=\"elementor-element elementor-element-356fcd2 e-con-full e-flex e-con e-child\" data-id=\"356fcd2\" data-element_type=\"container\" data-e-type=\"container\">\n\t\t\t\t<div class=\"elementor-element elementor-element-d37f5a7 elementor-view-default elementor-widget elementor-widget-icon\" data-id=\"d37f5a7\" data-element_type=\"widget\" data-e-type=\"widget\" data-widget_type=\"icon.default\">\n\t\t\t\t<div class=\"elementor-widget-container\">\n\t\t\t\t\t\t\t<div class=\"elementor-icon-wrapper\">\n\t\t\t<div class=\"elementor-icon\">\n\t\t\t<svg aria-hidden=\"true\" class=\"e-font-icon-svg e-fas-quote-left\" viewbox=\"0 0 512 512\" xmlns=\"http:\/\/www.w3.org\/2000\/svg\"><path d=\"M464 256h-80v-64c0-35.3 28.7-64 64-64h8c13.3 0 24-10.7 24-24V56c0-13.3-10.7-24-24-24h-8c-88.4 0-160 71.6-160 160v240c0 26.5 21.5 48 48 48h128c26.5 0 48-21.5 48-48V304c0-26.5-21.5-48-48-48zm-288 0H96v-64c0-35.3 28.7-64 64-64h8c13.3 0 24-10.7 24-24V56c0-13.3-10.7-24-24-24h-8C71.6 32 0 103.6 0 192v240c0 26.5 21.5 48 48 48h128c26.5 0 48-21.5 48-48V304c0-26.5-21.5-48-48-48z\"><\/path><\/svg>\t\t\t<\/div>\n\t\t<\/div>\n\t\t\t\t\t\t<\/div>\n\t\t\t\t<\/div>\n\t\t\t\t<div class=\"elementor-element elementor-element-fe6dd3c elementor-widget elementor-widget-text-editor\" data-id=\"fe6dd3c\" data-element_type=\"widget\" data-e-type=\"widget\" data-widget_type=\"text-editor.default\">\n\t\t\t\t<div class=\"elementor-widget-container\">\n\t\t\t\t\t\t\t\t\t<p>Vous voyez... nous travaillons en profondeur... et cela prend bien s\u00fbr du temps ! Veuillez donc pr\u00e9voir 60 minutes pour votre rendez-vous d'hygi\u00e8ne dentaire.<\/p>\t\t\t\t\t\t\t\t<\/div>\n\t\t\t\t<\/div>\n\t\t\t\t<div class=\"elementor-element elementor-element-631767b elementor-widget-divider--view-line elementor-widget elementor-widget-divider\" data-id=\"631767b\" data-element_type=\"widget\" data-e-type=\"widget\" data-widget_type=\"divider.default\">\n\t\t\t\t<div class=\"elementor-widget-container\">\n\t\t\t\t\t\t\t<div class=\"elementor-divider\">\n\t\t\t<span class=\"elementor-divider-separator\">\n\t\t\t\t\t\t<\/span>\n\t\t<\/div>\n\t\t\t\t\t\t<\/div>\n\t\t\t\t<\/div>\n\t\t\t\t<div class=\"elementor-element elementor-element-75bbe3f elementor-widget elementor-widget-text-editor\" data-id=\"75bbe3f\" data-element_type=\"widget\" data-e-type=\"widget\" data-widget_type=\"text-editor.default\">\n\t\t\t\t<div class=\"elementor-widget-container\">\n\t\t\t\t\t\t\t\t\t<p>Dr. Jens Tartsch<\/p>\t\t\t\t\t\t\t\t<\/div>\n\t\t\t\t<\/div>\n\t\t\t\t<\/div>\n\t\t\t\t\t<\/div>\n\t\t\t\t<\/div>\n\t\t\t\t<\/div>","protected":false},"excerpt":{"rendered":"<p>Dentalhygiene &#8211; Ihr Dental Spa \u201eGesunde Z\u00e4hne ein Leben lang\u201c ist unser gemeinsames Ziel. Sch\u00e4den an Zahn und Zahnfleisch k\u00f6nnen schon im Vorfeld vermieden werden. Daher wird Sie unsere erfahrene Dentalhygienikerin von der professionellen Zahnreinigung bis hin zur Erarbeitung Ihres pers\u00f6nlichen Mundhygiene- und Vorbeugungskonzeptes intensiv und individuell betreuen. Pr\u00e4vention ist gleich Vorbeugung! Pr\u00e4vention bedeutet Vorbeugung. [&hellip;]<\/p>\n","protected":false},"author":1,"featured_media":0,"parent":0,"menu_order":0,"comment_status":"closed","ping_status":"closed","template":"","meta":{"footnotes":""},"class_list":["post-193","page","type-page","status-publish","hentry"],"_links":{"self":[{"href":"https:\/\/www.zahnarzt-kilchberg.ch\/fr\/wp-json\/wp\/v2\/pages\/193","targetHints":{"allow":["GET"]}}],"collection":[{"href":"https:\/\/www.zahnarzt-kilchberg.ch\/fr\/wp-json\/wp\/v2\/pages"}],"about":[{"href":"https:\/\/www.zahnarzt-kilchberg.ch\/fr\/wp-json\/wp\/v2\/types\/page"}],"author":[{"embeddable":true,"href":"https:\/\/www.zahnarzt-kilchberg.ch\/fr\/wp-json\/wp\/v2\/users\/1"}],"replies":[{"embeddable":true,"href":"https:\/\/www.zahnarzt-kilchberg.ch\/fr\/wp-json\/wp\/v2\/comments?post=193"}],"version-history":[{"count":41,"href":"https:\/\/www.zahnarzt-kilchberg.ch\/fr\/wp-json\/wp\/v2\/pages\/193\/revisions"}],"predecessor-version":[{"id":5291,"href":"https:\/\/www.zahnarzt-kilchberg.ch\/fr\/wp-json\/wp\/v2\/pages\/193\/revisions\/5291"}],"wp:attachment":[{"href":"https:\/\/www.zahnarzt-kilchberg.ch\/fr\/wp-json\/wp\/v2\/media?parent=193"}],"curies":[{"name":"wp","href":"https:\/\/api.w.org\/{rel}","templated":true}]}}