{"id":1082,"date":"2024-11-04T09:11:26","date_gmt":"2024-11-04T08:11:26","guid":{"rendered":"https:\/\/demo.zahnarzt-kilchberg.ch\/?page_id=1082"},"modified":"2025-05-22T14:47:29","modified_gmt":"2025-05-22T12:47:29","slug":"notre-systeme-immunitaire","status":"publish","type":"page","link":"https:\/\/www.zahnarzt-kilchberg.ch\/fr\/unser-immunsystem\/","title":{"rendered":"Notre syst\u00e8me immunitaire"},"content":{"rendered":"<div data-elementor-type=\"wp-page\" data-elementor-id=\"1082\" class=\"elementor elementor-1082\" data-elementor-post-type=\"page\">\n\t\t\t\t<div class=\"elementor-element elementor-element-3031c00 e-con-full e-flex e-con e-parent\" data-id=\"3031c00\" data-element_type=\"container\" data-e-type=\"container\" data-settings=\"{&quot;background_background&quot;:&quot;classic&quot;}\">\n\t\t<div class=\"elementor-element elementor-element-7db28c3 e-flex e-con-boxed e-con e-child\" data-id=\"7db28c3\" data-element_type=\"container\" data-e-type=\"container\" data-settings=\"{&quot;background_background&quot;:&quot;classic&quot;}\">\n\t\t\t\t\t<div class=\"e-con-inner\">\n\t\t\t\t<div class=\"elementor-element elementor-element-8b653bd elementor-widget elementor-widget-heading\" data-id=\"8b653bd\" data-element_type=\"widget\" data-e-type=\"widget\" data-widget_type=\"heading.default\">\n\t\t\t\t<div class=\"elementor-widget-container\">\n\t\t\t\t\t<h1 class=\"elementor-heading-title elementor-size-default\">Notre syst\u00e8me immunitaire<\/h1>\t\t\t\t<\/div>\n\t\t\t\t<\/div>\n\t\t\t\t\t<\/div>\n\t\t\t\t<\/div>\n\t\t\t\t<\/div>\n\t\t<div class=\"elementor-element elementor-element-31c78bd e-flex e-con-boxed e-con e-parent\" data-id=\"31c78bd\" data-element_type=\"container\" data-e-type=\"container\">\n\t\t\t\t\t<div class=\"e-con-inner\">\n\t\t<div class=\"elementor-element elementor-element-8b6ea71 e-con-full e-flex e-con e-child\" data-id=\"8b6ea71\" data-element_type=\"container\" data-e-type=\"container\">\n\t\t\t\t<div class=\"elementor-element elementor-element-6dd8abc elementor-widget elementor-widget-image\" data-id=\"6dd8abc\" data-element_type=\"widget\" data-e-type=\"widget\" data-widget_type=\"image.default\">\n\t\t\t\t<div class=\"elementor-widget-container\">\n\t\t\t\t\t\t\t\t\t\t\t\t\t\t\t<img fetchpriority=\"high\" decoding=\"async\" width=\"250\" height=\"245\" src=\"https:\/\/www.zahnarzt-kilchberg.ch\/wp-content\/uploads\/2024\/12\/csm_Immunsystem_06568a7635.jpg\" class=\"attachment-medium_large size-medium_large wp-image-2377\" alt=\"\" srcset=\"https:\/\/www.zahnarzt-kilchberg.ch\/wp-content\/uploads\/2024\/12\/csm_Immunsystem_06568a7635.jpg 250w, https:\/\/www.zahnarzt-kilchberg.ch\/wp-content\/uploads\/2024\/12\/csm_Immunsystem_06568a7635-12x12.jpg 12w\" sizes=\"(max-width: 250px) 100vw, 250px\" \/>\t\t\t\t\t\t\t\t\t\t\t\t\t\t\t<\/div>\n\t\t\t\t<\/div>\n\t\t\t\t<\/div>\n\t\t<div class=\"elementor-element elementor-element-86f6a3c e-con-full e-flex e-con e-child\" data-id=\"86f6a3c\" data-element_type=\"container\" data-e-type=\"container\">\n\t\t\t\t<div class=\"elementor-element elementor-element-39d84c3 elementor-widget elementor-widget-heading\" data-id=\"39d84c3\" data-element_type=\"widget\" data-e-type=\"widget\" data-widget_type=\"heading.default\">\n\t\t\t\t<div class=\"elementor-widget-container\">\n\t\t\t\t\t<h2 class=\"elementor-heading-title elementor-size-default\">Notre syst\u00e8me immunitaire<\/h2>\t\t\t\t<\/div>\n\t\t\t\t<\/div>\n\t\t\t\t<div class=\"elementor-element elementor-element-ac29eeb elementor-widget-divider--view-line elementor-widget elementor-widget-divider\" data-id=\"ac29eeb\" data-element_type=\"widget\" data-e-type=\"widget\" data-widget_type=\"divider.default\">\n\t\t\t\t<div class=\"elementor-widget-container\">\n\t\t\t\t\t\t\t<div class=\"elementor-divider\">\n\t\t\t<span class=\"elementor-divider-separator\">\n\t\t\t\t\t\t<\/span>\n\t\t<\/div>\n\t\t\t\t\t\t<\/div>\n\t\t\t\t<\/div>\n\t\t\t\t<div class=\"elementor-element elementor-element-53dba6b elementor-widget elementor-widget-text-editor\" data-id=\"53dba6b\" data-element_type=\"widget\" data-e-type=\"widget\" data-widget_type=\"text-editor.default\">\n\t\t\t\t<div class=\"elementor-widget-container\">\n\t\t\t\t\t\t\t\t\t<p>Notre syst\u00e8me immunitaire est responsable du maintien de notre sant\u00e9. Une alimentation saine le renforce et favorise la sant\u00e9 de l'ensemble du corps pour se d\u00e9fendre contre les agents pathog\u00e8nes tels que les virus, les bact\u00e9ries ou autres substances nocives.<\/p><p>Il est divis\u00e9 en deux composantes principales : Le <strong>non sp\u00e9cifique <\/strong>et le <strong>sp\u00e9cifiques <\/strong>Le syst\u00e8me immunitaire. Le syst\u00e8me immunitaire non sp\u00e9cifique dirige ses cellules phagocytaires (macrophages) contre tout ce qui n'a pas sa place dans l'organisme. De nombreux <strong>Incompatibilit\u00e9s<\/strong> en font partie.<\/p><p>Le syst\u00e8me immunitaire sp\u00e9cifique doit d'abord \"conna\u00eetre\" l'adversaire et se dirige ensuite avec ses lymphocytes dans le sens d'un <strong>Sensibilisation ou allergie <\/strong>sp\u00e9cifiquement contre lui.<\/p>\t\t\t\t\t\t\t\t<\/div>\n\t\t\t\t<\/div>\n\t\t\t\t<\/div>\n\t\t\t\t\t<\/div>\n\t\t\t\t<\/div>\n\t\t<div class=\"elementor-element elementor-element-18827881 e-flex e-con-boxed e-con e-parent\" data-id=\"18827881\" data-element_type=\"container\" data-e-type=\"container\">\n\t\t\t\t\t<div class=\"e-con-inner\">\n\t\t<div class=\"elementor-element elementor-element-57abfcff e-con-full e-flex e-con e-child\" data-id=\"57abfcff\" data-element_type=\"container\" data-e-type=\"container\">\n\t\t\t\t<div class=\"elementor-element elementor-element-69eba73 elementor-widget elementor-widget-heading\" data-id=\"69eba73\" data-element_type=\"widget\" data-e-type=\"widget\" data-widget_type=\"heading.default\">\n\t\t\t\t<div class=\"elementor-widget-container\">\n\t\t\t\t\t<h2 class=\"elementor-heading-title elementor-size-default\">M\u00e9canismes d'une inflammation chronique<\/h2>\t\t\t\t<\/div>\n\t\t\t\t<\/div>\n\t\t\t\t<div class=\"elementor-element elementor-element-02f906c elementor-widget-divider--view-line elementor-widget elementor-widget-divider\" data-id=\"02f906c\" data-element_type=\"widget\" data-e-type=\"widget\" data-widget_type=\"divider.default\">\n\t\t\t\t<div class=\"elementor-widget-container\">\n\t\t\t\t\t\t\t<div class=\"elementor-divider\">\n\t\t\t<span class=\"elementor-divider-separator\">\n\t\t\t\t\t\t<\/span>\n\t\t<\/div>\n\t\t\t\t\t\t<\/div>\n\t\t\t\t<\/div>\n\t\t\t\t<div class=\"elementor-element elementor-element-712b3309 elementor-widget elementor-widget-text-editor\" data-id=\"712b3309\" data-element_type=\"widget\" data-e-type=\"widget\" data-widget_type=\"text-editor.default\">\n\t\t\t\t<div class=\"elementor-widget-container\">\n\t\t\t\t\t\t\t\t\t<p>Presque toutes les maladies et inflammations se d\u00e9roulent selon les m\u00eames m\u00e9canismes via le syst\u00e8me immunitaire. Les cellules du syst\u00e8me immunitaire produisent certaines substances messag\u00e8res, appel\u00e9es \"cytokines\". <strong>Cytokines\u00a0 <\/strong>ou\u00a0 <strong>M\u00e9diateurs de l'inflammation<\/strong>\u00a0- qui remplissent les t\u00e2ches les plus diverses pendant la \"phase de d\u00e9fense\" du corps.<\/p><p>Il s'agit par exemple de la d\u00e9fense contre une attaque de l'ext\u00e9rieur (infection) ou de l'int\u00e9rieur (police en cas de tumeur). En cas d'inflammation aigu\u00eb et de courte dur\u00e9e (par exemple un rhume), cela est tout \u00e0 fait logique. En cas d'inflammation chronique, les m\u00eames m\u00e9canismes se d\u00e9roulent de mani\u00e8re sous-jacente pendant des ann\u00e9es et entra\u00eenent des contraintes \u00e0 long terme.<\/p><p><strong>L'action sous-jacente \u00e0 long terme de ces cytokines inflammatoires explique les sympt\u00f4mes individuels et tr\u00e8s diff\u00e9rents.<\/strong><\/p><p>\u00a0<\/p>\t\t\t\t\t\t\t\t<\/div>\n\t\t\t\t<\/div>\n\t\t\t\t<\/div>\n\t\t<div class=\"elementor-element elementor-element-20741bf9 e-con-full e-flex e-con e-child\" data-id=\"20741bf9\" data-element_type=\"container\" data-e-type=\"container\">\n\t\t\t\t<div class=\"elementor-element elementor-element-40e32530 elementor-widget elementor-widget-image\" data-id=\"40e32530\" data-element_type=\"widget\" data-e-type=\"widget\" data-widget_type=\"image.default\">\n\t\t\t\t<div class=\"elementor-widget-container\">\n\t\t\t\t\t\t\t\t\t\t\t\t\t\t\t<img decoding=\"async\" width=\"768\" height=\"489\" src=\"https:\/\/www.zahnarzt-kilchberg.ch\/wp-content\/uploads\/2016\/12\/csm_Wirkung_TNF_a_3cb0056182-768x489.jpg\" class=\"attachment-medium_large size-medium_large wp-image-2074\" alt=\"\" srcset=\"https:\/\/www.zahnarzt-kilchberg.ch\/wp-content\/uploads\/2016\/12\/csm_Wirkung_TNF_a_3cb0056182-768x489.jpg 768w, https:\/\/www.zahnarzt-kilchberg.ch\/wp-content\/uploads\/2016\/12\/csm_Wirkung_TNF_a_3cb0056182-300x191.jpg 300w, https:\/\/www.zahnarzt-kilchberg.ch\/wp-content\/uploads\/2016\/12\/csm_Wirkung_TNF_a_3cb0056182-18x12.jpg 18w, https:\/\/www.zahnarzt-kilchberg.ch\/wp-content\/uploads\/2016\/12\/csm_Wirkung_TNF_a_3cb0056182.jpg 942w\" sizes=\"(max-width: 768px) 100vw, 768px\" \/>\t\t\t\t\t\t\t\t\t\t\t\t\t\t\t<\/div>\n\t\t\t\t<\/div>\n\t\t\t\t<\/div>\n\t\t\t\t\t<\/div>\n\t\t\t\t<\/div>\n\t\t<div class=\"elementor-element elementor-element-5d44ffe5 e-flex e-con-boxed e-con e-parent\" data-id=\"5d44ffe5\" data-element_type=\"container\" data-e-type=\"container\">\n\t\t\t\t\t<div class=\"e-con-inner\">\n\t\t<div class=\"elementor-element elementor-element-35d6a95e e-con-full e-flex e-con e-child\" data-id=\"35d6a95e\" data-element_type=\"container\" data-e-type=\"container\">\n\t\t\t\t<div class=\"elementor-element elementor-element-48205da elementor-widget elementor-widget-image\" data-id=\"48205da\" data-element_type=\"widget\" data-e-type=\"widget\" data-widget_type=\"image.default\">\n\t\t\t\t<div class=\"elementor-widget-container\">\n\t\t\t\t\t\t\t\t\t\t\t\t\t\t\t<img decoding=\"async\" width=\"527\" height=\"600\" src=\"https:\/\/www.zahnarzt-kilchberg.ch\/wp-content\/uploads\/2016\/12\/csm_Kreislauf_3a4c7e31aa.jpg\" class=\"attachment-large size-large wp-image-2075\" alt=\"\" srcset=\"https:\/\/www.zahnarzt-kilchberg.ch\/wp-content\/uploads\/2016\/12\/csm_Kreislauf_3a4c7e31aa.jpg 527w, https:\/\/www.zahnarzt-kilchberg.ch\/wp-content\/uploads\/2016\/12\/csm_Kreislauf_3a4c7e31aa-264x300.jpg 264w, https:\/\/www.zahnarzt-kilchberg.ch\/wp-content\/uploads\/2016\/12\/csm_Kreislauf_3a4c7e31aa-11x12.jpg 11w\" sizes=\"(max-width: 527px) 100vw, 527px\" \/>\t\t\t\t\t\t\t\t\t\t\t\t\t\t\t<\/div>\n\t\t\t\t<\/div>\n\t\t\t\t<\/div>\n\t\t<div class=\"elementor-element elementor-element-3c794489 e-con-full e-flex e-con e-child\" data-id=\"3c794489\" data-element_type=\"container\" data-e-type=\"container\">\n\t\t\t\t<div class=\"elementor-element elementor-element-fe276b1 elementor-widget elementor-widget-heading\" data-id=\"fe276b1\" data-element_type=\"widget\" data-e-type=\"widget\" data-widget_type=\"heading.default\">\n\t\t\t\t<div class=\"elementor-widget-container\">\n\t\t\t\t\t<h2 class=\"elementor-heading-title elementor-size-default\">\"Silent inflammation\" - activation immunitaire chronique<\/h2>\t\t\t\t<\/div>\n\t\t\t\t<\/div>\n\t\t\t\t<div class=\"elementor-element elementor-element-3a16dd1e elementor-widget-divider--view-line elementor-widget elementor-widget-divider\" data-id=\"3a16dd1e\" data-element_type=\"widget\" data-e-type=\"widget\" data-widget_type=\"divider.default\">\n\t\t\t\t<div class=\"elementor-widget-container\">\n\t\t\t\t\t\t\t<div class=\"elementor-divider\">\n\t\t\t<span class=\"elementor-divider-separator\">\n\t\t\t\t\t\t<\/span>\n\t\t<\/div>\n\t\t\t\t\t\t<\/div>\n\t\t\t\t<\/div>\n\t\t\t\t<div class=\"elementor-element elementor-element-2a63ab96 elementor-widget elementor-widget-text-editor\" data-id=\"2a63ab96\" data-element_type=\"widget\" data-e-type=\"widget\" data-widget_type=\"text-editor.default\">\n\t\t\t\t<div class=\"elementor-widget-container\">\n\t\t\t\t\t\t\t\t\t<p>L'exposition chronique (permanente) \u00e0 diff\u00e9rents d\u00e9clencheurs - dont les mat\u00e9riaux dentaires - entra\u00eene une perturbation des fonctions de r\u00e9gulation, des troubles de l'\u00e9quilibre acido-basique, vitaminique et hormonal ainsi qu'un stress oxydatif et nitrosatif en raison d'une lib\u00e9ration accrue de cytokines.<\/p><p>La diminution de la tol\u00e9rance immunitaire favorise l'apparition d'autres sensibilisations. Une roue se met \u00e0 tourner, qu'il est parfois difficile d'arr\u00eater.<\/p><p><strong>Comme cet \u00e9tat est g\u00e9n\u00e9ralement indolore et ne s'accompagne que de sympt\u00f4mes g\u00e9n\u00e9raux, pas toujours clairement attribuables, on parle d'une \"inflammation silencieuse\".<\/strong><\/p>\t\t\t\t\t\t\t\t<\/div>\n\t\t\t\t<\/div>\n\t\t\t\t<\/div>\n\t\t\t\t\t<\/div>\n\t\t\t\t<\/div>\n\t\t<div class=\"elementor-element elementor-element-613d9a23 e-flex e-con-boxed e-con e-parent\" data-id=\"613d9a23\" data-element_type=\"container\" data-e-type=\"container\">\n\t\t\t\t\t<div class=\"e-con-inner\">\n\t\t<div class=\"elementor-element elementor-element-31b4bdf4 e-con-full e-flex e-con e-child\" data-id=\"31b4bdf4\" data-element_type=\"container\" data-e-type=\"container\">\n\t\t\t\t<div class=\"elementor-element elementor-element-5517255e elementor-view-default elementor-widget elementor-widget-icon\" data-id=\"5517255e\" data-element_type=\"widget\" data-e-type=\"widget\" data-widget_type=\"icon.default\">\n\t\t\t\t<div class=\"elementor-widget-container\">\n\t\t\t\t\t\t\t<div class=\"elementor-icon-wrapper\">\n\t\t\t<div class=\"elementor-icon\">\n\t\t\t<svg aria-hidden=\"true\" class=\"e-font-icon-svg e-fas-quote-left\" viewbox=\"0 0 512 512\" xmlns=\"http:\/\/www.w3.org\/2000\/svg\"><path d=\"M464 256h-80v-64c0-35.3 28.7-64 64-64h8c13.3 0 24-10.7 24-24V56c0-13.3-10.7-24-24-24h-8c-88.4 0-160 71.6-160 160v240c0 26.5 21.5 48 48 48h128c26.5 0 48-21.5 48-48V304c0-26.5-21.5-48-48-48zm-288 0H96v-64c0-35.3 28.7-64 64-64h8c13.3 0 24-10.7 24-24V56c0-13.3-10.7-24-24-24h-8C71.6 32 0 103.6 0 192v240c0 26.5 21.5 48 48 48h128c26.5 0 48-21.5 48-48V304c0-26.5-21.5-48-48-48z\"><\/path><\/svg>\t\t\t<\/div>\n\t\t<\/div>\n\t\t\t\t\t\t<\/div>\n\t\t\t\t<\/div>\n\t\t\t\t<div class=\"elementor-element elementor-element-382eb6a9 elementor-widget elementor-widget-text-editor\" data-id=\"382eb6a9\" data-element_type=\"widget\" data-e-type=\"widget\" data-widget_type=\"text-editor.default\">\n\t\t\t\t<div class=\"elementor-widget-container\">\n\t\t\t\t\t\t\t\t\t<p>Bien entendu, ces m\u00e9canismes s'appliquent \u00e9galement \u00e0 ce qui se passe dans la cavit\u00e9 buccale... nous n'avons qu'UN SEUL syst\u00e8me immunitaire ! C'est \u00e0 nous de les reconna\u00eetre et de les classer correctement.<\/p>\t\t\t\t\t\t\t\t<\/div>\n\t\t\t\t<\/div>\n\t\t\t\t<div class=\"elementor-element elementor-element-33729e3f elementor-widget-divider--view-line elementor-widget elementor-widget-divider\" data-id=\"33729e3f\" data-element_type=\"widget\" data-e-type=\"widget\" data-widget_type=\"divider.default\">\n\t\t\t\t<div class=\"elementor-widget-container\">\n\t\t\t\t\t\t\t<div class=\"elementor-divider\">\n\t\t\t<span class=\"elementor-divider-separator\">\n\t\t\t\t\t\t<\/span>\n\t\t<\/div>\n\t\t\t\t\t\t<\/div>\n\t\t\t\t<\/div>\n\t\t\t\t<div class=\"elementor-element elementor-element-49da159d elementor-widget elementor-widget-text-editor\" data-id=\"49da159d\" data-element_type=\"widget\" data-e-type=\"widget\" data-widget_type=\"text-editor.default\">\n\t\t\t\t<div class=\"elementor-widget-container\">\n\t\t\t\t\t\t\t\t\t<p>Dr. Jens Tartsch<\/p>\t\t\t\t\t\t\t\t<\/div>\n\t\t\t\t<\/div>\n\t\t\t\t<\/div>\n\t\t\t\t\t<\/div>\n\t\t\t\t<\/div>\n\t\t\t\t<\/div>","protected":false},"excerpt":{"rendered":"<p>Unser Immunsystem Unser Immunsystem Unser Immunsystem ist f\u00fcr die Erhaltung unserer Gesundheit zust\u00e4ndig. Eine gesunde Ern\u00e4hrung st\u00e4rkt es und beg\u00fcnstigt die Gesundheit des ganzen K\u00f6rpers zur Abwehr von Krankheitserregern wie Viren, Bakterien oder anderen Schadstoffen. Es wird in zwei Hauptkomponenten unterteilt: Das unspezifische und das spezifische Immunsystem. Das unspezifische Immunsystem richtet sich mit seinen Fresszellen [&hellip;]<\/p>\n","protected":false},"author":1,"featured_media":0,"parent":0,"menu_order":0,"comment_status":"closed","ping_status":"closed","template":"","meta":{"footnotes":""},"class_list":["post-1082","page","type-page","status-publish","hentry"],"_links":{"self":[{"href":"https:\/\/www.zahnarzt-kilchberg.ch\/fr\/wp-json\/wp\/v2\/pages\/1082","targetHints":{"allow":["GET"]}}],"collection":[{"href":"https:\/\/www.zahnarzt-kilchberg.ch\/fr\/wp-json\/wp\/v2\/pages"}],"about":[{"href":"https:\/\/www.zahnarzt-kilchberg.ch\/fr\/wp-json\/wp\/v2\/types\/page"}],"author":[{"embeddable":true,"href":"https:\/\/www.zahnarzt-kilchberg.ch\/fr\/wp-json\/wp\/v2\/users\/1"}],"replies":[{"embeddable":true,"href":"https:\/\/www.zahnarzt-kilchberg.ch\/fr\/wp-json\/wp\/v2\/comments?post=1082"}],"version-history":[{"count":16,"href":"https:\/\/www.zahnarzt-kilchberg.ch\/fr\/wp-json\/wp\/v2\/pages\/1082\/revisions"}],"predecessor-version":[{"id":5220,"href":"https:\/\/www.zahnarzt-kilchberg.ch\/fr\/wp-json\/wp\/v2\/pages\/1082\/revisions\/5220"}],"wp:attachment":[{"href":"https:\/\/www.zahnarzt-kilchberg.ch\/fr\/wp-json\/wp\/v2\/media?parent=1082"}],"curies":[{"name":"wp","href":"https:\/\/api.w.org\/{rel}","templated":true}]}}