{"id":1078,"date":"2024-11-04T09:11:01","date_gmt":"2024-11-04T08:11:01","guid":{"rendered":"https:\/\/demo.zahnarzt-kilchberg.ch\/?page_id=1078"},"modified":"2026-02-09T23:30:52","modified_gmt":"2026-02-09T22:30:52","slug":"medecine-dentaire-environnementale","status":"publish","type":"page","link":"https:\/\/www.zahnarzt-kilchberg.ch\/fr\/umweltzahnmedizin\/","title":{"rendered":"EnvironnementM\u00e9decine Dentaire"},"content":{"rendered":"<div data-elementor-type=\"wp-page\" data-elementor-id=\"1078\" class=\"elementor elementor-1078\" data-elementor-post-type=\"page\">\n\t\t\t\t<div class=\"elementor-element elementor-element-91ee2ef e-con-full e-flex e-con e-parent\" data-id=\"91ee2ef\" data-element_type=\"container\" data-e-type=\"container\" data-settings=\"{&quot;background_background&quot;:&quot;classic&quot;}\">\n\t\t<div class=\"elementor-element elementor-element-33778dd e-flex e-con-boxed e-con e-child\" data-id=\"33778dd\" data-element_type=\"container\" data-e-type=\"container\" data-settings=\"{&quot;background_background&quot;:&quot;classic&quot;}\">\n\t\t\t\t\t<div class=\"e-con-inner\">\n\t\t\t\t<div class=\"elementor-element elementor-element-0a3d71b elementor-widget elementor-widget-heading\" data-id=\"0a3d71b\" data-element_type=\"widget\" data-e-type=\"widget\" data-widget_type=\"heading.default\">\n\t\t\t\t<div class=\"elementor-widget-container\">\n\t\t\t\t\t<h1 class=\"elementor-heading-title elementor-size-default\">Green Dentistry - EnvironnementM\u00e9decineDentaire<\/h1>\t\t\t\t<\/div>\n\t\t\t\t<\/div>\n\t\t\t\t\t<\/div>\n\t\t\t\t<\/div>\n\t\t\t\t<\/div>\n\t\t<div class=\"elementor-element elementor-element-d6eb8f7 e-flex e-con-boxed e-con e-parent\" data-id=\"d6eb8f7\" data-element_type=\"container\" data-e-type=\"container\">\n\t\t\t\t\t<div class=\"e-con-inner\">\n\t\t<div class=\"elementor-element elementor-element-b984b6a e-con-full e-flex e-con e-child\" data-id=\"b984b6a\" data-element_type=\"container\" data-e-type=\"container\">\n\t\t\t\t<div class=\"elementor-element elementor-element-f46d9db elementor-widget elementor-widget-video\" data-id=\"f46d9db\" data-element_type=\"widget\" data-e-type=\"widget\" data-settings=\"{&quot;video_type&quot;:&quot;vimeo&quot;}\" data-widget_type=\"video.default\">\n\t\t\t\t<div class=\"elementor-widget-container\">\n\t\t\t\t\t\t\t<div class=\"elementor-wrapper elementor-open-inline\">\n\t\t\t<iframe class=\"elementor-video-iframe\" allowfullscreen allow=\"clipboard-write\" title=\"Lecteur vid\u00e9o vimeo\" src=\"https:\/\/player.vimeo.com\/video\/1061282318?color&amp;autopause=0&amp;loop=0&amp;muted=0&amp;title=1&amp;portrait=1&amp;byline=1#t=\"><\/iframe>\t\t<\/div>\n\t\t\t\t\t\t<\/div>\n\t\t\t\t<\/div>\n\t\t\t\t<div class=\"elementor-element elementor-element-e2502be elementor-widget elementor-widget-text-editor\" data-id=\"e2502be\" data-element_type=\"widget\" data-e-type=\"widget\" data-widget_type=\"text-editor.default\">\n\t\t\t\t<div class=\"elementor-widget-container\">\n\t\t\t\t\t\t\t\t\t<p style=\"text-align: center;\"><strong>Qu'est-ce que la m\u00e9decine dentaire environnementale ?<\/strong><br \/>Entretien avec le Dr Tartsch<\/p>\t\t\t\t\t\t\t\t<\/div>\n\t\t\t\t<\/div>\n\t\t\t\t<\/div>\n\t\t<div class=\"elementor-element elementor-element-b7a6f70 e-con-full e-flex e-con e-child\" data-id=\"b7a6f70\" data-element_type=\"container\" data-e-type=\"container\">\n\t\t\t\t<div class=\"elementor-element elementor-element-2010009 elementor-widget elementor-widget-heading\" data-id=\"2010009\" data-element_type=\"widget\" data-e-type=\"widget\" data-widget_type=\"heading.default\">\n\t\t\t\t<div class=\"elementor-widget-container\">\n\t\t\t\t\t<h2 class=\"elementor-heading-title elementor-size-default\">Qu'est-ce que la m\u00e9decine dentaire environnementale ?<\/h2>\t\t\t\t<\/div>\n\t\t\t\t<\/div>\n\t\t\t\t<div class=\"elementor-element elementor-element-b18f7b6 elementor-widget-divider--view-line elementor-widget elementor-widget-divider\" data-id=\"b18f7b6\" data-element_type=\"widget\" data-e-type=\"widget\" data-widget_type=\"divider.default\">\n\t\t\t\t<div class=\"elementor-widget-container\">\n\t\t\t\t\t\t\t<div class=\"elementor-divider\">\n\t\t\t<span class=\"elementor-divider-separator\">\n\t\t\t\t\t\t<\/span>\n\t\t<\/div>\n\t\t\t\t\t\t<\/div>\n\t\t\t\t<\/div>\n\t\t\t\t<div class=\"elementor-element elementor-element-46c8856 elementor-widget elementor-widget-text-editor\" data-id=\"46c8856\" data-element_type=\"widget\" data-e-type=\"widget\" data-widget_type=\"text-editor.default\">\n\t\t\t\t<div class=\"elementor-widget-container\">\n\t\t\t\t\t\t\t\t\t<p>Il est vrai que la \u201em\u00e9decine dentaire environnementale\u201c est un terme abstrait. La \u201em\u00e9decine environnementale\u201c est plus connue. Les influences ext\u00e9rieures de l'environnement, telles que les polluants, les m\u00e9taux ou les impuret\u00e9s, ont un impact sur notre sant\u00e9 via le syst\u00e8me immunitaire. Cependant, toutes les influences \u201einternes\u201c, c'est-\u00e0-dire de la cavit\u00e9 buccale et des dents, ont le m\u00eame effet sur notre syst\u00e8me immunitaire. Il est donc logique que nos dents aient \u00e9galement un lien avec notre sant\u00e9 g\u00e9n\u00e9rale. C'est pourquoi cette nouvelle sp\u00e9cialit\u00e9 a \u00e9t\u00e9 baptis\u00e9e \u201eM\u00e9decine dentaire environnementale\u201c.<\/p><p>Les dentistes de l'environnement se concentrent sur les soins dentaires complets. <strong><i>malade chronique<\/i><\/strong> patients, ainsi que l'application de concepts de traitement individuels et pr\u00e9ventifs pour G<strong><i>esunde. <br \/><\/i><\/strong>L'objectif est d'identifier d'\u00e9ventuels \"points chauds\" dans la cavit\u00e9 buccale et ainsi de pr\u00e9venir ou d'att\u00e9nuer les maladies inflammatoires chroniques, m\u00eame loin de la cavit\u00e9 buccale.La collaboration et l'\u00e9change intensifs et interdisciplinaires avec les m\u00e9decins de l'environnement et les m\u00e9decins g\u00e9n\u00e9ralistes traitants respectifs sont d'une grande importance.<\/p>\t\t\t\t\t\t\t\t<\/div>\n\t\t\t\t<\/div>\n\t\t\t\t<\/div>\n\t\t\t\t\t<\/div>\n\t\t\t\t<\/div>\n\t\t<div class=\"elementor-element elementor-element-6cc5d90 e-flex e-con-boxed e-con e-parent\" data-id=\"6cc5d90\" data-element_type=\"container\" data-e-type=\"container\">\n\t\t\t\t\t<div class=\"e-con-inner\">\n\t\t<div class=\"elementor-element elementor-element-db6122a e-con-full e-flex e-con e-child\" data-id=\"db6122a\" data-element_type=\"container\" data-e-type=\"container\">\n\t\t\t\t<div class=\"elementor-element elementor-element-4048eb2 elementor-widget elementor-widget-text-editor\" data-id=\"4048eb2\" data-element_type=\"widget\" data-e-type=\"widget\" data-widget_type=\"text-editor.default\">\n\t\t\t\t<div class=\"elementor-widget-container\">\n\t\t\t\t\t\t\t\t\t<p>En tant que dentistes, nous ne pouvons souvent pas \u00e9viter d'introduire durablement des mat\u00e9riaux \u00e9trangers dans le corps de nos patients sous forme d'obturations ou de proth\u00e8ses dentaires. En r\u00e8gle g\u00e9n\u00e9rale, le corps le tol\u00e8re bien et les mat\u00e9riaux dentaires sont soumis \u00e0 des proc\u00e9dures d'autorisation et de contr\u00f4le tr\u00e8s pr\u00e9cises.<\/p><p>Cependant, dans la situation individuelle d'un patient, chaque mat\u00e9riau peut constituer un d\u00e9clencheur (\u00e9l\u00e9ment d\u00e9clencheur) d'inflammations chroniques, d'intol\u00e9rances ou d'allergies, car il entre en interaction avec l'organisme de diverses mani\u00e8res.<\/p><p>D'autre part, de plus en plus de patients souffrent de maladies inflammatoires chroniques. Chez eux, il faut rechercher de mani\u00e8re cibl\u00e9e les incompatibilit\u00e9s de mat\u00e9riaux, les inflammations ou les facteurs perturbateurs. Il faut \u00e9viter les irritations inflammatoires suppl\u00e9mentaires afin de ne pas aggraver ou acc\u00e9l\u00e9rer les processus pathologiques d\u00e9j\u00e0 existants.<\/p>\t\t\t\t\t\t\t\t<\/div>\n\t\t\t\t<\/div>\n\t\t\t\t<\/div>\n\t\t<div class=\"elementor-element elementor-element-029b386 e-con-full e-flex e-con e-child\" data-id=\"029b386\" data-element_type=\"container\" data-e-type=\"container\">\n\t\t\t\t<div class=\"elementor-element elementor-element-23132fb elementor-widget elementor-widget-image\" data-id=\"23132fb\" data-element_type=\"widget\" data-e-type=\"widget\" data-widget_type=\"image.default\">\n\t\t\t\t<div class=\"elementor-widget-container\">\n\t\t\t\t\t\t\t\t\t\t\t\t\t\t\t\t<a href=\"\/wp-content\/uploads\/2025\/01\/OM-Ernaehrung-DrTartsch-Materialunvertraeglichkeiten-.pdf\" target=\"_blank\">\n\t\t\t\t\t\t\t<img fetchpriority=\"high\" decoding=\"async\" width=\"225\" height=\"300\" src=\"https:\/\/www.zahnarzt-kilchberg.ch\/wp-content\/uploads\/2024\/12\/QM-2018.jpg\" class=\"attachment-medium_large size-medium_large wp-image-2420\" alt=\"\" srcset=\"https:\/\/www.zahnarzt-kilchberg.ch\/wp-content\/uploads\/2024\/12\/QM-2018.jpg.webp 225w, https:\/\/www.zahnarzt-kilchberg.ch\/wp-content\/uploads\/2024\/12\/QM-2018-9x12.jpg.webp 9w\" sizes=\"(max-width: 225px) 100vw, 225px\" \/>\t\t\t\t\t\t\t\t<\/a>\n\t\t\t\t\t\t\t\t\t\t\t\t\t\t\t<\/div>\n\t\t\t\t<\/div>\n\t\t\t\t<div class=\"elementor-element elementor-element-2001ceb elementor-widget elementor-widget-text-editor\" data-id=\"2001ceb\" data-element_type=\"widget\" data-e-type=\"widget\" data-widget_type=\"text-editor.default\">\n\t\t\t\t<div class=\"elementor-widget-container\">\n\t\t\t\t\t\t\t\t\t<p style=\"text-align: center;\"><strong>M\u00e9canismes de la dentisterie environnementale ?<\/strong><br \/>Contribution du Dr Tartsch<\/p>\t\t\t\t\t\t\t\t<\/div>\n\t\t\t\t<\/div>\n\t\t\t\t<\/div>\n\t\t\t\t\t<\/div>\n\t\t\t\t<\/div>\n\t\t<div class=\"elementor-element elementor-element-52b6813b e-flex e-con-boxed e-con e-parent\" data-id=\"52b6813b\" data-element_type=\"container\" data-e-type=\"container\">\n\t\t\t\t\t<div class=\"e-con-inner\">\n\t\t<div class=\"elementor-element elementor-element-498d3e0b e-con-full e-flex e-con e-child\" data-id=\"498d3e0b\" data-element_type=\"container\" data-e-type=\"container\">\n\t\t\t\t<div class=\"elementor-element elementor-element-59db7311 elementor-view-default elementor-widget elementor-widget-icon\" data-id=\"59db7311\" data-element_type=\"widget\" data-e-type=\"widget\" data-widget_type=\"icon.default\">\n\t\t\t\t<div class=\"elementor-widget-container\">\n\t\t\t\t\t\t\t<div class=\"elementor-icon-wrapper\">\n\t\t\t<div class=\"elementor-icon\">\n\t\t\t<svg aria-hidden=\"true\" class=\"e-font-icon-svg e-fas-quote-left\" viewbox=\"0 0 512 512\" xmlns=\"http:\/\/www.w3.org\/2000\/svg\"><path d=\"M464 256h-80v-64c0-35.3 28.7-64 64-64h8c13.3 0 24-10.7 24-24V56c0-13.3-10.7-24-24-24h-8c-88.4 0-160 71.6-160 160v240c0 26.5 21.5 48 48 48h128c26.5 0 48-21.5 48-48V304c0-26.5-21.5-48-48-48zm-288 0H96v-64c0-35.3 28.7-64 64-64h8c13.3 0 24-10.7 24-24V56c0-13.3-10.7-24-24-24h-8C71.6 32 0 103.6 0 192v240c0 26.5 21.5 48 48 48h128c26.5 0 48-21.5 48-48V304c0-26.5-21.5-48-48-48z\"><\/path><\/svg>\t\t\t<\/div>\n\t\t<\/div>\n\t\t\t\t\t\t<\/div>\n\t\t\t\t<\/div>\n\t\t\t\t<div class=\"elementor-element elementor-element-13330a23 elementor-widget elementor-widget-text-editor\" data-id=\"13330a23\" data-element_type=\"widget\" data-e-type=\"widget\" data-widget_type=\"text-editor.default\">\n\t\t\t\t<div class=\"elementor-widget-container\">\n\t\t\t\t\t\t\t\t\t<p>En tant que premier pr\u00e9sident de la Soci\u00e9t\u00e9 allemande de m\u00e9decine dentaire environnementale, nous poss\u00e9dons les connaissances toxicologiques, immunologiques et de m\u00e9decine dentaire environnementale n\u00e9cessaires pour identifier les influences possibles de la cavit\u00e9 buccale sur la sant\u00e9 g\u00e9n\u00e9rale gr\u00e2ce \u00e0 des diagnostics de laboratoire modernes.<\/p>\t\t\t\t\t\t\t\t<\/div>\n\t\t\t\t<\/div>\n\t\t\t\t<div class=\"elementor-element elementor-element-7c94b98c elementor-widget-divider--view-line elementor-widget elementor-widget-divider\" data-id=\"7c94b98c\" data-element_type=\"widget\" data-e-type=\"widget\" data-widget_type=\"divider.default\">\n\t\t\t\t<div class=\"elementor-widget-container\">\n\t\t\t\t\t\t\t<div class=\"elementor-divider\">\n\t\t\t<span class=\"elementor-divider-separator\">\n\t\t\t\t\t\t<\/span>\n\t\t<\/div>\n\t\t\t\t\t\t<\/div>\n\t\t\t\t<\/div>\n\t\t\t\t<div class=\"elementor-element elementor-element-5a8aaed7 elementor-widget elementor-widget-text-editor\" data-id=\"5a8aaed7\" data-element_type=\"widget\" data-e-type=\"widget\" data-widget_type=\"text-editor.default\">\n\t\t\t\t<div class=\"elementor-widget-container\">\n\t\t\t\t\t\t\t\t\t<p>Dr. Jens Tartsch<\/p>\t\t\t\t\t\t\t\t<\/div>\n\t\t\t\t<\/div>\n\t\t\t\t<\/div>\n\t\t\t\t\t<\/div>\n\t\t\t\t<\/div>\n\t\t<div class=\"elementor-element elementor-element-6de72cc e-flex e-con-boxed e-con e-parent\" data-id=\"6de72cc\" data-element_type=\"container\" data-e-type=\"container\">\n\t\t\t\t\t<div class=\"e-con-inner\">\n\t\t\t\t<div class=\"elementor-element elementor-element-216eda7 elementor-widget elementor-widget-spacer\" data-id=\"216eda7\" data-element_type=\"widget\" data-e-type=\"widget\" data-widget_type=\"spacer.default\">\n\t\t\t\t<div class=\"elementor-widget-container\">\n\t\t\t\t\t\t\t<div class=\"elementor-spacer\">\n\t\t\t<div class=\"elementor-spacer-inner\"><\/div>\n\t\t<\/div>\n\t\t\t\t\t\t<\/div>\n\t\t\t\t<\/div>\n\t\t\t\t\t<\/div>\n\t\t\t\t<\/div>\n\t\t\t\t<\/div>","protected":false},"excerpt":{"rendered":"<p>Green Dentistry &#8211; UmweltZahnMedizin https:\/\/vimeo.com\/1061282318?share=copy#t=0 Was ist UmweltZahnMedizin?Interview Dr. Tartsch Was ist UmweltZahnMedizin? Zugegeben&#8230; &#8222;UmweltZahnMedizin&#8220; ist ein abstrakter Begriff. Eher bekannt ist die &#8222;Umweltmedizin&#8220;. \u00c4ussere Einfl\u00fcsse aus der Umwelt wie Schadstoffe, Metalle oder Verunreinigungen wirken sich \u00fcber das Immunsystem auf unsere Gesundheit aus. Jedoch haben auch alle Einfl\u00fcsse von &#8222;Innen&#8220;, also aus der Mundh\u00f6hle und [&hellip;]<\/p>\n","protected":false},"author":1,"featured_media":0,"parent":0,"menu_order":0,"comment_status":"closed","ping_status":"closed","template":"","meta":{"footnotes":""},"class_list":["post-1078","page","type-page","status-publish","hentry"],"_links":{"self":[{"href":"https:\/\/www.zahnarzt-kilchberg.ch\/fr\/wp-json\/wp\/v2\/pages\/1078","targetHints":{"allow":["GET"]}}],"collection":[{"href":"https:\/\/www.zahnarzt-kilchberg.ch\/fr\/wp-json\/wp\/v2\/pages"}],"about":[{"href":"https:\/\/www.zahnarzt-kilchberg.ch\/fr\/wp-json\/wp\/v2\/types\/page"}],"author":[{"embeddable":true,"href":"https:\/\/www.zahnarzt-kilchberg.ch\/fr\/wp-json\/wp\/v2\/users\/1"}],"replies":[{"embeddable":true,"href":"https:\/\/www.zahnarzt-kilchberg.ch\/fr\/wp-json\/wp\/v2\/comments?post=1078"}],"version-history":[{"count":34,"href":"https:\/\/www.zahnarzt-kilchberg.ch\/fr\/wp-json\/wp\/v2\/pages\/1078\/revisions"}],"predecessor-version":[{"id":5385,"href":"https:\/\/www.zahnarzt-kilchberg.ch\/fr\/wp-json\/wp\/v2\/pages\/1078\/revisions\/5385"}],"wp:attachment":[{"href":"https:\/\/www.zahnarzt-kilchberg.ch\/fr\/wp-json\/wp\/v2\/media?parent=1078"}],"curies":[{"name":"wp","href":"https:\/\/api.w.org\/{rel}","templated":true}]}}