{"id":93,"date":"2024-09-02T20:49:19","date_gmt":"2024-09-02T18:49:19","guid":{"rendered":"https:\/\/demo.zahnarzt-kilchberg.ch\/?page_id=93"},"modified":"2026-02-09T23:30:02","modified_gmt":"2026-02-09T22:30:02","slug":"approach","status":"publish","type":"page","link":"https:\/\/www.zahnarzt-kilchberg.ch\/en\/anfahrt\/","title":{"rendered":"Approach"},"content":{"rendered":"<div data-elementor-type=\"wp-page\" data-elementor-id=\"93\" class=\"elementor elementor-93\" data-elementor-post-type=\"page\">\n\t\t\t\t<div class=\"elementor-element elementor-element-c759c4b e-con-full e-flex e-con e-parent\" data-id=\"c759c4b\" data-element_type=\"container\" data-e-type=\"container\" data-settings=\"{&quot;background_background&quot;:&quot;classic&quot;}\">\n\t\t<div class=\"elementor-element elementor-element-9bfcf70 e-flex e-con-boxed e-con e-child\" data-id=\"9bfcf70\" data-element_type=\"container\" data-e-type=\"container\" data-settings=\"{&quot;background_background&quot;:&quot;classic&quot;}\">\n\t\t\t\t\t<div class=\"e-con-inner\">\n\t\t\t\t<div class=\"elementor-element elementor-element-9a16fbb elementor-widget elementor-widget-heading\" data-id=\"9a16fbb\" data-element_type=\"widget\" data-e-type=\"widget\" data-widget_type=\"heading.default\">\n\t\t\t\t<div class=\"elementor-widget-container\">\n\t\t\t\t\t<h1 class=\"elementor-heading-title elementor-size-default\">Approach<\/h1>\t\t\t\t<\/div>\n\t\t\t\t<\/div>\n\t\t\t\t\t<\/div>\n\t\t\t\t<\/div>\n\t\t\t\t<\/div>\n\t\t<div class=\"elementor-element elementor-element-f96a94d e-flex e-con-boxed e-con e-parent\" data-id=\"f96a94d\" data-element_type=\"container\" data-e-type=\"container\">\n\t\t\t\t\t<div class=\"e-con-inner\">\n\t\t<div class=\"elementor-element elementor-element-305b335 e-con-full e-flex e-con e-child\" data-id=\"305b335\" data-element_type=\"container\" data-e-type=\"container\">\n\t\t\t\t<div class=\"elementor-element elementor-element-c6c9b4a elementor-widget elementor-widget-image\" data-id=\"c6c9b4a\" data-element_type=\"widget\" data-e-type=\"widget\" data-widget_type=\"image.default\">\n\t\t\t\t<div class=\"elementor-widget-container\">\n\t\t\t\t\t\t\t\t\t\t\t\t\t\t\t<img fetchpriority=\"high\" decoding=\"async\" width=\"566\" height=\"647\" src=\"https:\/\/www.zahnarzt-kilchberg.ch\/wp-content\/uploads\/2024\/11\/Lageplan.jpg\" class=\"attachment-medium_large size-medium_large wp-image-1438\" alt=\"\" srcset=\"https:\/\/www.zahnarzt-kilchberg.ch\/wp-content\/uploads\/2024\/11\/Lageplan.jpg 566w, https:\/\/www.zahnarzt-kilchberg.ch\/wp-content\/uploads\/2024\/11\/Lageplan-262x300.jpg 262w, https:\/\/www.zahnarzt-kilchberg.ch\/wp-content\/uploads\/2024\/11\/Lageplan-10x12.jpg 10w\" sizes=\"(max-width: 566px) 100vw, 566px\" \/>\t\t\t\t\t\t\t\t\t\t\t\t\t\t\t<\/div>\n\t\t\t\t<\/div>\n\t\t\t\t<\/div>\n\t\t<div class=\"elementor-element elementor-element-dfd51df e-con-full e-flex e-con e-child\" data-id=\"dfd51df\" data-element_type=\"container\" data-e-type=\"container\">\n\t\t\t\t<div class=\"elementor-element elementor-element-28f3547 elementor-widget elementor-widget-heading\" data-id=\"28f3547\" data-element_type=\"widget\" data-e-type=\"widget\" data-widget_type=\"heading.default\">\n\t\t\t\t<div class=\"elementor-widget-container\">\n\t\t\t\t\t<h2 class=\"elementor-heading-title elementor-size-default\">Your way to our practice<\/h2>\t\t\t\t<\/div>\n\t\t\t\t<\/div>\n\t\t\t\t<div class=\"elementor-element elementor-element-3fded1e elementor-widget-divider--view-line elementor-widget elementor-widget-divider\" data-id=\"3fded1e\" data-element_type=\"widget\" data-e-type=\"widget\" data-widget_type=\"divider.default\">\n\t\t\t\t<div class=\"elementor-widget-container\">\n\t\t\t\t\t\t\t<div class=\"elementor-divider\">\n\t\t\t<span class=\"elementor-divider-separator\">\n\t\t\t\t\t\t<\/span>\n\t\t<\/div>\n\t\t\t\t\t\t<\/div>\n\t\t\t\t<\/div>\n\t\t\t\t<div class=\"elementor-element elementor-element-b2c956f elementor-widget elementor-widget-text-editor\" data-id=\"b2c956f\" data-element_type=\"widget\" data-e-type=\"widget\" data-widget_type=\"text-editor.default\">\n\t\t\t\t<div class=\"elementor-widget-container\">\n\t\t\t\t\t\t\t\t\t<p><strong>By train or S-Bahn: best option for traveling by public transport - we are located almost directly on the railroad line (1)<br \/><\/strong>From Zurich main station or Horgen take the S8 or S24 to Kilchberg station, 2 min. walk along the footpath into Weinbergstrasse.<br \/><em>Travel time Zurich main station - practice: approx.\u00a0<strong>15 min<\/strong><\/em><\/p><p><strong>By bus<br \/><\/strong>Bus line 161 from B\u00fcrkliplatz: get off at the bus stop \"Bahnhof Wollishofen\" and change to the train to Kilchberg.<br \/>Local bus lines 162\/163 to Kilchberg, bus stop \"Schulhaus Dorfstrasse\" (2). The bus stop is right next to the practice.<br \/><em>Travel time Zurich B\u00fcrkliplatz - practice: approx.\u00a0<strong>15 min<\/strong><\/em><\/p><p><strong>By car<br \/><\/strong><em>from the A3 Chur-Zurich highway:<\/em><br \/>Exit Zurich-Wollishofen, direction Kilchberg until \"Weinberstrasse\", corner \"Dorfstrasse \". Our practice is located at the junction of the two roads.<\/p><p><em>from the direction of Zurich City or from the direction of Horgen:<\/em><br \/>Seestrasse to Kilchberg. At the traffic lights turn into \"Dorfstrasse\" and follow this road to \"Weinbergstrasse\". Our practice is located at the junction of the two roads.<\/p>\t\t\t\t\t\t\t\t<\/div>\n\t\t\t\t<\/div>\n\t\t\t\t<\/div>\n\t\t\t\t\t<\/div>\n\t\t\t\t<\/div>\n\t\t<div class=\"elementor-element elementor-element-d5bc0a9 e-flex e-con-boxed e-con e-parent\" data-id=\"d5bc0a9\" data-element_type=\"container\" data-e-type=\"container\">\n\t\t\t\t\t<div class=\"e-con-inner\">\n\t\t<div class=\"elementor-element elementor-element-4cf41f8 e-con-full e-flex e-con e-child\" data-id=\"4cf41f8\" data-element_type=\"container\" data-e-type=\"container\">\n\t\t\t\t<div class=\"elementor-element elementor-element-bfc69c5 elementor-widget elementor-widget-heading\" data-id=\"bfc69c5\" data-element_type=\"widget\" data-e-type=\"widget\" data-widget_type=\"heading.default\">\n\t\t\t\t<div class=\"elementor-widget-container\">\n\t\t\t\t\t<h2 class=\"elementor-heading-title elementor-size-default\">Parking spaces (3)<\/h2>\t\t\t\t<\/div>\n\t\t\t\t<\/div>\n\t\t\t\t<div class=\"elementor-element elementor-element-3931431 elementor-widget-divider--view-line elementor-widget elementor-widget-divider\" data-id=\"3931431\" data-element_type=\"widget\" data-e-type=\"widget\" data-widget_type=\"divider.default\">\n\t\t\t\t<div class=\"elementor-widget-container\">\n\t\t\t\t\t\t\t<div class=\"elementor-divider\">\n\t\t\t<span class=\"elementor-divider-separator\">\n\t\t\t\t\t\t<\/span>\n\t\t<\/div>\n\t\t\t\t\t\t<\/div>\n\t\t\t\t<\/div>\n\t\t\t\t<div class=\"elementor-element elementor-element-bd68abc elementor-widget elementor-widget-text-editor\" data-id=\"bd68abc\" data-element_type=\"widget\" data-e-type=\"widget\" data-widget_type=\"text-editor.default\">\n\t\t\t\t<div class=\"elementor-widget-container\">\n\t\t\t\t\t\t\t\t\t<p>The practice's three parking spaces are located a little further on at Weinbergstrasse 13\/14.<br \/>Coming from Dorfstrasse, follow Weinbergstrasse around the first small bend. You will find our practice parking lot on the right-hand side.<br \/>You can also park directly at Kilchberg station. Cross the tracks using the underpass\/overpass. You will reach our practice after a 2 minute walk.<br \/><em>Travel time Zurich B\u00fcrkliplatz - practice: approx.\u00a0<strong>10 min<\/strong><\/em><\/p>\t\t\t\t\t\t\t\t<\/div>\n\t\t\t\t<\/div>\n\t\t\t\t<\/div>\n\t\t<div class=\"elementor-element elementor-element-ac47523 e-con-full e-flex e-con e-child\" data-id=\"ac47523\" data-element_type=\"container\" data-e-type=\"container\">\n\t\t\t\t<div class=\"elementor-element elementor-element-ce5c3ae elementor-widget elementor-widget-image\" data-id=\"ce5c3ae\" data-element_type=\"widget\" data-e-type=\"widget\" data-widget_type=\"image.default\">\n\t\t\t\t<div class=\"elementor-widget-container\">\n\t\t\t\t\t\t\t\t\t\t\t\t\t\t\t<img decoding=\"async\" width=\"768\" height=\"501\" src=\"https:\/\/www.zahnarzt-kilchberg.ch\/wp-content\/uploads\/2025\/02\/Haus-768x501.webp\" class=\"attachment-medium_large size-medium_large wp-image-4442\" alt=\"\" srcset=\"https:\/\/www.zahnarzt-kilchberg.ch\/wp-content\/uploads\/2025\/02\/Haus-768x501.webp 768w, https:\/\/www.zahnarzt-kilchberg.ch\/wp-content\/uploads\/2025\/02\/Haus-300x196.webp 300w, https:\/\/www.zahnarzt-kilchberg.ch\/wp-content\/uploads\/2025\/02\/Haus-18x12.webp 18w, https:\/\/www.zahnarzt-kilchberg.ch\/wp-content\/uploads\/2025\/02\/Haus.webp 1000w\" sizes=\"(max-width: 768px) 100vw, 768px\" \/>\t\t\t\t\t\t\t\t\t\t\t\t\t\t\t<\/div>\n\t\t\t\t<\/div>\n\t\t\t\t<div class=\"elementor-element elementor-element-56ad41b elementor-widget elementor-widget-image\" data-id=\"56ad41b\" data-element_type=\"widget\" data-e-type=\"widget\" data-widget_type=\"image.default\">\n\t\t\t\t<div class=\"elementor-widget-container\">\n\t\t\t\t\t\t\t\t\t\t\t\t\t\t\t<img decoding=\"async\" width=\"768\" height=\"576\" src=\"https:\/\/www.zahnarzt-kilchberg.ch\/wp-content\/uploads\/2024\/11\/Parkplatz-768x576.jpg\" class=\"attachment-medium_large size-medium_large wp-image-1440\" alt=\"\" srcset=\"https:\/\/www.zahnarzt-kilchberg.ch\/wp-content\/uploads\/2024\/11\/Parkplatz-768x576.jpg 768w, https:\/\/www.zahnarzt-kilchberg.ch\/wp-content\/uploads\/2024\/11\/Parkplatz-300x225.jpg 300w, https:\/\/www.zahnarzt-kilchberg.ch\/wp-content\/uploads\/2024\/11\/Parkplatz-1024x768.jpg 1024w, https:\/\/www.zahnarzt-kilchberg.ch\/wp-content\/uploads\/2024\/11\/Parkplatz-16x12.jpg 16w, https:\/\/www.zahnarzt-kilchberg.ch\/wp-content\/uploads\/2024\/11\/Parkplatz.jpg 1280w\" sizes=\"(max-width: 768px) 100vw, 768px\" \/>\t\t\t\t\t\t\t\t\t\t\t\t\t\t\t<\/div>\n\t\t\t\t<\/div>\n\t\t\t\t<\/div>\n\t\t\t\t\t<\/div>\n\t\t\t\t<\/div>\n\t\t\t\t<\/div>","protected":false},"excerpt":{"rendered":"<p>Anfahrt Ihr Weg in unsere Praxis Mit Zug oder S-Bahn:\u00a0 beste Option f\u00fcr die Anreise mit dem \u00d6V \u2013 wir liegen fast direkt Bahngleis (1)Ab Richtung Z\u00fcrich Hauptbahnhof oder Horgen mit der S8 oder S24 bis Bahnhof Kilchberg, 2 Min. zu Fuss \u00fcber den Fussweg in die Weinbergstrasse.Fahrtzeit Z\u00fcrich Hbf \u2013 Praxis: circa\u00a015 min Mit [&hellip;]<\/p>\n","protected":false},"author":1,"featured_media":0,"parent":0,"menu_order":0,"comment_status":"closed","ping_status":"closed","template":"","meta":{"footnotes":""},"class_list":["post-93","page","type-page","status-publish","hentry"],"_links":{"self":[{"href":"https:\/\/www.zahnarzt-kilchberg.ch\/en\/wp-json\/wp\/v2\/pages\/93","targetHints":{"allow":["GET"]}}],"collection":[{"href":"https:\/\/www.zahnarzt-kilchberg.ch\/en\/wp-json\/wp\/v2\/pages"}],"about":[{"href":"https:\/\/www.zahnarzt-kilchberg.ch\/en\/wp-json\/wp\/v2\/types\/page"}],"author":[{"embeddable":true,"href":"https:\/\/www.zahnarzt-kilchberg.ch\/en\/wp-json\/wp\/v2\/users\/1"}],"replies":[{"embeddable":true,"href":"https:\/\/www.zahnarzt-kilchberg.ch\/en\/wp-json\/wp\/v2\/comments?post=93"}],"version-history":[{"count":13,"href":"https:\/\/www.zahnarzt-kilchberg.ch\/en\/wp-json\/wp\/v2\/pages\/93\/revisions"}],"predecessor-version":[{"id":4445,"href":"https:\/\/www.zahnarzt-kilchberg.ch\/en\/wp-json\/wp\/v2\/pages\/93\/revisions\/4445"}],"wp:attachment":[{"href":"https:\/\/www.zahnarzt-kilchberg.ch\/en\/wp-json\/wp\/v2\/media?parent=93"}],"curies":[{"name":"wp","href":"https:\/\/api.w.org\/{rel}","templated":true}]}}