{"id":214,"date":"2024-09-02T22:31:29","date_gmt":"2024-09-02T20:31:29","guid":{"rendered":"https:\/\/demo.zahnarzt-kilchberg.ch\/?page_id=214"},"modified":"2026-02-09T23:30:20","modified_gmt":"2026-02-09T22:30:20","slug":"ceramic-implants","status":"publish","type":"page","link":"https:\/\/www.zahnarzt-kilchberg.ch\/en\/implantate-aus-keramik\/","title":{"rendered":"Ceramic implants"},"content":{"rendered":"<div data-elementor-type=\"wp-page\" data-elementor-id=\"214\" class=\"elementor elementor-214\" data-elementor-post-type=\"page\">\n\t\t\t\t<div class=\"elementor-element elementor-element-1f3e429 e-con-full e-flex e-con e-parent\" data-id=\"1f3e429\" data-element_type=\"container\" data-e-type=\"container\" data-settings=\"{&quot;background_background&quot;:&quot;classic&quot;}\">\n\t\t<div class=\"elementor-element elementor-element-6c8d617 e-flex e-con-boxed e-con e-child\" data-id=\"6c8d617\" data-element_type=\"container\" data-e-type=\"container\" data-settings=\"{&quot;background_background&quot;:&quot;classic&quot;}\">\n\t\t\t\t\t<div class=\"e-con-inner\">\n\t\t\t\t<div class=\"elementor-element elementor-element-d11de6e elementor-widget elementor-widget-heading\" data-id=\"d11de6e\" data-element_type=\"widget\" data-e-type=\"widget\" data-widget_type=\"heading.default\">\n\t\t\t\t<div class=\"elementor-widget-container\">\n\t\t\t\t\t<h1 class=\"elementor-heading-title elementor-size-default\">White Dentistry - Ceramic implants<\/h1>\t\t\t\t<\/div>\n\t\t\t\t<\/div>\n\t\t\t\t\t<\/div>\n\t\t\t\t<\/div>\n\t\t\t\t<\/div>\n\t\t<div class=\"elementor-element elementor-element-7caa44c e-flex e-con-boxed e-con e-parent\" data-id=\"7caa44c\" data-element_type=\"container\" data-e-type=\"container\">\n\t\t\t\t\t<div class=\"e-con-inner\">\n\t\t<div class=\"elementor-element elementor-element-fcafc79 e-con-full e-flex e-con e-child\" data-id=\"fcafc79\" data-element_type=\"container\" data-e-type=\"container\">\n\t\t\t\t<div class=\"elementor-element elementor-element-13bc6b2 elementor-widget elementor-widget-image\" data-id=\"13bc6b2\" data-element_type=\"widget\" data-e-type=\"widget\" data-widget_type=\"image.default\">\n\t\t\t\t<div class=\"elementor-widget-container\">\n\t\t\t\t\t\t\t\t\t\t\t\t\t\t\t<img fetchpriority=\"high\" decoding=\"async\" width=\"768\" height=\"320\" src=\"https:\/\/www.zahnarzt-kilchberg.ch\/wp-content\/uploads\/2024\/12\/exoten_oder_erweiterung-768x320.jpeg\" class=\"attachment-medium_large size-medium_large wp-image-2591\" alt=\"\" srcset=\"https:\/\/www.zahnarzt-kilchberg.ch\/wp-content\/uploads\/2024\/12\/exoten_oder_erweiterung-768x320.jpeg.webp 768w, https:\/\/www.zahnarzt-kilchberg.ch\/wp-content\/uploads\/2024\/12\/exoten_oder_erweiterung-300x125.jpeg.webp 300w, https:\/\/www.zahnarzt-kilchberg.ch\/wp-content\/uploads\/2024\/12\/exoten_oder_erweiterung-1024x427.jpeg.webp 1024w, https:\/\/www.zahnarzt-kilchberg.ch\/wp-content\/uploads\/2024\/12\/exoten_oder_erweiterung-1536x640.jpeg.webp 1536w, https:\/\/www.zahnarzt-kilchberg.ch\/wp-content\/uploads\/2024\/12\/exoten_oder_erweiterung-18x8.jpeg.webp 18w, https:\/\/www.zahnarzt-kilchberg.ch\/wp-content\/uploads\/2024\/12\/exoten_oder_erweiterung.jpeg.webp 1920w\" sizes=\"(max-width: 768px) 100vw, 768px\" \/>\t\t\t\t\t\t\t\t\t\t\t\t\t\t\t<\/div>\n\t\t\t\t<\/div>\n\t\t\t\t<\/div>\n\t\t<div class=\"elementor-element elementor-element-09fd654 e-con-full e-flex e-con e-child\" data-id=\"09fd654\" data-element_type=\"container\" data-e-type=\"container\">\n\t\t\t\t<div class=\"elementor-element elementor-element-3b0005f elementor-widget elementor-widget-heading\" data-id=\"3b0005f\" data-element_type=\"widget\" data-e-type=\"widget\" data-widget_type=\"heading.default\">\n\t\t\t\t<div class=\"elementor-widget-container\">\n\t\t\t\t\t<h2 class=\"elementor-heading-title elementor-size-default\">Ceramics - the future in implantology<\/h2>\t\t\t\t<\/div>\n\t\t\t\t<\/div>\n\t\t\t\t<div class=\"elementor-element elementor-element-05e94f5 elementor-widget-divider--view-line elementor-widget elementor-widget-divider\" data-id=\"05e94f5\" data-element_type=\"widget\" data-e-type=\"widget\" data-widget_type=\"divider.default\">\n\t\t\t\t<div class=\"elementor-widget-container\">\n\t\t\t\t\t\t\t<div class=\"elementor-divider\">\n\t\t\t<span class=\"elementor-divider-separator\">\n\t\t\t\t\t\t<\/span>\n\t\t<\/div>\n\t\t\t\t\t\t<\/div>\n\t\t\t\t<\/div>\n\t\t\t\t<div class=\"elementor-element elementor-element-cb03f43 elementor-widget elementor-widget-text-editor\" data-id=\"cb03f43\" data-element_type=\"widget\" data-e-type=\"widget\" data-widget_type=\"text-editor.default\">\n\t\t\t\t<div class=\"elementor-widget-container\">\n\t\t\t\t\t\t\t\t\t<p>Due to their excellent biocompatibility, ceramic implants are the closest thing to a natural tooth. The zirconium dioxide material is 100% metal-free and is perfectly integrated by the body. According to the latest studies, the possibility of bio-corrosion as with titanium implants is also ruled out.<\/p><p>Above all, ceramic implants also meet all requirements in terms of aesthetics. The white color of the ceramic prevents the gray shimmering through the gums that sometimes occurs with titanium implants. Inflammation around the implant (peri-implantitis) is significantly reduced and is also not described in the literature. The reasons for this are the low accumulation of bacteria and a blood flow around the implant that corresponds to that of the natural tooth.<\/p>\t\t\t\t\t\t\t\t<\/div>\n\t\t\t\t<\/div>\n\t\t\t\t<\/div>\n\t\t\t\t\t<\/div>\n\t\t\t\t<\/div>\n\t\t<div class=\"elementor-element elementor-element-4d8690d e-flex e-con-boxed e-con e-parent\" data-id=\"4d8690d\" data-element_type=\"container\" data-e-type=\"container\">\n\t\t\t\t\t<div class=\"e-con-inner\">\n\t\t<div class=\"elementor-element elementor-element-047032c e-con-full e-flex e-con e-child\" data-id=\"047032c\" data-element_type=\"container\" data-e-type=\"container\">\n\t\t\t\t<div class=\"elementor-element elementor-element-2ba3530 elementor-widget elementor-widget-text-editor\" data-id=\"2ba3530\" data-element_type=\"widget\" data-e-type=\"widget\" data-widget_type=\"text-editor.default\">\n\t\t\t\t<div class=\"elementor-widget-container\">\n\t\t\t\t\t\t\t\t\t<p>Due to the rapid technological development, fractures, which were sometimes observed in the early days of ceramic implantology, no longer play a clinical role with modern high-performance ceramics. After 5 years of observation, the success rates are now on a par with titanium implants with an average of 97%.<\/p><p>In combination with all-ceramic crowns, teeth can be replaced completely metal-free and in a fixed position!<\/p>\t\t\t\t\t\t\t\t<\/div>\n\t\t\t\t<\/div>\n\t\t\t\t<\/div>\n\t\t<div class=\"elementor-element elementor-element-862ceae e-con-full e-flex e-con e-child\" data-id=\"862ceae\" data-element_type=\"container\" data-e-type=\"container\">\n\t\t\t\t<div class=\"elementor-element elementor-element-1dac15b elementor-widget elementor-widget-image\" data-id=\"1dac15b\" data-element_type=\"widget\" data-e-type=\"widget\" data-widget_type=\"image.default\">\n\t\t\t\t<div class=\"elementor-widget-container\">\n\t\t\t\t\t\t\t\t\t\t\t\t\t\t\t<img decoding=\"async\" width=\"768\" height=\"413\" src=\"https:\/\/www.zahnarzt-kilchberg.ch\/wp-content\/uploads\/2025\/02\/new-pic-9_x-tartsch-small--768x413.webp\" class=\"attachment-medium_large size-medium_large wp-image-4652\" alt=\"\" srcset=\"https:\/\/www.zahnarzt-kilchberg.ch\/wp-content\/uploads\/2025\/02\/new-pic-9_x-tartsch-small--768x413.webp 768w, https:\/\/www.zahnarzt-kilchberg.ch\/wp-content\/uploads\/2025\/02\/new-pic-9_x-tartsch-small--300x161.webp 300w, https:\/\/www.zahnarzt-kilchberg.ch\/wp-content\/uploads\/2025\/02\/new-pic-9_x-tartsch-small--1024x551.webp 1024w, https:\/\/www.zahnarzt-kilchberg.ch\/wp-content\/uploads\/2025\/02\/new-pic-9_x-tartsch-small--18x10.webp 18w, https:\/\/www.zahnarzt-kilchberg.ch\/wp-content\/uploads\/2025\/02\/new-pic-9_x-tartsch-small-.webp 1429w\" sizes=\"(max-width: 768px) 100vw, 768px\" \/>\t\t\t\t\t\t\t\t\t\t\t\t\t\t\t<\/div>\n\t\t\t\t<\/div>\n\t\t\t\t<\/div>\n\t\t\t\t\t<\/div>\n\t\t\t\t<\/div>\n\t\t<div class=\"elementor-element elementor-element-388cbcb e-flex e-con-boxed e-con e-parent\" data-id=\"388cbcb\" data-element_type=\"container\" data-e-type=\"container\">\n\t\t\t\t\t<div class=\"e-con-inner\">\n\t\t<div class=\"elementor-element elementor-element-e04db70 e-con-full e-flex e-con e-child\" data-id=\"e04db70\" data-element_type=\"container\" data-e-type=\"container\">\n\t\t\t\t<div class=\"elementor-element elementor-element-20beaa8 elementor-view-default elementor-widget elementor-widget-icon\" data-id=\"20beaa8\" data-element_type=\"widget\" data-e-type=\"widget\" data-widget_type=\"icon.default\">\n\t\t\t\t<div class=\"elementor-widget-container\">\n\t\t\t\t\t\t\t<div class=\"elementor-icon-wrapper\">\n\t\t\t<div class=\"elementor-icon\">\n\t\t\t<svg aria-hidden=\"true\" class=\"e-font-icon-svg e-fas-quote-left\" viewbox=\"0 0 512 512\" xmlns=\"http:\/\/www.w3.org\/2000\/svg\"><path d=\"M464 256h-80v-64c0-35.3 28.7-64 64-64h8c13.3 0 24-10.7 24-24V56c0-13.3-10.7-24-24-24h-8c-88.4 0-160 71.6-160 160v240c0 26.5 21.5 48 48 48h128c26.5 0 48-21.5 48-48V304c0-26.5-21.5-48-48-48zm-288 0H96v-64c0-35.3 28.7-64 64-64h8c13.3 0 24-10.7 24-24V56c0-13.3-10.7-24-24-24h-8C71.6 32 0 103.6 0 192v240c0 26.5 21.5 48 48 48h128c26.5 0 48-21.5 48-48V304c0-26.5-21.5-48-48-48z\"><\/path><\/svg>\t\t\t<\/div>\n\t\t<\/div>\n\t\t\t\t\t\t<\/div>\n\t\t\t\t<\/div>\n\t\t\t\t<div class=\"elementor-element elementor-element-d085651 elementor-widget elementor-widget-text-editor\" data-id=\"d085651\" data-element_type=\"widget\" data-e-type=\"widget\" data-widget_type=\"text-editor.default\">\n\t\t\t\t<div class=\"elementor-widget-container\">\n\t\t\t\t\t\t\t\t\t<p>Today, ceramic implants are on a par with titanium implants and are therefore a long-term safe and biologically ideal treatment option in our practice.<\/p>\t\t\t\t\t\t\t\t<\/div>\n\t\t\t\t<\/div>\n\t\t\t\t<div class=\"elementor-element elementor-element-a242644 elementor-widget-divider--view-line elementor-widget elementor-widget-divider\" data-id=\"a242644\" data-element_type=\"widget\" data-e-type=\"widget\" data-widget_type=\"divider.default\">\n\t\t\t\t<div class=\"elementor-widget-container\">\n\t\t\t\t\t\t\t<div class=\"elementor-divider\">\n\t\t\t<span class=\"elementor-divider-separator\">\n\t\t\t\t\t\t<\/span>\n\t\t<\/div>\n\t\t\t\t\t\t<\/div>\n\t\t\t\t<\/div>\n\t\t\t\t<div class=\"elementor-element elementor-element-20dce10 elementor-widget elementor-widget-text-editor\" data-id=\"20dce10\" data-element_type=\"widget\" data-e-type=\"widget\" data-widget_type=\"text-editor.default\">\n\t\t\t\t<div class=\"elementor-widget-container\">\n\t\t\t\t\t\t\t\t\t<p>Dr. Jens Tartsch<\/p>\t\t\t\t\t\t\t\t<\/div>\n\t\t\t\t<\/div>\n\t\t\t\t<\/div>\n\t\t\t\t\t<\/div>\n\t\t\t\t<\/div>\n\t\t<div class=\"elementor-element elementor-element-5926e34 e-flex e-con-boxed e-con e-parent\" data-id=\"5926e34\" data-element_type=\"container\" data-e-type=\"container\">\n\t\t\t\t\t<div class=\"e-con-inner\">\n\t\t\t\t<div class=\"elementor-element elementor-element-b8fbea4 elementor-widget elementor-widget-heading\" data-id=\"b8fbea4\" data-element_type=\"widget\" data-e-type=\"widget\" data-widget_type=\"heading.default\">\n\t\t\t\t<div class=\"elementor-widget-container\">\n\t\t\t\t\t<h2 class=\"elementor-heading-title elementor-size-default\">Case presentations<\/h2>\t\t\t\t<\/div>\n\t\t\t\t<\/div>\n\t\t\t\t<div class=\"elementor-element elementor-element-cb04d6a elementor-widget-divider--view-line elementor-widget elementor-widget-divider\" data-id=\"cb04d6a\" data-element_type=\"widget\" data-e-type=\"widget\" data-widget_type=\"divider.default\">\n\t\t\t\t<div class=\"elementor-widget-container\">\n\t\t\t\t\t\t\t<div class=\"elementor-divider\">\n\t\t\t<span class=\"elementor-divider-separator\">\n\t\t\t\t\t\t<\/span>\n\t\t<\/div>\n\t\t\t\t\t\t<\/div>\n\t\t\t\t<\/div>\n\t\t\t\t\t<\/div>\n\t\t\t\t<\/div>\n\t\t<div class=\"elementor-element elementor-element-d8bc67e e-flex e-con-boxed e-con e-parent\" data-id=\"d8bc67e\" data-element_type=\"container\" data-e-type=\"container\">\n\t\t\t\t\t<div class=\"e-con-inner\">\n\t\t<div class=\"elementor-element elementor-element-947a142 e-con-full e-flex e-con e-child\" data-id=\"947a142\" data-element_type=\"container\" data-e-type=\"container\">\n\t\t\t\t<div class=\"elementor-element elementor-element-7ee3a90 elementor-widget elementor-widget-image\" data-id=\"7ee3a90\" data-element_type=\"widget\" data-e-type=\"widget\" data-widget_type=\"image.default\">\n\t\t\t\t<div class=\"elementor-widget-container\">\n\t\t\t\t\t\t\t\t\t\t\t\t\t\t\t\t<a href=\"\/wp-content\/uploads\/2025\/01\/Simultaneous-sinus-floor-lift-and-placement-of-a-metal-free-implant_GB.pdf\" target=\"_blank\">\n\t\t\t\t\t\t\t<img decoding=\"async\" width=\"800\" height=\"581\" src=\"https:\/\/www.zahnarzt-kilchberg.ch\/wp-content\/uploads\/2025\/01\/Simultaneous-sinus-floor-lift-and-placement-of-a-metal-free-implant_GB.jpg\" class=\"attachment-large size-large wp-image-3920\" alt=\"\" srcset=\"https:\/\/www.zahnarzt-kilchberg.ch\/wp-content\/uploads\/2025\/01\/Simultaneous-sinus-floor-lift-and-placement-of-a-metal-free-implant_GB.jpg.webp 826w, https:\/\/www.zahnarzt-kilchberg.ch\/wp-content\/uploads\/2025\/01\/Simultaneous-sinus-floor-lift-and-placement-of-a-metal-free-implant_GB-300x218.jpg.webp 300w, https:\/\/www.zahnarzt-kilchberg.ch\/wp-content\/uploads\/2025\/01\/Simultaneous-sinus-floor-lift-and-placement-of-a-metal-free-implant_GB-768x558.jpg.webp 768w, https:\/\/www.zahnarzt-kilchberg.ch\/wp-content\/uploads\/2025\/01\/Simultaneous-sinus-floor-lift-and-placement-of-a-metal-free-implant_GB-18x12.jpg.webp 18w\" sizes=\"(max-width: 800px) 100vw, 800px\" \/>\t\t\t\t\t\t\t\t<\/a>\n\t\t\t\t\t\t\t\t\t\t\t\t\t\t\t<\/div>\n\t\t\t\t<\/div>\n\t\t\t\t<\/div>\n\t\t<div class=\"elementor-element elementor-element-fb089b6 e-con-full e-flex e-con e-child\" data-id=\"fb089b6\" data-element_type=\"container\" data-e-type=\"container\">\n\t\t\t\t<div class=\"elementor-element elementor-element-d4371fe elementor-widget elementor-widget-image\" data-id=\"d4371fe\" data-element_type=\"widget\" data-e-type=\"widget\" data-widget_type=\"image.default\">\n\t\t\t\t<div class=\"elementor-widget-container\">\n\t\t\t\t\t\t\t\t\t\t\t\t\t\t\t\t<a href=\"\/wp-content\/uploads\/2025\/01\/metal-free-solution-for-restoring-natural-esthetics.pdf\" target=\"_blank\">\n\t\t\t\t\t\t\t<img loading=\"lazy\" decoding=\"async\" width=\"800\" height=\"585\" src=\"https:\/\/www.zahnarzt-kilchberg.ch\/wp-content\/uploads\/2025\/01\/metal-free-solution-for-restoring-natural-esthetics.jpg\" class=\"attachment-large size-large wp-image-3915\" alt=\"\" srcset=\"https:\/\/www.zahnarzt-kilchberg.ch\/wp-content\/uploads\/2025\/01\/metal-free-solution-for-restoring-natural-esthetics.jpg.webp 821w, https:\/\/www.zahnarzt-kilchberg.ch\/wp-content\/uploads\/2025\/01\/metal-free-solution-for-restoring-natural-esthetics-300x219.jpg.webp 300w, https:\/\/www.zahnarzt-kilchberg.ch\/wp-content\/uploads\/2025\/01\/metal-free-solution-for-restoring-natural-esthetics-768x561.jpg.webp 768w, https:\/\/www.zahnarzt-kilchberg.ch\/wp-content\/uploads\/2025\/01\/metal-free-solution-for-restoring-natural-esthetics-16x12.jpg.webp 16w\" sizes=\"(max-width: 800px) 100vw, 800px\" \/>\t\t\t\t\t\t\t\t<\/a>\n\t\t\t\t\t\t\t\t\t\t\t\t\t\t\t<\/div>\n\t\t\t\t<\/div>\n\t\t\t\t<\/div>\n\t\t\t\t\t<\/div>\n\t\t\t\t<\/div>\n\t\t\t\t<\/div>","protected":false},"excerpt":{"rendered":"<p>White Dentistry &#8211; Implantate aus Keramik Keramik \u2013 die Zukunft in der Implantologie Keramikimplantate entsprechen auf Grund ihrer hervorragenden Biokompatibilit\u00e4t am ehesten einem nat\u00fcrlichen Zahn. Das Material Zirkondioxid ist zu 100% metallfrei und wird vom K\u00f6rper perfekt integriert. Auch eine neuesten Studien zufolge m\u00f6gliche Bio-Korrosion wie bei Titanimplantaten ist ausgeschlossen. Vor allem erf\u00fcllen Keramikimplantate auch [&hellip;]<\/p>\n","protected":false},"author":1,"featured_media":0,"parent":0,"menu_order":0,"comment_status":"closed","ping_status":"closed","template":"","meta":{"footnotes":""},"class_list":["post-214","page","type-page","status-publish","hentry"],"_links":{"self":[{"href":"https:\/\/www.zahnarzt-kilchberg.ch\/en\/wp-json\/wp\/v2\/pages\/214","targetHints":{"allow":["GET"]}}],"collection":[{"href":"https:\/\/www.zahnarzt-kilchberg.ch\/en\/wp-json\/wp\/v2\/pages"}],"about":[{"href":"https:\/\/www.zahnarzt-kilchberg.ch\/en\/wp-json\/wp\/v2\/types\/page"}],"author":[{"embeddable":true,"href":"https:\/\/www.zahnarzt-kilchberg.ch\/en\/wp-json\/wp\/v2\/users\/1"}],"replies":[{"embeddable":true,"href":"https:\/\/www.zahnarzt-kilchberg.ch\/en\/wp-json\/wp\/v2\/comments?post=214"}],"version-history":[{"count":25,"href":"https:\/\/www.zahnarzt-kilchberg.ch\/en\/wp-json\/wp\/v2\/pages\/214\/revisions"}],"predecessor-version":[{"id":4991,"href":"https:\/\/www.zahnarzt-kilchberg.ch\/en\/wp-json\/wp\/v2\/pages\/214\/revisions\/4991"}],"wp:attachment":[{"href":"https:\/\/www.zahnarzt-kilchberg.ch\/en\/wp-json\/wp\/v2\/media?parent=214"}],"curies":[{"name":"wp","href":"https:\/\/api.w.org\/{rel}","templated":true}]}}