{"id":195,"date":"2024-09-02T22:27:26","date_gmt":"2024-09-02T20:27:26","guid":{"rendered":"https:\/\/demo.zahnarzt-kilchberg.ch\/?page_id=195"},"modified":"2026-02-09T23:30:04","modified_gmt":"2026-02-09T22:30:04","slug":"aesthetic-dentistry","status":"publish","type":"page","link":"https:\/\/www.zahnarzt-kilchberg.ch\/en\/aesthetische-zahnmedizin\/","title":{"rendered":"Aesthetic dentistry"},"content":{"rendered":"<div data-elementor-type=\"wp-page\" data-elementor-id=\"195\" class=\"elementor elementor-195\" data-elementor-post-type=\"page\">\n\t\t\t\t<div class=\"elementor-element elementor-element-76caf16 e-con-full e-flex e-con e-parent\" data-id=\"76caf16\" data-element_type=\"container\" data-e-type=\"container\" data-settings=\"{&quot;background_background&quot;:&quot;classic&quot;}\">\n\t\t<div class=\"elementor-element elementor-element-62d161c e-flex e-con-boxed e-con e-child\" data-id=\"62d161c\" data-element_type=\"container\" data-e-type=\"container\" data-settings=\"{&quot;background_background&quot;:&quot;classic&quot;}\">\n\t\t\t\t\t<div class=\"e-con-inner\">\n\t\t\t\t<div class=\"elementor-element elementor-element-d04640a elementor-widget elementor-widget-heading\" data-id=\"d04640a\" data-element_type=\"widget\" data-e-type=\"widget\" data-widget_type=\"heading.default\">\n\t\t\t\t<div class=\"elementor-widget-container\">\n\t\t\t\t\t<h1 class=\"elementor-heading-title elementor-size-default\">Aesthetic dentistry<\/h1>\t\t\t\t<\/div>\n\t\t\t\t<\/div>\n\t\t\t\t\t<\/div>\n\t\t\t\t<\/div>\n\t\t\t\t<\/div>\n\t\t<div class=\"elementor-element elementor-element-5d7f814 e-flex e-con-boxed e-con e-parent\" data-id=\"5d7f814\" data-element_type=\"container\" data-e-type=\"container\">\n\t\t\t\t\t<div class=\"e-con-inner\">\n\t\t<div class=\"elementor-element elementor-element-f5b8225 e-con-full e-flex e-con e-child\" data-id=\"f5b8225\" data-element_type=\"container\" data-e-type=\"container\">\n\t\t\t\t<div class=\"elementor-element elementor-element-c9ca0db elementor-widget elementor-widget-image\" data-id=\"c9ca0db\" data-element_type=\"widget\" data-e-type=\"widget\" data-widget_type=\"image.default\">\n\t\t\t\t<div class=\"elementor-widget-container\">\n\t\t\t\t\t\t\t\t\t\t\t\t\t\t\t<img fetchpriority=\"high\" decoding=\"async\" width=\"768\" height=\"512\" src=\"https:\/\/www.zahnarzt-kilchberg.ch\/wp-content\/uploads\/2025\/05\/20250523_1438_Schoenes-Laecheln-Nahaufnahme_simple_compose_01jvyjcm1ce29s0dtryyf2kw5c-768x512.webp\" class=\"attachment-medium_large size-medium_large wp-image-5273\" alt=\"\" srcset=\"https:\/\/www.zahnarzt-kilchberg.ch\/wp-content\/uploads\/2025\/05\/20250523_1438_Schoenes-Laecheln-Nahaufnahme_simple_compose_01jvyjcm1ce29s0dtryyf2kw5c-768x512.webp 768w, https:\/\/www.zahnarzt-kilchberg.ch\/wp-content\/uploads\/2025\/05\/20250523_1438_Schoenes-Laecheln-Nahaufnahme_simple_compose_01jvyjcm1ce29s0dtryyf2kw5c-300x200.webp 300w, https:\/\/www.zahnarzt-kilchberg.ch\/wp-content\/uploads\/2025\/05\/20250523_1438_Schoenes-Laecheln-Nahaufnahme_simple_compose_01jvyjcm1ce29s0dtryyf2kw5c-1024x683.webp 1024w, https:\/\/www.zahnarzt-kilchberg.ch\/wp-content\/uploads\/2025\/05\/20250523_1438_Schoenes-Laecheln-Nahaufnahme_simple_compose_01jvyjcm1ce29s0dtryyf2kw5c-18x12.webp 18w, https:\/\/www.zahnarzt-kilchberg.ch\/wp-content\/uploads\/2025\/05\/20250523_1438_Schoenes-Laecheln-Nahaufnahme_simple_compose_01jvyjcm1ce29s0dtryyf2kw5c.webp 1536w\" sizes=\"(max-width: 768px) 100vw, 768px\" \/>\t\t\t\t\t\t\t\t\t\t\t\t\t\t\t<\/div>\n\t\t\t\t<\/div>\n\t\t\t\t<\/div>\n\t\t<div class=\"elementor-element elementor-element-eecfda6 e-con-full e-flex e-con e-child\" data-id=\"eecfda6\" data-element_type=\"container\" data-e-type=\"container\">\n\t\t\t\t<div class=\"elementor-element elementor-element-277f0b0 elementor-widget elementor-widget-heading\" data-id=\"277f0b0\" data-element_type=\"widget\" data-e-type=\"widget\" data-widget_type=\"heading.default\">\n\t\t\t\t<div class=\"elementor-widget-container\">\n\t\t\t\t\t<h2 class=\"elementor-heading-title elementor-size-default\">Your path to a flawless smile<\/h2>\t\t\t\t<\/div>\n\t\t\t\t<\/div>\n\t\t\t\t<div class=\"elementor-element elementor-element-9dd48c0 elementor-widget-divider--view-line elementor-widget elementor-widget-divider\" data-id=\"9dd48c0\" data-element_type=\"widget\" data-e-type=\"widget\" data-widget_type=\"divider.default\">\n\t\t\t\t<div class=\"elementor-widget-container\">\n\t\t\t\t\t\t\t<div class=\"elementor-divider\">\n\t\t\t<span class=\"elementor-divider-separator\">\n\t\t\t\t\t\t<\/span>\n\t\t<\/div>\n\t\t\t\t\t\t<\/div>\n\t\t\t\t<\/div>\n\t\t\t\t<div class=\"elementor-element elementor-element-3d41106 elementor-widget elementor-widget-text-editor\" data-id=\"3d41106\" data-element_type=\"widget\" data-e-type=\"widget\" data-widget_type=\"text-editor.default\">\n\t\t\t\t<div class=\"elementor-widget-container\">\n\t\t\t\t\t\t\t\t\t<p>Aesthetics is what comes closest to nature and has an appealing effect on the surroundings. In our practice, we achieve this with tooth-colored ceramic fillings, natural and individually designed dental crowns or wafer-thin ceramic shells (veneers) that are permanently bonded to the teeth. Even minor corrections with plastic can conjure up a new smile - without sacrificing healthy tooth substance!<\/p>\n<p>Gaps between teeth, discolored or broken tooth fronts, large amalgam fillings or discolored plastic crowns disrupt the harmonious overall impression of the face and aesthetics. Incidentally, this has nothing to do with cosmetics, the beautification of the appearance with cosmetic means, because unsightly teeth cannot be covered up with cosmetics or jewelry.<\/p>\t\t\t\t\t\t\t\t<\/div>\n\t\t\t\t<\/div>\n\t\t\t\t<\/div>\n\t\t\t\t\t<\/div>\n\t\t\t\t<\/div>\n\t\t<div class=\"elementor-element elementor-element-38728e8 e-flex e-con-boxed e-con e-parent\" data-id=\"38728e8\" data-element_type=\"container\" data-e-type=\"container\">\n\t\t\t\t\t<div class=\"e-con-inner\">\n\t\t<div class=\"elementor-element elementor-element-2388156 e-con-full e-flex e-con e-child\" data-id=\"2388156\" data-element_type=\"container\" data-e-type=\"container\">\n\t\t\t\t<div class=\"elementor-element elementor-element-a3f19e4 elementor-view-default elementor-widget elementor-widget-icon\" data-id=\"a3f19e4\" data-element_type=\"widget\" data-e-type=\"widget\" data-widget_type=\"icon.default\">\n\t\t\t\t<div class=\"elementor-widget-container\">\n\t\t\t\t\t\t\t<div class=\"elementor-icon-wrapper\">\n\t\t\t<div class=\"elementor-icon\">\n\t\t\t<svg aria-hidden=\"true\" class=\"e-font-icon-svg e-fas-quote-left\" viewbox=\"0 0 512 512\" xmlns=\"http:\/\/www.w3.org\/2000\/svg\"><path d=\"M464 256h-80v-64c0-35.3 28.7-64 64-64h8c13.3 0 24-10.7 24-24V56c0-13.3-10.7-24-24-24h-8c-88.4 0-160 71.6-160 160v240c0 26.5 21.5 48 48 48h128c26.5 0 48-21.5 48-48V304c0-26.5-21.5-48-48-48zm-288 0H96v-64c0-35.3 28.7-64 64-64h8c13.3 0 24-10.7 24-24V56c0-13.3-10.7-24-24-24h-8C71.6 32 0 103.6 0 192v240c0 26.5 21.5 48 48 48h128c26.5 0 48-21.5 48-48V304c0-26.5-21.5-48-48-48z\"><\/path><\/svg>\t\t\t<\/div>\n\t\t<\/div>\n\t\t\t\t\t\t<\/div>\n\t\t\t\t<\/div>\n\t\t\t\t<div class=\"elementor-element elementor-element-697d482 elementor-widget elementor-widget-text-editor\" data-id=\"697d482\" data-element_type=\"widget\" data-e-type=\"widget\" data-widget_type=\"text-editor.default\">\n\t\t\t\t<div class=\"elementor-widget-container\">\n\t\t\t\t\t\t\t\t\tHowever, taking special aesthetic concerns into account requires more effort in planning and implementation...we take the time for it!\t\t\t\t\t\t\t\t<\/div>\n\t\t\t\t<\/div>\n\t\t\t\t<div class=\"elementor-element elementor-element-3ea4544 elementor-widget-divider--view-line elementor-widget elementor-widget-divider\" data-id=\"3ea4544\" data-element_type=\"widget\" data-e-type=\"widget\" data-widget_type=\"divider.default\">\n\t\t\t\t<div class=\"elementor-widget-container\">\n\t\t\t\t\t\t\t<div class=\"elementor-divider\">\n\t\t\t<span class=\"elementor-divider-separator\">\n\t\t\t\t\t\t<\/span>\n\t\t<\/div>\n\t\t\t\t\t\t<\/div>\n\t\t\t\t<\/div>\n\t\t\t\t<div class=\"elementor-element elementor-element-58f3e22 elementor-widget elementor-widget-text-editor\" data-id=\"58f3e22\" data-element_type=\"widget\" data-e-type=\"widget\" data-widget_type=\"text-editor.default\">\n\t\t\t\t<div class=\"elementor-widget-container\">\n\t\t\t\t\t\t\t\t\t<p>Dr. Jens Tartsch<\/p>\t\t\t\t\t\t\t\t<\/div>\n\t\t\t\t<\/div>\n\t\t\t\t<\/div>\n\t\t\t\t\t<\/div>\n\t\t\t\t<\/div>\n\t\t<div class=\"elementor-element elementor-element-0baee61 e-flex e-con-boxed e-con e-parent\" data-id=\"0baee61\" data-element_type=\"container\" data-e-type=\"container\">\n\t\t\t\t\t<div class=\"e-con-inner\">\n\t\t<div class=\"elementor-element elementor-element-50afa65 e-con-full e-flex e-con e-child\" data-id=\"50afa65\" data-element_type=\"container\" data-e-type=\"container\">\n\t\t\t\t<div class=\"elementor-element elementor-element-b9c6612 elementor-widget elementor-widget-heading\" data-id=\"b9c6612\" data-element_type=\"widget\" data-e-type=\"widget\" data-widget_type=\"heading.default\">\n\t\t\t\t<div class=\"elementor-widget-container\">\n\t\t\t\t\t<h2 class=\"elementor-heading-title elementor-size-default\">Metal-free all-ceramic crowns<\/h2>\t\t\t\t<\/div>\n\t\t\t\t<\/div>\n\t\t\t\t<div class=\"elementor-element elementor-element-0191cdb elementor-widget-divider--view-line elementor-widget elementor-widget-divider\" data-id=\"0191cdb\" data-element_type=\"widget\" data-e-type=\"widget\" data-widget_type=\"divider.default\">\n\t\t\t\t<div class=\"elementor-widget-container\">\n\t\t\t\t\t\t\t<div class=\"elementor-divider\">\n\t\t\t<span class=\"elementor-divider-separator\">\n\t\t\t\t\t\t<\/span>\n\t\t<\/div>\n\t\t\t\t\t\t<\/div>\n\t\t\t\t<\/div>\n\t\t\t\t<div class=\"elementor-element elementor-element-64eedc8 elementor-widget elementor-widget-text-editor\" data-id=\"64eedc8\" data-element_type=\"widget\" data-e-type=\"widget\" data-widget_type=\"text-editor.default\">\n\t\t\t\t<div class=\"elementor-widget-container\">\n\t\t\t\t\t\t\t\t\t<p>We place particular emphasis on the aesthetics of the front teeth. Ideally, your new teeth will accompany you for the rest of your life and your new smile will reflect your personality. For us, it is our figurehead...<br \/>The all-ceramic crown made of modern glass ceramics represents the optimum in aesthetics today compared to a natural tooth. With the right design, it is almost indistinguishable from your own teeth, even for a specialist.<\/p><p>The color and shape should correspond to your type and come as close as possible to nature. As every tooth has different colors and transparencies, the dental crown is also made up of different colors and layers in the dental laboratory or CAD\/CAM processes are used to achieve maximum precision.<\/p><p>The refraction of light in the tooth plays a special role here. Only a metal-free crown can achieve the same light refraction as a natural tooth.<\/p>\t\t\t\t\t\t\t\t<\/div>\n\t\t\t\t<\/div>\n\t\t\t\t<\/div>\n\t\t<div class=\"elementor-element elementor-element-b7194dc e-con-full e-flex e-con e-child\" data-id=\"b7194dc\" data-element_type=\"container\" data-e-type=\"container\">\n\t\t<div class=\"elementor-element elementor-element-6a47bed e-grid e-con-full e-con e-child\" data-id=\"6a47bed\" data-element_type=\"container\" data-e-type=\"container\">\n\t\t\t\t<div class=\"elementor-element elementor-element-bfd6b3c elementor-widget elementor-widget-image\" data-id=\"bfd6b3c\" data-element_type=\"widget\" data-e-type=\"widget\" data-widget_type=\"image.default\">\n\t\t\t\t<div class=\"elementor-widget-container\">\n\t\t\t\t\t\t\t\t\t\t\t\t\t\t\t<img decoding=\"async\" width=\"300\" height=\"225\" src=\"https:\/\/www.zahnarzt-kilchberg.ch\/wp-content\/uploads\/2016\/12\/csm_frey1_787f3b0d96.jpg\" class=\"attachment-medium_large size-medium_large wp-image-1996\" alt=\"\" srcset=\"https:\/\/www.zahnarzt-kilchberg.ch\/wp-content\/uploads\/2016\/12\/csm_frey1_787f3b0d96.jpg.webp 300w, https:\/\/www.zahnarzt-kilchberg.ch\/wp-content\/uploads\/2016\/12\/csm_frey1_787f3b0d96-16x12.jpg.webp 16w\" sizes=\"(max-width: 300px) 100vw, 300px\" \/>\t\t\t\t\t\t\t\t\t\t\t\t\t\t\t<\/div>\n\t\t\t\t<\/div>\n\t\t\t\t<div class=\"elementor-element elementor-element-2c94bd8 elementor-widget elementor-widget-image\" data-id=\"2c94bd8\" data-element_type=\"widget\" data-e-type=\"widget\" data-widget_type=\"image.default\">\n\t\t\t\t<div class=\"elementor-widget-container\">\n\t\t\t\t\t\t\t\t\t\t\t\t\t\t\t<img decoding=\"async\" width=\"300\" height=\"211\" src=\"https:\/\/www.zahnarzt-kilchberg.ch\/wp-content\/uploads\/2016\/12\/csm_frey2_65aa2953ba.jpg\" class=\"attachment-medium_large size-medium_large wp-image-1997\" alt=\"\" srcset=\"https:\/\/www.zahnarzt-kilchberg.ch\/wp-content\/uploads\/2016\/12\/csm_frey2_65aa2953ba.jpg.webp 300w, https:\/\/www.zahnarzt-kilchberg.ch\/wp-content\/uploads\/2016\/12\/csm_frey2_65aa2953ba-18x12.jpg.webp 18w\" sizes=\"(max-width: 300px) 100vw, 300px\" \/>\t\t\t\t\t\t\t\t\t\t\t\t\t\t\t<\/div>\n\t\t\t\t<\/div>\n\t\t\t\t<div class=\"elementor-element elementor-element-d2b0a84 elementor-widget elementor-widget-image\" data-id=\"d2b0a84\" data-element_type=\"widget\" data-e-type=\"widget\" data-widget_type=\"image.default\">\n\t\t\t\t<div class=\"elementor-widget-container\">\n\t\t\t\t\t\t\t\t\t\t\t\t<figure class=\"wp-caption\">\n\t\t\t\t\t\t\t\t\t\t<img loading=\"lazy\" decoding=\"async\" width=\"150\" height=\"150\" src=\"https:\/\/www.zahnarzt-kilchberg.ch\/wp-content\/uploads\/2016\/12\/csm_zahnkronen-2_c09d015ec6.jpg\" class=\"attachment-medium_large size-medium_large wp-image-1999\" alt=\"\" srcset=\"https:\/\/www.zahnarzt-kilchberg.ch\/wp-content\/uploads\/2016\/12\/csm_zahnkronen-2_c09d015ec6.jpg.webp 150w, https:\/\/www.zahnarzt-kilchberg.ch\/wp-content\/uploads\/2016\/12\/csm_zahnkronen-2_c09d015ec6-12x12.jpg.webp 12w\" sizes=\"(max-width: 150px) 100vw, 150px\" \/>\t\t\t\t\t\t\t\t\t\t\t<figcaption class=\"widget-image-caption wp-caption-text\">Light penetrates the all-ceramic crown like a natural tooth<\/figcaption>\n\t\t\t\t\t\t\t\t\t\t<\/figure>\n\t\t\t\t\t\t\t\t\t<\/div>\n\t\t\t\t<\/div>\n\t\t\t\t<div class=\"elementor-element elementor-element-5134034 elementor-widget elementor-widget-image\" data-id=\"5134034\" data-element_type=\"widget\" data-e-type=\"widget\" data-widget_type=\"image.default\">\n\t\t\t\t<div class=\"elementor-widget-container\">\n\t\t\t\t\t\t\t\t\t\t\t\t<figure class=\"wp-caption\">\n\t\t\t\t\t\t\t\t\t\t<img loading=\"lazy\" decoding=\"async\" width=\"150\" height=\"150\" src=\"https:\/\/www.zahnarzt-kilchberg.ch\/wp-content\/uploads\/2016\/12\/csm_zahnkronen-1_f6568426ef.jpg\" class=\"attachment-medium_large size-medium_large wp-image-1998\" alt=\"\" srcset=\"https:\/\/www.zahnarzt-kilchberg.ch\/wp-content\/uploads\/2016\/12\/csm_zahnkronen-1_f6568426ef.jpg.webp 150w, https:\/\/www.zahnarzt-kilchberg.ch\/wp-content\/uploads\/2016\/12\/csm_zahnkronen-1_f6568426ef-12x12.jpg.webp 12w\" sizes=\"(max-width: 150px) 100vw, 150px\" \/>\t\t\t\t\t\t\t\t\t\t\t<figcaption class=\"widget-image-caption wp-caption-text\">The light is blocked by the metal frame<\/figcaption>\n\t\t\t\t\t\t\t\t\t\t<\/figure>\n\t\t\t\t\t\t\t\t\t<\/div>\n\t\t\t\t<\/div>\n\t\t\t\t<\/div>\n\t\t\t\t<\/div>\n\t\t\t\t\t<\/div>\n\t\t\t\t<\/div>\n\t\t<div class=\"elementor-element elementor-element-845c8ba e-flex e-con-boxed e-con e-parent\" data-id=\"845c8ba\" data-element_type=\"container\" data-e-type=\"container\" data-settings=\"{&quot;background_background&quot;:&quot;classic&quot;}\">\n\t\t\t\t\t<div class=\"e-con-inner\">\n\t\t<div class=\"elementor-element elementor-element-638f125 e-con-full e-flex e-con e-child\" data-id=\"638f125\" data-element_type=\"container\" data-e-type=\"container\">\n\t\t\t\t<div class=\"elementor-element elementor-element-0c0a76c elementor-widget elementor-widget-text-editor\" data-id=\"0c0a76c\" data-element_type=\"widget\" data-e-type=\"widget\" data-widget_type=\"text-editor.default\">\n\t\t\t\t<div class=\"elementor-widget-container\">\n\t\t\t\t\t\t\t\t\tNo crowns are placed in our practice that do not meet with your 100% approval! In such a case, the crowns will be corrected in the dental laboratory until you are completely satisfied with your smile!\t\t\t\t\t\t\t\t<\/div>\n\t\t\t\t<\/div>\n\t\t\t\t<\/div>\n\t\t\t\t\t<\/div>\n\t\t\t\t<\/div>\n\t\t<div class=\"elementor-element elementor-element-1283b11 e-flex e-con-boxed e-con e-parent\" data-id=\"1283b11\" data-element_type=\"container\" data-e-type=\"container\">\n\t\t\t\t\t<div class=\"e-con-inner\">\n\t\t<div class=\"elementor-element elementor-element-d610c8c e-con-full e-flex e-con e-child\" data-id=\"d610c8c\" data-element_type=\"container\" data-e-type=\"container\">\n\t\t<div class=\"elementor-element elementor-element-1ee6435 e-grid e-con-full e-con e-child\" data-id=\"1ee6435\" data-element_type=\"container\" data-e-type=\"container\">\n\t\t\t\t<div class=\"elementor-element elementor-element-7d32b7c elementor-widget elementor-widget-image\" data-id=\"7d32b7c\" data-element_type=\"widget\" data-e-type=\"widget\" data-widget_type=\"image.default\">\n\t\t\t\t<div class=\"elementor-widget-container\">\n\t\t\t\t\t\t\t\t\t\t\t\t\t\t\t<img loading=\"lazy\" decoding=\"async\" width=\"300\" height=\"147\" src=\"https:\/\/www.zahnarzt-kilchberg.ch\/wp-content\/uploads\/2016\/12\/csm_korrektur_vorher_2_ec3be5e955.jpg\" class=\"attachment-large size-large wp-image-2000\" alt=\"\" srcset=\"https:\/\/www.zahnarzt-kilchberg.ch\/wp-content\/uploads\/2016\/12\/csm_korrektur_vorher_2_ec3be5e955.jpg.webp 300w, https:\/\/www.zahnarzt-kilchberg.ch\/wp-content\/uploads\/2016\/12\/csm_korrektur_vorher_2_ec3be5e955-18x9.jpg.webp 18w\" sizes=\"(max-width: 300px) 100vw, 300px\" \/>\t\t\t\t\t\t\t\t\t\t\t\t\t\t\t<\/div>\n\t\t\t\t<\/div>\n\t\t\t\t<div class=\"elementor-element elementor-element-2540c6a elementor-widget elementor-widget-image\" data-id=\"2540c6a\" data-element_type=\"widget\" data-e-type=\"widget\" data-widget_type=\"image.default\">\n\t\t\t\t<div class=\"elementor-widget-container\">\n\t\t\t\t\t\t\t\t\t\t\t\t\t\t\t<img loading=\"lazy\" decoding=\"async\" width=\"300\" height=\"147\" src=\"https:\/\/www.zahnarzt-kilchberg.ch\/wp-content\/uploads\/2016\/12\/csm_korrektur_nachher_2_25ed3a17ec.jpg\" class=\"attachment-large size-large wp-image-2001\" alt=\"\" srcset=\"https:\/\/www.zahnarzt-kilchberg.ch\/wp-content\/uploads\/2016\/12\/csm_korrektur_nachher_2_25ed3a17ec.jpg.webp 300w, https:\/\/www.zahnarzt-kilchberg.ch\/wp-content\/uploads\/2016\/12\/csm_korrektur_nachher_2_25ed3a17ec-18x9.jpg.webp 18w\" sizes=\"(max-width: 300px) 100vw, 300px\" \/>\t\t\t\t\t\t\t\t\t\t\t\t\t\t\t<\/div>\n\t\t\t\t<\/div>\n\t\t\t\t<\/div>\n\t\t\t\t<\/div>\n\t\t<div class=\"elementor-element elementor-element-923a3a5 e-con-full e-flex e-con e-child\" data-id=\"923a3a5\" data-element_type=\"container\" data-e-type=\"container\">\n\t\t\t\t<div class=\"elementor-element elementor-element-93c7651 elementor-widget elementor-widget-heading\" data-id=\"93c7651\" data-element_type=\"widget\" data-e-type=\"widget\" data-widget_type=\"heading.default\">\n\t\t\t\t<div class=\"elementor-widget-container\">\n\t\t\t\t\t<h2 class=\"elementor-heading-title elementor-size-default\">Simple corrections of the front teeth<\/h2>\t\t\t\t<\/div>\n\t\t\t\t<\/div>\n\t\t\t\t<div class=\"elementor-element elementor-element-8d95b03 elementor-widget-divider--view-line elementor-widget elementor-widget-divider\" data-id=\"8d95b03\" data-element_type=\"widget\" data-e-type=\"widget\" data-widget_type=\"divider.default\">\n\t\t\t\t<div class=\"elementor-widget-container\">\n\t\t\t\t\t\t\t<div class=\"elementor-divider\">\n\t\t\t<span class=\"elementor-divider-separator\">\n\t\t\t\t\t\t<\/span>\n\t\t<\/div>\n\t\t\t\t\t\t<\/div>\n\t\t\t\t<\/div>\n\t\t\t\t<div class=\"elementor-element elementor-element-659358c elementor-widget elementor-widget-text-editor\" data-id=\"659358c\" data-element_type=\"widget\" data-e-type=\"widget\" data-widget_type=\"text-editor.default\">\n\t\t\t\t<div class=\"elementor-widget-container\">\n\t\t\t\t\t\t\t\t\t<p>Even with simple resin fillings, amazing results can be achieved in many cases and a smile can be completely transformed!<\/p><p>Old and discolored fillings are replaced and thus become \"invisible\" again, small gaps between the teeth (diastema) are closed and slight misalignments or unattractive tooth shapes and colors are corrected.<\/p><p><strong>In many cases, this is done without having to remove healthy tooth substance... so the healthy tooth remains completely intact!<\/strong><\/p>\t\t\t\t\t\t\t\t<\/div>\n\t\t\t\t<\/div>\n\t\t\t\t<\/div>\n\t\t\t\t\t<\/div>\n\t\t\t\t<\/div>\n\t\t<div class=\"elementor-element elementor-element-e442a57 e-flex e-con-boxed e-con e-parent\" data-id=\"e442a57\" data-element_type=\"container\" data-e-type=\"container\">\n\t\t\t\t\t<div class=\"e-con-inner\">\n\t\t<div class=\"elementor-element elementor-element-7be6ccd e-con-full e-flex e-con e-child\" data-id=\"7be6ccd\" data-element_type=\"container\" data-e-type=\"container\">\n\t\t\t\t<div class=\"elementor-element elementor-element-40dd55c elementor-widget elementor-widget-heading\" data-id=\"40dd55c\" data-element_type=\"widget\" data-e-type=\"widget\" data-widget_type=\"heading.default\">\n\t\t\t\t<div class=\"elementor-widget-container\">\n\t\t\t\t\t<h2 class=\"elementor-heading-title elementor-size-default\">Veneers<\/h2>\t\t\t\t<\/div>\n\t\t\t\t<\/div>\n\t\t\t\t<div class=\"elementor-element elementor-element-ad001ce elementor-widget-divider--view-line elementor-widget elementor-widget-divider\" data-id=\"ad001ce\" data-element_type=\"widget\" data-e-type=\"widget\" data-widget_type=\"divider.default\">\n\t\t\t\t<div class=\"elementor-widget-container\">\n\t\t\t\t\t\t\t<div class=\"elementor-divider\">\n\t\t\t<span class=\"elementor-divider-separator\">\n\t\t\t\t\t\t<\/span>\n\t\t<\/div>\n\t\t\t\t\t\t<\/div>\n\t\t\t\t<\/div>\n\t\t\t\t<div class=\"elementor-element elementor-element-e1e55f4 elementor-widget elementor-widget-text-editor\" data-id=\"e1e55f4\" data-element_type=\"widget\" data-e-type=\"widget\" data-widget_type=\"text-editor.default\">\n\t\t\t\t<div class=\"elementor-widget-container\">\n\t\t\t\t\t\t\t\t\t<p>Veneers are wafer-thin ceramic shells that are \"glued on\" with or without prior grinding of the patient's own tooth, creating almost a new layer of enamel. These veneers can be used to brighten deeply discolored teeth, correct slight tooth position errors, close small gaps between teeth or repair broken teeth.<\/p><p><strong>You get your natural look back ... or even more!<\/strong><\/p>\t\t\t\t\t\t\t\t<\/div>\n\t\t\t\t<\/div>\n\t\t\t\t<\/div>\n\t\t<div class=\"elementor-element elementor-element-0e132d8 e-con-full e-flex e-con e-child\" data-id=\"0e132d8\" data-element_type=\"container\" data-e-type=\"container\">\n\t\t\t\t<div class=\"elementor-element elementor-element-eb2619e elementor-widget elementor-widget-image\" data-id=\"eb2619e\" data-element_type=\"widget\" data-e-type=\"widget\" data-widget_type=\"image.default\">\n\t\t\t\t<div class=\"elementor-widget-container\">\n\t\t\t\t\t\t\t\t\t\t\t\t\t\t\t<img loading=\"lazy\" decoding=\"async\" width=\"300\" height=\"210\" src=\"https:\/\/www.zahnarzt-kilchberg.ch\/wp-content\/uploads\/2016\/12\/csm_Veneer_Jens2_d327b73a79.jpg\" class=\"attachment-large size-large wp-image-753\" alt=\"\" srcset=\"https:\/\/www.zahnarzt-kilchberg.ch\/wp-content\/uploads\/2016\/12\/csm_Veneer_Jens2_d327b73a79.jpg.webp 300w, https:\/\/www.zahnarzt-kilchberg.ch\/wp-content\/uploads\/2016\/12\/csm_Veneer_Jens2_d327b73a79-18x12.jpg.webp 18w\" sizes=\"(max-width: 300px) 100vw, 300px\" \/>\t\t\t\t\t\t\t\t\t\t\t\t\t\t\t<\/div>\n\t\t\t\t<\/div>\n\t\t<div class=\"elementor-element elementor-element-4bf2856 e-grid e-con-full e-con e-child\" data-id=\"4bf2856\" data-element_type=\"container\" data-e-type=\"container\">\n\t\t\t\t<div class=\"elementor-element elementor-element-e327b0b elementor-widget elementor-widget-image\" data-id=\"e327b0b\" data-element_type=\"widget\" data-e-type=\"widget\" data-widget_type=\"image.default\">\n\t\t\t\t<div class=\"elementor-widget-container\">\n\t\t\t\t\t\t\t\t\t\t\t\t\t\t\t<img loading=\"lazy\" decoding=\"async\" width=\"240\" height=\"118\" src=\"https:\/\/www.zahnarzt-kilchberg.ch\/wp-content\/uploads\/2016\/12\/csm_veneers_vorher_7c6891fba3.jpg\" class=\"attachment-large size-large wp-image-755\" alt=\"\" srcset=\"https:\/\/www.zahnarzt-kilchberg.ch\/wp-content\/uploads\/2016\/12\/csm_veneers_vorher_7c6891fba3.jpg.webp 240w, https:\/\/www.zahnarzt-kilchberg.ch\/wp-content\/uploads\/2016\/12\/csm_veneers_vorher_7c6891fba3-18x9.jpg.webp 18w\" sizes=\"(max-width: 240px) 100vw, 240px\" \/>\t\t\t\t\t\t\t\t\t\t\t\t\t\t\t<\/div>\n\t\t\t\t<\/div>\n\t\t\t\t<div class=\"elementor-element elementor-element-b86fa09 elementor-widget elementor-widget-image\" data-id=\"b86fa09\" data-element_type=\"widget\" data-e-type=\"widget\" data-widget_type=\"image.default\">\n\t\t\t\t<div class=\"elementor-widget-container\">\n\t\t\t\t\t\t\t\t\t\t\t\t\t\t\t<img loading=\"lazy\" decoding=\"async\" width=\"240\" height=\"118\" src=\"https:\/\/www.zahnarzt-kilchberg.ch\/wp-content\/uploads\/2016\/12\/csm_veneers_nachher_2ddc0c39e4.jpg\" class=\"attachment-large size-large wp-image-756\" alt=\"\" srcset=\"https:\/\/www.zahnarzt-kilchberg.ch\/wp-content\/uploads\/2016\/12\/csm_veneers_nachher_2ddc0c39e4.jpg 240w, https:\/\/www.zahnarzt-kilchberg.ch\/wp-content\/uploads\/2016\/12\/csm_veneers_nachher_2ddc0c39e4-18x9.jpg.webp 18w\" sizes=\"(max-width: 240px) 100vw, 240px\" \/>\t\t\t\t\t\t\t\t\t\t\t\t\t\t\t<\/div>\n\t\t\t\t<\/div>\n\t\t\t\t<\/div>\n\t\t\t\t<\/div>\n\t\t\t\t\t<\/div>\n\t\t\t\t<\/div>\n\t\t\t\t<\/div>","protected":false},"excerpt":{"rendered":"<p>\u00c4sthetische Zahnmedizin Ihr Weg zu einem makellosem L\u00e4cheln \u00c4sthetisch ist, was der Natur am n\u00e4chsten kommt und ansprechend auf das Umfeld wirkt. In unserer Praxis erreichen wir dies durch zahnfarbene Keramikf\u00fcllungen, durch nat\u00fcrlich und individuell f\u00fcr Sie gestaltete Zahnkronen oder durch hauchd\u00fcnne Keramikschalen (Veneers), die dauerhaft auf die Z\u00e4hne geklebt werden. Auch schon kleine Korrekturen [&hellip;]<\/p>\n","protected":false},"author":1,"featured_media":0,"parent":0,"menu_order":0,"comment_status":"closed","ping_status":"closed","template":"","meta":{"footnotes":""},"class_list":["post-195","page","type-page","status-publish","hentry"],"_links":{"self":[{"href":"https:\/\/www.zahnarzt-kilchberg.ch\/en\/wp-json\/wp\/v2\/pages\/195","targetHints":{"allow":["GET"]}}],"collection":[{"href":"https:\/\/www.zahnarzt-kilchberg.ch\/en\/wp-json\/wp\/v2\/pages"}],"about":[{"href":"https:\/\/www.zahnarzt-kilchberg.ch\/en\/wp-json\/wp\/v2\/types\/page"}],"author":[{"embeddable":true,"href":"https:\/\/www.zahnarzt-kilchberg.ch\/en\/wp-json\/wp\/v2\/users\/1"}],"replies":[{"embeddable":true,"href":"https:\/\/www.zahnarzt-kilchberg.ch\/en\/wp-json\/wp\/v2\/comments?post=195"}],"version-history":[{"count":25,"href":"https:\/\/www.zahnarzt-kilchberg.ch\/en\/wp-json\/wp\/v2\/pages\/195\/revisions"}],"predecessor-version":[{"id":5276,"href":"https:\/\/www.zahnarzt-kilchberg.ch\/en\/wp-json\/wp\/v2\/pages\/195\/revisions\/5276"}],"wp:attachment":[{"href":"https:\/\/www.zahnarzt-kilchberg.ch\/en\/wp-json\/wp\/v2\/media?parent=195"}],"curies":[{"name":"wp","href":"https:\/\/api.w.org\/{rel}","templated":true}]}}