{"id":4798,"date":"2025-03-01T08:07:14","date_gmt":"2025-03-01T07:07:14","guid":{"rendered":"https:\/\/demo.zahnarzt-kilchberg.ch\/?page_id=4798"},"modified":"2026-02-09T23:30:44","modified_gmt":"2026-02-09T22:30:44","slug":"service","status":"publish","type":"page","link":"https:\/\/www.zahnarzt-kilchberg.ch\/de_ch\/service\/","title":{"rendered":"Service"},"content":{"rendered":"<div data-elementor-type=\"wp-page\" data-elementor-id=\"4798\" class=\"elementor elementor-4798\" data-elementor-post-type=\"page\">\n\t\t\t\t<div class=\"elementor-element elementor-element-002a5b6 e-con-full e-flex e-con e-parent\" data-id=\"002a5b6\" data-element_type=\"container\" data-e-type=\"container\" data-settings=\"{&quot;background_background&quot;:&quot;classic&quot;}\">\n\t\t<div class=\"elementor-element elementor-element-9bb37b1 e-flex e-con-boxed e-con e-child\" data-id=\"9bb37b1\" data-element_type=\"container\" data-e-type=\"container\" data-settings=\"{&quot;background_background&quot;:&quot;classic&quot;}\">\n\t\t\t\t\t<div class=\"e-con-inner\">\n\t\t\t\t<div class=\"elementor-element elementor-element-0d318e1 elementor-widget elementor-widget-heading\" data-id=\"0d318e1\" data-element_type=\"widget\" data-e-type=\"widget\" data-widget_type=\"heading.default\">\n\t\t\t\t<div class=\"elementor-widget-container\">\n\t\t\t\t\t<h1 class=\"elementor-heading-title elementor-size-default\">Service<\/h1>\t\t\t\t<\/div>\n\t\t\t\t<\/div>\n\t\t\t\t\t<\/div>\n\t\t\t\t<\/div>\n\t\t\t\t<\/div>\n\t\t<div class=\"elementor-element elementor-element-1af8d6e e-flex e-con-boxed e-con e-parent\" data-id=\"1af8d6e\" data-element_type=\"container\" data-e-type=\"container\">\n\t\t\t\t\t<div class=\"e-con-inner\">\n\t\t\t\t<div class=\"elementor-element elementor-element-67acca8 elementor-widget elementor-widget-heading\" data-id=\"67acca8\" data-element_type=\"widget\" data-e-type=\"widget\" data-widget_type=\"heading.default\">\n\t\t\t\t<div class=\"elementor-widget-container\">\n\t\t\t\t\t<h2 class=\"elementor-heading-title elementor-size-default\">unsere Service-Pakete<\/h2>\t\t\t\t<\/div>\n\t\t\t\t<\/div>\n\t\t\t\t<div class=\"elementor-element elementor-element-522cf58 elementor-widget elementor-widget-heading\" data-id=\"522cf58\" data-element_type=\"widget\" data-e-type=\"widget\" data-widget_type=\"heading.default\">\n\t\t\t\t<div class=\"elementor-widget-container\">\n\t\t\t\t\t<div class=\"elementor-heading-title elementor-size-default\">Bitte beachten Sie die speziellen Hinweise f\u00fcr unsere Praxis<\/div>\t\t\t\t<\/div>\n\t\t\t\t<\/div>\n\t\t\t\t<div class=\"elementor-element elementor-element-f9324b3 elementor-widget-divider--view-line elementor-widget elementor-widget-divider\" data-id=\"f9324b3\" data-element_type=\"widget\" data-e-type=\"widget\" data-widget_type=\"divider.default\">\n\t\t\t\t<div class=\"elementor-widget-container\">\n\t\t\t\t\t\t\t<div class=\"elementor-divider\">\n\t\t\t<span class=\"elementor-divider-separator\">\n\t\t\t\t\t\t<\/span>\n\t\t<\/div>\n\t\t\t\t\t\t<\/div>\n\t\t\t\t<\/div>\n\t\t\t\t<div class=\"elementor-element elementor-element-4f8f6ee elementor-widget elementor-widget-text-editor\" data-id=\"4f8f6ee\" data-element_type=\"widget\" data-e-type=\"widget\" data-widget_type=\"text-editor.default\">\n\t\t\t\t<div class=\"elementor-widget-container\">\n\t\t\t\t\t\t\t\t\t<p style=\"text-align: center;\">Service und Dienstleistungen sind bei uns gro\u00df geschrieben \u2013 wir m\u00f6chten, dass Sie sich bei uns wohlf\u00fchlen! <br \/>Aus diesem Grund haben wir ein ganzes Packet an Serviceangeboten f\u00fcr Sie geschn\u00fcrt. <br \/>Wir hoffen, dass f\u00fcr jeden etwas dabei ist.<\/p>\t\t\t\t\t\t\t\t<\/div>\n\t\t\t\t<\/div>\n\t\t\t\t<div class=\"elementor-element elementor-element-82af828 elementor-widget elementor-widget-heading\" data-id=\"82af828\" data-element_type=\"widget\" data-e-type=\"widget\" data-widget_type=\"heading.default\">\n\t\t\t\t<div class=\"elementor-widget-container\">\n\t\t\t\t\t<div class=\"elementor-heading-title elementor-size-default\">Hier gelangen Sie zu unserem digitalen Anmeldebogen<\/div>\t\t\t\t<\/div>\n\t\t\t\t<\/div>\n\t\t\t\t<div class=\"elementor-element elementor-element-67f7f2e elementor-align-center elementor-widget elementor-widget-button\" data-id=\"67f7f2e\" data-element_type=\"widget\" data-e-type=\"widget\" data-widget_type=\"button.default\">\n\t\t\t\t<div class=\"elementor-widget-container\">\n\t\t\t\t\t\t\t\t\t<div class=\"elementor-button-wrapper\">\n\t\t\t\t\t<a class=\"elementor-button elementor-button-link elementor-size-sm\" href=\"#\">\n\t\t\t\t\t\t<span class=\"elementor-button-content-wrapper\">\n\t\t\t\t\t\t\t\t\t<span class=\"elementor-button-text\">zur Anmeldung<\/span>\n\t\t\t\t\t<\/span>\n\t\t\t\t\t<\/a>\n\t\t\t\t<\/div>\n\t\t\t\t\t\t\t\t<\/div>\n\t\t\t\t<\/div>\n\t\t\t\t\t<\/div>\n\t\t\t\t<\/div>\n\t\t<div class=\"elementor-element elementor-element-9152f2c e-flex e-con-boxed e-con e-parent\" data-id=\"9152f2c\" data-element_type=\"container\" data-e-type=\"container\">\n\t\t\t\t\t<div class=\"e-con-inner\">\n\t\t<div class=\"elementor-element elementor-element-c76cb15 e-con-full e-flex e-con e-child\" data-id=\"c76cb15\" data-element_type=\"container\" data-e-type=\"container\">\n\t\t\t\t<div class=\"elementor-element elementor-element-93ac24a elementor-widget elementor-widget-image\" data-id=\"93ac24a\" data-element_type=\"widget\" data-e-type=\"widget\" data-widget_type=\"image.default\">\n\t\t\t\t<div class=\"elementor-widget-container\">\n\t\t\t\t\t\t\t\t\t\t\t\t\t\t\t<img fetchpriority=\"high\" decoding=\"async\" width=\"300\" height=\"284\" src=\"https:\/\/www.zahnarzt-kilchberg.ch\/wp-content\/uploads\/2025\/03\/csm_service1_47459cce07.webp\" class=\"attachment-large size-large wp-image-4802\" alt=\"\" srcset=\"https:\/\/www.zahnarzt-kilchberg.ch\/wp-content\/uploads\/2025\/03\/csm_service1_47459cce07.webp 300w, https:\/\/www.zahnarzt-kilchberg.ch\/wp-content\/uploads\/2025\/03\/csm_service1_47459cce07-13x12.webp 13w\" sizes=\"(max-width: 300px) 100vw, 300px\" \/>\t\t\t\t\t\t\t\t\t\t\t\t\t\t\t<\/div>\n\t\t\t\t<\/div>\n\t\t\t\t<div class=\"elementor-element elementor-element-c2963a1 elementor-widget elementor-widget-text-editor\" data-id=\"c2963a1\" data-element_type=\"widget\" data-e-type=\"widget\" data-widget_type=\"text-editor.default\">\n\t\t\t\t<div class=\"elementor-widget-container\">\n\t\t\t\t\t\t\t\t\t<p style=\"text-align: center;\">Unser Taxpunktwert betr\u00e4gt CHF 1.2 , f\u00fcr Kinder CHF 1.0<\/p>\t\t\t\t\t\t\t\t<\/div>\n\t\t\t\t<\/div>\n\t\t\t\t<\/div>\n\t\t<div class=\"elementor-element elementor-element-bee8bfd e-con-full e-flex e-con e-child\" data-id=\"bee8bfd\" data-element_type=\"container\" data-e-type=\"container\">\n\t\t\t\t<div class=\"elementor-element elementor-element-e1f0c45 elementor-widget elementor-widget-heading\" data-id=\"e1f0c45\" data-element_type=\"widget\" data-e-type=\"widget\" data-widget_type=\"heading.default\">\n\t\t\t\t<div class=\"elementor-widget-container\">\n\t\t\t\t\t<h2 class=\"elementor-heading-title elementor-size-default\">Wartezeiten<\/h2>\t\t\t\t<\/div>\n\t\t\t\t<\/div>\n\t\t\t\t<div class=\"elementor-element elementor-element-ae39dd2 elementor-widget-divider--view-line elementor-widget elementor-widget-divider\" data-id=\"ae39dd2\" data-element_type=\"widget\" data-e-type=\"widget\" data-widget_type=\"divider.default\">\n\t\t\t\t<div class=\"elementor-widget-container\">\n\t\t\t\t\t\t\t<div class=\"elementor-divider\">\n\t\t\t<span class=\"elementor-divider-separator\">\n\t\t\t\t\t\t<\/span>\n\t\t<\/div>\n\t\t\t\t\t\t<\/div>\n\t\t\t\t<\/div>\n\t\t\t\t<div class=\"elementor-element elementor-element-f05894e elementor-widget elementor-widget-text-editor\" data-id=\"f05894e\" data-element_type=\"widget\" data-e-type=\"widget\" data-widget_type=\"text-editor.default\">\n\t\t\t\t<div class=\"elementor-widget-container\">\n\t\t\t\t\t\t\t\t\t<p>Unsere Praxis ist eine Terminpraxis. Patienten, die einen Termin vereinbart haben, werden in aller Regel p\u00fcnktlich behandelt. Zu Wartezeiten kommt es nur in Ausnahmef\u00e4llen oder bei nicht vorhersehbaren Notf\u00e4llen.<\/p>\n<p>Bitte halten Sie daher auch die Termine Ihrerseits p\u00fcnktlich ein oder informieren Sie uns rechtzeitig, sofern Sie einen Termin nicht wahrnehmen k\u00f6nnen. Werden Termine nicht mindestens 24 Std im Vorfeld abgesagt, behalten wir uns vor, diese analog SSO Tarif zu verrechnen.<\/p>\n<p><strong>Bitte bringen Sie insbesondere f\u00fcr die Spezialsprechstunde&nbsp; UmweltZahnMedizin alle bereits vorhandenen Unterlagen wie Vorbefunde und R\u00f6ntgenbilder mit!<\/strong><\/p>\t\t\t\t\t\t\t\t<\/div>\n\t\t\t\t<\/div>\n\t\t\t\t<\/div>\n\t\t\t\t\t<\/div>\n\t\t\t\t<\/div>\n\t\t<div class=\"elementor-element elementor-element-ae10560 e-flex e-con-boxed e-con e-parent\" data-id=\"ae10560\" data-element_type=\"container\" data-e-type=\"container\" data-settings=\"{&quot;background_background&quot;:&quot;classic&quot;}\">\n\t\t\t\t\t<div class=\"e-con-inner\">\n\t\t\t\t<div class=\"elementor-element elementor-element-5e5062f elementor-widget elementor-widget-heading\" data-id=\"5e5062f\" data-element_type=\"widget\" data-e-type=\"widget\" data-widget_type=\"heading.default\">\n\t\t\t\t<div class=\"elementor-widget-container\">\n\t\t\t\t\t<h2 class=\"elementor-heading-title elementor-size-default\">Unsere Dienstleistungen von A-Z<\/h2>\t\t\t\t<\/div>\n\t\t\t\t<\/div>\n\t\t\t\t<div class=\"elementor-element elementor-element-499824e elementor-widget-divider--view-line elementor-widget elementor-widget-divider\" data-id=\"499824e\" data-element_type=\"widget\" data-e-type=\"widget\" data-widget_type=\"divider.default\">\n\t\t\t\t<div class=\"elementor-widget-container\">\n\t\t\t\t\t\t\t<div class=\"elementor-divider\">\n\t\t\t<span class=\"elementor-divider-separator\">\n\t\t\t\t\t\t<\/span>\n\t\t<\/div>\n\t\t\t\t\t\t<\/div>\n\t\t\t\t<\/div>\n\t\t\t\t\t<\/div>\n\t\t\t\t<\/div>\n\t\t<div class=\"elementor-element elementor-element-da93b56 e-flex e-con-boxed e-con e-parent\" data-id=\"da93b56\" data-element_type=\"container\" data-e-type=\"container\" data-settings=\"{&quot;background_background&quot;:&quot;classic&quot;}\">\n\t\t\t\t\t<div class=\"e-con-inner\">\n\t\t<div class=\"elementor-element elementor-element-666c8cf e-con-full e-flex e-con e-child\" data-id=\"666c8cf\" data-element_type=\"container\" data-e-type=\"container\">\n\t\t\t\t<div class=\"elementor-element elementor-element-b5f4ba9 elementor-widget elementor-widget-text-editor\" data-id=\"b5f4ba9\" data-element_type=\"widget\" data-e-type=\"widget\" data-widget_type=\"text-editor.default\">\n\t\t\t\t<div class=\"elementor-widget-container\">\n\t\t\t\t\t\t\t\t\t<ul><li><strong>Einmal-Zahnb\u00fcrsten<\/strong><br \/>f\u00fcr das noch schnelle Putzen vor Ihrem Zahnarzttermin. Diese Zahnb\u00fcrsten sind bereits mit einem Putzfluid impr\u00e4gniert. Sie k\u00f6nnen zus\u00e4tzlich auch die\u00a0 bereitgestellte Zahncreme verwenden<br \/><br \/><\/li><li><strong>Garantie<\/strong><br \/>Sowohl auf unsere Leistungen als auch auf die Arbeiten aus dem zahntechnischen Labor erhalten Sie bei entsprechender Pflege bei uns eine Garantie, die weit \u00fcber das \u00fcbliche Mass hinausgeht. <br \/><br \/><\/li><li><strong>Musik<\/strong><br \/>h\u00f6ren Sie, wenn Sie m\u00f6gen, w\u00e4hrend Ihrer zahn\u00e4rztlichen Behandlung. Gerne k\u00f6nnen Sie Ihre Wunschtitel vor Ihrem Termin ausw\u00e4hlen. Auch in unserem Wartebereich richten wir uns gern nach Ihren Musikw\u00fcnschen \u2013 Sie m\u00fcssen sie uns nur sagen.<\/li><\/ul>\t\t\t\t\t\t\t\t<\/div>\n\t\t\t\t<\/div>\n\t\t\t\t<\/div>\n\t\t<div class=\"elementor-element elementor-element-b91c240 e-con-full e-flex e-con e-child\" data-id=\"b91c240\" data-element_type=\"container\" data-e-type=\"container\">\n\t\t\t\t<div class=\"elementor-element elementor-element-974d25e elementor-widget elementor-widget-text-editor\" data-id=\"974d25e\" data-element_type=\"widget\" data-e-type=\"widget\" data-widget_type=\"text-editor.default\">\n\t\t\t\t<div class=\"elementor-widget-container\">\n\t\t\t\t\t\t\t\t\t<ul><li><strong>Prophylaxeshop<\/strong><br \/>Sie k\u00f6nnen bei uns ein umfangreiches Angebot an Zahnpflege- und Mundhygieneartikeln erwerben. Alle Produkte werden von unserem Prophylaxeteam regelm\u00e4\u00dfig getestet und vom ganzen Team benutzt.<br \/><br \/><\/li><li><strong>Recallservice<\/strong><br \/>Wir erinnern Sie gerne per e-mail oder SMS an Ihren n\u00e4chsten Termin, ihre regelm\u00e4ssige Kontrolluntersuchung und Dentalhygiene. Bitte lassen sie uns wissen, falls sie dies nicht w\u00fcnschen.<br \/><br \/><\/li><li><strong>Tageszeitung \/ Magazine<\/strong><br \/>Damit halten wir Sie auf dem Laufenden. Egal, wof\u00fcr Sie sich interessieren \u2013 f\u00fcr jeden Geschmack und f\u00fcr jedes Zeitlimit ist das Passende dabei. Gerne k\u00f6nnen Sie auch nach der Behandlung weiter Ihre Lieblingslekt\u00fcre studieren<\/li><\/ul>\t\t\t\t\t\t\t\t<\/div>\n\t\t\t\t<\/div>\n\t\t\t\t<\/div>\n\t\t\t\t\t<\/div>\n\t\t\t\t<\/div>\n\t\t<div class=\"elementor-element elementor-element-ab96566 e-flex e-con-boxed e-con e-parent\" data-id=\"ab96566\" data-element_type=\"container\" data-e-type=\"container\" data-settings=\"{&quot;background_background&quot;:&quot;classic&quot;}\">\n\t\t\t\t\t<div class=\"e-con-inner\">\n\t\t\t\t<div class=\"elementor-element elementor-element-9484156 elementor-widget elementor-widget-heading\" data-id=\"9484156\" data-element_type=\"widget\" data-e-type=\"widget\" data-widget_type=\"heading.default\">\n\t\t\t\t<div class=\"elementor-widget-container\">\n\t\t\t\t\t<h2 class=\"elementor-heading-title elementor-size-default\">Download Dokumente<\/h2>\t\t\t\t<\/div>\n\t\t\t\t<\/div>\n\t\t\t\t<div class=\"elementor-element elementor-element-d7fb5d5 elementor-widget-divider--view-line elementor-widget elementor-widget-divider\" data-id=\"d7fb5d5\" data-element_type=\"widget\" data-e-type=\"widget\" data-widget_type=\"divider.default\">\n\t\t\t\t<div class=\"elementor-widget-container\">\n\t\t\t\t\t\t\t<div class=\"elementor-divider\">\n\t\t\t<span class=\"elementor-divider-separator\">\n\t\t\t\t\t\t<\/span>\n\t\t<\/div>\n\t\t\t\t\t\t<\/div>\n\t\t\t\t<\/div>\n\t\t\t\t<div class=\"elementor-element elementor-element-4cb66cf elementor-widget elementor-widget-text-editor\" data-id=\"4cb66cf\" data-element_type=\"widget\" data-e-type=\"widget\" data-widget_type=\"text-editor.default\">\n\t\t\t\t<div class=\"elementor-widget-container\">\n\t\t\t\t\t\t\t\t\t<p style=\"text-align: center;\">Hier finden Sie unsere wichtigsten Praxisdokumente bereits vorab zum herunterladen und ausdrucken. <br \/>Bitte bringen Sie bei Ihrem ersten Besuch alle ben\u00f6tigten Unterlagen mit.<br \/>Zum \u00f6ffnen klicken sie einfach auf das gew\u00fcnschte Dokument<\/p>\t\t\t\t\t\t\t\t<\/div>\n\t\t\t\t<\/div>\n\t\t\t\t\t<\/div>\n\t\t\t\t<\/div>\n\t\t<div class=\"elementor-element elementor-element-c51bbea e-flex e-con-boxed e-con e-parent\" data-id=\"c51bbea\" data-element_type=\"container\" data-e-type=\"container\" data-settings=\"{&quot;background_background&quot;:&quot;classic&quot;}\">\n\t\t\t\t\t<div class=\"e-con-inner\">\n\t\t\t\t<div class=\"elementor-element elementor-element-3f3a26d elementor-skin-coverflow elementor-arrows-yes elementor-pagination-type-bullets elementor-pagination-position-outside elementor-widget elementor-widget-media-carousel\" data-id=\"3f3a26d\" data-element_type=\"widget\" data-e-type=\"widget\" data-settings=\"{&quot;skin&quot;:&quot;coverflow&quot;,&quot;space_between&quot;:{&quot;unit&quot;:&quot;px&quot;,&quot;size&quot;:20,&quot;sizes&quot;:[]},&quot;show_arrows&quot;:&quot;yes&quot;,&quot;pagination&quot;:&quot;bullets&quot;,&quot;speed&quot;:500,&quot;autoplay&quot;:&quot;yes&quot;,&quot;autoplay_speed&quot;:5000,&quot;loop&quot;:&quot;yes&quot;,&quot;pause_on_hover&quot;:&quot;yes&quot;,&quot;pause_on_interaction&quot;:&quot;yes&quot;,&quot;space_between_tablet&quot;:{&quot;unit&quot;:&quot;px&quot;,&quot;size&quot;:10,&quot;sizes&quot;:[]},&quot;space_between_mobile&quot;:{&quot;unit&quot;:&quot;px&quot;,&quot;size&quot;:10,&quot;sizes&quot;:[]}}\" data-widget_type=\"media-carousel.default\">\n\t\t\t\t<div class=\"elementor-widget-container\">\n\t\t\t\t\t\t\t\t\t<div class=\"elementor-swiper\">\n\t\t\t\t\t<div class=\"elementor-main-swiper swiper\" role=\"region\" aria-roledescription=\"carousel\" aria-label=\"Slider\">\n\t\t\t\t<div class=\"swiper-wrapper\">\n\t\t\t\t\t\t\t\t\t\t\t<div class=\"swiper-slide\" role=\"group\" aria-roledescription=\"slide\">\n\t\t\t\t\t\t\t<a href=\"\/wp-content\/uploads\/2025\/03\/Wegbeschreibung-Zahnarztpraxis-Tartsch.pdf\" target=\"_blank\">\t\t<div class=\"elementor-carousel-image\" role=\"img\" aria-label=\"Wegbeschreibung Zahnarztpraxis Tartsch\" style=\"background-image: url(&#039;https:\/\/www.zahnarzt-kilchberg.ch\/wp-content\/uploads\/2025\/03\/Wegbeschreibung-Zahnarztpraxis-Tartsch.webp&#039;)\">\n\n\t\t\t\n\t\t\t\t\t<\/div>\n\t\t<\/a>\t\t\t\t\t\t<\/div>\n\t\t\t\t\t\t\t\t\t\t\t<div class=\"swiper-slide\" role=\"group\" aria-roledescription=\"slide\">\n\t\t\t\t\t\t\t<a href=\"\/wp-content\/uploads\/2025\/03\/Einwilligung-Aufklaerung-OP-Schulmedizin.pdf\" target=\"_blank\">\t\t<div class=\"elementor-carousel-image\" role=\"img\" aria-label=\"Einwilligung Aufkl\u00e4rung OP Schulmedizin\" style=\"background-image: url(&#039;https:\/\/www.zahnarzt-kilchberg.ch\/wp-content\/uploads\/2025\/03\/Einwilligung-Aufklaerung-OP-Schulmedizin.webp&#039;)\">\n\n\t\t\t\n\t\t\t\t\t<\/div>\n\t\t<\/a>\t\t\t\t\t\t<\/div>\n\t\t\t\t\t\t\t\t\t\t\t<div class=\"swiper-slide\" role=\"group\" aria-roledescription=\"slide\">\n\t\t\t\t\t\t\t<a href=\"\/wp-content\/uploads\/2025\/03\/Einwilligung-Aufklaerung-OP-Schulmedizin-englisch.pdf\" target=\"_blank\">\t\t<div class=\"elementor-carousel-image\" role=\"img\" aria-label=\"Einwilligung Aufkl\u00e4rung OP Schulmedizin englisch\" style=\"background-image: url(&#039;https:\/\/www.zahnarzt-kilchberg.ch\/wp-content\/uploads\/2025\/03\/Einwilligung-Aufklaerung-OP-Schulmedizin-englisch.webp&#039;)\">\n\n\t\t\t\n\t\t\t\t\t<\/div>\n\t\t<\/a>\t\t\t\t\t\t<\/div>\n\t\t\t\t\t\t\t\t\t\t\t<div class=\"swiper-slide\" role=\"group\" aria-roledescription=\"slide\">\n\t\t\t\t\t\t\t<a href=\"\/wp-content\/uploads\/2025\/03\/Einwilligung-Aufklaerung-OP-Komplementaer.pdf\" target=\"_blank\">\t\t<div class=\"elementor-carousel-image\" role=\"img\" aria-label=\"Einwilligung Aufkl\u00e4rung OP Komplement\u00e4r\" style=\"background-image: url(&#039;https:\/\/www.zahnarzt-kilchberg.ch\/wp-content\/uploads\/2025\/03\/Einwilligung-Aufklaerung-OP-Komplementaer.webp&#039;)\">\n\n\t\t\t\n\t\t\t\t\t<\/div>\n\t\t<\/a>\t\t\t\t\t\t<\/div>\n\t\t\t\t\t\t\t\t\t\t\t<div class=\"swiper-slide\" role=\"group\" aria-roledescription=\"slide\">\n\t\t\t\t\t\t\t<a href=\"\/wp-content\/uploads\/2025\/03\/Einwilligung-Aufklaerung-OP-Komplementaer-englisch.pdf\" target=\"_blank\">\t\t<div class=\"elementor-carousel-image\" role=\"img\" aria-label=\"Einwilligung Aufkl\u00e4rung OP Komplement\u00e4r englisch\" style=\"background-image: url(&#039;https:\/\/www.zahnarzt-kilchberg.ch\/wp-content\/uploads\/2025\/03\/Einwilligung-Aufklaerung-OP-Komplementaer-englisch.webp&#039;)\">\n\n\t\t\t\n\t\t\t\t\t<\/div>\n\t\t<\/a>\t\t\t\t\t\t<\/div>\n\t\t\t\t\t\t\t\t\t\t\t<div class=\"swiper-slide\" role=\"group\" aria-roledescription=\"slide\">\n\t\t\t\t\t\t\t<a href=\"\/wp-content\/uploads\/2025\/03\/Dokumentationsbogen.pdf\" target=\"_blank\">\t\t<div class=\"elementor-carousel-image\" role=\"img\" aria-label=\"Dokumentationsbogen\" style=\"background-image: url(&#039;https:\/\/www.zahnarzt-kilchberg.ch\/wp-content\/uploads\/2025\/03\/Dokumentationsbogen.webp&#039;)\">\n\n\t\t\t\n\t\t\t\t\t<\/div>\n\t\t<\/a>\t\t\t\t\t\t<\/div>\n\t\t\t\t\t\t\t\t\t\t\t<div class=\"swiper-slide\" role=\"group\" aria-roledescription=\"slide\">\n\t\t\t\t\t\t\t<a href=\"\/wp-content\/uploads\/2025\/03\/Datenschutz-deutsch.pdf\" target=\"_blank\">\t\t<div class=\"elementor-carousel-image\" role=\"img\" aria-label=\"Datenschutz deutsch\" style=\"background-image: url(&#039;https:\/\/www.zahnarzt-kilchberg.ch\/wp-content\/uploads\/2025\/03\/Datenschutz-deutsch.webp&#039;)\">\n\n\t\t\t\n\t\t\t\t\t<\/div>\n\t\t<\/a>\t\t\t\t\t\t<\/div>\n\t\t\t\t\t\t\t\t\t\t\t<div class=\"swiper-slide\" role=\"group\" aria-roledescription=\"slide\">\n\t\t\t\t\t\t\t<a href=\"\/wp-content\/uploads\/2025\/03\/Datenschutz-englisch.pdf\" target=\"_blank\">\t\t<div class=\"elementor-carousel-image\" role=\"img\" aria-label=\"Datenschutz englisch\" style=\"background-image: url(&#039;https:\/\/www.zahnarzt-kilchberg.ch\/wp-content\/uploads\/2025\/03\/Datenschutz-englisch.webp&#039;)\">\n\n\t\t\t\n\t\t\t\t\t<\/div>\n\t\t<\/a>\t\t\t\t\t\t<\/div>\n\t\t\t\t\t\t\t\t\t\t\t<div class=\"swiper-slide\" role=\"group\" aria-roledescription=\"slide\">\n\t\t\t\t\t\t\t<a href=\"\/wp-content\/uploads\/2025\/03\/Anschreiben-Umweltzahnmedizin-deutsch.pdf\" target=\"_blank\">\t\t<div class=\"elementor-carousel-image\" role=\"img\" aria-label=\"Anschreiben Umweltzahnmedizin deutsch\" style=\"background-image: url(&#039;https:\/\/www.zahnarzt-kilchberg.ch\/wp-content\/uploads\/2025\/03\/Anschreiben-Umweltzahnmedizin-deutsch.webp&#039;)\">\n\n\t\t\t\n\t\t\t\t\t<\/div>\n\t\t<\/a>\t\t\t\t\t\t<\/div>\n\t\t\t\t\t\t\t\t\t\t\t<div class=\"swiper-slide\" role=\"group\" aria-roledescription=\"slide\">\n\t\t\t\t\t\t\t<a href=\"\/wp-content\/uploads\/2025\/03\/Anschreiben-Umweltzahnmedizin-englisch.pdf\" target=\"_blank\">\t\t<div class=\"elementor-carousel-image\" role=\"img\" aria-label=\"Anschreiben Umweltzahnmedizin englisch\" style=\"background-image: url(&#039;https:\/\/www.zahnarzt-kilchberg.ch\/wp-content\/uploads\/2025\/03\/Anschreiben-Umweltzahnmedizin-englisch.webp&#039;)\">\n\n\t\t\t\n\t\t\t\t\t<\/div>\n\t\t<\/a>\t\t\t\t\t\t<\/div>\n\t\t\t\t\t\t\t\t\t<\/div>\n\t\t\t\t\t\t\t\t\t\t\t\t\t\t\t<div class=\"elementor-swiper-button elementor-swiper-button-prev\" role=\"button\" tabindex=\"0\" aria-label=\"Previous\" data-no-translation-aria-label=\"\">\n\t\t\t\t\t\t\t<svg aria-hidden=\"true\" class=\"e-font-icon-svg e-eicon-chevron-left\" viewbox=\"0 0 1000 1000\" xmlns=\"http:\/\/www.w3.org\/2000\/svg\"><path d=\"M646 125C629 125 613 133 604 142L308 442C296 454 292 471 292 487 292 504 296 521 308 533L604 854C617 867 629 875 646 875 663 875 679 871 692 858 704 846 713 829 713 812 713 796 708 779 692 767L438 487 692 225C700 217 708 204 708 187 708 171 704 154 692 142 675 129 663 125 646 125Z\"><\/path><\/svg>\t\t\t\t\t\t<\/div>\n\t\t\t\t\t\t<div class=\"elementor-swiper-button elementor-swiper-button-next\" role=\"button\" tabindex=\"0\" aria-label=\"Next\" data-no-translation-aria-label=\"\">\n\t\t\t\t\t\t\t<svg aria-hidden=\"true\" class=\"e-font-icon-svg e-eicon-chevron-right\" viewbox=\"0 0 1000 1000\" xmlns=\"http:\/\/www.w3.org\/2000\/svg\"><path d=\"M696 533C708 521 713 504 713 487 713 471 708 454 696 446L400 146C388 133 375 125 354 125 338 125 325 129 313 142 300 154 292 171 292 187 292 204 296 221 308 233L563 492 304 771C292 783 288 800 288 817 288 833 296 850 308 863 321 871 338 875 354 875 371 875 388 867 400 854L696 533Z\"><\/path><\/svg>\t\t\t\t\t\t<\/div>\n\t\t\t\t\t\t\t\t\t\t\t\t\t\t\t\t<div class=\"swiper-pagination\"><\/div>\n\t\t\t\t\t\t\t\t\t\t\t\t<\/div>\n\t\t\t\t<\/div>\n\t\t\t\t\t\t\t\t<\/div>\n\t\t\t\t<\/div>\n\t\t\t\t\t<\/div>\n\t\t\t\t<\/div>\n\t\t<div class=\"elementor-element elementor-element-d73b361 e-flex e-con-boxed e-con e-parent\" data-id=\"d73b361\" data-element_type=\"container\" data-e-type=\"container\">\n\t\t\t\t\t<div class=\"e-con-inner\">\n\t\t\t\t<div class=\"elementor-element elementor-element-272e45c elementor-widget elementor-widget-spacer\" data-id=\"272e45c\" data-element_type=\"widget\" data-e-type=\"widget\" data-widget_type=\"spacer.default\">\n\t\t\t\t<div class=\"elementor-widget-container\">\n\t\t\t\t\t\t\t<div class=\"elementor-spacer\">\n\t\t\t<div class=\"elementor-spacer-inner\"><\/div>\n\t\t<\/div>\n\t\t\t\t\t\t<\/div>\n\t\t\t\t<\/div>\n\t\t\t\t\t<\/div>\n\t\t\t\t<\/div>\n\t\t\t\t<\/div>","protected":false},"excerpt":{"rendered":"<p>Service unsere Service-Pakete Bitte beachten Sie die speziellen Hinweise f\u00fcr unsere Praxis Service und Dienstleistungen sind bei uns gro\u00df geschrieben \u2013 wir m\u00f6chten, dass Sie sich bei uns wohlf\u00fchlen! Aus diesem Grund haben wir ein ganzes Packet an Serviceangeboten f\u00fcr Sie geschn\u00fcrt. Wir hoffen, dass f\u00fcr jeden etwas dabei ist. Hier gelangen Sie zu unserem [&hellip;]<\/p>\n","protected":false},"author":2,"featured_media":0,"parent":0,"menu_order":0,"comment_status":"closed","ping_status":"closed","template":"","meta":{"footnotes":""},"class_list":["post-4798","page","type-page","status-publish","hentry"],"_links":{"self":[{"href":"https:\/\/www.zahnarzt-kilchberg.ch\/de_ch\/wp-json\/wp\/v2\/pages\/4798","targetHints":{"allow":["GET"]}}],"collection":[{"href":"https:\/\/www.zahnarzt-kilchberg.ch\/de_ch\/wp-json\/wp\/v2\/pages"}],"about":[{"href":"https:\/\/www.zahnarzt-kilchberg.ch\/de_ch\/wp-json\/wp\/v2\/types\/page"}],"author":[{"embeddable":true,"href":"https:\/\/www.zahnarzt-kilchberg.ch\/de_ch\/wp-json\/wp\/v2\/users\/2"}],"replies":[{"embeddable":true,"href":"https:\/\/www.zahnarzt-kilchberg.ch\/de_ch\/wp-json\/wp\/v2\/comments?post=4798"}],"version-history":[{"count":52,"href":"https:\/\/www.zahnarzt-kilchberg.ch\/de_ch\/wp-json\/wp\/v2\/pages\/4798\/revisions"}],"predecessor-version":[{"id":5232,"href":"https:\/\/www.zahnarzt-kilchberg.ch\/de_ch\/wp-json\/wp\/v2\/pages\/4798\/revisions\/5232"}],"wp:attachment":[{"href":"https:\/\/www.zahnarzt-kilchberg.ch\/de_ch\/wp-json\/wp\/v2\/media?parent=4798"}],"curies":[{"name":"wp","href":"https:\/\/api.w.org\/{rel}","templated":true}]}}