{"id":4513,"date":"2025-02-22T09:28:49","date_gmt":"2025-02-22T08:28:49","guid":{"rendered":"https:\/\/demo.zahnarzt-kilchberg.ch\/?page_id=4513"},"modified":"2026-02-09T23:30:50","modified_gmt":"2026-02-09T22:30:50","slug":"thema-amalgamfuellungen","status":"publish","type":"page","link":"https:\/\/www.zahnarzt-kilchberg.ch\/de_ch\/thema-amalgamfuellungen\/","title":{"rendered":"Thema Amalgamf\u00fcllungen"},"content":{"rendered":"<div data-elementor-type=\"wp-page\" data-elementor-id=\"4513\" class=\"elementor elementor-4513\" data-elementor-post-type=\"page\">\n\t\t\t\t<div class=\"elementor-element elementor-element-f2f9390 e-con-full e-flex e-con e-parent\" data-id=\"f2f9390\" data-element_type=\"container\" data-e-type=\"container\" data-settings=\"{&quot;background_background&quot;:&quot;classic&quot;}\">\n\t\t<div class=\"elementor-element elementor-element-0b7f65f e-flex e-con-boxed e-con e-child\" data-id=\"0b7f65f\" data-element_type=\"container\" data-e-type=\"container\" data-settings=\"{&quot;background_background&quot;:&quot;classic&quot;}\">\n\t\t\t\t\t<div class=\"e-con-inner\">\n\t\t\t\t<div class=\"elementor-element elementor-element-d45e437 elementor-widget elementor-widget-heading\" data-id=\"d45e437\" data-element_type=\"widget\" data-e-type=\"widget\" data-widget_type=\"heading.default\">\n\t\t\t\t<div class=\"elementor-widget-container\">\n\t\t\t\t\t<h1 class=\"elementor-heading-title elementor-size-default\">Sonderfall Amalgam F\u00fcllungen<\/h1>\t\t\t\t<\/div>\n\t\t\t\t<\/div>\n\t\t\t\t\t<\/div>\n\t\t\t\t<\/div>\n\t\t\t\t<\/div>\n\t\t<div class=\"elementor-element elementor-element-8c09ee1 e-flex e-con-boxed e-con e-parent\" data-id=\"8c09ee1\" data-element_type=\"container\" data-e-type=\"container\">\n\t\t\t\t\t<div class=\"e-con-inner\">\n\t\t<div class=\"elementor-element elementor-element-c0ad7f3 e-con-full e-flex e-con e-child\" data-id=\"c0ad7f3\" data-element_type=\"container\" data-e-type=\"container\">\n\t\t\t\t<div class=\"elementor-element elementor-element-3b37a8d elementor-widget elementor-widget-heading\" data-id=\"3b37a8d\" data-element_type=\"widget\" data-e-type=\"widget\" data-widget_type=\"heading.default\">\n\t\t\t\t<div class=\"elementor-widget-container\">\n\t\t\t\t\t<h2 class=\"elementor-heading-title elementor-size-default\">F\u00fcllungen mit Amalgam \u2013 Fluch oder Segen?<\/h2>\t\t\t\t<\/div>\n\t\t\t\t<\/div>\n\t\t\t\t<div class=\"elementor-element elementor-element-e42bba6 elementor-widget-divider--view-line elementor-widget elementor-widget-divider\" data-id=\"e42bba6\" data-element_type=\"widget\" data-e-type=\"widget\" data-widget_type=\"divider.default\">\n\t\t\t\t<div class=\"elementor-widget-container\">\n\t\t\t\t\t\t\t<div class=\"elementor-divider\">\n\t\t\t<span class=\"elementor-divider-separator\">\n\t\t\t\t\t\t<\/span>\n\t\t<\/div>\n\t\t\t\t\t\t<\/div>\n\t\t\t\t<\/div>\n\t\t\t\t<div class=\"elementor-element elementor-element-7a5e120 elementor-widget elementor-widget-text-editor\" data-id=\"7a5e120\" data-element_type=\"widget\" data-e-type=\"widget\" data-widget_type=\"text-editor.default\">\n\t\t\t\t<div class=\"elementor-widget-container\">\n\t\t\t\t\t\t\t\t\t<p>Auch heute sind weltweit noch Millionen von Z\u00e4hnen mit Amalgamf\u00fcllungen versorgt \u2013 einem Gemisch aus circa 60% Silber , 40% Quecksilber und verschiedenen anderen Schwermetallen wie Kupfer und Zinn.<\/p><p>Wie alle plastischen F\u00fcllmaterialien \u2013 also Materialien, welche weich in den Zahn eingebracht werden und dort erst aush\u00e4rten \u2013 bleibt Amalgam auf Dauer nicht stabil, sondern unterliegt im Mund verschiedenen Ver\u00e4nderungen. Bei Amalgam ist hier vor allem Korrosion zu nennen, was zu undichten F\u00fcllungsr\u00e4ndern, dem Einwandern von Bakterien und in der Folge zu erneuter Karies (\u201eSekund\u00e4rkaries\u201c) f\u00fchren kann. Auch das Abbrechen von ganzen Zahnw\u00e4nden oder Zahnh\u00f6ckern durch Spannungen im Zahn sind weit verbreitet. Trotzdem besitzt es mit einer durchschnittlichen Liegedauer von 9 \u2013 20 Jahren ( in Einzelf\u00e4llen auch mal bis zu 30 Jahren ) gegen\u00fcber anderen plastischen F\u00fcllungsmaterialien wie z.b. Kunststoffen immer noch die l\u00e4ngste Haltbarkeit.<\/p>\t\t\t\t\t\t\t\t<\/div>\n\t\t\t\t<\/div>\n\t\t\t\t<\/div>\n\t\t<div class=\"elementor-element elementor-element-6ee014f e-con-full e-flex e-con e-child\" data-id=\"6ee014f\" data-element_type=\"container\" data-e-type=\"container\">\n\t\t\t\t<div class=\"elementor-element elementor-element-c3aa593 elementor-widget elementor-widget-image\" data-id=\"c3aa593\" data-element_type=\"widget\" data-e-type=\"widget\" data-widget_type=\"image.default\">\n\t\t\t\t<div class=\"elementor-widget-container\">\n\t\t\t\t\t\t\t\t\t\t\t\t\t\t\t<img fetchpriority=\"high\" decoding=\"async\" width=\"300\" height=\"189\" src=\"https:\/\/www.zahnarzt-kilchberg.ch\/wp-content\/uploads\/2016\/12\/csm_Amalgamfuellungen1_89b09dfb27.jpg\" class=\"attachment-medium_large size-medium_large wp-image-798\" alt=\"\" srcset=\"https:\/\/www.zahnarzt-kilchberg.ch\/wp-content\/uploads\/2016\/12\/csm_Amalgamfuellungen1_89b09dfb27.jpg 300w, https:\/\/www.zahnarzt-kilchberg.ch\/wp-content\/uploads\/2016\/12\/csm_Amalgamfuellungen1_89b09dfb27-18x12.jpg 18w\" sizes=\"(max-width: 300px) 100vw, 300px\" \/>\t\t\t\t\t\t\t\t\t\t\t\t\t\t\t<\/div>\n\t\t\t\t<\/div>\n\t\t\t\t<\/div>\n\t\t\t\t\t<\/div>\n\t\t\t\t<\/div>\n\t\t<div class=\"elementor-element elementor-element-bed4bf5 e-flex e-con-boxed e-con e-parent\" data-id=\"bed4bf5\" data-element_type=\"container\" data-e-type=\"container\" data-settings=\"{&quot;background_background&quot;:&quot;classic&quot;}\">\n\t\t\t\t\t<div class=\"e-con-inner\">\n\t\t<div class=\"elementor-element elementor-element-8bebe4d e-con-full e-flex e-con e-child\" data-id=\"8bebe4d\" data-element_type=\"container\" data-e-type=\"container\">\n\t\t\t\t<div class=\"elementor-element elementor-element-1fb3be5 elementor-widget__width-initial elementor-widget elementor-widget-text-editor\" data-id=\"1fb3be5\" data-element_type=\"widget\" data-e-type=\"widget\" data-widget_type=\"text-editor.default\">\n\t\t\t\t<div class=\"elementor-widget-container\">\n\t\t\t\t\t\t\t\t\t<p style=\"text-align: center;\"><span style=\"color: #ffffff;\">Wegen der gesundheitlichen Bedenken gegen\u00fcber seinem Inhaltsstoff Quecksilber spielt Amalgam nur noch eine geringe Rolle und wird daher auch in unserer Praxis nicht mehr verwendet!<\/span><\/p>\t\t\t\t\t\t\t\t<\/div>\n\t\t\t\t<\/div>\n\t\t\t\t<div class=\"elementor-element elementor-element-36a8afb elementor-widget-divider--view-line elementor-widget elementor-widget-divider\" data-id=\"36a8afb\" data-element_type=\"widget\" data-e-type=\"widget\" data-widget_type=\"divider.default\">\n\t\t\t\t<div class=\"elementor-widget-container\">\n\t\t\t\t\t\t\t<div class=\"elementor-divider\">\n\t\t\t<span class=\"elementor-divider-separator\">\n\t\t\t\t\t\t<\/span>\n\t\t<\/div>\n\t\t\t\t\t\t<\/div>\n\t\t\t\t<\/div>\n\t\t\t\t<\/div>\n\t\t\t\t\t<\/div>\n\t\t\t\t<\/div>\n\t\t<div class=\"elementor-element elementor-element-b3ed8b5 e-flex e-con-boxed e-con e-parent\" data-id=\"b3ed8b5\" data-element_type=\"container\" data-e-type=\"container\">\n\t\t\t\t\t<div class=\"e-con-inner\">\n\t\t<div class=\"elementor-element elementor-element-75bfa24 e-con-full e-flex e-con e-child\" data-id=\"75bfa24\" data-element_type=\"container\" data-e-type=\"container\">\n\t\t\t\t<div class=\"elementor-element elementor-element-cf72eb5 elementor-widget elementor-widget-image\" data-id=\"cf72eb5\" data-element_type=\"widget\" data-e-type=\"widget\" data-widget_type=\"image.default\">\n\t\t\t\t<div class=\"elementor-widget-container\">\n\t\t\t\t\t\t\t\t\t\t\t\t\t\t\t<img decoding=\"async\" width=\"300\" height=\"238\" src=\"https:\/\/www.zahnarzt-kilchberg.ch\/wp-content\/uploads\/2016\/12\/csm_Amalgam1_792348da5a.jpg\" class=\"attachment-medium_large size-medium_large wp-image-2078\" alt=\"\" srcset=\"https:\/\/www.zahnarzt-kilchberg.ch\/wp-content\/uploads\/2016\/12\/csm_Amalgam1_792348da5a.jpg 300w, https:\/\/www.zahnarzt-kilchberg.ch\/wp-content\/uploads\/2016\/12\/csm_Amalgam1_792348da5a-15x12.jpg 15w\" sizes=\"(max-width: 300px) 100vw, 300px\" \/>\t\t\t\t\t\t\t\t\t\t\t\t\t\t\t<\/div>\n\t\t\t\t<\/div>\n\t\t\t\t<\/div>\n\t\t<div class=\"elementor-element elementor-element-bf1c094 e-con-full e-flex e-con e-child\" data-id=\"bf1c094\" data-element_type=\"container\" data-e-type=\"container\">\n\t\t\t\t<div class=\"elementor-element elementor-element-d9fb305 elementor-widget elementor-widget-text-editor\" data-id=\"d9fb305\" data-element_type=\"widget\" data-e-type=\"widget\" data-widget_type=\"text-editor.default\">\n\t\t\t\t<div class=\"elementor-widget-container\">\n\t\t\t\t\t\t\t\t\t<p>Vor allem Menschen, die mehrere verschiedene Metalle im Mund haben (etwa Gold und Amalgam), weisen erh\u00f6hte Quecksilberwerte im K\u00f6rper auf, da durch die elektrochemische Korrosion (Batteriewirkung) im Mund Quecksilberionen aus dem Amalgam gel\u00f6st werden k\u00f6nnen. Durch Abrasion (Abrieb der Z\u00e4hne unter Funktion) gelangen neben Quecksilber auch andere Schwermetalle wie Kupfer oder Zinn in den Organismus und lagern sich hier vor allem im Fett- und Nervengewebe ab. Hier k\u00f6nnen Sie ihre neurotoxische Wirkung entfalten.<\/p><p>So kann Amalgam sehr viele Folgeerkrankungen ausl\u00f6sen, die je nach k\u00f6rperlicher Kondition, oder Belastungsgrad fr\u00fcher oder sp\u00e4ter ausbrechen k\u00f6nnen. Vor allem viele chronische und zun\u00e4chst fast unmerkliche Erkrankungen werden dem Amalgam zugeschrieben.<\/p><p>Allergien, Abwehrschw\u00e4che, An\u00e4mie, Depressionen, Asthma, Kopfschmerzen, Angstzust\u00e4nde, Darmerkrankungen, Hautekzeme, Neurodermitis, Ged\u00e4chtnisst\u00f6rungen, Gelenkschmerzen, Herzrythmusst\u00f6runge, Leber- und Nierensch\u00e4den und vieles mehr<\/p>\t\t\t\t\t\t\t\t<\/div>\n\t\t\t\t<\/div>\n\t\t\t\t<\/div>\n\t\t\t\t\t<\/div>\n\t\t\t\t<\/div>\n\t\t<div class=\"elementor-element elementor-element-300fe03 e-flex e-con-boxed e-con e-parent\" data-id=\"300fe03\" data-element_type=\"container\" data-e-type=\"container\">\n\t\t\t\t\t<div class=\"e-con-inner\">\n\t\t<div class=\"elementor-element elementor-element-c9e2cc7 e-con-full e-flex e-con e-child\" data-id=\"c9e2cc7\" data-element_type=\"container\" data-e-type=\"container\">\n\t\t\t\t<div class=\"elementor-element elementor-element-45f9784 elementor-view-default elementor-widget elementor-widget-icon\" data-id=\"45f9784\" data-element_type=\"widget\" data-e-type=\"widget\" data-widget_type=\"icon.default\">\n\t\t\t\t<div class=\"elementor-widget-container\">\n\t\t\t\t\t\t\t<div class=\"elementor-icon-wrapper\">\n\t\t\t<div class=\"elementor-icon\">\n\t\t\t<svg aria-hidden=\"true\" class=\"e-font-icon-svg e-fas-quote-left\" viewbox=\"0 0 512 512\" xmlns=\"http:\/\/www.w3.org\/2000\/svg\"><path d=\"M464 256h-80v-64c0-35.3 28.7-64 64-64h8c13.3 0 24-10.7 24-24V56c0-13.3-10.7-24-24-24h-8c-88.4 0-160 71.6-160 160v240c0 26.5 21.5 48 48 48h128c26.5 0 48-21.5 48-48V304c0-26.5-21.5-48-48-48zm-288 0H96v-64c0-35.3 28.7-64 64-64h8c13.3 0 24-10.7 24-24V56c0-13.3-10.7-24-24-24h-8C71.6 32 0 103.6 0 192v240c0 26.5 21.5 48 48 48h128c26.5 0 48-21.5 48-48V304c0-26.5-21.5-48-48-48z\"><\/path><\/svg>\t\t\t<\/div>\n\t\t<\/div>\n\t\t\t\t\t\t<\/div>\n\t\t\t\t<\/div>\n\t\t\t\t<div class=\"elementor-element elementor-element-90b7d79 elementor-widget elementor-widget-text-editor\" data-id=\"90b7d79\" data-element_type=\"widget\" data-e-type=\"widget\" data-widget_type=\"text-editor.default\">\n\t\t\t\t<div class=\"elementor-widget-container\">\n\t\t\t\t\t\t\t\t\tF\u00fcr eine genaue Abkl\u00e4rung bieten wir daher in Zusammenarbeit mit unseren \u00e4rztlichen Partnern eine \u00dcberpr\u00fcfung der Schwermetallbelastung in Mund und K\u00f6rper, sowie die Schwermetallausleitung nach Amalgam Entfernung an.\t\t\t\t\t\t\t\t<\/div>\n\t\t\t\t<\/div>\n\t\t\t\t<div class=\"elementor-element elementor-element-07210b8 elementor-widget-divider--view-line elementor-widget elementor-widget-divider\" data-id=\"07210b8\" data-element_type=\"widget\" data-e-type=\"widget\" data-widget_type=\"divider.default\">\n\t\t\t\t<div class=\"elementor-widget-container\">\n\t\t\t\t\t\t\t<div class=\"elementor-divider\">\n\t\t\t<span class=\"elementor-divider-separator\">\n\t\t\t\t\t\t<\/span>\n\t\t<\/div>\n\t\t\t\t\t\t<\/div>\n\t\t\t\t<\/div>\n\t\t\t\t<div class=\"elementor-element elementor-element-9e3872a elementor-widget elementor-widget-text-editor\" data-id=\"9e3872a\" data-element_type=\"widget\" data-e-type=\"widget\" data-widget_type=\"text-editor.default\">\n\t\t\t\t<div class=\"elementor-widget-container\">\n\t\t\t\t\t\t\t\t\t<p>Dr. Jens Tartsch<\/p>\t\t\t\t\t\t\t\t<\/div>\n\t\t\t\t<\/div>\n\t\t\t\t<\/div>\n\t\t\t\t\t<\/div>\n\t\t\t\t<\/div>\n\t\t<div class=\"elementor-element elementor-element-c09cbeb e-flex e-con-boxed e-con e-parent\" data-id=\"c09cbeb\" data-element_type=\"container\" data-e-type=\"container\">\n\t\t\t\t\t<div class=\"e-con-inner\">\n\t\t\t\t<div class=\"elementor-element elementor-element-62d0811 elementor-widget elementor-widget-spacer\" data-id=\"62d0811\" data-element_type=\"widget\" data-e-type=\"widget\" data-widget_type=\"spacer.default\">\n\t\t\t\t<div class=\"elementor-widget-container\">\n\t\t\t\t\t\t\t<div class=\"elementor-spacer\">\n\t\t\t<div class=\"elementor-spacer-inner\"><\/div>\n\t\t<\/div>\n\t\t\t\t\t\t<\/div>\n\t\t\t\t<\/div>\n\t\t\t\t\t<\/div>\n\t\t\t\t<\/div>\n\t\t\t\t<\/div>","protected":false},"excerpt":{"rendered":"<p>Sonderfall Amalgam F\u00fcllungen F\u00fcllungen mit Amalgam \u2013 Fluch oder Segen? Auch heute sind weltweit noch Millionen von Z\u00e4hnen mit Amalgamf\u00fcllungen versorgt \u2013 einem Gemisch aus circa 60% Silber , 40% Quecksilber und verschiedenen anderen Schwermetallen wie Kupfer und Zinn. Wie alle plastischen F\u00fcllmaterialien \u2013 also Materialien, welche weich in den Zahn eingebracht werden und dort [&hellip;]<\/p>\n","protected":false},"author":2,"featured_media":0,"parent":0,"menu_order":0,"comment_status":"closed","ping_status":"closed","template":"","meta":{"footnotes":""},"class_list":["post-4513","page","type-page","status-publish","hentry"],"_links":{"self":[{"href":"https:\/\/www.zahnarzt-kilchberg.ch\/de_ch\/wp-json\/wp\/v2\/pages\/4513","targetHints":{"allow":["GET"]}}],"collection":[{"href":"https:\/\/www.zahnarzt-kilchberg.ch\/de_ch\/wp-json\/wp\/v2\/pages"}],"about":[{"href":"https:\/\/www.zahnarzt-kilchberg.ch\/de_ch\/wp-json\/wp\/v2\/types\/page"}],"author":[{"embeddable":true,"href":"https:\/\/www.zahnarzt-kilchberg.ch\/de_ch\/wp-json\/wp\/v2\/users\/2"}],"replies":[{"embeddable":true,"href":"https:\/\/www.zahnarzt-kilchberg.ch\/de_ch\/wp-json\/wp\/v2\/comments?post=4513"}],"version-history":[{"count":14,"href":"https:\/\/www.zahnarzt-kilchberg.ch\/de_ch\/wp-json\/wp\/v2\/pages\/4513\/revisions"}],"predecessor-version":[{"id":4733,"href":"https:\/\/www.zahnarzt-kilchberg.ch\/de_ch\/wp-json\/wp\/v2\/pages\/4513\/revisions\/4733"}],"wp:attachment":[{"href":"https:\/\/www.zahnarzt-kilchberg.ch\/de_ch\/wp-json\/wp\/v2\/media?parent=4513"}],"curies":[{"name":"wp","href":"https:\/\/api.w.org\/{rel}","templated":true}]}}