{"id":256,"date":"2024-09-02T23:33:10","date_gmt":"2024-09-02T21:33:10","guid":{"rendered":"https:\/\/demo.zahnarzt-kilchberg.ch\/?page_id=256"},"modified":"2026-02-09T23:30:25","modified_gmt":"2026-02-09T22:30:25","slug":"impressum","status":"publish","type":"page","link":"https:\/\/www.zahnarzt-kilchberg.ch\/de_ch\/impressum\/","title":{"rendered":"Impressum"},"content":{"rendered":"<div data-elementor-type=\"wp-page\" data-elementor-id=\"256\" class=\"elementor elementor-256\" data-elementor-post-type=\"page\">\n\t\t\t\t<div class=\"elementor-element elementor-element-0bf8244 e-con-full e-flex e-con e-parent\" data-id=\"0bf8244\" data-element_type=\"container\" data-e-type=\"container\" data-settings=\"{&quot;background_background&quot;:&quot;classic&quot;}\">\n\t\t<div class=\"elementor-element elementor-element-c6b6999 e-flex e-con-boxed e-con e-child\" data-id=\"c6b6999\" data-element_type=\"container\" data-e-type=\"container\" data-settings=\"{&quot;background_background&quot;:&quot;classic&quot;}\">\n\t\t\t\t\t<div class=\"e-con-inner\">\n\t\t\t\t<div class=\"elementor-element elementor-element-d1f0bf5 elementor-widget elementor-widget-heading\" data-id=\"d1f0bf5\" data-element_type=\"widget\" data-e-type=\"widget\" data-widget_type=\"heading.default\">\n\t\t\t\t<div class=\"elementor-widget-container\">\n\t\t\t\t\t<h1 class=\"elementor-heading-title elementor-size-default\">Impressum<\/h1>\t\t\t\t<\/div>\n\t\t\t\t<\/div>\n\t\t\t\t\t<\/div>\n\t\t\t\t<\/div>\n\t\t\t\t<\/div>\n\t\t<div class=\"elementor-element elementor-element-a587a23 e-flex e-con-boxed e-con e-parent\" data-id=\"a587a23\" data-element_type=\"container\" data-e-type=\"container\">\n\t\t\t\t\t<div class=\"e-con-inner\">\n\t\t<div class=\"elementor-element elementor-element-055fccb e-con-full e-flex e-con e-child\" data-id=\"055fccb\" data-element_type=\"container\" data-e-type=\"container\">\n\t\t\t\t<div class=\"elementor-element elementor-element-243c652 elementor-widget elementor-widget-text-editor\" data-id=\"243c652\" data-element_type=\"widget\" data-e-type=\"widget\" data-widget_type=\"text-editor.default\">\n\t\t\t\t<div class=\"elementor-widget-container\">\n\t\t\t\t\t\t\t\t\t<p>Jens Tartsch<br \/>Weinbergstrasse 1<br \/>CH-8802 Kilchberg \/ Z\u00fcrich<\/p><p>Telefon: +41- (0) 44-715 48 77<br \/>Telefax: +41- (0) 44-715 48 66<br \/>E-Mail: praxis@zahnarzt-kilchberg.ch<\/p><p>Der Inhalt der gesamten Website www.zahnarzt-kilchberg.ch dient ausschliesslich dem Zweck der Information unserer Patienten und stellt keine zahnmedizinische oder sonstige Beratung dar.<\/p><p>Die Zahnarztpraxis Dr. Tartsch lehnt jegliche Haftung f\u00fcr den Gebrauch der auf dieser Website vorhandenen Informationen ab. Ferner \u00fcbernimmt die Zahnarztpraxis Dr. Tartsch keinerlei Haftung f\u00fcr den Inhalt von Websites, auf welche auf dieser Website verwiesen wird oder welche damit durch Links verbunden sind.<\/p><p>Die Bilder und Darstellungen insbesondere der Gallerien und Behandlungsdarstellungen sind Eigentum von Dr. Tartsch und durch Copyright gesch\u00fctzt. Sie d\u00fcrfen daher nicht ohne Einverst\u00e4ndniss anderwertig genutzt oder verwertet werden. Die meisten Bilder und Graphiken im Bereich UmweltZahnMedizin stammen mit freundlicher Genehmigung vom Institut f\u00fcr medizinische Diagnostik und unterliegen dem dortigen Copyright<\/p><p>Website erstellt von <a title=\"Webdesign &amp; Entwicklung \u2013 Luca R\u00f6hrl\" href=\"https:\/\/www.lucaroehrl.de\/\" target=\"_blank\" rel=\"noopener\">Luca R\u00f6hrl<\/a><\/p>\t\t\t\t\t\t\t\t<\/div>\n\t\t\t\t<\/div>\n\t\t\t\t<\/div>\n\t\t\t\t\t<\/div>\n\t\t\t\t<\/div>\n\t\t\t\t<\/div>","protected":false},"excerpt":{"rendered":"<p>Impressum Jens TartschWeinbergstrasse 1CH-8802 Kilchberg \/ Z\u00fcrich Telefon: +41- (0) 44-715 48 77Telefax: +41- (0) 44-715 48 66E-Mail: praxis@zahnarzt-kilchberg.ch Der Inhalt der gesamten Website www.zahnarzt-kilchberg.ch dient ausschliesslich dem Zweck der Information unserer Patienten und stellt keine zahnmedizinische oder sonstige Beratung dar. Die Zahnarztpraxis Dr. Tartsch lehnt jegliche Haftung f\u00fcr den Gebrauch der auf dieser Website [&hellip;]<\/p>\n","protected":false},"author":1,"featured_media":0,"parent":0,"menu_order":0,"comment_status":"closed","ping_status":"closed","template":"","meta":{"footnotes":""},"class_list":["post-256","page","type-page","status-publish","hentry"],"_links":{"self":[{"href":"https:\/\/www.zahnarzt-kilchberg.ch\/de_ch\/wp-json\/wp\/v2\/pages\/256","targetHints":{"allow":["GET"]}}],"collection":[{"href":"https:\/\/www.zahnarzt-kilchberg.ch\/de_ch\/wp-json\/wp\/v2\/pages"}],"about":[{"href":"https:\/\/www.zahnarzt-kilchberg.ch\/de_ch\/wp-json\/wp\/v2\/types\/page"}],"author":[{"embeddable":true,"href":"https:\/\/www.zahnarzt-kilchberg.ch\/de_ch\/wp-json\/wp\/v2\/users\/1"}],"replies":[{"embeddable":true,"href":"https:\/\/www.zahnarzt-kilchberg.ch\/de_ch\/wp-json\/wp\/v2\/comments?post=256"}],"version-history":[{"count":19,"href":"https:\/\/www.zahnarzt-kilchberg.ch\/de_ch\/wp-json\/wp\/v2\/pages\/256\/revisions"}],"predecessor-version":[{"id":5319,"href":"https:\/\/www.zahnarzt-kilchberg.ch\/de_ch\/wp-json\/wp\/v2\/pages\/256\/revisions\/5319"}],"wp:attachment":[{"href":"https:\/\/www.zahnarzt-kilchberg.ch\/de_ch\/wp-json\/wp\/v2\/media?parent=256"}],"curies":[{"name":"wp","href":"https:\/\/api.w.org\/{rel}","templated":true}]}}