{"id":201,"date":"2024-09-02T22:27:52","date_gmt":"2024-09-02T20:27:52","guid":{"rendered":"https:\/\/demo.zahnarzt-kilchberg.ch\/?page_id=201"},"modified":"2026-02-09T23:30:05","modified_gmt":"2026-02-09T22:30:05","slug":"bleaching","status":"publish","type":"page","link":"https:\/\/www.zahnarzt-kilchberg.ch\/de_ch\/bleaching\/","title":{"rendered":"Bleaching"},"content":{"rendered":"<div data-elementor-type=\"wp-page\" data-elementor-id=\"201\" class=\"elementor elementor-201\" data-elementor-post-type=\"page\">\n\t\t\t\t<div class=\"elementor-element elementor-element-216986a e-con-full e-flex e-con e-parent\" data-id=\"216986a\" data-element_type=\"container\" data-e-type=\"container\" data-settings=\"{&quot;background_background&quot;:&quot;classic&quot;}\">\n\t\t<div class=\"elementor-element elementor-element-de5693c e-flex e-con-boxed e-con e-child\" data-id=\"de5693c\" data-element_type=\"container\" data-e-type=\"container\" data-settings=\"{&quot;background_background&quot;:&quot;classic&quot;}\">\n\t\t\t\t\t<div class=\"e-con-inner\">\n\t\t\t\t<div class=\"elementor-element elementor-element-4fc9463 elementor-widget elementor-widget-heading\" data-id=\"4fc9463\" data-element_type=\"widget\" data-e-type=\"widget\" data-widget_type=\"heading.default\">\n\t\t\t\t<div class=\"elementor-widget-container\">\n\t\t\t\t\t<h1 class=\"elementor-heading-title elementor-size-default\">Bleaching<\/h1>\t\t\t\t<\/div>\n\t\t\t\t<\/div>\n\t\t\t\t\t<\/div>\n\t\t\t\t<\/div>\n\t\t\t\t<\/div>\n\t\t<div class=\"elementor-element elementor-element-a34b3a1 e-flex e-con-boxed e-con e-parent\" data-id=\"a34b3a1\" data-element_type=\"container\" data-e-type=\"container\">\n\t\t\t\t\t<div class=\"e-con-inner\">\n\t\t<div class=\"elementor-element elementor-element-fe62ae8 e-con-full e-flex e-con e-child\" data-id=\"fe62ae8\" data-element_type=\"container\" data-e-type=\"container\">\n\t\t\t\t<div class=\"elementor-element elementor-element-3e9cbe1 elementor-widget elementor-widget-image\" data-id=\"3e9cbe1\" data-element_type=\"widget\" data-e-type=\"widget\" data-widget_type=\"image.default\">\n\t\t\t\t<div class=\"elementor-widget-container\">\n\t\t\t\t\t\t\t\t\t\t\t\t\t\t\t<img fetchpriority=\"high\" decoding=\"async\" width=\"400\" height=\"300\" src=\"https:\/\/www.zahnarzt-kilchberg.ch\/wp-content\/uploads\/2025\/01\/I3.bmp\" class=\"attachment-large size-large wp-image-3754\" alt=\"\" srcset=\"https:\/\/www.zahnarzt-kilchberg.ch\/wp-content\/uploads\/2025\/01\/I3.bmp 400w, https:\/\/www.zahnarzt-kilchberg.ch\/wp-content\/uploads\/2025\/01\/I3-300x225.jpg 300w, https:\/\/www.zahnarzt-kilchberg.ch\/wp-content\/uploads\/2025\/01\/I3-16x12.jpg 16w\" sizes=\"(max-width: 400px) 100vw, 400px\" \/>\t\t\t\t\t\t\t\t\t\t\t\t\t\t\t<\/div>\n\t\t\t\t<\/div>\n\t\t\t\t<\/div>\n\t\t<div class=\"elementor-element elementor-element-ff787f4 e-con-full e-flex e-con e-child\" data-id=\"ff787f4\" data-element_type=\"container\" data-e-type=\"container\">\n\t\t\t\t<div class=\"elementor-element elementor-element-3faf4a7 elementor-widget elementor-widget-heading\" data-id=\"3faf4a7\" data-element_type=\"widget\" data-e-type=\"widget\" data-widget_type=\"heading.default\">\n\t\t\t\t<div class=\"elementor-widget-container\">\n\t\t\t\t\t<h2 class=\"elementor-heading-title elementor-size-default\">Strahlend weisse Z\u00e4hne in nur einer Stunde!<\/h2>\t\t\t\t<\/div>\n\t\t\t\t<\/div>\n\t\t\t\t<div class=\"elementor-element elementor-element-1c85efd elementor-widget-divider--view-line elementor-widget elementor-widget-divider\" data-id=\"1c85efd\" data-element_type=\"widget\" data-e-type=\"widget\" data-widget_type=\"divider.default\">\n\t\t\t\t<div class=\"elementor-widget-container\">\n\t\t\t\t\t\t\t<div class=\"elementor-divider\">\n\t\t\t<span class=\"elementor-divider-separator\">\n\t\t\t\t\t\t<\/span>\n\t\t<\/div>\n\t\t\t\t\t\t<\/div>\n\t\t\t\t<\/div>\n\t\t\t\t<div class=\"elementor-element elementor-element-2bcf2c8 elementor-widget elementor-widget-text-editor\" data-id=\"2bcf2c8\" data-element_type=\"widget\" data-e-type=\"widget\" data-widget_type=\"text-editor.default\">\n\t\t\t\t<div class=\"elementor-widget-container\">\n\t\t\t\t\t\t\t\t\t<p><strong>Nicht nur gesund, sondern auch sch\u00f6n m\u00fcssen die Z\u00e4hnein der heutigen Gesellschaft sein\u2026!<\/strong><\/p><p>Das Zauberwort heisst \u201cBleaching\u201d. Bleaching ist der englische Ausdruck f\u00fcr Bleichen und die Werbung verspricht ein strahlend weisses L\u00e4cheln f\u00fcr viele Jahre\u2026und diesmal hat sie recht!<\/p><p>Weisse, strahlende Z\u00e4hne gelten heute als Synonym f\u00fcr Gesundheit und Erfolg. Leider bleiben die Z\u00e4hne nicht immer so sch\u00f6n und hell wie sie in Kindertagen waren.<\/p><p>Auch Z\u00e4hne unterliegen einem nat\u00fcrlichen Alterungsprozess. Der Zahnschmelz wird im Laufe der Jahre d\u00fcnner und die dunkleren inneren Zahnschichten treten st\u00e4rker hervor. Auch Farbpigmente von Nikotin, Rotwein, Kaffee oder Tee sammeln sich \u00fcber die Jahre im Zahnschmelz an und f\u00e4rben die Z\u00e4hne gelb.<\/p>\t\t\t\t\t\t\t\t<\/div>\n\t\t\t\t<\/div>\n\t\t\t\t<\/div>\n\t\t\t\t\t<\/div>\n\t\t\t\t<\/div>\n\t\t<div class=\"elementor-element elementor-element-00f1051 e-flex e-con-boxed e-con e-parent\" data-id=\"00f1051\" data-element_type=\"container\" data-e-type=\"container\" data-settings=\"{&quot;background_background&quot;:&quot;classic&quot;}\">\n\t\t\t\t\t<div class=\"e-con-inner\">\n\t\t<div class=\"elementor-element elementor-element-8e9beb8 e-con-full e-flex e-con e-child\" data-id=\"8e9beb8\" data-element_type=\"container\" data-e-type=\"container\">\n\t\t\t\t<div class=\"elementor-element elementor-element-aecbcdf elementor-widget elementor-widget-text-editor\" data-id=\"aecbcdf\" data-element_type=\"widget\" data-e-type=\"widget\" data-widget_type=\"text-editor.default\">\n\t\t\t\t<div class=\"elementor-widget-container\">\n\t\t\t\t\t\t\t\t\tIn unserer Praxis bieten wir daher zwei unsch\u00e4dliche und sanfte Verfahren an, welche zu einer dauerhaften Aufhellung der Z\u00e4hne f\u00fchren\u2026 innerhalb 1 Stunde als Power Bleaching in der Praxis oder w\u00e4hrend einer Woche bei Ihnen zuhause.\t\t\t\t\t\t\t\t<\/div>\n\t\t\t\t<\/div>\n\t\t\t\t<\/div>\n\t\t\t\t\t<\/div>\n\t\t\t\t<\/div>\n\t\t<div class=\"elementor-element elementor-element-704a4ae e-flex e-con-boxed e-con e-parent\" data-id=\"704a4ae\" data-element_type=\"container\" data-e-type=\"container\">\n\t\t\t\t\t<div class=\"e-con-inner\">\n\t\t<div class=\"elementor-element elementor-element-e54d89e e-con-full e-flex e-con e-child\" data-id=\"e54d89e\" data-element_type=\"container\" data-e-type=\"container\">\n\t\t\t\t<div class=\"elementor-element elementor-element-261729e elementor-widget elementor-widget-heading\" data-id=\"261729e\" data-element_type=\"widget\" data-e-type=\"widget\" data-widget_type=\"heading.default\">\n\t\t\t\t<div class=\"elementor-widget-container\">\n\t\t\t\t\t<h2 class=\"elementor-heading-title elementor-size-default\">Wie es funktioniert<\/h2>\t\t\t\t<\/div>\n\t\t\t\t<\/div>\n\t\t\t\t<div class=\"elementor-element elementor-element-9e58958 elementor-widget-divider--view-line elementor-widget elementor-widget-divider\" data-id=\"9e58958\" data-element_type=\"widget\" data-e-type=\"widget\" data-widget_type=\"divider.default\">\n\t\t\t\t<div class=\"elementor-widget-container\">\n\t\t\t\t\t\t\t<div class=\"elementor-divider\">\n\t\t\t<span class=\"elementor-divider-separator\">\n\t\t\t\t\t\t<\/span>\n\t\t<\/div>\n\t\t\t\t\t\t<\/div>\n\t\t\t\t<\/div>\n\t\t\t\t<div class=\"elementor-element elementor-element-70ce7a7 elementor-widget elementor-widget-text-editor\" data-id=\"70ce7a7\" data-element_type=\"widget\" data-e-type=\"widget\" data-widget_type=\"text-editor.default\">\n\t\t\t\t<div class=\"elementor-widget-container\">\n\t\t\t\t\t\t\t\t\t<p>In unserer Praxis setzen wir vor allem das \u201cIn-Office-\u201d oder auch \u201cPower-Bleaching\u201d ein. Der Aufhellungsprozess ist bereits nach circa 1 Stunde beendet. Alternativ kann aber auch auf das \u201cHome-Bleaching\u201d zur\u00fcck gegriffen werden. Hierbei wird eine durchsichtige Kunststoffschiene als Tr\u00e4ger f\u00fcr das Bleaching Material angefertigt, welche w\u00e4hrend ein bis zwei Wochen \u00fcber Nacht getragen wird.<\/p><p>Diese Methode verwendet ein Lichtaktivierungs-System, das im Spektrum der blaugr\u00fcnen Wellenl\u00e4nge operiert. Dieses Licht strahlt kaum W\u00e4rme und keinerlei gef\u00e4hrliche UV-Strahlen ab. Kombiniert mit unserem niedrig dosierten Wasserstoff-Peroxid-Gel (zwischen 15% und 30% ) ist diese Methode eine der sichersten Behandlungen \u00fcberhaupt in der Zahnmedizin.<\/p>\t\t\t\t\t\t\t\t<\/div>\n\t\t\t\t<\/div>\n\t\t\t\t<\/div>\n\t\t<div class=\"elementor-element elementor-element-656c9aa e-con-full e-flex e-con e-child\" data-id=\"656c9aa\" data-element_type=\"container\" data-e-type=\"container\">\n\t\t\t\t<div class=\"elementor-element elementor-element-a3744dc elementor-widget elementor-widget-image\" data-id=\"a3744dc\" data-element_type=\"widget\" data-e-type=\"widget\" data-widget_type=\"image.default\">\n\t\t\t\t<div class=\"elementor-widget-container\">\n\t\t\t\t\t\t\t\t\t\t\t\t\t\t\t<img decoding=\"async\" width=\"768\" height=\"512\" src=\"https:\/\/www.zahnarzt-kilchberg.ch\/wp-content\/uploads\/2025\/05\/20250523_1447_Zahnarzt-Bleaching-Erlebnis_simple_compose_01jvyjtwsefnf9xdq5kvk3mv9m-768x512.webp\" class=\"attachment-medium_large size-medium_large wp-image-5280\" alt=\"\" srcset=\"https:\/\/www.zahnarzt-kilchberg.ch\/wp-content\/uploads\/2025\/05\/20250523_1447_Zahnarzt-Bleaching-Erlebnis_simple_compose_01jvyjtwsefnf9xdq5kvk3mv9m-768x512.webp 768w, https:\/\/www.zahnarzt-kilchberg.ch\/wp-content\/uploads\/2025\/05\/20250523_1447_Zahnarzt-Bleaching-Erlebnis_simple_compose_01jvyjtwsefnf9xdq5kvk3mv9m-300x200.webp 300w, https:\/\/www.zahnarzt-kilchberg.ch\/wp-content\/uploads\/2025\/05\/20250523_1447_Zahnarzt-Bleaching-Erlebnis_simple_compose_01jvyjtwsefnf9xdq5kvk3mv9m-1024x683.webp 1024w, https:\/\/www.zahnarzt-kilchberg.ch\/wp-content\/uploads\/2025\/05\/20250523_1447_Zahnarzt-Bleaching-Erlebnis_simple_compose_01jvyjtwsefnf9xdq5kvk3mv9m-18x12.webp 18w, https:\/\/www.zahnarzt-kilchberg.ch\/wp-content\/uploads\/2025\/05\/20250523_1447_Zahnarzt-Bleaching-Erlebnis_simple_compose_01jvyjtwsefnf9xdq5kvk3mv9m.webp 1536w\" sizes=\"(max-width: 768px) 100vw, 768px\" \/>\t\t\t\t\t\t\t\t\t\t\t\t\t\t\t<\/div>\n\t\t\t\t<\/div>\n\t\t\t\t<\/div>\n\t\t\t\t\t<\/div>\n\t\t\t\t<\/div>\n\t\t<div class=\"elementor-element elementor-element-938cbe9 e-flex e-con-boxed e-con e-parent\" data-id=\"938cbe9\" data-element_type=\"container\" data-e-type=\"container\" data-settings=\"{&quot;background_background&quot;:&quot;classic&quot;}\">\n\t\t\t\t\t<div class=\"e-con-inner\">\n\t\t<div class=\"elementor-element elementor-element-a054ae7 e-con-full e-flex e-con e-child\" data-id=\"a054ae7\" data-element_type=\"container\" data-e-type=\"container\">\n\t\t\t\t<div class=\"elementor-element elementor-element-a8ad4c4 elementor-widget elementor-widget-text-editor\" data-id=\"a8ad4c4\" data-element_type=\"widget\" data-e-type=\"widget\" data-widget_type=\"text-editor.default\">\n\t\t\t\t<div class=\"elementor-widget-container\">\n\t\t\t\t\t\t\t\t\t<p style=\"text-align: center;\"><span style=\"color: #ffffff;\">Das Gel wird auf die Z\u00e4hne aufgetragen, mit der speziellen Bleaching UV\u00a0 Lampe bestrahlt und bereits nach nur <br \/>1 Stunde sind die Z\u00e4hne bis zu 3-4 Farbstufen heller! <\/span><br \/><span style=\"color: #ffffff;\">\u2026und das f\u00fcr 2-3 Jahre!<\/span><\/p>\t\t\t\t\t\t\t\t<\/div>\n\t\t\t\t<\/div>\n\t\t\t\t<\/div>\n\t\t\t\t\t<\/div>\n\t\t\t\t<\/div>\n\t\t<div class=\"elementor-element elementor-element-0fe4f2f e-flex e-con-boxed e-con e-parent\" data-id=\"0fe4f2f\" data-element_type=\"container\" data-e-type=\"container\">\n\t\t\t\t\t<div class=\"e-con-inner\">\n\t\t<div class=\"elementor-element elementor-element-dd5cb76 e-con-full e-flex e-con e-child\" data-id=\"dd5cb76\" data-element_type=\"container\" data-e-type=\"container\">\n\t\t<div class=\"elementor-element elementor-element-a3cca65 e-grid e-con-full e-con e-child\" data-id=\"a3cca65\" data-element_type=\"container\" data-e-type=\"container\">\n\t\t\t\t<div class=\"elementor-element elementor-element-b9df60b elementor-widget elementor-widget-image\" data-id=\"b9df60b\" data-element_type=\"widget\" data-e-type=\"widget\" data-widget_type=\"image.default\">\n\t\t\t\t<div class=\"elementor-widget-container\">\n\t\t\t\t\t\t\t\t\t\t\t\t\t\t\t<img decoding=\"async\" width=\"300\" height=\"128\" src=\"https:\/\/www.zahnarzt-kilchberg.ch\/wp-content\/uploads\/2024\/12\/csm_bleaching_vorher_e557175c5b.jpg\" class=\"attachment-large size-large wp-image-2439\" alt=\"\" srcset=\"https:\/\/www.zahnarzt-kilchberg.ch\/wp-content\/uploads\/2024\/12\/csm_bleaching_vorher_e557175c5b.jpg.webp 300w, https:\/\/www.zahnarzt-kilchberg.ch\/wp-content\/uploads\/2024\/12\/csm_bleaching_vorher_e557175c5b-18x8.jpg.webp 18w\" sizes=\"(max-width: 300px) 100vw, 300px\" \/>\t\t\t\t\t\t\t\t\t\t\t\t\t\t\t<\/div>\n\t\t\t\t<\/div>\n\t\t\t\t<div class=\"elementor-element elementor-element-c7b0dc1 elementor-widget elementor-widget-image\" data-id=\"c7b0dc1\" data-element_type=\"widget\" data-e-type=\"widget\" data-widget_type=\"image.default\">\n\t\t\t\t<div class=\"elementor-widget-container\">\n\t\t\t\t\t\t\t\t\t\t\t\t\t\t\t<img loading=\"lazy\" decoding=\"async\" width=\"300\" height=\"128\" src=\"https:\/\/www.zahnarzt-kilchberg.ch\/wp-content\/uploads\/2024\/12\/csm_bleaching_nachher_5116aa82dc.jpg\" class=\"attachment-large size-large wp-image-2519\" alt=\"\" srcset=\"https:\/\/www.zahnarzt-kilchberg.ch\/wp-content\/uploads\/2024\/12\/csm_bleaching_nachher_5116aa82dc.jpg.webp 300w, https:\/\/www.zahnarzt-kilchberg.ch\/wp-content\/uploads\/2024\/12\/csm_bleaching_nachher_5116aa82dc-18x8.jpg.webp 18w\" sizes=\"(max-width: 300px) 100vw, 300px\" \/>\t\t\t\t\t\t\t\t\t\t\t\t\t\t\t<\/div>\n\t\t\t\t<\/div>\n\t\t\t\t<\/div>\n\t\t\t\t<\/div>\n\t\t<div class=\"elementor-element elementor-element-b030958 e-con-full e-flex e-con e-child\" data-id=\"b030958\" data-element_type=\"container\" data-e-type=\"container\">\n\t\t\t\t<div class=\"elementor-element elementor-element-9d15c67 elementor-widget elementor-widget-heading\" data-id=\"9d15c67\" data-element_type=\"widget\" data-e-type=\"widget\" data-widget_type=\"heading.default\">\n\t\t\t\t<div class=\"elementor-widget-container\">\n\t\t\t\t\t<h2 class=\"elementor-heading-title elementor-size-default\">Ergebnisse<\/h2>\t\t\t\t<\/div>\n\t\t\t\t<\/div>\n\t\t\t\t<div class=\"elementor-element elementor-element-72c1e41 elementor-widget-divider--view-line elementor-widget elementor-widget-divider\" data-id=\"72c1e41\" data-element_type=\"widget\" data-e-type=\"widget\" data-widget_type=\"divider.default\">\n\t\t\t\t<div class=\"elementor-widget-container\">\n\t\t\t\t\t\t\t<div class=\"elementor-divider\">\n\t\t\t<span class=\"elementor-divider-separator\">\n\t\t\t\t\t\t<\/span>\n\t\t<\/div>\n\t\t\t\t\t\t<\/div>\n\t\t\t\t<\/div>\n\t\t\t\t<div class=\"elementor-element elementor-element-a727e88 elementor-widget elementor-widget-text-editor\" data-id=\"a727e88\" data-element_type=\"widget\" data-e-type=\"widget\" data-widget_type=\"text-editor.default\">\n\t\t\t\t<div class=\"elementor-widget-container\">\n\t\t\t\t\t\t\t\t\t<p><strong>Auch beim Bleaching spielt das Alter kaum eine Rolle!<\/strong><\/p>\n<p>Warum soll mann sich nicht auch mit 70 den Luxus sch\u00f6ner Z\u00e4hne g\u00f6nnen? Da jedoch alte F\u00fcllungen und Zahnkronen nicht mit aufgehellt werden k\u00f6nnen, sollten diese \u2013 falls vorhanden \u2013 nach dem Bleichen ausgetauscht und der neuen Zahnfarbe angepasst werden.<\/p>\n<p>Bleaching: nur mit dem Zahnarzt!<br>Experten der Universit\u00e4tsklinik Z\u00fcrich warnen davor, ohne fachliche Beratung Bleaching-Pr\u00e4parate aus Apotheke und Drogerie anzuwenden. Oftmals erzielt ein Verbraucher bei einer Selbstbehandlung nicht das von ihm gew\u00fcnschte Resultat und kann sogar Zahnschmelz und Zahnfleisch verletzen<\/p>\n<p><strong>Die Auswahl der geeigneten Bleaching-Methode und die richtige Anwendung sind entscheidend f\u00fcr den Erfolg!<\/strong><\/p>\t\t\t\t\t\t\t\t<\/div>\n\t\t\t\t<\/div>\n\t\t\t\t<\/div>\n\t\t\t\t\t<\/div>\n\t\t\t\t<\/div>\n\t\t\t\t<\/div>","protected":false},"excerpt":{"rendered":"<p>Bleaching Strahlend weisse Z\u00e4hne in nur einer Stunde! Nicht nur gesund, sondern auch sch\u00f6n m\u00fcssen die Z\u00e4hnein der heutigen Gesellschaft sein\u2026! Das Zauberwort heisst \u201cBleaching\u201d. Bleaching ist der englische Ausdruck f\u00fcr Bleichen und die Werbung verspricht ein strahlend weisses L\u00e4cheln f\u00fcr viele Jahre\u2026und diesmal hat sie recht! Weisse, strahlende Z\u00e4hne gelten heute als Synonym f\u00fcr [&hellip;]<\/p>\n","protected":false},"author":1,"featured_media":0,"parent":0,"menu_order":0,"comment_status":"closed","ping_status":"closed","template":"","meta":{"footnotes":""},"class_list":["post-201","page","type-page","status-publish","hentry"],"_links":{"self":[{"href":"https:\/\/www.zahnarzt-kilchberg.ch\/de_ch\/wp-json\/wp\/v2\/pages\/201","targetHints":{"allow":["GET"]}}],"collection":[{"href":"https:\/\/www.zahnarzt-kilchberg.ch\/de_ch\/wp-json\/wp\/v2\/pages"}],"about":[{"href":"https:\/\/www.zahnarzt-kilchberg.ch\/de_ch\/wp-json\/wp\/v2\/types\/page"}],"author":[{"embeddable":true,"href":"https:\/\/www.zahnarzt-kilchberg.ch\/de_ch\/wp-json\/wp\/v2\/users\/1"}],"replies":[{"embeddable":true,"href":"https:\/\/www.zahnarzt-kilchberg.ch\/de_ch\/wp-json\/wp\/v2\/comments?post=201"}],"version-history":[{"count":28,"href":"https:\/\/www.zahnarzt-kilchberg.ch\/de_ch\/wp-json\/wp\/v2\/pages\/201\/revisions"}],"predecessor-version":[{"id":5284,"href":"https:\/\/www.zahnarzt-kilchberg.ch\/de_ch\/wp-json\/wp\/v2\/pages\/201\/revisions\/5284"}],"wp:attachment":[{"href":"https:\/\/www.zahnarzt-kilchberg.ch\/de_ch\/wp-json\/wp\/v2\/media?parent=201"}],"curies":[{"name":"wp","href":"https:\/\/api.w.org\/{rel}","templated":true}]}}