{"id":175,"date":"2024-09-02T22:21:19","date_gmt":"2024-09-02T20:21:19","guid":{"rendered":"https:\/\/demo.zahnarzt-kilchberg.ch\/?page_id=175"},"modified":"2026-02-09T23:30:40","modified_gmt":"2026-02-09T22:30:40","slug":"lokale-ozontherapie","status":"publish","type":"page","link":"https:\/\/www.zahnarzt-kilchberg.ch\/de_ch\/lokale-ozontherapie\/","title":{"rendered":"Lokale Ozontherapie"},"content":{"rendered":"<div data-elementor-type=\"wp-page\" data-elementor-id=\"175\" class=\"elementor elementor-175\" data-elementor-post-type=\"page\">\n\t\t\t\t<div class=\"elementor-element elementor-element-13e9446 e-con-full e-flex e-con e-parent\" data-id=\"13e9446\" data-element_type=\"container\" data-e-type=\"container\" data-settings=\"{&quot;background_background&quot;:&quot;classic&quot;}\">\n\t\t<div class=\"elementor-element elementor-element-653594a e-flex e-con-boxed e-con e-child\" data-id=\"653594a\" data-element_type=\"container\" data-e-type=\"container\" data-settings=\"{&quot;background_background&quot;:&quot;classic&quot;}\">\n\t\t\t\t\t<div class=\"e-con-inner\">\n\t\t\t\t<div class=\"elementor-element elementor-element-de32036 elementor-widget elementor-widget-heading\" data-id=\"de32036\" data-element_type=\"widget\" data-e-type=\"widget\" data-widget_type=\"heading.default\">\n\t\t\t\t<div class=\"elementor-widget-container\">\n\t\t\t\t\t<h1 class=\"elementor-heading-title elementor-size-default\">Lokale Ozontherapie<\/h1>\t\t\t\t<\/div>\n\t\t\t\t<\/div>\n\t\t\t\t\t<\/div>\n\t\t\t\t<\/div>\n\t\t\t\t<\/div>\n\t\t<div class=\"elementor-element elementor-element-07222ff e-flex e-con-boxed e-con e-parent\" data-id=\"07222ff\" data-element_type=\"container\" data-e-type=\"container\">\n\t\t\t\t\t<div class=\"e-con-inner\">\n\t\t<div class=\"elementor-element elementor-element-82ece3b e-con-full e-flex e-con e-child\" data-id=\"82ece3b\" data-element_type=\"container\" data-e-type=\"container\">\n\t\t\t\t<div class=\"elementor-element elementor-element-77d0df6 elementor-widget elementor-widget-image\" data-id=\"77d0df6\" data-element_type=\"widget\" data-e-type=\"widget\" data-widget_type=\"image.default\">\n\t\t\t\t<div class=\"elementor-widget-container\">\n\t\t\t\t\t\t\t\t\t\t\t\t\t\t\t<img fetchpriority=\"high\" decoding=\"async\" width=\"768\" height=\"1152\" src=\"https:\/\/www.zahnarzt-kilchberg.ch\/wp-content\/uploads\/2025\/05\/Ozon-geraet-768x1152.webp\" class=\"attachment-medium_large size-medium_large wp-image-5251\" alt=\"\" srcset=\"https:\/\/www.zahnarzt-kilchberg.ch\/wp-content\/uploads\/2025\/05\/Ozon-geraet-768x1152.webp 768w, https:\/\/www.zahnarzt-kilchberg.ch\/wp-content\/uploads\/2025\/05\/Ozon-geraet-200x300.webp 200w, https:\/\/www.zahnarzt-kilchberg.ch\/wp-content\/uploads\/2025\/05\/Ozon-geraet-683x1024.webp 683w, https:\/\/www.zahnarzt-kilchberg.ch\/wp-content\/uploads\/2025\/05\/Ozon-geraet-8x12.webp 8w, https:\/\/www.zahnarzt-kilchberg.ch\/wp-content\/uploads\/2025\/05\/Ozon-geraet.webp 1024w\" sizes=\"(max-width: 768px) 100vw, 768px\" \/>\t\t\t\t\t\t\t\t\t\t\t\t\t\t\t<\/div>\n\t\t\t\t<\/div>\n\t\t\t\t<\/div>\n\t\t<div class=\"elementor-element elementor-element-21d4a20 e-con-full e-flex e-con e-child\" data-id=\"21d4a20\" data-element_type=\"container\" data-e-type=\"container\">\n\t\t\t\t<div class=\"elementor-element elementor-element-4179940 elementor-widget elementor-widget-heading\" data-id=\"4179940\" data-element_type=\"widget\" data-e-type=\"widget\" data-widget_type=\"heading.default\">\n\t\t\t\t<div class=\"elementor-widget-container\">\n\t\t\t\t\t<h2 class=\"elementor-heading-title elementor-size-default\">Lokale Ozontherapie zur Wunddesinfektion<\/h2>\t\t\t\t<\/div>\n\t\t\t\t<\/div>\n\t\t\t\t<div class=\"elementor-element elementor-element-243ac4d elementor-widget-divider--view-line elementor-widget elementor-widget-divider\" data-id=\"243ac4d\" data-element_type=\"widget\" data-e-type=\"widget\" data-widget_type=\"divider.default\">\n\t\t\t\t<div class=\"elementor-widget-container\">\n\t\t\t\t\t\t\t<div class=\"elementor-divider\">\n\t\t\t<span class=\"elementor-divider-separator\">\n\t\t\t\t\t\t<\/span>\n\t\t<\/div>\n\t\t\t\t\t\t<\/div>\n\t\t\t\t<\/div>\n\t\t\t\t<div class=\"elementor-element elementor-element-f9ed01e elementor-widget elementor-widget-text-editor\" data-id=\"f9ed01e\" data-element_type=\"widget\" data-e-type=\"widget\" data-widget_type=\"text-editor.default\">\n\t\t\t\t<div class=\"elementor-widget-container\">\n\t\t\t\t\t\t\t\t\t<p>Keime in der Mundh\u00f6hle sind die Hauptursache f\u00fcr fast alle Erkrankungen von Zahn und Zahnfleisch; von der Karies bis zu Parodontopathien. Im Umfeld von zahnmedizinischen Behandlungen \u2013 insbesondere nach Zahnentfernung \u2013 k\u00f6nnen mikrobielle Erreger zudem auch zu postoperativen Beschwerden f\u00fchren und allgemein den Heilungsprozess verz\u00f6gern.<\/p>\n<p>Bei der lokalen Therapie mit Ozon lassen sich die sch\u00e4dlichen Erreger innerhalb einiger Sekunden eliminieren und ein medizinischer Erfolg kann bereits nach wenigen Behandlungen festgestellt werden. Das Ozontherapieger\u00e4t arbeitet mit aktivem Sauerstoff, der durch den Sondenkopf an der zu behandelnden Stelle in Ozon umgewandelt wird. Die kleine Menge Ozon dringt bis zu 6 mm in das Gewebe ein und wirkt dort auf die Keime, dabei zersetzt das oxidierende Ozon die Zellh\u00fclle der Mikroben und greift au\u00dferdem ihre DNA oder RNA an. Im Unterschied zu einer Antibiotika-Anwendung sind Resistenzen nicht m\u00f6glich.<\/p>\t\t\t\t\t\t\t\t<\/div>\n\t\t\t\t<\/div>\n\t\t\t\t<\/div>\n\t\t\t\t\t<\/div>\n\t\t\t\t<\/div>\n\t\t<div class=\"elementor-element elementor-element-6882f60 e-flex e-con-boxed e-con e-parent\" data-id=\"6882f60\" data-element_type=\"container\" data-e-type=\"container\">\n\t\t\t\t\t<div class=\"e-con-inner\">\n\t\t<div class=\"elementor-element elementor-element-9f8edb6 e-con-full e-flex e-con e-child\" data-id=\"9f8edb6\" data-element_type=\"container\" data-e-type=\"container\">\n\t\t\t\t<div class=\"elementor-element elementor-element-6ab8811 elementor-widget__width-initial elementor-widget elementor-widget-image\" data-id=\"6ab8811\" data-element_type=\"widget\" data-e-type=\"widget\" data-widget_type=\"image.default\">\n\t\t\t\t<div class=\"elementor-widget-container\">\n\t\t\t\t\t\t\t\t\t\t\t\t\t\t\t<img decoding=\"async\" width=\"800\" height=\"588\" src=\"https:\/\/www.zahnarzt-kilchberg.ch\/wp-content\/uploads\/2025\/05\/ChatGPT-Image-23.-Mai-2025-13_51_29-e1748001254767.webp\" class=\"attachment-large size-large wp-image-5247\" alt=\"\" srcset=\"https:\/\/www.zahnarzt-kilchberg.ch\/wp-content\/uploads\/2025\/05\/ChatGPT-Image-23.-Mai-2025-13_51_29-e1748001254767.webp 1024w, https:\/\/www.zahnarzt-kilchberg.ch\/wp-content\/uploads\/2025\/05\/ChatGPT-Image-23.-Mai-2025-13_51_29-e1748001254767-300x221.webp 300w, https:\/\/www.zahnarzt-kilchberg.ch\/wp-content\/uploads\/2025\/05\/ChatGPT-Image-23.-Mai-2025-13_51_29-e1748001254767-768x565.webp 768w, https:\/\/www.zahnarzt-kilchberg.ch\/wp-content\/uploads\/2025\/05\/ChatGPT-Image-23.-Mai-2025-13_51_29-e1748001254767-16x12.webp 16w\" sizes=\"(max-width: 800px) 100vw, 800px\" \/>\t\t\t\t\t\t\t\t\t\t\t\t\t\t\t<\/div>\n\t\t\t\t<\/div>\n\t\t\t\t<\/div>\n\t\t<div class=\"elementor-element elementor-element-28ad91b e-con-full e-flex e-con e-child\" data-id=\"28ad91b\" data-element_type=\"container\" data-e-type=\"container\">\n\t\t\t\t<div class=\"elementor-element elementor-element-f3176ba elementor-widget elementor-widget-image\" data-id=\"f3176ba\" data-element_type=\"widget\" data-e-type=\"widget\" data-widget_type=\"image.default\">\n\t\t\t\t<div class=\"elementor-widget-container\">\n\t\t\t\t\t\t\t\t\t\t\t\t\t\t\t<img decoding=\"async\" width=\"298\" height=\"220\" src=\"https:\/\/www.zahnarzt-kilchberg.ch\/wp-content\/uploads\/2024\/12\/csm_ozon1.jpg\" class=\"attachment-large size-large wp-image-2414\" alt=\"\" srcset=\"https:\/\/www.zahnarzt-kilchberg.ch\/wp-content\/uploads\/2024\/12\/csm_ozon1.jpg.webp 298w, https:\/\/www.zahnarzt-kilchberg.ch\/wp-content\/uploads\/2024\/12\/csm_ozon1-16x12.jpg.webp 16w\" sizes=\"(max-width: 298px) 100vw, 298px\" \/>\t\t\t\t\t\t\t\t\t\t\t\t\t\t\t<\/div>\n\t\t\t\t<\/div>\n\t\t\t\t<\/div>\n\t\t\t\t\t<\/div>\n\t\t\t\t<\/div>\n\t\t<div class=\"elementor-element elementor-element-ca53cbf e-flex e-con-boxed e-con e-parent\" data-id=\"ca53cbf\" data-element_type=\"container\" data-e-type=\"container\">\n\t\t\t\t\t<div class=\"e-con-inner\">\n\t\t\t\t<div class=\"elementor-element elementor-element-b75d3c2 elementor-widget elementor-widget-spacer\" data-id=\"b75d3c2\" data-element_type=\"widget\" data-e-type=\"widget\" data-widget_type=\"spacer.default\">\n\t\t\t\t<div class=\"elementor-widget-container\">\n\t\t\t\t\t\t\t<div class=\"elementor-spacer\">\n\t\t\t<div class=\"elementor-spacer-inner\"><\/div>\n\t\t<\/div>\n\t\t\t\t\t\t<\/div>\n\t\t\t\t<\/div>\n\t\t\t\t\t<\/div>\n\t\t\t\t<\/div>\n\t\t\t\t<\/div>","protected":false},"excerpt":{"rendered":"<p>Lokale Ozontherapie Lokale Ozontherapie zur Wunddesinfektion Keime in der Mundh\u00f6hle sind die Hauptursache f\u00fcr fast alle Erkrankungen von Zahn und Zahnfleisch; von der Karies bis zu Parodontopathien. Im Umfeld von zahnmedizinischen Behandlungen \u2013 insbesondere nach Zahnentfernung \u2013 k\u00f6nnen mikrobielle Erreger zudem auch zu postoperativen Beschwerden f\u00fchren und allgemein den Heilungsprozess verz\u00f6gern. Bei der lokalen Therapie [&hellip;]<\/p>\n","protected":false},"author":1,"featured_media":0,"parent":0,"menu_order":0,"comment_status":"closed","ping_status":"closed","template":"","meta":{"footnotes":""},"class_list":["post-175","page","type-page","status-publish","hentry"],"_links":{"self":[{"href":"https:\/\/www.zahnarzt-kilchberg.ch\/de_ch\/wp-json\/wp\/v2\/pages\/175","targetHints":{"allow":["GET"]}}],"collection":[{"href":"https:\/\/www.zahnarzt-kilchberg.ch\/de_ch\/wp-json\/wp\/v2\/pages"}],"about":[{"href":"https:\/\/www.zahnarzt-kilchberg.ch\/de_ch\/wp-json\/wp\/v2\/types\/page"}],"author":[{"embeddable":true,"href":"https:\/\/www.zahnarzt-kilchberg.ch\/de_ch\/wp-json\/wp\/v2\/users\/1"}],"replies":[{"embeddable":true,"href":"https:\/\/www.zahnarzt-kilchberg.ch\/de_ch\/wp-json\/wp\/v2\/comments?post=175"}],"version-history":[{"count":28,"href":"https:\/\/www.zahnarzt-kilchberg.ch\/de_ch\/wp-json\/wp\/v2\/pages\/175\/revisions"}],"predecessor-version":[{"id":5255,"href":"https:\/\/www.zahnarzt-kilchberg.ch\/de_ch\/wp-json\/wp\/v2\/pages\/175\/revisions\/5255"}],"wp:attachment":[{"href":"https:\/\/www.zahnarzt-kilchberg.ch\/de_ch\/wp-json\/wp\/v2\/media?parent=175"}],"curies":[{"name":"wp","href":"https:\/\/api.w.org\/{rel}","templated":true}]}}