{"id":169,"date":"2024-09-02T22:20:46","date_gmt":"2024-09-02T20:20:46","guid":{"rendered":"https:\/\/demo.zahnarzt-kilchberg.ch\/?page_id=169"},"modified":"2026-02-09T23:30:31","modified_gmt":"2026-02-09T22:30:31","slug":"intraorale-kamera","status":"publish","type":"page","link":"https:\/\/www.zahnarzt-kilchberg.ch\/de_ch\/intraorale-kamera\/","title":{"rendered":"Intraorale Kamera"},"content":{"rendered":"<div data-elementor-type=\"wp-page\" data-elementor-id=\"169\" class=\"elementor elementor-169\" data-elementor-post-type=\"page\">\n\t\t\t\t<div class=\"elementor-element elementor-element-c1840c7 e-con-full e-flex e-con e-parent\" data-id=\"c1840c7\" data-element_type=\"container\" data-e-type=\"container\" data-settings=\"{&quot;background_background&quot;:&quot;classic&quot;}\">\n\t\t<div class=\"elementor-element elementor-element-d54deb5 e-flex e-con-boxed e-con e-child\" data-id=\"d54deb5\" data-element_type=\"container\" data-e-type=\"container\" data-settings=\"{&quot;background_background&quot;:&quot;classic&quot;}\">\n\t\t\t\t\t<div class=\"e-con-inner\">\n\t\t\t\t<div class=\"elementor-element elementor-element-d0ac633 elementor-widget elementor-widget-heading\" data-id=\"d0ac633\" data-element_type=\"widget\" data-e-type=\"widget\" data-widget_type=\"heading.default\">\n\t\t\t\t<div class=\"elementor-widget-container\">\n\t\t\t\t\t<h1 class=\"elementor-heading-title elementor-size-default\">Intraorale Kamera<\/h1>\t\t\t\t<\/div>\n\t\t\t\t<\/div>\n\t\t\t\t\t<\/div>\n\t\t\t\t<\/div>\n\t\t\t\t<\/div>\n\t\t<div class=\"elementor-element elementor-element-398be66 e-flex e-con-boxed e-con e-parent\" data-id=\"398be66\" data-element_type=\"container\" data-e-type=\"container\">\n\t\t\t\t\t<div class=\"e-con-inner\">\n\t\t<div class=\"elementor-element elementor-element-f414ddc e-con-full e-flex e-con e-child\" data-id=\"f414ddc\" data-element_type=\"container\" data-e-type=\"container\">\n\t\t\t\t<div class=\"elementor-element elementor-element-09ca652 elementor-widget elementor-widget-image\" data-id=\"09ca652\" data-element_type=\"widget\" data-e-type=\"widget\" data-widget_type=\"image.default\">\n\t\t\t\t<div class=\"elementor-widget-container\">\n\t\t\t\t\t\t\t\t\t\t\t\t\t\t\t<img fetchpriority=\"high\" decoding=\"async\" width=\"768\" height=\"535\" src=\"https:\/\/www.zahnarzt-kilchberg.ch\/wp-content\/uploads\/2025\/01\/kamera-mit-screen-768x535.jpg\" class=\"attachment-medium_large size-medium_large wp-image-3263\" alt=\"\" srcset=\"https:\/\/www.zahnarzt-kilchberg.ch\/wp-content\/uploads\/2025\/01\/kamera-mit-screen-768x535.jpg 768w, https:\/\/www.zahnarzt-kilchberg.ch\/wp-content\/uploads\/2025\/01\/kamera-mit-screen-300x209.jpg 300w, https:\/\/www.zahnarzt-kilchberg.ch\/wp-content\/uploads\/2025\/01\/kamera-mit-screen-1024x713.jpg 1024w, https:\/\/www.zahnarzt-kilchberg.ch\/wp-content\/uploads\/2025\/01\/kamera-mit-screen-18x12.jpg 18w, https:\/\/www.zahnarzt-kilchberg.ch\/wp-content\/uploads\/2025\/01\/kamera-mit-screen.jpg 1181w\" sizes=\"(max-width: 768px) 100vw, 768px\" \/>\t\t\t\t\t\t\t\t\t\t\t\t\t\t\t<\/div>\n\t\t\t\t<\/div>\n\t\t\t\t<\/div>\n\t\t<div class=\"elementor-element elementor-element-7e14949 e-con-full e-flex e-con e-child\" data-id=\"7e14949\" data-element_type=\"container\" data-e-type=\"container\">\n\t\t\t\t<div class=\"elementor-element elementor-element-e0e1379 elementor-widget elementor-widget-heading\" data-id=\"e0e1379\" data-element_type=\"widget\" data-e-type=\"widget\" data-widget_type=\"heading.default\">\n\t\t\t\t<div class=\"elementor-widget-container\">\n\t\t\t\t\t<h2 class=\"elementor-heading-title elementor-size-default\">Ein Bild sagt mehr als 1000 Worte<\/h2>\t\t\t\t<\/div>\n\t\t\t\t<\/div>\n\t\t\t\t<div class=\"elementor-element elementor-element-4d7e7b6 elementor-widget-divider--view-line elementor-widget elementor-widget-divider\" data-id=\"4d7e7b6\" data-element_type=\"widget\" data-e-type=\"widget\" data-widget_type=\"divider.default\">\n\t\t\t\t<div class=\"elementor-widget-container\">\n\t\t\t\t\t\t\t<div class=\"elementor-divider\">\n\t\t\t<span class=\"elementor-divider-separator\">\n\t\t\t\t\t\t<\/span>\n\t\t<\/div>\n\t\t\t\t\t\t<\/div>\n\t\t\t\t<\/div>\n\t\t\t\t<div class=\"elementor-element elementor-element-62a6be3 elementor-widget elementor-widget-text-editor\" data-id=\"62a6be3\" data-element_type=\"widget\" data-e-type=\"widget\" data-widget_type=\"text-editor.default\">\n\t\t\t\t<div class=\"elementor-widget-container\">\n\t\t\t\t\t\t\t\t\t<p>Mit unserer intraoralen Kamera zeigen wir Ihnen Ihre Mundgesundheit im Kinoformat. Wer seine Z\u00e4hne und sein Zahnfleisch einmal aus dieser Perspektive betrachten konnte, der versteht deutlich besser wor\u00fcber wir reden. Und darum geht es uns: Transparenz und Verst\u00e4ndnis f\u00fcr unsere Behandlung!<\/p><p>Unterst\u00fctzend zur herk\u00f6mmlichen Diagnostik k\u00f6nnen wir unseren Patienten mit unserer speziellen Kamera auch Karies und Bel\u00e4ge darstellen. Je nach Intensit\u00e4t des Lichtes zeichnet sich die Dichte der Bakterienbesiedlung ab. So bietet uns die intraorale Kamera vielf\u00e4ltige M\u00f6glichkeiten der Diagnostik, Befundung und Dokumentation.<\/p>\t\t\t\t\t\t\t\t<\/div>\n\t\t\t\t<\/div>\n\t\t\t\t<\/div>\n\t\t\t\t\t<\/div>\n\t\t\t\t<\/div>\n\t\t<div class=\"elementor-element elementor-element-1e437b1 e-grid e-con-boxed e-con e-parent\" data-id=\"1e437b1\" data-element_type=\"container\" data-e-type=\"container\">\n\t\t\t\t\t<div class=\"e-con-inner\">\n\t\t\t\t<div class=\"elementor-element elementor-element-80ca1b3 elementor-widget elementor-widget-image\" data-id=\"80ca1b3\" data-element_type=\"widget\" data-e-type=\"widget\" data-widget_type=\"image.default\">\n\t\t\t\t<div class=\"elementor-widget-container\">\n\t\t\t\t\t\t\t\t\t\t\t\t<figure class=\"wp-caption\">\n\t\t\t\t\t\t\t\t\t\t<img decoding=\"async\" width=\"273\" height=\"228\" src=\"https:\/\/www.zahnarzt-kilchberg.ch\/wp-content\/uploads\/2025\/01\/Karies-intraoral.jpg\" class=\"attachment-medium_large size-medium_large wp-image-3265\" alt=\"\" srcset=\"https:\/\/www.zahnarzt-kilchberg.ch\/wp-content\/uploads\/2025\/01\/Karies-intraoral.jpg 273w, https:\/\/www.zahnarzt-kilchberg.ch\/wp-content\/uploads\/2025\/01\/Karies-intraoral-14x12.jpg 14w\" sizes=\"(max-width: 273px) 100vw, 273px\" \/>\t\t\t\t\t\t\t\t\t\t\t<figcaption class=\"widget-image-caption wp-caption-text\">verbesserte Darstellung und Information<\/figcaption>\n\t\t\t\t\t\t\t\t\t\t<\/figure>\n\t\t\t\t\t\t\t\t\t<\/div>\n\t\t\t\t<\/div>\n\t\t\t\t<div class=\"elementor-element elementor-element-cfdf86d elementor-widget elementor-widget-image\" data-id=\"cfdf86d\" data-element_type=\"widget\" data-e-type=\"widget\" data-widget_type=\"image.default\">\n\t\t\t\t<div class=\"elementor-widget-container\">\n\t\t\t\t\t\t\t\t\t\t\t\t<figure class=\"wp-caption\">\n\t\t\t\t\t\t\t\t\t\t<img decoding=\"async\" width=\"300\" height=\"225\" src=\"https:\/\/www.zahnarzt-kilchberg.ch\/wp-content\/uploads\/2025\/01\/csm_Vistacam_belag.jpg\" class=\"attachment-large size-large wp-image-3264\" alt=\"\" srcset=\"https:\/\/www.zahnarzt-kilchberg.ch\/wp-content\/uploads\/2025\/01\/csm_Vistacam_belag.jpg 300w, https:\/\/www.zahnarzt-kilchberg.ch\/wp-content\/uploads\/2025\/01\/csm_Vistacam_belag-16x12.jpg 16w\" sizes=\"(max-width: 300px) 100vw, 300px\" \/>\t\t\t\t\t\t\t\t\t\t\t<figcaption class=\"widget-image-caption wp-caption-text\">Quantifizierung von Bel\u00e4gen<\/figcaption>\n\t\t\t\t\t\t\t\t\t\t<\/figure>\n\t\t\t\t\t\t\t\t\t<\/div>\n\t\t\t\t<\/div>\n\t\t\t\t<div class=\"elementor-element elementor-element-0727ad2 elementor-widget elementor-widget-image\" data-id=\"0727ad2\" data-element_type=\"widget\" data-e-type=\"widget\" data-widget_type=\"image.default\">\n\t\t\t\t<div class=\"elementor-widget-container\">\n\t\t\t\t\t\t\t\t\t\t\t\t<figure class=\"wp-caption\">\n\t\t\t\t\t\t\t\t\t\t<img loading=\"lazy\" decoding=\"async\" width=\"300\" height=\"225\" src=\"https:\/\/www.zahnarzt-kilchberg.ch\/wp-content\/uploads\/2024\/12\/csm_vistacam_approximal.jpg\" class=\"attachment-medium_large size-medium_large wp-image-2214\" alt=\"\" srcset=\"https:\/\/www.zahnarzt-kilchberg.ch\/wp-content\/uploads\/2024\/12\/csm_vistacam_approximal.jpg 300w, https:\/\/www.zahnarzt-kilchberg.ch\/wp-content\/uploads\/2024\/12\/csm_vistacam_approximal-16x12.jpg 16w\" sizes=\"(max-width: 300px) 100vw, 300px\" \/>\t\t\t\t\t\t\t\t\t\t\t<figcaption class=\"widget-image-caption wp-caption-text\">Kariesdiagnostik<\/figcaption>\n\t\t\t\t\t\t\t\t\t\t<\/figure>\n\t\t\t\t\t\t\t\t\t<\/div>\n\t\t\t\t<\/div>\n\t\t\t\t\t<\/div>\n\t\t\t\t<\/div>\n\t\t<div class=\"elementor-element elementor-element-b3cfe20 e-flex e-con-boxed e-con e-parent\" data-id=\"b3cfe20\" data-element_type=\"container\" data-e-type=\"container\">\n\t\t\t\t\t<div class=\"e-con-inner\">\n\t\t\t\t<div class=\"elementor-element elementor-element-41e79a4 elementor-widget elementor-widget-spacer\" data-id=\"41e79a4\" data-element_type=\"widget\" data-e-type=\"widget\" data-widget_type=\"spacer.default\">\n\t\t\t\t<div class=\"elementor-widget-container\">\n\t\t\t\t\t\t\t<div class=\"elementor-spacer\">\n\t\t\t<div class=\"elementor-spacer-inner\"><\/div>\n\t\t<\/div>\n\t\t\t\t\t\t<\/div>\n\t\t\t\t<\/div>\n\t\t\t\t\t<\/div>\n\t\t\t\t<\/div>\n\t\t\t\t<\/div>","protected":false},"excerpt":{"rendered":"<p>Intraorale Kamera Ein Bild sagt mehr als 1000 Worte Mit unserer intraoralen Kamera zeigen wir Ihnen Ihre Mundgesundheit im Kinoformat. Wer seine Z\u00e4hne und sein Zahnfleisch einmal aus dieser Perspektive betrachten konnte, der versteht deutlich besser wor\u00fcber wir reden. Und darum geht es uns: Transparenz und Verst\u00e4ndnis f\u00fcr unsere Behandlung! Unterst\u00fctzend zur herk\u00f6mmlichen Diagnostik k\u00f6nnen [&hellip;]<\/p>\n","protected":false},"author":1,"featured_media":0,"parent":0,"menu_order":0,"comment_status":"closed","ping_status":"closed","template":"","meta":{"footnotes":""},"class_list":["post-169","page","type-page","status-publish","hentry"],"_links":{"self":[{"href":"https:\/\/www.zahnarzt-kilchberg.ch\/de_ch\/wp-json\/wp\/v2\/pages\/169","targetHints":{"allow":["GET"]}}],"collection":[{"href":"https:\/\/www.zahnarzt-kilchberg.ch\/de_ch\/wp-json\/wp\/v2\/pages"}],"about":[{"href":"https:\/\/www.zahnarzt-kilchberg.ch\/de_ch\/wp-json\/wp\/v2\/types\/page"}],"author":[{"embeddable":true,"href":"https:\/\/www.zahnarzt-kilchberg.ch\/de_ch\/wp-json\/wp\/v2\/users\/1"}],"replies":[{"embeddable":true,"href":"https:\/\/www.zahnarzt-kilchberg.ch\/de_ch\/wp-json\/wp\/v2\/comments?post=169"}],"version-history":[{"count":34,"href":"https:\/\/www.zahnarzt-kilchberg.ch\/de_ch\/wp-json\/wp\/v2\/pages\/169\/revisions"}],"predecessor-version":[{"id":5144,"href":"https:\/\/www.zahnarzt-kilchberg.ch\/de_ch\/wp-json\/wp\/v2\/pages\/169\/revisions\/5144"}],"wp:attachment":[{"href":"https:\/\/www.zahnarzt-kilchberg.ch\/de_ch\/wp-json\/wp\/v2\/media?parent=169"}],"curies":[{"name":"wp","href":"https:\/\/api.w.org\/{rel}","templated":true}]}}