{"id":165,"date":"2024-09-02T22:19:45","date_gmt":"2024-09-02T20:19:45","guid":{"rendered":"https:\/\/demo.zahnarzt-kilchberg.ch\/?page_id=165"},"modified":"2026-02-09T23:33:01","modified_gmt":"2026-02-09T22:33:01","slug":"3d-roentgen","status":"publish","type":"page","link":"https:\/\/www.zahnarzt-kilchberg.ch\/de_ch\/3d-roentgen\/","title":{"rendered":"3D R\u00f6ntgen"},"content":{"rendered":"<div data-elementor-type=\"wp-page\" data-elementor-id=\"165\" class=\"elementor elementor-165\" data-elementor-post-type=\"page\">\n\t\t\t\t<div class=\"elementor-element elementor-element-6309acc e-con-full e-flex e-con e-parent\" data-id=\"6309acc\" data-element_type=\"container\" data-e-type=\"container\" data-settings=\"{&quot;background_background&quot;:&quot;classic&quot;}\">\n\t\t<div class=\"elementor-element elementor-element-4a18c70 e-flex e-con-boxed e-con e-child\" data-id=\"4a18c70\" data-element_type=\"container\" data-e-type=\"container\" data-settings=\"{&quot;background_background&quot;:&quot;classic&quot;}\">\n\t\t\t\t\t<div class=\"e-con-inner\">\n\t\t\t\t<div class=\"elementor-element elementor-element-c049949 elementor-widget elementor-widget-heading\" data-id=\"c049949\" data-element_type=\"widget\" data-e-type=\"widget\" data-widget_type=\"heading.default\">\n\t\t\t\t<div class=\"elementor-widget-container\">\n\t\t\t\t\t<h1 class=\"elementor-heading-title elementor-size-default\">3D R\u00f6ntgen<\/h1>\t\t\t\t<\/div>\n\t\t\t\t<\/div>\n\t\t\t\t\t<\/div>\n\t\t\t\t<\/div>\n\t\t\t\t<\/div>\n\t\t<div class=\"elementor-element elementor-element-81304d7 e-flex e-con-boxed e-con e-parent\" data-id=\"81304d7\" data-element_type=\"container\" data-e-type=\"container\">\n\t\t\t\t\t<div class=\"e-con-inner\">\n\t\t<div class=\"elementor-element elementor-element-09ef120 e-con-full e-flex e-con e-child\" data-id=\"09ef120\" data-element_type=\"container\" data-e-type=\"container\">\n\t\t\t\t<div class=\"elementor-element elementor-element-c4d8198 elementor-widget elementor-widget-image\" data-id=\"c4d8198\" data-element_type=\"widget\" data-e-type=\"widget\" data-widget_type=\"image.default\">\n\t\t\t\t<div class=\"elementor-widget-container\">\n\t\t\t\t\t\t\t\t\t\t\t\t\t\t\t<img fetchpriority=\"high\" decoding=\"async\" width=\"800\" height=\"534\" src=\"https:\/\/www.zahnarzt-kilchberg.ch\/wp-content\/uploads\/2025\/01\/91-2409_Zahnarzt_Kilchberg_51-1024x683.jpg\" class=\"attachment-large size-large wp-image-2840\" alt=\"\" srcset=\"https:\/\/www.zahnarzt-kilchberg.ch\/wp-content\/uploads\/2025\/01\/91-2409_Zahnarzt_Kilchberg_51-1024x683.jpg 1024w, https:\/\/www.zahnarzt-kilchberg.ch\/wp-content\/uploads\/2025\/01\/91-2409_Zahnarzt_Kilchberg_51-300x200.jpg 300w, https:\/\/www.zahnarzt-kilchberg.ch\/wp-content\/uploads\/2025\/01\/91-2409_Zahnarzt_Kilchberg_51-768x512.jpg 768w, https:\/\/www.zahnarzt-kilchberg.ch\/wp-content\/uploads\/2025\/01\/91-2409_Zahnarzt_Kilchberg_51-1536x1024.jpg 1536w, https:\/\/www.zahnarzt-kilchberg.ch\/wp-content\/uploads\/2025\/01\/91-2409_Zahnarzt_Kilchberg_51-18x12.jpg 18w, https:\/\/www.zahnarzt-kilchberg.ch\/wp-content\/uploads\/2025\/01\/91-2409_Zahnarzt_Kilchberg_51.jpg 1920w\" sizes=\"(max-width: 800px) 100vw, 800px\" \/>\t\t\t\t\t\t\t\t\t\t\t\t\t\t\t<\/div>\n\t\t\t\t<\/div>\n\t\t\t\t<\/div>\n\t\t<div class=\"elementor-element elementor-element-d14f877 e-con-full e-flex e-con e-child\" data-id=\"d14f877\" data-element_type=\"container\" data-e-type=\"container\">\n\t\t\t\t<div class=\"elementor-element elementor-element-cd28d87 elementor-widget elementor-widget-heading\" data-id=\"cd28d87\" data-element_type=\"widget\" data-e-type=\"widget\" data-widget_type=\"heading.default\">\n\t\t\t\t<div class=\"elementor-widget-container\">\n\t\t\t\t\t<h2 class=\"elementor-heading-title elementor-size-default\">Digitales Volumentomogramm<\/h2>\t\t\t\t<\/div>\n\t\t\t\t<\/div>\n\t\t\t\t<div class=\"elementor-element elementor-element-c657ca7 elementor-widget-divider--view-line elementor-widget elementor-widget-divider\" data-id=\"c657ca7\" data-element_type=\"widget\" data-e-type=\"widget\" data-widget_type=\"divider.default\">\n\t\t\t\t<div class=\"elementor-widget-container\">\n\t\t\t\t\t\t\t<div class=\"elementor-divider\">\n\t\t\t<span class=\"elementor-divider-separator\">\n\t\t\t\t\t\t<\/span>\n\t\t<\/div>\n\t\t\t\t\t\t<\/div>\n\t\t\t\t<\/div>\n\t\t\t\t<div class=\"elementor-element elementor-element-b4284e1 elementor-widget elementor-widget-text-editor\" data-id=\"b4284e1\" data-element_type=\"widget\" data-e-type=\"widget\" data-widget_type=\"text-editor.default\">\n\t\t\t\t<div class=\"elementor-widget-container\">\n\t\t\t\t\t\t\t\t\t<p>Unsere digitale Volumentomographie (DVT) ist neues Verfahren zur 3-dimensionalen Darstellung kn\u00f6cherner Strukturen. Besonders wichtig gerade in unserer Praxis: unser DVT kommt mit deutlich weniger Strahlenbelastung aus wie eine Computertomographie (CT).<br \/>Selbstverst\u00e4ndlich werden auch die bisherigen zweidimensional digital und damit ebenfalls mit deutlich geringerer Strahlendosis angefertigt.<\/p><p>Die Indikation f\u00fcr\u00a0 ein DVT wird auf Grund der gegen\u00fcber 2 dimensionalen Aufnahmen h\u00f6heren Strahlenbelastung in unserer Praxis sehr konservativ gestellt. Durch vorangegangene zweidimensionale Aufnahmen muss ein zu erwartender Mehrwert (deutlicherer Befund) eines DVT zu erwarten sein.<\/p>\t\t\t\t\t\t\t\t<\/div>\n\t\t\t\t<\/div>\n\t\t\t\t<\/div>\n\t\t\t\t\t<\/div>\n\t\t\t\t<\/div>\n\t\t<div class=\"elementor-element elementor-element-7007697 e-flex e-con-boxed e-con e-parent\" data-id=\"7007697\" data-element_type=\"container\" data-e-type=\"container\">\n\t\t\t\t\t<div class=\"e-con-inner\">\n\t\t<div class=\"elementor-element elementor-element-e9d0e7c e-con-full e-flex e-con e-child\" data-id=\"e9d0e7c\" data-element_type=\"container\" data-e-type=\"container\">\n\t\t\t\t<div class=\"elementor-element elementor-element-b6465cc elementor-widget elementor-widget-text-editor\" data-id=\"b6465cc\" data-element_type=\"widget\" data-e-type=\"widget\" data-widget_type=\"text-editor.default\">\n\t\t\t\t<div class=\"elementor-widget-container\">\n\t\t\t\t\t\t\t\t\t<p>Durch die digitale Volumentomografie steht uns \u2013 und damit Ihnen \u2013 eine neue 3-dimensionale Technologie zur Verf\u00fcgung, welche die Diagnostik der Kiefer und Z\u00e4hne deutlich verbessert. Neben den g\u00e4ngigen Indikationen f\u00fcr 3D-Diagnostik, wie Tumore, Zysten und Frakturen, lassen sich operative Eingriffe einfacher und sicherer planen. Das DVT kann Therapierisiken exakter einsch\u00e4tzen, genauere Prognosen stellen sowie die Ursachen unklarer Beschwerden zuverl\u00e4ssiger erkennen oder ausschliessen.<\/p><p>Insbesondere in der Implantologie wird die digitale Volumentomographie von uns immer h\u00e4ufiger eingesetzt, um das Knochenangebot der Kiefer zu beurteilen und die Implantatposition schon vor dem Eingriff festzulegen. Durch die hochwertigen dreidimensionalen Bilder werden minimalinvasive Techniken m\u00f6glich und deren Behandlungserfolg gesichert.<\/p>\t\t\t\t\t\t\t\t<\/div>\n\t\t\t\t<\/div>\n\t\t\t\t<\/div>\n\t\t<div class=\"elementor-element elementor-element-2c78f92 e-con-full e-flex e-con e-child\" data-id=\"2c78f92\" data-element_type=\"container\" data-e-type=\"container\">\n\t\t\t\t<div class=\"elementor-element elementor-element-56ed600 elementor-widget elementor-widget-image\" data-id=\"56ed600\" data-element_type=\"widget\" data-e-type=\"widget\" data-widget_type=\"image.default\">\n\t\t\t\t<div class=\"elementor-widget-container\">\n\t\t\t\t\t\t\t\t\t\t\t\t\t\t\t<img decoding=\"async\" width=\"768\" height=\"468\" src=\"https:\/\/www.zahnarzt-kilchberg.ch\/wp-content\/uploads\/2024\/12\/3D-Aufnahme2-768x468.jpg\" class=\"attachment-medium_large size-medium_large wp-image-2516\" alt=\"\" srcset=\"https:\/\/www.zahnarzt-kilchberg.ch\/wp-content\/uploads\/2024\/12\/3D-Aufnahme2-768x468.jpg 768w, https:\/\/www.zahnarzt-kilchberg.ch\/wp-content\/uploads\/2024\/12\/3D-Aufnahme2-300x183.jpg 300w, https:\/\/www.zahnarzt-kilchberg.ch\/wp-content\/uploads\/2024\/12\/3D-Aufnahme2-18x12.jpg 18w, https:\/\/www.zahnarzt-kilchberg.ch\/wp-content\/uploads\/2024\/12\/3D-Aufnahme2.jpg 854w\" sizes=\"(max-width: 768px) 100vw, 768px\" \/>\t\t\t\t\t\t\t\t\t\t\t\t\t\t\t<\/div>\n\t\t\t\t<\/div>\n\t\t\t\t<\/div>\n\t\t\t\t\t<\/div>\n\t\t\t\t<\/div>\n\t\t<div class=\"elementor-element elementor-element-d263f62 e-flex e-con-boxed e-con e-parent\" data-id=\"d263f62\" data-element_type=\"container\" data-e-type=\"container\">\n\t\t\t\t\t<div class=\"e-con-inner\">\n\t\t<div class=\"elementor-element elementor-element-201b7226 e-con-full e-flex e-con e-child\" data-id=\"201b7226\" data-element_type=\"container\" data-e-type=\"container\">\n\t\t\t\t<div class=\"elementor-element elementor-element-63ff7334 elementor-view-default elementor-widget elementor-widget-icon\" data-id=\"63ff7334\" data-element_type=\"widget\" data-e-type=\"widget\" data-widget_type=\"icon.default\">\n\t\t\t\t<div class=\"elementor-widget-container\">\n\t\t\t\t\t\t\t<div class=\"elementor-icon-wrapper\">\n\t\t\t<div class=\"elementor-icon\">\n\t\t\t<svg aria-hidden=\"true\" class=\"e-font-icon-svg e-fas-quote-left\" viewbox=\"0 0 512 512\" xmlns=\"http:\/\/www.w3.org\/2000\/svg\"><path d=\"M464 256h-80v-64c0-35.3 28.7-64 64-64h8c13.3 0 24-10.7 24-24V56c0-13.3-10.7-24-24-24h-8c-88.4 0-160 71.6-160 160v240c0 26.5 21.5 48 48 48h128c26.5 0 48-21.5 48-48V304c0-26.5-21.5-48-48-48zm-288 0H96v-64c0-35.3 28.7-64 64-64h8c13.3 0 24-10.7 24-24V56c0-13.3-10.7-24-24-24h-8C71.6 32 0 103.6 0 192v240c0 26.5 21.5 48 48 48h128c26.5 0 48-21.5 48-48V304c0-26.5-21.5-48-48-48z\"><\/path><\/svg>\t\t\t<\/div>\n\t\t<\/div>\n\t\t\t\t\t\t<\/div>\n\t\t\t\t<\/div>\n\t\t\t\t<div class=\"elementor-element elementor-element-47b53cd0 elementor-widget elementor-widget-text-editor\" data-id=\"47b53cd0\" data-element_type=\"widget\" data-e-type=\"widget\" data-widget_type=\"text-editor.default\">\n\t\t\t\t<div class=\"elementor-widget-container\">\n\t\t\t\t\t\t\t\t\t<p>Ein DVT bedeutet f\u00fcr uns h\u00f6here diagnostische Qualit\u00e4t und Vorhersehbarkeit &#8211; damit f\u00fcr unsere Patienten weniger Risiken und geringere Belastung bei chirurgischen Eingriffen.<\/p>\t\t\t\t\t\t\t\t<\/div>\n\t\t\t\t<\/div>\n\t\t\t\t<div class=\"elementor-element elementor-element-6d473460 elementor-widget-divider--view-line elementor-widget elementor-widget-divider\" data-id=\"6d473460\" data-element_type=\"widget\" data-e-type=\"widget\" data-widget_type=\"divider.default\">\n\t\t\t\t<div class=\"elementor-widget-container\">\n\t\t\t\t\t\t\t<div class=\"elementor-divider\">\n\t\t\t<span class=\"elementor-divider-separator\">\n\t\t\t\t\t\t<\/span>\n\t\t<\/div>\n\t\t\t\t\t\t<\/div>\n\t\t\t\t<\/div>\n\t\t\t\t<div class=\"elementor-element elementor-element-2bacddc9 elementor-widget elementor-widget-text-editor\" data-id=\"2bacddc9\" data-element_type=\"widget\" data-e-type=\"widget\" data-widget_type=\"text-editor.default\">\n\t\t\t\t<div class=\"elementor-widget-container\">\n\t\t\t\t\t\t\t\t\t<p>Dr. Jens Tartsch<\/p>\t\t\t\t\t\t\t\t<\/div>\n\t\t\t\t<\/div>\n\t\t\t\t<\/div>\n\t\t\t\t\t<\/div>\n\t\t\t\t<\/div>\n\t\t\t\t<\/div>","protected":false},"excerpt":{"rendered":"<p>3D R\u00f6ntgen Digitales Volumentomogramm Unsere digitale Volumentomographie (DVT) ist neues Verfahren zur 3-dimensionalen Darstellung kn\u00f6cherner Strukturen. Besonders wichtig gerade in unserer Praxis: unser DVT kommt mit deutlich weniger Strahlenbelastung aus wie eine Computertomographie (CT).Selbstverst\u00e4ndlich werden auch die bisherigen zweidimensional digital und damit ebenfalls mit deutlich geringerer Strahlendosis angefertigt. Die Indikation f\u00fcr\u00a0 ein DVT wird auf [&hellip;]<\/p>\n","protected":false},"author":1,"featured_media":0,"parent":0,"menu_order":0,"comment_status":"closed","ping_status":"closed","template":"","meta":{"footnotes":""},"class_list":["post-165","page","type-page","status-publish","hentry"],"_links":{"self":[{"href":"https:\/\/www.zahnarzt-kilchberg.ch\/de_ch\/wp-json\/wp\/v2\/pages\/165","targetHints":{"allow":["GET"]}}],"collection":[{"href":"https:\/\/www.zahnarzt-kilchberg.ch\/de_ch\/wp-json\/wp\/v2\/pages"}],"about":[{"href":"https:\/\/www.zahnarzt-kilchberg.ch\/de_ch\/wp-json\/wp\/v2\/types\/page"}],"author":[{"embeddable":true,"href":"https:\/\/www.zahnarzt-kilchberg.ch\/de_ch\/wp-json\/wp\/v2\/users\/1"}],"replies":[{"embeddable":true,"href":"https:\/\/www.zahnarzt-kilchberg.ch\/de_ch\/wp-json\/wp\/v2\/comments?post=165"}],"version-history":[{"count":22,"href":"https:\/\/www.zahnarzt-kilchberg.ch\/de_ch\/wp-json\/wp\/v2\/pages\/165\/revisions"}],"predecessor-version":[{"id":5137,"href":"https:\/\/www.zahnarzt-kilchberg.ch\/de_ch\/wp-json\/wp\/v2\/pages\/165\/revisions\/5137"}],"wp:attachment":[{"href":"https:\/\/www.zahnarzt-kilchberg.ch\/de_ch\/wp-json\/wp\/v2\/media?parent=165"}],"curies":[{"name":"wp","href":"https:\/\/api.w.org\/{rel}","templated":true}]}}