{"id":1086,"date":"2024-11-04T09:11:53","date_gmt":"2024-11-04T08:11:53","guid":{"rendered":"https:\/\/demo.zahnarzt-kilchberg.ch\/?page_id=1086"},"modified":"2026-02-09T23:30:14","modified_gmt":"2026-02-09T22:30:14","slug":"diagnostik","status":"publish","type":"page","link":"https:\/\/www.zahnarzt-kilchberg.ch\/de_ch\/diagnostik\/","title":{"rendered":"Diagnostik"},"content":{"rendered":"<div data-elementor-type=\"wp-page\" data-elementor-id=\"1086\" class=\"elementor elementor-1086\" data-elementor-post-type=\"page\">\n\t\t\t\t<div class=\"elementor-element elementor-element-2d90b4e e-con-full e-flex e-con e-parent\" data-id=\"2d90b4e\" data-element_type=\"container\" data-e-type=\"container\" data-settings=\"{&quot;background_background&quot;:&quot;classic&quot;}\">\n\t\t<div class=\"elementor-element elementor-element-dd9cc85 e-flex e-con-boxed e-con e-child\" data-id=\"dd9cc85\" data-element_type=\"container\" data-e-type=\"container\" data-settings=\"{&quot;background_background&quot;:&quot;classic&quot;}\">\n\t\t\t\t\t<div class=\"e-con-inner\">\n\t\t\t\t<div class=\"elementor-element elementor-element-3c90bc2 elementor-widget elementor-widget-heading\" data-id=\"3c90bc2\" data-element_type=\"widget\" data-e-type=\"widget\" data-widget_type=\"heading.default\">\n\t\t\t\t<div class=\"elementor-widget-container\">\n\t\t\t\t\t<h1 class=\"elementor-heading-title elementor-size-default\">Diagnostik<\/h1>\t\t\t\t<\/div>\n\t\t\t\t<\/div>\n\t\t\t\t\t<\/div>\n\t\t\t\t<\/div>\n\t\t\t\t<\/div>\n\t\t<div class=\"elementor-element elementor-element-462935c e-flex e-con-boxed e-con e-parent\" data-id=\"462935c\" data-element_type=\"container\" data-e-type=\"container\">\n\t\t\t\t\t<div class=\"e-con-inner\">\n\t\t<div class=\"elementor-element elementor-element-2ddb9b3 e-con-full e-flex e-con e-child\" data-id=\"2ddb9b3\" data-element_type=\"container\" data-e-type=\"container\">\n\t\t\t\t<div class=\"elementor-element elementor-element-1e05d58 elementor-widget elementor-widget-image\" data-id=\"1e05d58\" data-element_type=\"widget\" data-e-type=\"widget\" data-widget_type=\"image.default\">\n\t\t\t\t<div class=\"elementor-widget-container\">\n\t\t\t\t\t\t\t\t\t\t\t\t\t\t\t<img fetchpriority=\"high\" decoding=\"async\" width=\"768\" height=\"512\" src=\"https:\/\/www.zahnarzt-kilchberg.ch\/wp-content\/uploads\/2025\/02\/71-2409_Zahnarzt_Kilchberg_31-768x512.webp\" class=\"attachment-medium_large size-medium_large wp-image-4059\" alt=\"\" srcset=\"https:\/\/www.zahnarzt-kilchberg.ch\/wp-content\/uploads\/2025\/02\/71-2409_Zahnarzt_Kilchberg_31-768x512.webp 768w, https:\/\/www.zahnarzt-kilchberg.ch\/wp-content\/uploads\/2025\/02\/71-2409_Zahnarzt_Kilchberg_31-300x200.webp 300w, https:\/\/www.zahnarzt-kilchberg.ch\/wp-content\/uploads\/2025\/02\/71-2409_Zahnarzt_Kilchberg_31-1024x683.webp 1024w, https:\/\/www.zahnarzt-kilchberg.ch\/wp-content\/uploads\/2025\/02\/71-2409_Zahnarzt_Kilchberg_31-1536x1024.webp 1536w, https:\/\/www.zahnarzt-kilchberg.ch\/wp-content\/uploads\/2025\/02\/71-2409_Zahnarzt_Kilchberg_31-18x12.webp 18w, https:\/\/www.zahnarzt-kilchberg.ch\/wp-content\/uploads\/2025\/02\/71-2409_Zahnarzt_Kilchberg_31.webp 1920w\" sizes=\"(max-width: 768px) 100vw, 768px\" \/>\t\t\t\t\t\t\t\t\t\t\t\t\t\t\t<\/div>\n\t\t\t\t<\/div>\n\t\t\t\t<\/div>\n\t\t<div class=\"elementor-element elementor-element-1818335 e-con-full e-flex e-con e-child\" data-id=\"1818335\" data-element_type=\"container\" data-e-type=\"container\">\n\t\t\t\t<div class=\"elementor-element elementor-element-3938b2a elementor-widget elementor-widget-heading\" data-id=\"3938b2a\" data-element_type=\"widget\" data-e-type=\"widget\" data-widget_type=\"heading.default\">\n\t\t\t\t<div class=\"elementor-widget-container\">\n\t\t\t\t\t<h2 class=\"elementor-heading-title elementor-size-default\">Diagnostik in der UmweltZahnMedizin<\/h2>\t\t\t\t<\/div>\n\t\t\t\t<\/div>\n\t\t\t\t<div class=\"elementor-element elementor-element-c947c09 elementor-widget-divider--view-line elementor-widget elementor-widget-divider\" data-id=\"c947c09\" data-element_type=\"widget\" data-e-type=\"widget\" data-widget_type=\"divider.default\">\n\t\t\t\t<div class=\"elementor-widget-container\">\n\t\t\t\t\t\t\t<div class=\"elementor-divider\">\n\t\t\t<span class=\"elementor-divider-separator\">\n\t\t\t\t\t\t<\/span>\n\t\t<\/div>\n\t\t\t\t\t\t<\/div>\n\t\t\t\t<\/div>\n\t\t\t\t<div class=\"elementor-element elementor-element-c1a73a6 elementor-widget elementor-widget-text-editor\" data-id=\"c1a73a6\" data-element_type=\"widget\" data-e-type=\"widget\" data-widget_type=\"text-editor.default\">\n\t\t\t\t<div class=\"elementor-widget-container\">\n\t\t\t\t\t\t\t\t\t<p>Der wichtigste Teil der Diagnostik ist das ausf\u00fchrliche Gespr\u00e4ch (Anamnese) mit Ihnen als unserem Patienten, f\u00fcr welches wir uns in der Regel mindestens 1 Stunde mit Ihnen nehmen.<\/p>\n<p>Hieraus leiten sich dann individuell sinnvolle weitere Untersuchungen ab. Nach einer Blutentnahme und einer resultierenden genauen Labordiagnostik lassen sich schon oft weitere Zusammenh\u00e4nge erkennen. In den meisten F\u00e4llen m\u00fcssen jedoch die einzelnen Puzzelteile mit viel umweltzahnmedizinischem KnowHow in Zusammenarbeit mit einem spezialisiertem Allgemeinarzt zusammengef\u00fcgt werden.<\/p>\n<p><strong>Die Blutentnahme findet nicht in unserer Praxis statt, sondern wir weisen sie hierf\u00fcr unseren medizinischen Partnern oder ihrem Hausarzt zu<\/strong><\/p>\t\t\t\t\t\t\t\t<\/div>\n\t\t\t\t<\/div>\n\t\t\t\t<\/div>\n\t\t\t\t\t<\/div>\n\t\t\t\t<\/div>\n\t\t<div class=\"elementor-element elementor-element-6d8038ef e-flex e-con-boxed e-con e-parent\" data-id=\"6d8038ef\" data-element_type=\"container\" data-e-type=\"container\">\n\t\t\t\t\t<div class=\"e-con-inner\">\n\t\t<div class=\"elementor-element elementor-element-60723430 e-con-full e-flex e-con e-child\" data-id=\"60723430\" data-element_type=\"container\" data-e-type=\"container\">\n\t\t\t\t<div class=\"elementor-element elementor-element-1b0e83ae elementor-view-default elementor-widget elementor-widget-icon\" data-id=\"1b0e83ae\" data-element_type=\"widget\" data-e-type=\"widget\" data-widget_type=\"icon.default\">\n\t\t\t\t<div class=\"elementor-widget-container\">\n\t\t\t\t\t\t\t<div class=\"elementor-icon-wrapper\">\n\t\t\t<div class=\"elementor-icon\">\n\t\t\t<svg aria-hidden=\"true\" class=\"e-font-icon-svg e-fas-quote-left\" viewbox=\"0 0 512 512\" xmlns=\"http:\/\/www.w3.org\/2000\/svg\"><path d=\"M464 256h-80v-64c0-35.3 28.7-64 64-64h8c13.3 0 24-10.7 24-24V56c0-13.3-10.7-24-24-24h-8c-88.4 0-160 71.6-160 160v240c0 26.5 21.5 48 48 48h128c26.5 0 48-21.5 48-48V304c0-26.5-21.5-48-48-48zm-288 0H96v-64c0-35.3 28.7-64 64-64h8c13.3 0 24-10.7 24-24V56c0-13.3-10.7-24-24-24h-8C71.6 32 0 103.6 0 192v240c0 26.5 21.5 48 48 48h128c26.5 0 48-21.5 48-48V304c0-26.5-21.5-48-48-48z\"><\/path><\/svg>\t\t\t<\/div>\n\t\t<\/div>\n\t\t\t\t\t\t<\/div>\n\t\t\t\t<\/div>\n\t\t\t\t<div class=\"elementor-element elementor-element-485bb297 elementor-widget elementor-widget-text-editor\" data-id=\"485bb297\" data-element_type=\"widget\" data-e-type=\"widget\" data-widget_type=\"text-editor.default\">\n\t\t\t\t<div class=\"elementor-widget-container\">\n\t\t\t\t\t\t\t\t\t<p>Die immunologische Labordiagnostik ist die Basis f\u00fcr ihre weitere Behandlung. Wir besprechen gemeinsam die Ergebnisse und entscheiden mit Ihnen \u00fcber das weitere Vorgehen.\u00a0<\/p>\t\t\t\t\t\t\t\t<\/div>\n\t\t\t\t<\/div>\n\t\t\t\t<div class=\"elementor-element elementor-element-2fd9a041 elementor-widget-divider--view-line elementor-widget elementor-widget-divider\" data-id=\"2fd9a041\" data-element_type=\"widget\" data-e-type=\"widget\" data-widget_type=\"divider.default\">\n\t\t\t\t<div class=\"elementor-widget-container\">\n\t\t\t\t\t\t\t<div class=\"elementor-divider\">\n\t\t\t<span class=\"elementor-divider-separator\">\n\t\t\t\t\t\t<\/span>\n\t\t<\/div>\n\t\t\t\t\t\t<\/div>\n\t\t\t\t<\/div>\n\t\t\t\t<div class=\"elementor-element elementor-element-2f22f304 elementor-widget elementor-widget-text-editor\" data-id=\"2f22f304\" data-element_type=\"widget\" data-e-type=\"widget\" data-widget_type=\"text-editor.default\">\n\t\t\t\t<div class=\"elementor-widget-container\">\n\t\t\t\t\t\t\t\t\t<p>Dr. Jens Tartsch<\/p>\t\t\t\t\t\t\t\t<\/div>\n\t\t\t\t<\/div>\n\t\t\t\t<\/div>\n\t\t\t\t\t<\/div>\n\t\t\t\t<\/div>\n\t\t\t\t<\/div>","protected":false},"excerpt":{"rendered":"<p>Diagnostik Diagnostik in der UmweltZahnMedizin Der wichtigste Teil der Diagnostik ist das ausf\u00fchrliche Gespr\u00e4ch (Anamnese) mit Ihnen als unserem Patienten, f\u00fcr welches wir uns in der Regel mindestens 1 Stunde mit Ihnen nehmen. Hieraus leiten sich dann individuell sinnvolle weitere Untersuchungen ab. Nach einer Blutentnahme und einer resultierenden genauen Labordiagnostik lassen sich schon oft weitere [&hellip;]<\/p>\n","protected":false},"author":1,"featured_media":0,"parent":0,"menu_order":0,"comment_status":"closed","ping_status":"closed","template":"","meta":{"footnotes":""},"class_list":["post-1086","page","type-page","status-publish","hentry"],"_links":{"self":[{"href":"https:\/\/www.zahnarzt-kilchberg.ch\/de_ch\/wp-json\/wp\/v2\/pages\/1086","targetHints":{"allow":["GET"]}}],"collection":[{"href":"https:\/\/www.zahnarzt-kilchberg.ch\/de_ch\/wp-json\/wp\/v2\/pages"}],"about":[{"href":"https:\/\/www.zahnarzt-kilchberg.ch\/de_ch\/wp-json\/wp\/v2\/types\/page"}],"author":[{"embeddable":true,"href":"https:\/\/www.zahnarzt-kilchberg.ch\/de_ch\/wp-json\/wp\/v2\/users\/1"}],"replies":[{"embeddable":true,"href":"https:\/\/www.zahnarzt-kilchberg.ch\/de_ch\/wp-json\/wp\/v2\/comments?post=1086"}],"version-history":[{"count":19,"href":"https:\/\/www.zahnarzt-kilchberg.ch\/de_ch\/wp-json\/wp\/v2\/pages\/1086\/revisions"}],"predecessor-version":[{"id":5279,"href":"https:\/\/www.zahnarzt-kilchberg.ch\/de_ch\/wp-json\/wp\/v2\/pages\/1086\/revisions\/5279"}],"wp:attachment":[{"href":"https:\/\/www.zahnarzt-kilchberg.ch\/de_ch\/wp-json\/wp\/v2\/media?parent=1086"}],"curies":[{"name":"wp","href":"https:\/\/api.w.org\/{rel}","templated":true}]}}