{"id":1082,"date":"2024-11-04T09:11:26","date_gmt":"2024-11-04T08:11:26","guid":{"rendered":"https:\/\/demo.zahnarzt-kilchberg.ch\/?page_id=1082"},"modified":"2025-05-22T14:47:29","modified_gmt":"2025-05-22T12:47:29","slug":"unser-immunsystem","status":"publish","type":"page","link":"https:\/\/www.zahnarzt-kilchberg.ch\/de_ch\/unser-immunsystem\/","title":{"rendered":"Unser Immunsystem"},"content":{"rendered":"<div data-elementor-type=\"wp-page\" data-elementor-id=\"1082\" class=\"elementor elementor-1082\" data-elementor-post-type=\"page\">\n\t\t\t\t<div class=\"elementor-element elementor-element-3031c00 e-con-full e-flex e-con e-parent\" data-id=\"3031c00\" data-element_type=\"container\" data-e-type=\"container\" data-settings=\"{&quot;background_background&quot;:&quot;classic&quot;}\">\n\t\t<div class=\"elementor-element elementor-element-7db28c3 e-flex e-con-boxed e-con e-child\" data-id=\"7db28c3\" data-element_type=\"container\" data-e-type=\"container\" data-settings=\"{&quot;background_background&quot;:&quot;classic&quot;}\">\n\t\t\t\t\t<div class=\"e-con-inner\">\n\t\t\t\t<div class=\"elementor-element elementor-element-8b653bd elementor-widget elementor-widget-heading\" data-id=\"8b653bd\" data-element_type=\"widget\" data-e-type=\"widget\" data-widget_type=\"heading.default\">\n\t\t\t\t<div class=\"elementor-widget-container\">\n\t\t\t\t\t<h1 class=\"elementor-heading-title elementor-size-default\">Unser Immunsystem<\/h1>\t\t\t\t<\/div>\n\t\t\t\t<\/div>\n\t\t\t\t\t<\/div>\n\t\t\t\t<\/div>\n\t\t\t\t<\/div>\n\t\t<div class=\"elementor-element elementor-element-31c78bd e-flex e-con-boxed e-con e-parent\" data-id=\"31c78bd\" data-element_type=\"container\" data-e-type=\"container\">\n\t\t\t\t\t<div class=\"e-con-inner\">\n\t\t<div class=\"elementor-element elementor-element-8b6ea71 e-con-full e-flex e-con e-child\" data-id=\"8b6ea71\" data-element_type=\"container\" data-e-type=\"container\">\n\t\t\t\t<div class=\"elementor-element elementor-element-6dd8abc elementor-widget elementor-widget-image\" data-id=\"6dd8abc\" data-element_type=\"widget\" data-e-type=\"widget\" data-widget_type=\"image.default\">\n\t\t\t\t<div class=\"elementor-widget-container\">\n\t\t\t\t\t\t\t\t\t\t\t\t\t\t\t<img fetchpriority=\"high\" decoding=\"async\" width=\"250\" height=\"245\" src=\"https:\/\/www.zahnarzt-kilchberg.ch\/wp-content\/uploads\/2024\/12\/csm_Immunsystem_06568a7635.jpg\" class=\"attachment-medium_large size-medium_large wp-image-2377\" alt=\"\" srcset=\"https:\/\/www.zahnarzt-kilchberg.ch\/wp-content\/uploads\/2024\/12\/csm_Immunsystem_06568a7635.jpg 250w, https:\/\/www.zahnarzt-kilchberg.ch\/wp-content\/uploads\/2024\/12\/csm_Immunsystem_06568a7635-12x12.jpg 12w\" sizes=\"(max-width: 250px) 100vw, 250px\" \/>\t\t\t\t\t\t\t\t\t\t\t\t\t\t\t<\/div>\n\t\t\t\t<\/div>\n\t\t\t\t<\/div>\n\t\t<div class=\"elementor-element elementor-element-86f6a3c e-con-full e-flex e-con e-child\" data-id=\"86f6a3c\" data-element_type=\"container\" data-e-type=\"container\">\n\t\t\t\t<div class=\"elementor-element elementor-element-39d84c3 elementor-widget elementor-widget-heading\" data-id=\"39d84c3\" data-element_type=\"widget\" data-e-type=\"widget\" data-widget_type=\"heading.default\">\n\t\t\t\t<div class=\"elementor-widget-container\">\n\t\t\t\t\t<h2 class=\"elementor-heading-title elementor-size-default\">Unser Immunsystem<\/h2>\t\t\t\t<\/div>\n\t\t\t\t<\/div>\n\t\t\t\t<div class=\"elementor-element elementor-element-ac29eeb elementor-widget-divider--view-line elementor-widget elementor-widget-divider\" data-id=\"ac29eeb\" data-element_type=\"widget\" data-e-type=\"widget\" data-widget_type=\"divider.default\">\n\t\t\t\t<div class=\"elementor-widget-container\">\n\t\t\t\t\t\t\t<div class=\"elementor-divider\">\n\t\t\t<span class=\"elementor-divider-separator\">\n\t\t\t\t\t\t<\/span>\n\t\t<\/div>\n\t\t\t\t\t\t<\/div>\n\t\t\t\t<\/div>\n\t\t\t\t<div class=\"elementor-element elementor-element-53dba6b elementor-widget elementor-widget-text-editor\" data-id=\"53dba6b\" data-element_type=\"widget\" data-e-type=\"widget\" data-widget_type=\"text-editor.default\">\n\t\t\t\t<div class=\"elementor-widget-container\">\n\t\t\t\t\t\t\t\t\t<p>Unser Immunsystem ist f\u00fcr die Erhaltung unserer Gesundheit zust\u00e4ndig. Eine gesunde Ern\u00e4hrung st\u00e4rkt es und beg\u00fcnstigt die Gesundheit des ganzen K\u00f6rpers zur Abwehr von Krankheitserregern wie Viren, Bakterien oder anderen Schadstoffen.<\/p><p>Es wird in zwei Hauptkomponenten unterteilt: Das <strong>unspezifische <\/strong>und das <strong>spezifische <\/strong>Immunsystem. Das unspezifische Immunsystem richtet sich mit seinen Fresszellen (Makrophagen) gegen alles was nicht in der K\u00f6rper geh\u00f6rt. Viele <strong>Unvertr\u00e4glichkeiten<\/strong> geh\u00f6ren hier dazu.<\/p><p>Das spezifische Immunsystem muss den Gegner erst \u201ckennenlernen\u201d und richtet sich dann mit seinen Lymphozyten im Sinne einer <strong>Sensibilisierung oder Allergie <\/strong>spezifisch nur gegen ihn.<\/p>\t\t\t\t\t\t\t\t<\/div>\n\t\t\t\t<\/div>\n\t\t\t\t<\/div>\n\t\t\t\t\t<\/div>\n\t\t\t\t<\/div>\n\t\t<div class=\"elementor-element elementor-element-18827881 e-flex e-con-boxed e-con e-parent\" data-id=\"18827881\" data-element_type=\"container\" data-e-type=\"container\">\n\t\t\t\t\t<div class=\"e-con-inner\">\n\t\t<div class=\"elementor-element elementor-element-57abfcff e-con-full e-flex e-con e-child\" data-id=\"57abfcff\" data-element_type=\"container\" data-e-type=\"container\">\n\t\t\t\t<div class=\"elementor-element elementor-element-69eba73 elementor-widget elementor-widget-heading\" data-id=\"69eba73\" data-element_type=\"widget\" data-e-type=\"widget\" data-widget_type=\"heading.default\">\n\t\t\t\t<div class=\"elementor-widget-container\">\n\t\t\t\t\t<h2 class=\"elementor-heading-title elementor-size-default\">Mechanissmen einer chronischen Entz\u00fcndung<\/h2>\t\t\t\t<\/div>\n\t\t\t\t<\/div>\n\t\t\t\t<div class=\"elementor-element elementor-element-02f906c elementor-widget-divider--view-line elementor-widget elementor-widget-divider\" data-id=\"02f906c\" data-element_type=\"widget\" data-e-type=\"widget\" data-widget_type=\"divider.default\">\n\t\t\t\t<div class=\"elementor-widget-container\">\n\t\t\t\t\t\t\t<div class=\"elementor-divider\">\n\t\t\t<span class=\"elementor-divider-separator\">\n\t\t\t\t\t\t<\/span>\n\t\t<\/div>\n\t\t\t\t\t\t<\/div>\n\t\t\t\t<\/div>\n\t\t\t\t<div class=\"elementor-element elementor-element-712b3309 elementor-widget elementor-widget-text-editor\" data-id=\"712b3309\" data-element_type=\"widget\" data-e-type=\"widget\" data-widget_type=\"text-editor.default\">\n\t\t\t\t<div class=\"elementor-widget-container\">\n\t\t\t\t\t\t\t\t\t<p>Fast jede Erkrankung und Entz\u00fcndung l\u00e4uft \u00fcber das Immunsystem nach den selben Mechanismen ab. Von den Zellen des Immunsystemes werden bestimmte Botenstoffe \u2013 sogenannte <strong>Zytokine\u00a0 <\/strong>oder\u00a0 <strong>Entz\u00fcndungsmediatoren<\/strong>\u00a0\u2013\u00a0 freigesetzt, welche w\u00e4hrend der \u201cVerteidigungsphase\u201d des K\u00f6rpers die unterschiedlichsten Aufgaben erf\u00fcllen.<\/p><p>Hierzu geh\u00f6ren beispielsweise die Verteidigung gegen einen Angriff von aussen (Infektion) oder von innen (Polizei bei Tumorgeschehen). Bei einer akuten, kurzfristigen Entz\u00fcndung (bspw. Erk\u00e4ltung) ist dies durchaus sinnvoll. Bei einer chronischen Entz\u00fcndung laufen die selben Mechanissmen jedoch unterschwellig teilweise \u00fcber Jahre ab und f\u00fchren zu langfristigen Belastungen.<\/p><p><strong>Die langfristige, unterschwellige Wirkung dieser Entz\u00fcndungs-Zytokine erkl\u00e4rt die individuellen und ganz unterschiedlichen Symptome.<\/strong><\/p><p>\u00a0<\/p>\t\t\t\t\t\t\t\t<\/div>\n\t\t\t\t<\/div>\n\t\t\t\t<\/div>\n\t\t<div class=\"elementor-element elementor-element-20741bf9 e-con-full e-flex e-con e-child\" data-id=\"20741bf9\" data-element_type=\"container\" data-e-type=\"container\">\n\t\t\t\t<div class=\"elementor-element elementor-element-40e32530 elementor-widget elementor-widget-image\" data-id=\"40e32530\" data-element_type=\"widget\" data-e-type=\"widget\" data-widget_type=\"image.default\">\n\t\t\t\t<div class=\"elementor-widget-container\">\n\t\t\t\t\t\t\t\t\t\t\t\t\t\t\t<img decoding=\"async\" width=\"768\" height=\"489\" src=\"https:\/\/www.zahnarzt-kilchberg.ch\/wp-content\/uploads\/2016\/12\/csm_Wirkung_TNF_a_3cb0056182-768x489.jpg\" class=\"attachment-medium_large size-medium_large wp-image-2074\" alt=\"\" srcset=\"https:\/\/www.zahnarzt-kilchberg.ch\/wp-content\/uploads\/2016\/12\/csm_Wirkung_TNF_a_3cb0056182-768x489.jpg 768w, https:\/\/www.zahnarzt-kilchberg.ch\/wp-content\/uploads\/2016\/12\/csm_Wirkung_TNF_a_3cb0056182-300x191.jpg 300w, https:\/\/www.zahnarzt-kilchberg.ch\/wp-content\/uploads\/2016\/12\/csm_Wirkung_TNF_a_3cb0056182-18x12.jpg 18w, https:\/\/www.zahnarzt-kilchberg.ch\/wp-content\/uploads\/2016\/12\/csm_Wirkung_TNF_a_3cb0056182.jpg 942w\" sizes=\"(max-width: 768px) 100vw, 768px\" \/>\t\t\t\t\t\t\t\t\t\t\t\t\t\t\t<\/div>\n\t\t\t\t<\/div>\n\t\t\t\t<\/div>\n\t\t\t\t\t<\/div>\n\t\t\t\t<\/div>\n\t\t<div class=\"elementor-element elementor-element-5d44ffe5 e-flex e-con-boxed e-con e-parent\" data-id=\"5d44ffe5\" data-element_type=\"container\" data-e-type=\"container\">\n\t\t\t\t\t<div class=\"e-con-inner\">\n\t\t<div class=\"elementor-element elementor-element-35d6a95e e-con-full e-flex e-con e-child\" data-id=\"35d6a95e\" data-element_type=\"container\" data-e-type=\"container\">\n\t\t\t\t<div class=\"elementor-element elementor-element-48205da elementor-widget elementor-widget-image\" data-id=\"48205da\" data-element_type=\"widget\" data-e-type=\"widget\" data-widget_type=\"image.default\">\n\t\t\t\t<div class=\"elementor-widget-container\">\n\t\t\t\t\t\t\t\t\t\t\t\t\t\t\t<img decoding=\"async\" width=\"527\" height=\"600\" src=\"https:\/\/www.zahnarzt-kilchberg.ch\/wp-content\/uploads\/2016\/12\/csm_Kreislauf_3a4c7e31aa.jpg\" class=\"attachment-large size-large wp-image-2075\" alt=\"\" srcset=\"https:\/\/www.zahnarzt-kilchberg.ch\/wp-content\/uploads\/2016\/12\/csm_Kreislauf_3a4c7e31aa.jpg 527w, https:\/\/www.zahnarzt-kilchberg.ch\/wp-content\/uploads\/2016\/12\/csm_Kreislauf_3a4c7e31aa-264x300.jpg 264w, https:\/\/www.zahnarzt-kilchberg.ch\/wp-content\/uploads\/2016\/12\/csm_Kreislauf_3a4c7e31aa-11x12.jpg 11w\" sizes=\"(max-width: 527px) 100vw, 527px\" \/>\t\t\t\t\t\t\t\t\t\t\t\t\t\t\t<\/div>\n\t\t\t\t<\/div>\n\t\t\t\t<\/div>\n\t\t<div class=\"elementor-element elementor-element-3c794489 e-con-full e-flex e-con e-child\" data-id=\"3c794489\" data-element_type=\"container\" data-e-type=\"container\">\n\t\t\t\t<div class=\"elementor-element elementor-element-fe276b1 elementor-widget elementor-widget-heading\" data-id=\"fe276b1\" data-element_type=\"widget\" data-e-type=\"widget\" data-widget_type=\"heading.default\">\n\t\t\t\t<div class=\"elementor-widget-container\">\n\t\t\t\t\t<h2 class=\"elementor-heading-title elementor-size-default\">\"Silent inflammation\" - chronische Immunaktivierung<\/h2>\t\t\t\t<\/div>\n\t\t\t\t<\/div>\n\t\t\t\t<div class=\"elementor-element elementor-element-3a16dd1e elementor-widget-divider--view-line elementor-widget elementor-widget-divider\" data-id=\"3a16dd1e\" data-element_type=\"widget\" data-e-type=\"widget\" data-widget_type=\"divider.default\">\n\t\t\t\t<div class=\"elementor-widget-container\">\n\t\t\t\t\t\t\t<div class=\"elementor-divider\">\n\t\t\t<span class=\"elementor-divider-separator\">\n\t\t\t\t\t\t<\/span>\n\t\t<\/div>\n\t\t\t\t\t\t<\/div>\n\t\t\t\t<\/div>\n\t\t\t\t<div class=\"elementor-element elementor-element-2a63ab96 elementor-widget elementor-widget-text-editor\" data-id=\"2a63ab96\" data-element_type=\"widget\" data-e-type=\"widget\" data-widget_type=\"text-editor.default\">\n\t\t\t\t<div class=\"elementor-widget-container\">\n\t\t\t\t\t\t\t\t\t<p>Durch eine chronische (dauernde) Einwirkung verschiedener Ausl\u00f6ser \u00a0\u2013 auch zahn\u00e4rztliche Materialien geh\u00f6ren dazu \u2013 kommt es durch gesteigerte Zytokinfreisetzung zu einer St\u00f6rung der Regulationsfunktion, St\u00f6rungen im S\u00e4ure\/Basen-, Vitamin und Hormon-Haushalt, sowie zu oxidativem und nitrosativem Stress.<\/p><p>Die verminderte Immuntoleranz beg\u00fcnstigt das Entstehen weiterer Sensibilisierungen. Ein Rad beginnt sich \u00a0zu drehen, welches manchmal nur noch schwer zu stoppen ist.<\/p><p><strong>Da dieser Zustand meist schmerzfrei und nur mit allgemeinen, nicht immer eindeutig zu zuordnen Symptomen einhergeht, spricht man von einer &#8222;silent inflammation&#8220;<\/strong><\/p>\t\t\t\t\t\t\t\t<\/div>\n\t\t\t\t<\/div>\n\t\t\t\t<\/div>\n\t\t\t\t\t<\/div>\n\t\t\t\t<\/div>\n\t\t<div class=\"elementor-element elementor-element-613d9a23 e-flex e-con-boxed e-con e-parent\" data-id=\"613d9a23\" data-element_type=\"container\" data-e-type=\"container\">\n\t\t\t\t\t<div class=\"e-con-inner\">\n\t\t<div class=\"elementor-element elementor-element-31b4bdf4 e-con-full e-flex e-con e-child\" data-id=\"31b4bdf4\" data-element_type=\"container\" data-e-type=\"container\">\n\t\t\t\t<div class=\"elementor-element elementor-element-5517255e elementor-view-default elementor-widget elementor-widget-icon\" data-id=\"5517255e\" data-element_type=\"widget\" data-e-type=\"widget\" data-widget_type=\"icon.default\">\n\t\t\t\t<div class=\"elementor-widget-container\">\n\t\t\t\t\t\t\t<div class=\"elementor-icon-wrapper\">\n\t\t\t<div class=\"elementor-icon\">\n\t\t\t<svg aria-hidden=\"true\" class=\"e-font-icon-svg e-fas-quote-left\" viewbox=\"0 0 512 512\" xmlns=\"http:\/\/www.w3.org\/2000\/svg\"><path d=\"M464 256h-80v-64c0-35.3 28.7-64 64-64h8c13.3 0 24-10.7 24-24V56c0-13.3-10.7-24-24-24h-8c-88.4 0-160 71.6-160 160v240c0 26.5 21.5 48 48 48h128c26.5 0 48-21.5 48-48V304c0-26.5-21.5-48-48-48zm-288 0H96v-64c0-35.3 28.7-64 64-64h8c13.3 0 24-10.7 24-24V56c0-13.3-10.7-24-24-24h-8C71.6 32 0 103.6 0 192v240c0 26.5 21.5 48 48 48h128c26.5 0 48-21.5 48-48V304c0-26.5-21.5-48-48-48z\"><\/path><\/svg>\t\t\t<\/div>\n\t\t<\/div>\n\t\t\t\t\t\t<\/div>\n\t\t\t\t<\/div>\n\t\t\t\t<div class=\"elementor-element elementor-element-382eb6a9 elementor-widget elementor-widget-text-editor\" data-id=\"382eb6a9\" data-element_type=\"widget\" data-e-type=\"widget\" data-widget_type=\"text-editor.default\">\n\t\t\t\t<div class=\"elementor-widget-container\">\n\t\t\t\t\t\t\t\t\t<p>Nat\u00fcrlich gelten diese Mechanismen auch f\u00fcr das Geschehen in der Mundh\u00f6hle&#8230;wir haben nur EIN Immunsystem! Diese zu erkennen und richtig einzuordnen ist unsere Aufgabe.<\/p>\t\t\t\t\t\t\t\t<\/div>\n\t\t\t\t<\/div>\n\t\t\t\t<div class=\"elementor-element elementor-element-33729e3f elementor-widget-divider--view-line elementor-widget elementor-widget-divider\" data-id=\"33729e3f\" data-element_type=\"widget\" data-e-type=\"widget\" data-widget_type=\"divider.default\">\n\t\t\t\t<div class=\"elementor-widget-container\">\n\t\t\t\t\t\t\t<div class=\"elementor-divider\">\n\t\t\t<span class=\"elementor-divider-separator\">\n\t\t\t\t\t\t<\/span>\n\t\t<\/div>\n\t\t\t\t\t\t<\/div>\n\t\t\t\t<\/div>\n\t\t\t\t<div class=\"elementor-element elementor-element-49da159d elementor-widget elementor-widget-text-editor\" data-id=\"49da159d\" data-element_type=\"widget\" data-e-type=\"widget\" data-widget_type=\"text-editor.default\">\n\t\t\t\t<div class=\"elementor-widget-container\">\n\t\t\t\t\t\t\t\t\t<p>Dr. Jens Tartsch<\/p>\t\t\t\t\t\t\t\t<\/div>\n\t\t\t\t<\/div>\n\t\t\t\t<\/div>\n\t\t\t\t\t<\/div>\n\t\t\t\t<\/div>\n\t\t\t\t<\/div>","protected":false},"excerpt":{"rendered":"<p>Unser Immunsystem Unser Immunsystem Unser Immunsystem ist f\u00fcr die Erhaltung unserer Gesundheit zust\u00e4ndig. Eine gesunde Ern\u00e4hrung st\u00e4rkt es und beg\u00fcnstigt die Gesundheit des ganzen K\u00f6rpers zur Abwehr von Krankheitserregern wie Viren, Bakterien oder anderen Schadstoffen. Es wird in zwei Hauptkomponenten unterteilt: Das unspezifische und das spezifische Immunsystem. Das unspezifische Immunsystem richtet sich mit seinen Fresszellen [&hellip;]<\/p>\n","protected":false},"author":1,"featured_media":0,"parent":0,"menu_order":0,"comment_status":"closed","ping_status":"closed","template":"","meta":{"footnotes":""},"class_list":["post-1082","page","type-page","status-publish","hentry"],"_links":{"self":[{"href":"https:\/\/www.zahnarzt-kilchberg.ch\/de_ch\/wp-json\/wp\/v2\/pages\/1082","targetHints":{"allow":["GET"]}}],"collection":[{"href":"https:\/\/www.zahnarzt-kilchberg.ch\/de_ch\/wp-json\/wp\/v2\/pages"}],"about":[{"href":"https:\/\/www.zahnarzt-kilchberg.ch\/de_ch\/wp-json\/wp\/v2\/types\/page"}],"author":[{"embeddable":true,"href":"https:\/\/www.zahnarzt-kilchberg.ch\/de_ch\/wp-json\/wp\/v2\/users\/1"}],"replies":[{"embeddable":true,"href":"https:\/\/www.zahnarzt-kilchberg.ch\/de_ch\/wp-json\/wp\/v2\/comments?post=1082"}],"version-history":[{"count":16,"href":"https:\/\/www.zahnarzt-kilchberg.ch\/de_ch\/wp-json\/wp\/v2\/pages\/1082\/revisions"}],"predecessor-version":[{"id":5220,"href":"https:\/\/www.zahnarzt-kilchberg.ch\/de_ch\/wp-json\/wp\/v2\/pages\/1082\/revisions\/5220"}],"wp:attachment":[{"href":"https:\/\/www.zahnarzt-kilchberg.ch\/de_ch\/wp-json\/wp\/v2\/media?parent=1082"}],"curies":[{"name":"wp","href":"https:\/\/api.w.org\/{rel}","templated":true}]}}