{"id":1078,"date":"2024-11-04T09:11:01","date_gmt":"2024-11-04T08:11:01","guid":{"rendered":"https:\/\/demo.zahnarzt-kilchberg.ch\/?page_id=1078"},"modified":"2026-02-09T23:30:52","modified_gmt":"2026-02-09T22:30:52","slug":"umweltzahnmedizin","status":"publish","type":"page","link":"https:\/\/www.zahnarzt-kilchberg.ch\/de_ch\/umweltzahnmedizin\/","title":{"rendered":"UmweltZahnMedizin"},"content":{"rendered":"<div data-elementor-type=\"wp-page\" data-elementor-id=\"1078\" class=\"elementor elementor-1078\" data-elementor-post-type=\"page\">\n\t\t\t\t<div class=\"elementor-element elementor-element-91ee2ef e-con-full e-flex e-con e-parent\" data-id=\"91ee2ef\" data-element_type=\"container\" data-e-type=\"container\" data-settings=\"{&quot;background_background&quot;:&quot;classic&quot;}\">\n\t\t<div class=\"elementor-element elementor-element-33778dd e-flex e-con-boxed e-con e-child\" data-id=\"33778dd\" data-element_type=\"container\" data-e-type=\"container\" data-settings=\"{&quot;background_background&quot;:&quot;classic&quot;}\">\n\t\t\t\t\t<div class=\"e-con-inner\">\n\t\t\t\t<div class=\"elementor-element elementor-element-0a3d71b elementor-widget elementor-widget-heading\" data-id=\"0a3d71b\" data-element_type=\"widget\" data-e-type=\"widget\" data-widget_type=\"heading.default\">\n\t\t\t\t<div class=\"elementor-widget-container\">\n\t\t\t\t\t<h1 class=\"elementor-heading-title elementor-size-default\">Green Dentistry - UmweltZahnMedizin<\/h1>\t\t\t\t<\/div>\n\t\t\t\t<\/div>\n\t\t\t\t\t<\/div>\n\t\t\t\t<\/div>\n\t\t\t\t<\/div>\n\t\t<div class=\"elementor-element elementor-element-d6eb8f7 e-flex e-con-boxed e-con e-parent\" data-id=\"d6eb8f7\" data-element_type=\"container\" data-e-type=\"container\">\n\t\t\t\t\t<div class=\"e-con-inner\">\n\t\t<div class=\"elementor-element elementor-element-b984b6a e-con-full e-flex e-con e-child\" data-id=\"b984b6a\" data-element_type=\"container\" data-e-type=\"container\">\n\t\t\t\t<div class=\"elementor-element elementor-element-f46d9db elementor-widget elementor-widget-video\" data-id=\"f46d9db\" data-element_type=\"widget\" data-e-type=\"widget\" data-settings=\"{&quot;video_type&quot;:&quot;vimeo&quot;}\" data-widget_type=\"video.default\">\n\t\t\t\t<div class=\"elementor-widget-container\">\n\t\t\t\t\t\t\t<div class=\"elementor-wrapper elementor-open-inline\">\n\t\t\t<iframe class=\"elementor-video-iframe\" allowfullscreen allow=\"clipboard-write\" title=\"Lecteur vid\u00e9o vimeo\" src=\"https:\/\/player.vimeo.com\/video\/1061282318?color&amp;autopause=0&amp;loop=0&amp;muted=0&amp;title=1&amp;portrait=1&amp;byline=1#t=\" data-no-translation-title=\"\"><\/iframe>\t\t<\/div>\n\t\t\t\t\t\t<\/div>\n\t\t\t\t<\/div>\n\t\t\t\t<div class=\"elementor-element elementor-element-e2502be elementor-widget elementor-widget-text-editor\" data-id=\"e2502be\" data-element_type=\"widget\" data-e-type=\"widget\" data-widget_type=\"text-editor.default\">\n\t\t\t\t<div class=\"elementor-widget-container\">\n\t\t\t\t\t\t\t\t\t<p style=\"text-align: center;\"><strong>Was ist UmweltZahnMedizin?<\/strong><br \/>Interview Dr. Tartsch<\/p>\t\t\t\t\t\t\t\t<\/div>\n\t\t\t\t<\/div>\n\t\t\t\t<\/div>\n\t\t<div class=\"elementor-element elementor-element-b7a6f70 e-con-full e-flex e-con e-child\" data-id=\"b7a6f70\" data-element_type=\"container\" data-e-type=\"container\">\n\t\t\t\t<div class=\"elementor-element elementor-element-2010009 elementor-widget elementor-widget-heading\" data-id=\"2010009\" data-element_type=\"widget\" data-e-type=\"widget\" data-widget_type=\"heading.default\">\n\t\t\t\t<div class=\"elementor-widget-container\">\n\t\t\t\t\t<h2 class=\"elementor-heading-title elementor-size-default\">Was ist UmweltZahnMedizin?<\/h2>\t\t\t\t<\/div>\n\t\t\t\t<\/div>\n\t\t\t\t<div class=\"elementor-element elementor-element-b18f7b6 elementor-widget-divider--view-line elementor-widget elementor-widget-divider\" data-id=\"b18f7b6\" data-element_type=\"widget\" data-e-type=\"widget\" data-widget_type=\"divider.default\">\n\t\t\t\t<div class=\"elementor-widget-container\">\n\t\t\t\t\t\t\t<div class=\"elementor-divider\">\n\t\t\t<span class=\"elementor-divider-separator\">\n\t\t\t\t\t\t<\/span>\n\t\t<\/div>\n\t\t\t\t\t\t<\/div>\n\t\t\t\t<\/div>\n\t\t\t\t<div class=\"elementor-element elementor-element-46c8856 elementor-widget elementor-widget-text-editor\" data-id=\"46c8856\" data-element_type=\"widget\" data-e-type=\"widget\" data-widget_type=\"text-editor.default\">\n\t\t\t\t<div class=\"elementor-widget-container\">\n\t\t\t\t\t\t\t\t\t<p>Zugegeben&#8230; &#8222;UmweltZahnMedizin&#8220; ist ein abstrakter Begriff. Eher bekannt ist die &#8222;Umweltmedizin&#8220;. \u00c4ussere Einfl\u00fcsse aus der Umwelt wie Schadstoffe, Metalle oder Verunreinigungen wirken sich \u00fcber das Immunsystem auf unsere Gesundheit aus. Jedoch haben auch alle Einfl\u00fcsse von &#8222;Innen&#8220;, also aus der Mundh\u00f6hle und den Z\u00e4hnen, den selben Effekt auf unser Immunsystem. Insofern ist es nur folgerichtig, dass unsere Z\u00e4hne auch etwas mit unserer allgemeinen Gesundheit zu tun haben. Daher wurde dieser neue Fachbereich &#8222;UmweltZahnMedizin&#8220; genannt.<\/p><p>Im Focus der Umwelt-Zahnmediziner steht die umfassend ausgerichtete zahn\u00e4rztliche Behandlung <strong><i>chronisch kranker<\/i><\/strong> Patienten, sowie die Anwendung individueller und pr\u00e4ventiver Behandlungskonzepte f\u00fcr G<strong><i>esunde. <br \/><\/i><\/strong>Ziel ist es, m\u00f6gliche \u201cBrennpunkte\u201d in der Mundh\u00f6hle zu erkennen und damit auch chronisch entz\u00fcndliche Krankheiten auch fernab der Mundh\u00f6hle zu verhindern oder zu lindern.Die intensive, interdiszlipin\u00e4re\u00a0 Zusammenarbeit und der Austausch mit Umweltmedizinern und den jeweils behandelnden Allgemein\u00e4rzten ist von grosser Bedeutung.<\/p>\t\t\t\t\t\t\t\t<\/div>\n\t\t\t\t<\/div>\n\t\t\t\t<\/div>\n\t\t\t\t\t<\/div>\n\t\t\t\t<\/div>\n\t\t<div class=\"elementor-element elementor-element-6cc5d90 e-flex e-con-boxed e-con e-parent\" data-id=\"6cc5d90\" data-element_type=\"container\" data-e-type=\"container\">\n\t\t\t\t\t<div class=\"e-con-inner\">\n\t\t<div class=\"elementor-element elementor-element-db6122a e-con-full e-flex e-con e-child\" data-id=\"db6122a\" data-element_type=\"container\" data-e-type=\"container\">\n\t\t\t\t<div class=\"elementor-element elementor-element-4048eb2 elementor-widget elementor-widget-text-editor\" data-id=\"4048eb2\" data-element_type=\"widget\" data-e-type=\"widget\" data-widget_type=\"text-editor.default\">\n\t\t\t\t<div class=\"elementor-widget-container\">\n\t\t\t\t\t\t\t\t\t<p>Wir Zahn\u00e4rzte k\u00f6nnen es oft nicht vermeiden, Fremdmaterialien als F\u00fcllungen oder Zahnersatz in den K\u00f6rper unserer Patienten dauerhaft einzubringen. Im Regelfall wird dies vom K\u00f6rper auch gut toleriert und die zahn\u00e4rztlichen Materialien durchlaufen genaueste Zulassungs- und Pr\u00fcfverfahren.<\/p><p>Jedoch kann jedes Material aber in der individuellen Situation eines Patienten einen Trigger (Ausl\u00f6ser) f\u00fcr chronische Entz\u00fcndungen, Unvertr\u00e4glichkeiten oder Allergien darstellen, da es vielf\u00e4ltige Wechselwirkungen mit dem Organismus eingeht.<\/p><p>Andererseits leiden auch schon immer mehr Patienten an chronisch entz\u00fcndlichen Erkrankungen. Bei ihnen muss gezielt nach Materialunvertr\u00e4glichkeiten, Entz\u00fcndungen oder St\u00f6rfaktoren gesucht werden. Zus\u00e4tzliche entz\u00fcndliche Reize m\u00fcssen vermeiden werden, um bereits bestehende Krankheitsprozesse nicht zus\u00e4tzlich zu belasten oder gar zu beschleunigen.<\/p>\t\t\t\t\t\t\t\t<\/div>\n\t\t\t\t<\/div>\n\t\t\t\t<\/div>\n\t\t<div class=\"elementor-element elementor-element-029b386 e-con-full e-flex e-con e-child\" data-id=\"029b386\" data-element_type=\"container\" data-e-type=\"container\">\n\t\t\t\t<div class=\"elementor-element elementor-element-23132fb elementor-widget elementor-widget-image\" data-id=\"23132fb\" data-element_type=\"widget\" data-e-type=\"widget\" data-widget_type=\"image.default\">\n\t\t\t\t<div class=\"elementor-widget-container\">\n\t\t\t\t\t\t\t\t\t\t\t\t\t\t\t\t<a href=\"\/wp-content\/uploads\/2025\/01\/OM-Ernaehrung-DrTartsch-Materialunvertraeglichkeiten-.pdf\" target=\"_blank\">\n\t\t\t\t\t\t\t<img fetchpriority=\"high\" decoding=\"async\" width=\"225\" height=\"300\" src=\"https:\/\/www.zahnarzt-kilchberg.ch\/wp-content\/uploads\/2024\/12\/QM-2018.jpg\" class=\"attachment-medium_large size-medium_large wp-image-2420\" alt=\"\" srcset=\"https:\/\/www.zahnarzt-kilchberg.ch\/wp-content\/uploads\/2024\/12\/QM-2018.jpg.webp 225w, https:\/\/www.zahnarzt-kilchberg.ch\/wp-content\/uploads\/2024\/12\/QM-2018-9x12.jpg.webp 9w\" sizes=\"(max-width: 225px) 100vw, 225px\" \/>\t\t\t\t\t\t\t\t<\/a>\n\t\t\t\t\t\t\t\t\t\t\t\t\t\t\t<\/div>\n\t\t\t\t<\/div>\n\t\t\t\t<div class=\"elementor-element elementor-element-2001ceb elementor-widget elementor-widget-text-editor\" data-id=\"2001ceb\" data-element_type=\"widget\" data-e-type=\"widget\" data-widget_type=\"text-editor.default\">\n\t\t\t\t<div class=\"elementor-widget-container\">\n\t\t\t\t\t\t\t\t\t<p style=\"text-align: center;\"><strong>Mechanissmen der UmweltZahnMedizin?<\/strong><br \/>Beitrag Dr. Tartsch<\/p>\t\t\t\t\t\t\t\t<\/div>\n\t\t\t\t<\/div>\n\t\t\t\t<\/div>\n\t\t\t\t\t<\/div>\n\t\t\t\t<\/div>\n\t\t<div class=\"elementor-element elementor-element-52b6813b e-flex e-con-boxed e-con e-parent\" data-id=\"52b6813b\" data-element_type=\"container\" data-e-type=\"container\">\n\t\t\t\t\t<div class=\"e-con-inner\">\n\t\t<div class=\"elementor-element elementor-element-498d3e0b e-con-full e-flex e-con e-child\" data-id=\"498d3e0b\" data-element_type=\"container\" data-e-type=\"container\">\n\t\t\t\t<div class=\"elementor-element elementor-element-59db7311 elementor-view-default elementor-widget elementor-widget-icon\" data-id=\"59db7311\" data-element_type=\"widget\" data-e-type=\"widget\" data-widget_type=\"icon.default\">\n\t\t\t\t<div class=\"elementor-widget-container\">\n\t\t\t\t\t\t\t<div class=\"elementor-icon-wrapper\">\n\t\t\t<div class=\"elementor-icon\">\n\t\t\t<svg aria-hidden=\"true\" class=\"e-font-icon-svg e-fas-quote-left\" viewbox=\"0 0 512 512\" xmlns=\"http:\/\/www.w3.org\/2000\/svg\"><path d=\"M464 256h-80v-64c0-35.3 28.7-64 64-64h8c13.3 0 24-10.7 24-24V56c0-13.3-10.7-24-24-24h-8c-88.4 0-160 71.6-160 160v240c0 26.5 21.5 48 48 48h128c26.5 0 48-21.5 48-48V304c0-26.5-21.5-48-48-48zm-288 0H96v-64c0-35.3 28.7-64 64-64h8c13.3 0 24-10.7 24-24V56c0-13.3-10.7-24-24-24h-8C71.6 32 0 103.6 0 192v240c0 26.5 21.5 48 48 48h128c26.5 0 48-21.5 48-48V304c0-26.5-21.5-48-48-48z\"><\/path><\/svg>\t\t\t<\/div>\n\t\t<\/div>\n\t\t\t\t\t\t<\/div>\n\t\t\t\t<\/div>\n\t\t\t\t<div class=\"elementor-element elementor-element-13330a23 elementor-widget elementor-widget-text-editor\" data-id=\"13330a23\" data-element_type=\"widget\" data-e-type=\"widget\" data-widget_type=\"text-editor.default\">\n\t\t\t\t<div class=\"elementor-widget-container\">\n\t\t\t\t\t\t\t\t\t<p>Als 1. Vorsitzender der Deutschen Gesellschaft f\u00fcr UmweltZahnMedizin besitzen wir das notwendige toxikologische, immunologische und umweltzahnmedizinische Fachwissen, um mit moderner Labordiagnostik m\u00f6gliche Einfl\u00fcsse aus der Mundh\u00f6hle auf die allgemeine Gesundheit\u00a0 herauszufinden.<\/p>\t\t\t\t\t\t\t\t<\/div>\n\t\t\t\t<\/div>\n\t\t\t\t<div class=\"elementor-element elementor-element-7c94b98c elementor-widget-divider--view-line elementor-widget elementor-widget-divider\" data-id=\"7c94b98c\" data-element_type=\"widget\" data-e-type=\"widget\" data-widget_type=\"divider.default\">\n\t\t\t\t<div class=\"elementor-widget-container\">\n\t\t\t\t\t\t\t<div class=\"elementor-divider\">\n\t\t\t<span class=\"elementor-divider-separator\">\n\t\t\t\t\t\t<\/span>\n\t\t<\/div>\n\t\t\t\t\t\t<\/div>\n\t\t\t\t<\/div>\n\t\t\t\t<div class=\"elementor-element elementor-element-5a8aaed7 elementor-widget elementor-widget-text-editor\" data-id=\"5a8aaed7\" data-element_type=\"widget\" data-e-type=\"widget\" data-widget_type=\"text-editor.default\">\n\t\t\t\t<div class=\"elementor-widget-container\">\n\t\t\t\t\t\t\t\t\t<p>Dr. Jens Tartsch<\/p>\t\t\t\t\t\t\t\t<\/div>\n\t\t\t\t<\/div>\n\t\t\t\t<\/div>\n\t\t\t\t\t<\/div>\n\t\t\t\t<\/div>\n\t\t<div class=\"elementor-element elementor-element-6de72cc e-flex e-con-boxed e-con e-parent\" data-id=\"6de72cc\" data-element_type=\"container\" data-e-type=\"container\">\n\t\t\t\t\t<div class=\"e-con-inner\">\n\t\t\t\t<div class=\"elementor-element elementor-element-216eda7 elementor-widget elementor-widget-spacer\" data-id=\"216eda7\" data-element_type=\"widget\" data-e-type=\"widget\" data-widget_type=\"spacer.default\">\n\t\t\t\t<div class=\"elementor-widget-container\">\n\t\t\t\t\t\t\t<div class=\"elementor-spacer\">\n\t\t\t<div class=\"elementor-spacer-inner\"><\/div>\n\t\t<\/div>\n\t\t\t\t\t\t<\/div>\n\t\t\t\t<\/div>\n\t\t\t\t\t<\/div>\n\t\t\t\t<\/div>\n\t\t\t\t<\/div>","protected":false},"excerpt":{"rendered":"<p>Green Dentistry &#8211; UmweltZahnMedizin https:\/\/vimeo.com\/1061282318?share=copy#t=0 Was ist UmweltZahnMedizin?Interview Dr. Tartsch Was ist UmweltZahnMedizin? Zugegeben&#8230; &#8222;UmweltZahnMedizin&#8220; ist ein abstrakter Begriff. Eher bekannt ist die &#8222;Umweltmedizin&#8220;. \u00c4ussere Einfl\u00fcsse aus der Umwelt wie Schadstoffe, Metalle oder Verunreinigungen wirken sich \u00fcber das Immunsystem auf unsere Gesundheit aus. Jedoch haben auch alle Einfl\u00fcsse von &#8222;Innen&#8220;, also aus der Mundh\u00f6hle und [&hellip;]<\/p>\n","protected":false},"author":1,"featured_media":0,"parent":0,"menu_order":0,"comment_status":"closed","ping_status":"closed","template":"","meta":{"footnotes":""},"class_list":["post-1078","page","type-page","status-publish","hentry"],"_links":{"self":[{"href":"https:\/\/www.zahnarzt-kilchberg.ch\/de_ch\/wp-json\/wp\/v2\/pages\/1078","targetHints":{"allow":["GET"]}}],"collection":[{"href":"https:\/\/www.zahnarzt-kilchberg.ch\/de_ch\/wp-json\/wp\/v2\/pages"}],"about":[{"href":"https:\/\/www.zahnarzt-kilchberg.ch\/de_ch\/wp-json\/wp\/v2\/types\/page"}],"author":[{"embeddable":true,"href":"https:\/\/www.zahnarzt-kilchberg.ch\/de_ch\/wp-json\/wp\/v2\/users\/1"}],"replies":[{"embeddable":true,"href":"https:\/\/www.zahnarzt-kilchberg.ch\/de_ch\/wp-json\/wp\/v2\/comments?post=1078"}],"version-history":[{"count":34,"href":"https:\/\/www.zahnarzt-kilchberg.ch\/de_ch\/wp-json\/wp\/v2\/pages\/1078\/revisions"}],"predecessor-version":[{"id":5385,"href":"https:\/\/www.zahnarzt-kilchberg.ch\/de_ch\/wp-json\/wp\/v2\/pages\/1078\/revisions\/5385"}],"wp:attachment":[{"href":"https:\/\/www.zahnarzt-kilchberg.ch\/de_ch\/wp-json\/wp\/v2\/media?parent=1078"}],"curies":[{"name":"wp","href":"https:\/\/api.w.org\/{rel}","templated":true}]}}